{"id":1120,"date":"2023-06-10T12:30:39","date_gmt":"2023-06-10T10:30:39","guid":{"rendered":"https:\/\/uppland.birdlife.se\/svarttarna-tamnaren\/"},"modified":"2024-02-27T20:12:08","modified_gmt":"2024-02-27T19:12:08","slug":"svarttarna-tamnaren","status":"publish","type":"page","link":"https:\/\/uppland.birdlife.se\/en\/fagelskydd\/svarttarna-tamnaren\/","title":{"rendered":"Svartt\u00e4rna (T\u00e4mnaren)"},"content":{"rendered":"<div data-elementor-type=\"wp-page\" data-elementor-id=\"1120\" class=\"elementor elementor-1120\" data-elementor-post-type=\"page\">\n\t\t\t\t\t\t<section data-particle_enable=\"false\" data-particle-mobile-disabled=\"false\" class=\"elementor-section elementor-top-section elementor-element elementor-element-b380cc2 elementor-section-boxed elementor-section-height-default elementor-section-height-default\" data-id=\"b380cc2\" data-element_type=\"section\" data-e-type=\"section\" data-settings=\"{&quot;jet_parallax_layout_list&quot;:[]}\">\n\t\t\t\t\t\t<div class=\"elementor-container elementor-column-gap-default\">\n\t\t\t\t\t<div class=\"elementor-column elementor-col-50 elementor-top-column elementor-element elementor-element-7ab3d74\" data-id=\"7ab3d74\" data-element_type=\"column\" data-e-type=\"column\">\n\t\t\t<div class=\"elementor-widget-wrap elementor-element-populated\">\n\t\t\t\t\t\t<div class=\"elementor-element elementor-element-dafb090 elementor-widget elementor-widget-text-editor\" data-id=\"dafb090\" data-element_type=\"widget\" data-e-type=\"widget\" data-widget_type=\"text-editor.default\">\n\t\t\t\t<div class=\"elementor-widget-container\">\n\t\t\t\t\t\t\t\t\t<p>Projektet T\u00e4rnor och m\u00e5sar i T\u00e4mnaren handlar en hel del om svartt\u00e4rna, men \u00e4ven om r\u00f6jning av f\u00e5gelsk\u00e4r. F\u00e5gelsk\u00e4r r\u00f6js f\u00f6r att f\u00f6rhindra igenv\u00e4xning och beh\u00e5lla \u00f6ppna ytor. Projektet bedrivs i UOF:s regi, och den 13 november 2020 r\u00f6jde Sture Hogmark, Krister N\u00e4\u00e4s och Ulrik L\u00f6tberg \u00f6n Vidsk\u00e4r i sj\u00f6n T\u00e4mnaren.<\/p><p>&nbsp; <br>\u00d6n \u00e4r v\u00e4ldigt rik p\u00e5 h\u00e4ckande f\u00e5gel och har kanske landets (definitivt Upplands) t\u00e4taste population av snatterand \u2013 det brukar kunna var runt 25 bon p\u00e5 \u00f6n.<\/p><p><br><\/p>\n<p><\/p>\n<p>F\u00f6r svartt\u00e4rnor s\u00e4tts det ut boplattformar. 2021 sattes det ut totalt 102 plattformar till svartt\u00e4rnorna i S\u00f6rsj\u00f6n, T\u00e4mnaren. I omr\u00e5det som valdes h\u00f6ll det till 70 par svartt\u00e4rnor. Fyra-fem av dessa par hade redan byggt naturliga bon. Dock var det d\u00e5ligt med tillr\u00e4ckligt t\u00e4t flyts\u00e4v. <br>F\u00f6rhoppningen \u00e4r att svartt\u00e4rnorna kan anv\u00e4nda de sm\u00e5 plattformarna f\u00f6r att h\u00e4cka n\u00e4r det \u00e4r f\u00f6r ont om flytande vegetation f\u00f6r att bygga egna boplattformar.<\/p><p><br><\/p>\n<p><\/p>\n<p><strong>Aktuellt 2022:<\/strong><\/p><p>Plattformar sattes ut \u00e4ven 2022.<br><span style=\"font-size: 1em;font-family: var( --e-global-typography-text-font-family ), Sans-serif\"><b>Kontaktperson<\/b><\/span><span style=\"font-weight: var( --e-global-typography-text-font-weight );font-size: 1em;font-family: var( --e-global-typography-text-font-family ), Sans-serif\">: Ulrik L\u00f6tberg p\u00e5 email <\/span><a href=\"http:\/\/ulrik.lotberg@birdlife.se\" style=\"font-size: 1em;font-family: var( --e-global-typography-text-font-family ), Sans-serif;font-weight: var( --e-global-typography-text-font-weight )\">ulrik.lotberg@birdlife.se<\/a><\/p>\t\t\t\t\t\t\t\t<\/div>\n\t\t\t\t<\/div>\n\t\t\t\t\t<\/div>\n\t\t<\/div>\n\t\t\t\t<div class=\"elementor-column elementor-col-50 elementor-top-column elementor-element elementor-element-222bdfc\" data-id=\"222bdfc\" data-element_type=\"column\" data-e-type=\"column\">\n\t\t\t<div class=\"elementor-widget-wrap elementor-element-populated\">\n\t\t\t\t\t\t<div class=\"elementor-element elementor-element-0b754e2 elementor-widget elementor-widget-gallery\" data-id=\"0b754e2\" data-element_type=\"widget\" data-e-type=\"widget\" data-settings=\"{&quot;gallery_layout&quot;:&quot;justified&quot;,&quot;lazyload&quot;:&quot;yes&quot;,&quot;ideal_row_height&quot;:{&quot;unit&quot;:&quot;px&quot;,&quot;size&quot;:200,&quot;sizes&quot;:[]},&quot;ideal_row_height_tablet&quot;:{&quot;unit&quot;:&quot;px&quot;,&quot;size&quot;:150,&quot;sizes&quot;:[]},&quot;ideal_row_height_mobile&quot;:{&quot;unit&quot;:&quot;px&quot;,&quot;size&quot;:150,&quot;sizes&quot;:[]},&quot;gap&quot;:{&quot;unit&quot;:&quot;px&quot;,&quot;size&quot;:10,&quot;sizes&quot;:[]},&quot;gap_tablet&quot;:{&quot;unit&quot;:&quot;px&quot;,&quot;size&quot;:10,&quot;sizes&quot;:[]},&quot;gap_mobile&quot;:{&quot;unit&quot;:&quot;px&quot;,&quot;size&quot;:10,&quot;sizes&quot;:[]},&quot;link_to&quot;:&quot;file&quot;,&quot;overlay_background&quot;:&quot;yes&quot;,&quot;content_hover_animation&quot;:&quot;fade-in&quot;}\" data-widget_type=\"gallery.default\">\n\t\t\t\t<div class=\"elementor-widget-container\">\n\t\t\t\t\t\t\t<div class=\"elementor-gallery__container\">\n\t\t\t\t\t\t\t<a class=\"e-gallery-item elementor-gallery-item elementor-animated-content\" href=\"https:\/\/cdn.birdlife.se\/wp-content\/uploads\/sites\/58\/2023\/06\/Tamnaren_rojning_2020nov_UlrikLotberg_6-1-768x513-1.jpg\" data-elementor-open-lightbox=\"yes\" data-elementor-lightbox-slideshow=\"0b754e2\" data-elementor-lightbox-title=\"Tamnaren_rojning_2020nov_UlrikLotberg_6-1-768x513\" data-e-action-hash=\"#elementor-action%3Aaction%3Dlightbox%26settings%3DeyJpZCI6MTgwNywidXJsIjoiaHR0cHM6XC9cL2Nkbi5iaXJkbGlmZS5zZVwvd3AtY29udGVudFwvdXBsb2Fkc1wvc2l0ZXNcLzU4XC8yMDIzXC8wNlwvVGFtbmFyZW5fcm9qbmluZ18yMDIwbm92X1VscmlrTG90YmVyZ182LTEtNzY4eDUxMy0xLmpwZyIsInNsaWRlc2hvdyI6IjBiNzU0ZTIifQ%3D%3D\">\n\t\t\t\t\t<div class=\"e-gallery-image elementor-gallery-item__image\" data-thumbnail=\"https:\/\/cdn.birdlife.se\/wp-content\/uploads\/sites\/58\/2023\/06\/Tamnaren_rojning_2020nov_UlrikLotberg_6-1-768x513-1.jpg\" data-width=\"768\" data-height=\"513\" aria-label=\"\" role=\"img\" ><\/div>\n\t\t\t\t\t\t\t\t\t\t\t<div class=\"elementor-gallery-item__overlay\"><\/div>\n\t\t\t\t\t\t\t\t\t\t\t\t\t\t<\/a>\n\t\t\t\t\t\t\t<a class=\"e-gallery-item elementor-gallery-item elementor-animated-content\" href=\"https:\/\/cdn.birdlife.se\/wp-content\/uploads\/sites\/58\/2023\/06\/Tamnaren_rojning_2020nov_UlrikLotberg_7-1-768x513-1.jpg\" data-elementor-open-lightbox=\"yes\" data-elementor-lightbox-slideshow=\"0b754e2\" data-elementor-lightbox-title=\"Tamnaren_rojning_2020nov_UlrikLotberg_7-1-768x513\" data-e-action-hash=\"#elementor-action%3Aaction%3Dlightbox%26settings%3DeyJpZCI6MTgwOCwidXJsIjoiaHR0cHM6XC9cL2Nkbi5iaXJkbGlmZS5zZVwvd3AtY29udGVudFwvdXBsb2Fkc1wvc2l0ZXNcLzU4XC8yMDIzXC8wNlwvVGFtbmFyZW5fcm9qbmluZ18yMDIwbm92X1VscmlrTG90YmVyZ183LTEtNzY4eDUxMy0xLmpwZyIsInNsaWRlc2hvdyI6IjBiNzU0ZTIifQ%3D%3D\">\n\t\t\t\t\t<div class=\"e-gallery-image elementor-gallery-item__image\" data-thumbnail=\"https:\/\/cdn.birdlife.se\/wp-content\/uploads\/sites\/58\/2023\/06\/Tamnaren_rojning_2020nov_UlrikLotberg_7-1-768x513-1.jpg\" data-width=\"768\" data-height=\"513\" aria-label=\"\" role=\"img\" ><\/div>\n\t\t\t\t\t\t\t\t\t\t\t<div class=\"elementor-gallery-item__overlay\"><\/div>\n\t\t\t\t\t\t\t\t\t\t\t\t\t\t<\/a>\n\t\t\t\t\t\t\t<a class=\"e-gallery-item elementor-gallery-item elementor-animated-content\" href=\"https:\/\/cdn.birdlife.se\/wp-content\/uploads\/sites\/58\/2023\/06\/Tamnaren_rojning_2020nov_UlrikLotberg_8-1-768x512-1.jpg\" data-elementor-open-lightbox=\"yes\" data-elementor-lightbox-slideshow=\"0b754e2\" data-elementor-lightbox-title=\"Tamnaren_rojning_2020nov_UlrikLotberg_8-1-768x512\" data-e-action-hash=\"#elementor-action%3Aaction%3Dlightbox%26settings%3DeyJpZCI6MTgwOSwidXJsIjoiaHR0cHM6XC9cL2Nkbi5iaXJkbGlmZS5zZVwvd3AtY29udGVudFwvdXBsb2Fkc1wvc2l0ZXNcLzU4XC8yMDIzXC8wNlwvVGFtbmFyZW5fcm9qbmluZ18yMDIwbm92X1VscmlrTG90YmVyZ184LTEtNzY4eDUxMi0xLmpwZyIsInNsaWRlc2hvdyI6IjBiNzU0ZTIifQ%3D%3D\">\n\t\t\t\t\t<div class=\"e-gallery-image elementor-gallery-item__image\" data-thumbnail=\"https:\/\/cdn.birdlife.se\/wp-content\/uploads\/sites\/58\/2023\/06\/Tamnaren_rojning_2020nov_UlrikLotberg_8-1-768x512-1.jpg\" data-width=\"768\" data-height=\"512\" aria-label=\"\" role=\"img\" ><\/div>\n\t\t\t\t\t\t\t\t\t\t\t<div class=\"elementor-gallery-item__overlay\"><\/div>\n\t\t\t\t\t\t\t\t\t\t\t\t\t\t<\/a>\n\t\t\t\t\t\t\t<a class=\"e-gallery-item elementor-gallery-item elementor-animated-content\" href=\"https:\/\/cdn.birdlife.se\/wp-content\/uploads\/sites\/58\/2023\/06\/Tamnaren_rojning_2020nov_UlrikLotberg_1-1-768x513-1.jpg\" data-elementor-open-lightbox=\"yes\" data-elementor-lightbox-slideshow=\"0b754e2\" data-elementor-lightbox-title=\"Tamnaren_rojning_2020nov_UlrikLotberg_1-1-768x513\" data-e-action-hash=\"#elementor-action%3Aaction%3Dlightbox%26settings%3DeyJpZCI6MTgwNiwidXJsIjoiaHR0cHM6XC9cL2Nkbi5iaXJkbGlmZS5zZVwvd3AtY29udGVudFwvdXBsb2Fkc1wvc2l0ZXNcLzU4XC8yMDIzXC8wNlwvVGFtbmFyZW5fcm9qbmluZ18yMDIwbm92X1VscmlrTG90YmVyZ18xLTEtNzY4eDUxMy0xLmpwZyIsInNsaWRlc2hvdyI6IjBiNzU0ZTIifQ%3D%3D\">\n\t\t\t\t\t<div class=\"e-gallery-image elementor-gallery-item__image\" data-thumbnail=\"https:\/\/cdn.birdlife.se\/wp-content\/uploads\/sites\/58\/2023\/06\/Tamnaren_rojning_2020nov_UlrikLotberg_1-1-768x513-1.jpg\" data-width=\"768\" data-height=\"513\" aria-label=\"\" role=\"img\" ><\/div>\n\t\t\t\t\t\t\t\t\t\t\t<div class=\"elementor-gallery-item__overlay\"><\/div>\n\t\t\t\t\t\t\t\t\t\t\t\t\t\t<\/a>\n\t\t\t\t\t<\/div>\n\t\t\t\t\t<\/div>\n\t\t\t\t<\/div>\n\t\t\t\t\t<\/div>\n\t\t<\/div>\n\t\t\t\t\t<\/div>\n\t\t<\/section>\n\t\t\t\t<section data-particle_enable=\"false\" data-particle-mobile-disabled=\"false\" class=\"elementor-section elementor-top-section elementor-element elementor-element-2166563 elementor-section-boxed elementor-section-height-default elementor-section-height-default\" data-id=\"2166563\" data-element_type=\"section\" data-e-type=\"section\" data-settings=\"{&quot;jet_parallax_layout_list&quot;:[]}\">\n\t\t\t\t\t\t<div class=\"elementor-container elementor-column-gap-default\">\n\t\t\t\t\t<div class=\"elementor-column elementor-col-100 elementor-top-column elementor-element elementor-element-2d521ef\" data-id=\"2d521ef\" data-element_type=\"column\" data-e-type=\"column\">\n\t\t\t<div class=\"elementor-widget-wrap elementor-element-populated\">\n\t\t\t\t\t\t<div class=\"elementor-element elementor-element-d1e66bf elementor-widget elementor-widget-image\" data-id=\"d1e66bf\" data-element_type=\"widget\" data-e-type=\"widget\" data-widget_type=\"image.default\">\n\t\t\t\t<div class=\"elementor-widget-container\">\n\t\t\t\t\t\t\t\t\t\t\t\t\t\t\t<img fetchpriority=\"high\" decoding=\"async\" width=\"768\" height=\"213\" src=\"https:\/\/cdn.birdlife.se\/wp-content\/uploads\/sites\/58\/2023\/06\/Tamnaren_rojning_2020nov_UlrikLotberg_4-2-768x213-1.jpg\" class=\"attachment-large size-large wp-image-1810\" alt=\"\" srcset=\"https:\/\/cdn.birdlife.se\/wp-content\/uploads\/sites\/58\/2023\/06\/Tamnaren_rojning_2020nov_UlrikLotberg_4-2-768x213-1.jpg 768w, https:\/\/cdn.birdlife.se\/wp-content\/uploads\/sites\/58\/2023\/06\/Tamnaren_rojning_2020nov_UlrikLotberg_4-2-768x213-1-300x83.jpg 300w, https:\/\/cdn.birdlife.se\/wp-content\/uploads\/sites\/58\/2023\/06\/Tamnaren_rojning_2020nov_UlrikLotberg_4-2-768x213-1-18x5.jpg 18w\" sizes=\"(max-width: 768px) 100vw, 768px\" \/>\t\t\t\t\t\t\t\t\t\t\t\t\t\t\t<\/div>\n\t\t\t\t<\/div>\n\t\t\t\t\t<\/div>\n\t\t<\/div>\n\t\t\t\t\t<\/div>\n\t\t<\/section>\n\t\t\t\t<section data-particle_enable=\"false\" data-particle-mobile-disabled=\"false\" class=\"elementor-section elementor-top-section elementor-element elementor-element-0acd8ec elementor-section-boxed elementor-section-height-default elementor-section-height-default\" data-id=\"0acd8ec\" data-element_type=\"section\" data-e-type=\"section\" data-settings=\"{&quot;jet_parallax_layout_list&quot;:[]}\">\n\t\t\t\t\t\t<div class=\"elementor-container elementor-column-gap-default\">\n\t\t\t\t\t<div class=\"elementor-column elementor-col-100 elementor-top-column elementor-element elementor-element-45445e4\" data-id=\"45445e4\" data-element_type=\"column\" data-e-type=\"column\">\n\t\t\t<div class=\"elementor-widget-wrap elementor-element-populated\">\n\t\t\t\t\t\t<div class=\"elementor-element elementor-element-1bdf5fc elementor-widget elementor-widget-image\" data-id=\"1bdf5fc\" data-element_type=\"widget\" data-e-type=\"widget\" data-widget_type=\"image.default\">\n\t\t\t\t<div class=\"elementor-widget-container\">\n\t\t\t\t\t\t\t\t\t\t\t\t<figure class=\"wp-caption\">\n\t\t\t\t\t\t\t\t\t\t\t<a href=\"https:\/\/cdn.birdlife.se\/wp-content\/uploads\/sites\/58\/2023\/06\/svarttarneplattformar_20210524_UlrikLotberg-768x583-1.jpg\" data-elementor-open-lightbox=\"yes\" data-elementor-lightbox-title=\"svarttarneplattformar_20210524_UlrikLotberg-768x583\" data-elementor-lightbox-description=\"Svartt\u00e4rna\" data-e-action-hash=\"#elementor-action%3Aaction%3Dlightbox%26settings%3DeyJpZCI6IjE4MTEiLCJ1cmwiOiJodHRwczpcL1wvY2RuLmJpcmRsaWZlLnNlXC93cC1jb250ZW50XC91cGxvYWRzXC9zaXRlc1wvNThcLzIwMjNcLzA2XC9zdmFydHRhcm5lcGxhdHRmb3JtYXJfMjAyMTA1MjRfVWxyaWtMb3RiZXJnLTc2OHg1ODMtMS5qcGcifQ%3D%3D\">\n\t\t\t\t\t\t\t<img decoding=\"async\" width=\"768\" height=\"583\" src=\"https:\/\/cdn.birdlife.se\/wp-content\/uploads\/sites\/58\/2023\/06\/svarttarneplattformar_20210524_UlrikLotberg-768x583-1.jpg\" class=\"attachment-large size-large wp-image-1811\" alt=\"\" srcset=\"https:\/\/cdn.birdlife.se\/wp-content\/uploads\/sites\/58\/2023\/06\/svarttarneplattformar_20210524_UlrikLotberg-768x583-1.jpg 768w, https:\/\/cdn.birdlife.se\/wp-content\/uploads\/sites\/58\/2023\/06\/svarttarneplattformar_20210524_UlrikLotberg-768x583-1-300x228.jpg 300w, https:\/\/cdn.birdlife.se\/wp-content\/uploads\/sites\/58\/2023\/06\/svarttarneplattformar_20210524_UlrikLotberg-768x583-1-16x12.jpg 16w\" sizes=\"(max-width: 768px) 100vw, 768px\" \/>\t\t\t\t\t\t\t\t<\/a>\n\t\t\t\t\t\t\t\t\t\t\t<figcaption class=\"widget-image-caption wp-caption-text\">Boplattformar f\u00f6r svartt\u00e4rna. Foton: Ulrik L\u00f6tberg<\/figcaption>\n\t\t\t\t\t\t\t\t\t\t<\/figure>\n\t\t\t\t\t\t\t\t\t<\/div>\n\t\t\t\t<\/div>\n\t\t\t\t\t<\/div>\n\t\t<\/div>\n\t\t\t\t\t<\/div>\n\t\t<\/section>\n\t\t\t\t<\/div>","protected":false},"excerpt":{"rendered":"<p>Projektet T\u00e4rnor och m\u00e5sar i T\u00e4mnaren handlar en hel del om svartt\u00e4rna, men \u00e4ven om r\u00f6jning av f\u00e5gelsk\u00e4r. F\u00e5gelsk\u00e4r r\u00f6js f\u00f6r att f\u00f6rhindra igenv\u00e4xning och beh\u00e5lla \u00f6ppna ytor. Projektet bedrivs [&hellip;]<\/p>\n","protected":false},"author":107,"featured_media":0,"parent":873,"menu_order":8,"comment_status":"closed","ping_status":"closed","template":"","meta":{"_acf_changed":false,"inline_featured_image":false,"footnotes":""},"class_list":["post-1120","page","type-page","status-publish","hentry"],"acf":[],"yoast_head":"<!-- This site is optimized with the Yoast SEO plugin v27.2 - https:\/\/yoast.com\/product\/yoast-seo-wordpress\/ -->\n<title>Svartt\u00e4rna (T\u00e4mnaren) - BirdLife Uppland<\/title>\n<meta name=\"robots\" content=\"index, follow, max-snippet:-1, max-image-preview:large, max-video-preview:-1\" \/>\n<link rel=\"canonical\" href=\"https:\/\/uppland.birdlife.se\/en\/fagelskydd\/svarttarna-tamnaren\/\" \/>\n<meta property=\"og:locale\" content=\"en_GB\" \/>\n<meta property=\"og:type\" content=\"article\" \/>\n<meta property=\"og:title\" content=\"Svartt\u00e4rna (T\u00e4mnaren) - BirdLife Uppland\" \/>\n<meta property=\"og:description\" content=\"Projektet T\u00e4rnor och m\u00e5sar i T\u00e4mnaren handlar en hel del om svartt\u00e4rna, men \u00e4ven om r\u00f6jning av f\u00e5gelsk\u00e4r. F\u00e5gelsk\u00e4r r\u00f6js f\u00f6r att f\u00f6rhindra igenv\u00e4xning och beh\u00e5lla \u00f6ppna ytor. Projektet bedrivs [&hellip;]\" \/>\n<meta property=\"og:url\" content=\"https:\/\/uppland.birdlife.se\/en\/fagelskydd\/svarttarna-tamnaren\/\" \/>\n<meta property=\"og:site_name\" content=\"BirdLife Uppland\" \/>\n<meta property=\"article:publisher\" content=\"https:\/\/www.facebook.com\/UpplandsOrn\" \/>\n<meta property=\"article:modified_time\" content=\"2024-02-27T19:12:08+00:00\" \/>\n<meta property=\"og:image\" content=\"https:\/\/uppland.birdlife.se\/wp-content\/uploads\/sites\/58\/2023\/06\/Tamnaren_rojning_2020nov_UlrikLotberg_4-2-768x213-1.jpg\" \/>\n<meta name=\"twitter:card\" content=\"summary_large_image\" \/>\n<meta name=\"twitter:label1\" content=\"Est. reading time\" \/>\n\t<meta name=\"twitter:data1\" content=\"2 minutes\" \/>\n<script type=\"application\/ld+json\" class=\"yoast-schema-graph\">{\"@context\":\"https:\/\/schema.org\",\"@graph\":[{\"@type\":\"WebPage\",\"@id\":\"https:\/\/uppland.birdlife.se\/fagelskydd\/svarttarna-tamnaren\/\",\"url\":\"https:\/\/uppland.birdlife.se\/fagelskydd\/svarttarna-tamnaren\/\",\"name\":\"Svartt\u00e4rna (T\u00e4mnaren) - BirdLife Uppland\",\"isPartOf\":{\"@id\":\"https:\/\/uppland.birdlife.se\/#website\"},\"primaryImageOfPage\":{\"@id\":\"https:\/\/uppland.birdlife.se\/fagelskydd\/svarttarna-tamnaren\/#primaryimage\"},\"image\":{\"@id\":\"https:\/\/uppland.birdlife.se\/fagelskydd\/svarttarna-tamnaren\/#primaryimage\"},\"thumbnailUrl\":\"https:\/\/uppland.birdlife.se\/wp-content\/uploads\/sites\/58\/2023\/06\/Tamnaren_rojning_2020nov_UlrikLotberg_4-2-768x213-1.jpg\",\"datePublished\":\"2023-06-10T10:30:39+00:00\",\"dateModified\":\"2024-02-27T19:12:08+00:00\",\"breadcrumb\":{\"@id\":\"https:\/\/uppland.birdlife.se\/fagelskydd\/svarttarna-tamnaren\/#breadcrumb\"},\"inLanguage\":\"en-GB\",\"potentialAction\":[{\"@type\":\"ReadAction\",\"target\":[\"https:\/\/uppland.birdlife.se\/fagelskydd\/svarttarna-tamnaren\/\"]}]},{\"@type\":\"ImageObject\",\"inLanguage\":\"en-GB\",\"@id\":\"https:\/\/uppland.birdlife.se\/fagelskydd\/svarttarna-tamnaren\/#primaryimage\",\"url\":\"https:\/\/uppland.birdlife.se\/wp-content\/uploads\/sites\/58\/2023\/06\/Tamnaren_rojning_2020nov_UlrikLotberg_4-2-768x213-1.jpg\",\"contentUrl\":\"https:\/\/uppland.birdlife.se\/wp-content\/uploads\/sites\/58\/2023\/06\/Tamnaren_rojning_2020nov_UlrikLotberg_4-2-768x213-1.jpg\"},{\"@type\":\"BreadcrumbList\",\"@id\":\"https:\/\/uppland.birdlife.se\/fagelskydd\/svarttarna-tamnaren\/#breadcrumb\",\"itemListElement\":[{\"@type\":\"ListItem\",\"position\":1,\"name\":\"Home\",\"item\":\"https:\/\/uppland.birdlife.se\/\"},{\"@type\":\"ListItem\",\"position\":2,\"name\":\"F\u00e5gelskydd\",\"item\":\"https:\/\/uppland.birdlife.se\/fagelskydd\/\"},{\"@type\":\"ListItem\",\"position\":3,\"name\":\"Svartt\u00e4rna (T\u00e4mnaren)\"}]},{\"@type\":\"WebSite\",\"@id\":\"https:\/\/uppland.birdlife.se\/#website\",\"url\":\"https:\/\/uppland.birdlife.se\/\",\"name\":\"BirdLife Uppland\",\"description\":\"En levande f\u00e5gelfauna i hela Uppland\",\"publisher\":{\"@id\":\"https:\/\/uppland.birdlife.se\/#organization\"},\"potentialAction\":[{\"@type\":\"SearchAction\",\"target\":{\"@type\":\"EntryPoint\",\"urlTemplate\":\"https:\/\/uppland.birdlife.se\/?s={search_term_string}\"},\"query-input\":{\"@type\":\"PropertyValueSpecification\",\"valueRequired\":true,\"valueName\":\"search_term_string\"}}],\"inLanguage\":\"en-GB\"},{\"@type\":\"Organization\",\"@id\":\"https:\/\/uppland.birdlife.se\/#organization\",\"name\":\"BirdLife Uppland\",\"url\":\"https:\/\/uppland.birdlife.se\/\",\"logo\":{\"@type\":\"ImageObject\",\"inLanguage\":\"en-GB\",\"@id\":\"https:\/\/uppland.birdlife.se\/#\/schema\/logo\/image\/\",\"url\":\"https:\/\/cdn.birdlife.se\/wp-content\/uploads\/sites\/58\/2025\/12\/birdlifeUOF_profil_vertikal_150dpi.png\",\"contentUrl\":\"https:\/\/cdn.birdlife.se\/wp-content\/uploads\/sites\/58\/2025\/12\/birdlifeUOF_profil_vertikal_150dpi.png\",\"width\":469,\"height\":459,\"caption\":\"BirdLife Uppland\"},\"image\":{\"@id\":\"https:\/\/uppland.birdlife.se\/#\/schema\/logo\/image\/\"},\"sameAs\":[\"https:\/\/www.facebook.com\/UpplandsOrn\"]}]}<\/script>\n<!-- \/ Yoast SEO plugin. -->","yoast_head_json":{"title":"Svartt\u00e4rna (T\u00e4mnaren) - BirdLife Uppland","robots":{"index":"index","follow":"follow","max-snippet":"max-snippet:-1","max-image-preview":"max-image-preview:large","max-video-preview":"max-video-preview:-1"},"canonical":"https:\/\/uppland.birdlife.se\/en\/fagelskydd\/svarttarna-tamnaren\/","og_locale":"en_GB","og_type":"article","og_title":"Svartt\u00e4rna (T\u00e4mnaren) - BirdLife Uppland","og_description":"Projektet T\u00e4rnor och m\u00e5sar i T\u00e4mnaren handlar en hel del om svartt\u00e4rna, men \u00e4ven om r\u00f6jning av f\u00e5gelsk\u00e4r. F\u00e5gelsk\u00e4r r\u00f6js f\u00f6r att f\u00f6rhindra igenv\u00e4xning och beh\u00e5lla \u00f6ppna ytor. Projektet bedrivs [&hellip;]","og_url":"https:\/\/uppland.birdlife.se\/en\/fagelskydd\/svarttarna-tamnaren\/","og_site_name":"BirdLife Uppland","article_publisher":"https:\/\/www.facebook.com\/UpplandsOrn","article_modified_time":"2024-02-27T19:12:08+00:00","og_image":[{"url":"https:\/\/uppland.birdlife.se\/wp-content\/uploads\/sites\/58\/2023\/06\/Tamnaren_rojning_2020nov_UlrikLotberg_4-2-768x213-1.jpg","type":"","width":"","height":""}],"twitter_card":"summary_large_image","twitter_misc":{"Est. reading time":"2 minutes"},"schema":{"@context":"https:\/\/schema.org","@graph":[{"@type":"WebPage","@id":"https:\/\/uppland.birdlife.se\/fagelskydd\/svarttarna-tamnaren\/","url":"https:\/\/uppland.birdlife.se\/fagelskydd\/svarttarna-tamnaren\/","name":"Svartt\u00e4rna (T\u00e4mnaren) - BirdLife Uppland","isPartOf":{"@id":"https:\/\/uppland.birdlife.se\/#website"},"primaryImageOfPage":{"@id":"https:\/\/uppland.birdlife.se\/fagelskydd\/svarttarna-tamnaren\/#primaryimage"},"image":{"@id":"https:\/\/uppland.birdlife.se\/fagelskydd\/svarttarna-tamnaren\/#primaryimage"},"thumbnailUrl":"https:\/\/uppland.birdlife.se\/wp-content\/uploads\/sites\/58\/2023\/06\/Tamnaren_rojning_2020nov_UlrikLotberg_4-2-768x213-1.jpg","datePublished":"2023-06-10T10:30:39+00:00","dateModified":"2024-02-27T19:12:08+00:00","breadcrumb":{"@id":"https:\/\/uppland.birdlife.se\/fagelskydd\/svarttarna-tamnaren\/#breadcrumb"},"inLanguage":"en-GB","potentialAction":[{"@type":"ReadAction","target":["https:\/\/uppland.birdlife.se\/fagelskydd\/svarttarna-tamnaren\/"]}]},{"@type":"ImageObject","inLanguage":"en-GB","@id":"https:\/\/uppland.birdlife.se\/fagelskydd\/svarttarna-tamnaren\/#primaryimage","url":"https:\/\/uppland.birdlife.se\/wp-content\/uploads\/sites\/58\/2023\/06\/Tamnaren_rojning_2020nov_UlrikLotberg_4-2-768x213-1.jpg","contentUrl":"https:\/\/uppland.birdlife.se\/wp-content\/uploads\/sites\/58\/2023\/06\/Tamnaren_rojning_2020nov_UlrikLotberg_4-2-768x213-1.jpg"},{"@type":"BreadcrumbList","@id":"https:\/\/uppland.birdlife.se\/fagelskydd\/svarttarna-tamnaren\/#breadcrumb","itemListElement":[{"@type":"ListItem","position":1,"name":"Home","item":"https:\/\/uppland.birdlife.se\/"},{"@type":"ListItem","position":2,"name":"F\u00e5gelskydd","item":"https:\/\/uppland.birdlife.se\/fagelskydd\/"},{"@type":"ListItem","position":3,"name":"Svartt\u00e4rna (T\u00e4mnaren)"}]},{"@type":"WebSite","@id":"https:\/\/uppland.birdlife.se\/#website","url":"https:\/\/uppland.birdlife.se\/","name":"BirdLife Uppland","description":"En levande f\u00e5gelfauna i hela Uppland","publisher":{"@id":"https:\/\/uppland.birdlife.se\/#organization"},"potentialAction":[{"@type":"SearchAction","target":{"@type":"EntryPoint","urlTemplate":"https:\/\/uppland.birdlife.se\/?s={search_term_string}"},"query-input":{"@type":"PropertyValueSpecification","valueRequired":true,"valueName":"search_term_string"}}],"inLanguage":"en-GB"},{"@type":"Organization","@id":"https:\/\/uppland.birdlife.se\/#organization","name":"BirdLife Uppland","url":"https:\/\/uppland.birdlife.se\/","logo":{"@type":"ImageObject","inLanguage":"en-GB","@id":"https:\/\/uppland.birdlife.se\/#\/schema\/logo\/image\/","url":"https:\/\/cdn.birdlife.se\/wp-content\/uploads\/sites\/58\/2025\/12\/birdlifeUOF_profil_vertikal_150dpi.png","contentUrl":"https:\/\/cdn.birdlife.se\/wp-content\/uploads\/sites\/58\/2025\/12\/birdlifeUOF_profil_vertikal_150dpi.png","width":469,"height":459,"caption":"BirdLife Uppland"},"image":{"@id":"https:\/\/uppland.birdlife.se\/#\/schema\/logo\/image\/"},"sameAs":["https:\/\/www.facebook.com\/UpplandsOrn"]}]}},"_links":{"self":[{"href":"https:\/\/uppland.birdlife.se\/en\/wp-json\/wp\/v2\/pages\/1120","targetHints":{"allow":["GET"]}}],"collection":[{"href":"https:\/\/uppland.birdlife.se\/en\/wp-json\/wp\/v2\/pages"}],"about":[{"href":"https:\/\/uppland.birdlife.se\/en\/wp-json\/wp\/v2\/types\/page"}],"author":[{"embeddable":true,"href":"https:\/\/uppland.birdlife.se\/en\/wp-json\/wp\/v2\/users\/107"}],"replies":[{"embeddable":true,"href":"https:\/\/uppland.birdlife.se\/en\/wp-json\/wp\/v2\/comments?post=1120"}],"version-history":[{"count":28,"href":"https:\/\/uppland.birdlife.se\/en\/wp-json\/wp\/v2\/pages\/1120\/revisions"}],"predecessor-version":[{"id":5727,"href":"https:\/\/uppland.birdlife.se\/en\/wp-json\/wp\/v2\/pages\/1120\/revisions\/5727"}],"up":[{"embeddable":true,"href":"https:\/\/uppland.birdlife.se\/en\/wp-json\/wp\/v2\/pages\/873"}],"wp:attachment":[{"href":"https:\/\/uppland.birdlife.se\/en\/wp-json\/wp\/v2\/media?parent=1120"}],"curies":[{"name":"wp","href":"https:\/\/api.w.org\/{rel}","templated":true}]}}