{"id":1124,"date":"2023-06-10T12:30:39","date_gmt":"2023-06-10T10:30:39","guid":{"rendered":"https:\/\/uppland.birdlife.se\/vitryggig-hackspett\/"},"modified":"2024-04-26T15:48:21","modified_gmt":"2024-04-26T13:48:21","slug":"vitryggig-hackspett","status":"publish","type":"page","link":"https:\/\/uppland.birdlife.se\/en\/fagelskydd\/vitryggig-hackspett\/","title":{"rendered":"Vitryggig hackspett"},"content":{"rendered":"<div data-elementor-type=\"wp-page\" data-elementor-id=\"1124\" class=\"elementor elementor-1124\" data-elementor-post-type=\"page\">\n\t\t\t\t\t\t<section data-particle_enable=\"false\" data-particle-mobile-disabled=\"false\" class=\"elementor-section elementor-top-section elementor-element elementor-element-9425af2 elementor-section-boxed elementor-section-height-default elementor-section-height-default\" data-id=\"9425af2\" data-element_type=\"section\" data-e-type=\"section\" data-settings=\"{&quot;jet_parallax_layout_list&quot;:[]}\">\n\t\t\t\t\t\t<div class=\"elementor-container elementor-column-gap-default\">\n\t\t\t\t\t<div class=\"elementor-column elementor-col-50 elementor-top-column elementor-element elementor-element-482a666\" data-id=\"482a666\" data-element_type=\"column\" data-e-type=\"column\">\n\t\t\t<div class=\"elementor-widget-wrap elementor-element-populated\">\n\t\t\t\t\t\t<div class=\"elementor-element elementor-element-aaf1ee2 elementor-widget elementor-widget-text-editor\" data-id=\"aaf1ee2\" data-element_type=\"widget\" data-e-type=\"widget\" data-widget_type=\"text-editor.default\">\n\t\t\t\t<div class=\"elementor-widget-container\">\n\t\t\t\t\t\t\t\t\t<p>Under v\u00e5ren 2022 har UOF genomf\u00f6rt \u00e5tg\u00e4rderf\u00f6r att gynna vitryggig hackspett vid Sj\u00f6n T\u00e4mnaren. F\u00f6reningen ska f\u00e5 ett bidrag fr\u00e5n L\u00e4nsstyrelsen i Uppsala l\u00e4n f\u00f6r att kunna genomf\u00f6ra \u00e5tg\u00e4rderna som utf\u00f6rts p\u00e5 marker \u00e4gda av H\u00e4llefors-Tierp skog AB och som \u00e4r avsatta som naturv\u00e5rdsavtal f\u00f6r vitryggig hackspett.<\/p>\n<p><br><\/p>\n<p><span style=\"color: #000000\"><strong>\u00c5tg\u00e4rder utf\u00f6rda:<\/strong><\/span><\/p>\n<ul>\n<li>Granr\u00f6jning p\u00e5 ungef\u00e4r 1 ha runt en j\u00e4tte ek (den har 6,4 m omkrets i br\u00f6sth\u00f6jd) syd om V\u00e5rh\u00e4ll.<\/li>\n<li>Ringbarkning av ca 200 bj\u00f6rkar, ca 2 ha och r\u00f6jning av n\u00e5gra hundra sm\u00e5granar (l\u00e4gre \u00e4n 75 cm) har utf\u00f6rts norr om Lockelsbo.<\/li>\n<li>Ringbarkning av ca 400 bj\u00f6rkar, ca 3 ha s\u00f6der om S\u00f6rsj\u00f6n.<\/li>\n<\/ul>\n<p>Arbetet med att ringbarka bj\u00f6rk kommer att \u00e5terupptas v\u00e5ren 2023.&nbsp;<\/p>\n<p><br><\/p>\n<p>Vill du vara med och hj\u00e4lpa till, kontakta&nbsp;<strong>Ulrik L\u00f6tberg<\/strong> p\u00e5 email <a href=\"\/en\/ulrik.lotberg@birdlife.se\/\">ulrik.lotberg@birdlife.se<\/a><\/p>\n<p><\/p>\t\t\t\t\t\t\t\t<\/div>\n\t\t\t\t<\/div>\n\t\t\t\t\t<\/div>\n\t\t<\/div>\n\t\t\t\t<div class=\"elementor-column elementor-col-50 elementor-top-column elementor-element elementor-element-72a9468\" data-id=\"72a9468\" data-element_type=\"column\" data-e-type=\"column\">\n\t\t\t<div class=\"elementor-widget-wrap elementor-element-populated\">\n\t\t\t\t\t\t<div class=\"elementor-element elementor-element-7998ac8 elementor-widget elementor-widget-image\" data-id=\"7998ac8\" data-element_type=\"widget\" data-e-type=\"widget\" data-widget_type=\"image.default\">\n\t\t\t\t<div class=\"elementor-widget-container\">\n\t\t\t\t\t\t\t\t\t\t\t\t\t\t\t\t<a href=\"https:\/\/cdn.birdlife.se\/wp-content\/uploads\/sites\/58\/2023\/10\/vitrygg-hackspett-Petter-Halden.jpg\" data-elementor-open-lightbox=\"yes\" data-elementor-lightbox-title=\"vitrygg-hackspett-Petter-Hald\u00e9n\" data-e-action-hash=\"#elementor-action%3Aaction%3Dlightbox%26settings%3DeyJpZCI6IjI1NTgiLCJ1cmwiOiJodHRwczpcL1wvY2RuLmJpcmRsaWZlLnNlXC93cC1jb250ZW50XC91cGxvYWRzXC9zaXRlc1wvNThcLzIwMjNcLzEwXC92aXRyeWdnLWhhY2tzcGV0dC1QZXR0ZXItSGFsZGVuLmpwZyJ9\">\n\t\t\t\t\t\t\t<img fetchpriority=\"high\" decoding=\"async\" width=\"720\" height=\"543\" src=\"https:\/\/cdn.birdlife.se\/wp-content\/uploads\/sites\/58\/2023\/10\/vitrygg-hackspett-Petter-Halden.jpg\" class=\"attachment-large size-large wp-image-2558\" alt=\"\" srcset=\"https:\/\/cdn.birdlife.se\/wp-content\/uploads\/sites\/58\/2023\/10\/vitrygg-hackspett-Petter-Halden.jpg 720w, https:\/\/cdn.birdlife.se\/wp-content\/uploads\/sites\/58\/2023\/10\/vitrygg-hackspett-Petter-Halden-300x226.jpg 300w, https:\/\/cdn.birdlife.se\/wp-content\/uploads\/sites\/58\/2023\/10\/vitrygg-hackspett-Petter-Halden-16x12.jpg 16w\" sizes=\"(max-width: 720px) 100vw, 720px\" \/>\t\t\t\t\t\t\t\t<\/a>\n\t\t\t\t\t\t\t\t\t\t\t\t\t\t\t<\/div>\n\t\t\t\t<\/div>\n\t\t\t\t\t<\/div>\n\t\t<\/div>\n\t\t\t\t\t<\/div>\n\t\t<\/section>\n\t\t\t\t<section data-particle_enable=\"false\" data-particle-mobile-disabled=\"false\" class=\"elementor-section elementor-top-section elementor-element elementor-element-1c598c1 elementor-section-boxed elementor-section-height-default elementor-section-height-default\" data-id=\"1c598c1\" data-element_type=\"section\" data-e-type=\"section\" data-settings=\"{&quot;jet_parallax_layout_list&quot;:[]}\">\n\t\t\t\t\t\t<div class=\"elementor-container elementor-column-gap-default\">\n\t\t\t\t\t<div class=\"elementor-column elementor-col-100 elementor-top-column elementor-element elementor-element-d293287\" data-id=\"d293287\" data-element_type=\"column\" data-e-type=\"column\">\n\t\t\t<div class=\"elementor-widget-wrap elementor-element-populated\">\n\t\t\t\t\t\t<div class=\"elementor-element elementor-element-a87194b elementor-widget elementor-widget-gallery\" data-id=\"a87194b\" data-element_type=\"widget\" data-e-type=\"widget\" data-settings=\"{&quot;columns&quot;:&quot;3&quot;,&quot;lazyload&quot;:&quot;yes&quot;,&quot;gallery_layout&quot;:&quot;grid&quot;,&quot;columns_tablet&quot;:2,&quot;columns_mobile&quot;:1,&quot;gap&quot;:{&quot;unit&quot;:&quot;px&quot;,&quot;size&quot;:10,&quot;sizes&quot;:[]},&quot;gap_tablet&quot;:{&quot;unit&quot;:&quot;px&quot;,&quot;size&quot;:10,&quot;sizes&quot;:[]},&quot;gap_mobile&quot;:{&quot;unit&quot;:&quot;px&quot;,&quot;size&quot;:10,&quot;sizes&quot;:[]},&quot;link_to&quot;:&quot;file&quot;,&quot;aspect_ratio&quot;:&quot;3:2&quot;,&quot;overlay_background&quot;:&quot;yes&quot;,&quot;content_hover_animation&quot;:&quot;fade-in&quot;}\" data-widget_type=\"gallery.default\">\n\t\t\t\t<div class=\"elementor-widget-container\">\n\t\t\t\t\t\t\t<div class=\"elementor-gallery__container\">\n\t\t\t\t\t\t\t<a class=\"e-gallery-item elementor-gallery-item elementor-animated-content\" href=\"https:\/\/cdn.birdlife.se\/wp-content\/uploads\/sites\/58\/2023\/11\/20160520_White_Backed_Woodpecker_Male_3Cy_Colorringed_Blue_Red_Batfors_Ind_1_008-scaled.jpg\" data-elementor-open-lightbox=\"yes\" data-elementor-lightbox-slideshow=\"a87194b\" data-elementor-lightbox-title=\"20160520_White_Backed_Woodpecker_Male_3Cy_Colorringed_Blue_Red_Batfors_Ind_1_008\" data-e-action-hash=\"#elementor-action%3Aaction%3Dlightbox%26settings%3DeyJpZCI6Mzk2MywidXJsIjoiaHR0cHM6XC9cL2Nkbi5iaXJkbGlmZS5zZVwvd3AtY29udGVudFwvdXBsb2Fkc1wvc2l0ZXNcLzU4XC8yMDIzXC8xMVwvMjAxNjA1MjBfV2hpdGVfQmFja2VkX1dvb2RwZWNrZXJfTWFsZV8zQ3lfQ29sb3JyaW5nZWRfQmx1ZV9SZWRfQmF0Zm9yc19JbmRfMV8wMDgtc2NhbGVkLmpwZyIsInNsaWRlc2hvdyI6ImE4NzE5NGIifQ%3D%3D\">\n\t\t\t\t\t<div class=\"e-gallery-image elementor-gallery-item__image\" data-thumbnail=\"https:\/\/cdn.birdlife.se\/wp-content\/uploads\/sites\/58\/2023\/11\/20160520_White_Backed_Woodpecker_Male_3Cy_Colorringed_Blue_Red_Batfors_Ind_1_008-300x200.jpg\" data-width=\"300\" data-height=\"200\" aria-label=\"\" role=\"img\" ><\/div>\n\t\t\t\t\t\t\t\t\t\t\t<div class=\"elementor-gallery-item__overlay\"><\/div>\n\t\t\t\t\t\t\t\t\t\t\t\t\t\t<\/a>\n\t\t\t\t\t\t\t<a class=\"e-gallery-item elementor-gallery-item elementor-animated-content\" href=\"https:\/\/cdn.birdlife.se\/wp-content\/uploads\/sites\/58\/2023\/11\/20140828_Logged_White-backed_Woodpecker_Forrest_logged_2014_Sorsjon_Tamnaren_002-scaled.jpg\" data-elementor-open-lightbox=\"yes\" data-elementor-lightbox-slideshow=\"a87194b\" data-elementor-lightbox-title=\"20140828_Logged_White-backed_Woodpecker_Forrest_(logged_2014)_Sorsjon_Tamnaren_002\" data-e-action-hash=\"#elementor-action%3Aaction%3Dlightbox%26settings%3DeyJpZCI6Mzk3NiwidXJsIjoiaHR0cHM6XC9cL2Nkbi5iaXJkbGlmZS5zZVwvd3AtY29udGVudFwvdXBsb2Fkc1wvc2l0ZXNcLzU4XC8yMDIzXC8xMVwvMjAxNDA4MjhfTG9nZ2VkX1doaXRlLWJhY2tlZF9Xb29kcGVja2VyX0ZvcnJlc3RfbG9nZ2VkXzIwMTRfU29yc2pvbl9UYW1uYXJlbl8wMDItc2NhbGVkLmpwZyIsInNsaWRlc2hvdyI6ImE4NzE5NGIifQ%3D%3D\">\n\t\t\t\t\t<div class=\"e-gallery-image elementor-gallery-item__image\" data-thumbnail=\"https:\/\/cdn.birdlife.se\/wp-content\/uploads\/sites\/58\/2023\/11\/20140828_Logged_White-backed_Woodpecker_Forrest_logged_2014_Sorsjon_Tamnaren_002-300x200.jpg\" data-width=\"300\" data-height=\"200\" aria-label=\"\" role=\"img\" ><\/div>\n\t\t\t\t\t\t\t\t\t\t\t<div class=\"elementor-gallery-item__overlay\"><\/div>\n\t\t\t\t\t\t\t\t\t\t\t\t\t\t<\/a>\n\t\t\t\t\t\t\t<a class=\"e-gallery-item elementor-gallery-item elementor-animated-content\" href=\"https:\/\/cdn.birdlife.se\/wp-content\/uploads\/sites\/58\/2023\/11\/Red_20140510_White_Backed_Woodpecker_Male_4Cy_Colorringed_Yellow_Yellow_Mackmuren_Gysinge_ind_2_004-e1700074668109.jpg\" data-elementor-open-lightbox=\"yes\" data-elementor-lightbox-slideshow=\"a87194b\" data-elementor-lightbox-title=\"Red_20140510_White_Backed_Woodpecker_Male_4Cy_Colorringed_Yellow_Yellow_Mackmuren_Gysinge_ind_2_004\" data-e-action-hash=\"#elementor-action%3Aaction%3Dlightbox%26settings%3DeyJpZCI6Mzk2NCwidXJsIjoiaHR0cHM6XC9cL2Nkbi5iaXJkbGlmZS5zZVwvd3AtY29udGVudFwvdXBsb2Fkc1wvc2l0ZXNcLzU4XC8yMDIzXC8xMVwvUmVkXzIwMTQwNTEwX1doaXRlX0JhY2tlZF9Xb29kcGVja2VyX01hbGVfNEN5X0NvbG9ycmluZ2VkX1llbGxvd19ZZWxsb3dfTWFja211cmVuX0d5c2luZ2VfaW5kXzJfMDA0LWUxNzAwMDc0NjY4MTA5LmpwZyIsInNsaWRlc2hvdyI6ImE4NzE5NGIifQ%3D%3D\">\n\t\t\t\t\t<div class=\"e-gallery-image elementor-gallery-item__image\" data-thumbnail=\"https:\/\/cdn.birdlife.se\/wp-content\/uploads\/sites\/58\/2023\/11\/Red_20140510_White_Backed_Woodpecker_Male_4Cy_Colorringed_Yellow_Yellow_Mackmuren_Gysinge_ind_2_004-e1700074668109-300x200.jpg\" data-width=\"300\" data-height=\"200\" aria-label=\"\" role=\"img\" ><\/div>\n\t\t\t\t\t\t\t\t\t\t\t<div class=\"elementor-gallery-item__overlay\"><\/div>\n\t\t\t\t\t\t\t\t\t\t\t\t\t\t<\/a>\n\t\t\t\t\t<\/div>\n\t\t\t\t\t<\/div>\n\t\t\t\t<\/div>\n\t\t\t\t\t<\/div>\n\t\t<\/div>\n\t\t\t\t\t<\/div>\n\t\t<\/section>\n\t\t\t\t<section data-particle_enable=\"false\" data-particle-mobile-disabled=\"false\" class=\"elementor-section elementor-top-section elementor-element elementor-element-989a55b elementor-section-boxed elementor-section-height-default elementor-section-height-default\" data-id=\"989a55b\" data-element_type=\"section\" data-e-type=\"section\" data-settings=\"{&quot;jet_parallax_layout_list&quot;:[]}\">\n\t\t\t\t\t\t<div class=\"elementor-container elementor-column-gap-default\">\n\t\t\t\t\t<div class=\"elementor-column elementor-col-100 elementor-top-column elementor-element elementor-element-abc9e4b\" data-id=\"abc9e4b\" data-element_type=\"column\" data-e-type=\"column\">\n\t\t\t<div class=\"elementor-widget-wrap elementor-element-populated\">\n\t\t\t\t\t\t<div class=\"elementor-element elementor-element-a6ed8d7 elementor-widget elementor-widget-text-editor\" data-id=\"a6ed8d7\" data-element_type=\"widget\" data-e-type=\"widget\" data-widget_type=\"text-editor.default\">\n\t\t\t\t<div class=\"elementor-widget-container\">\n\t\t\t\t\t\t\t\t\t<p><strong><span style=\"color: #000000\">Mer information om projekten f\u00f6r vitryggig hackspett:<\/span><\/strong><\/p><p><strong><span style=\"color: #000000\"><br><\/span><\/strong><\/p>\n<p>Naturskyddsf\u00f6reingen &#8211; <a href=\"https:\/\/www.naturskyddsforeningen.se\/artiklar\/projekt-vitryggig-hackspett\/\">Projekt vitryggig hackspett<\/a><br>Rapport fr\u00e5n Naturskyddsf\u00f6rening &#8211; <a href=\"https:\/\/cdn.naturskyddsforeningen.se\/uploads\/2021\/05\/11102232\/2011_skog_naturvard_vitryggig_hackspett.pdf\">Vitryggig hackspett i Sverige \u2013 hot och m\u00f6jligheter, idag och i framtiden<\/a><br>Naturv\u00e5rdsverket &#8211; <a href=\"https:\/\/www.upplandsstiftelsen.se\/UserFiles\/Arkiv_publikationer\/Naturvard\/Hotade_arter\/Agp_vitrygg.pdf\">\u00c5tg\u00e4rdsprogram f\u00f6r bevarande av Vitryggig hackspett<\/a><\/p>\t\t\t\t\t\t\t\t<\/div>\n\t\t\t\t<\/div>\n\t\t\t\t\t<\/div>\n\t\t<\/div>\n\t\t\t\t\t<\/div>\n\t\t<\/section>\n\t\t\t\t<section data-particle_enable=\"false\" data-particle-mobile-disabled=\"false\" class=\"elementor-section elementor-top-section elementor-element elementor-element-fc6c1c4 elementor-section-boxed elementor-section-height-default elementor-section-height-default\" data-id=\"fc6c1c4\" data-element_type=\"section\" data-e-type=\"section\" data-settings=\"{&quot;jet_parallax_layout_list&quot;:[]}\">\n\t\t\t\t\t\t<div class=\"elementor-container elementor-column-gap-default\">\n\t\t\t\t\t\t<\/div>\n\t\t<\/section>\n\t\t\t\t<\/div>","protected":false},"excerpt":{"rendered":"<p>Under v\u00e5ren 2022 har UOF genomf\u00f6rt \u00e5tg\u00e4rderf\u00f6r att gynna vitryggig hackspett vid Sj\u00f6n T\u00e4mnaren. F\u00f6reningen ska f\u00e5 ett bidrag fr\u00e5n L\u00e4nsstyrelsen i Uppsala l\u00e4n f\u00f6r att kunna genomf\u00f6ra \u00e5tg\u00e4rderna som [&hellip;]<\/p>\n","protected":false},"author":107,"featured_media":0,"parent":873,"menu_order":8,"comment_status":"closed","ping_status":"closed","template":"","meta":{"_acf_changed":false,"inline_featured_image":false,"footnotes":""},"class_list":["post-1124","page","type-page","status-publish","hentry"],"acf":[],"yoast_head":"<!-- This site is optimized with the Yoast SEO plugin v27.2 - https:\/\/yoast.com\/product\/yoast-seo-wordpress\/ -->\n<title>Vitryggig hackspett - BirdLife Uppland<\/title>\n<meta name=\"robots\" content=\"index, follow, max-snippet:-1, max-image-preview:large, max-video-preview:-1\" \/>\n<link rel=\"canonical\" href=\"https:\/\/uppland.birdlife.se\/en\/fagelskydd\/vitryggig-hackspett\/\" \/>\n<meta property=\"og:locale\" content=\"en_GB\" \/>\n<meta property=\"og:type\" content=\"article\" \/>\n<meta property=\"og:title\" content=\"Vitryggig hackspett - BirdLife Uppland\" \/>\n<meta property=\"og:description\" content=\"Under v\u00e5ren 2022 har UOF genomf\u00f6rt \u00e5tg\u00e4rderf\u00f6r att gynna vitryggig hackspett vid Sj\u00f6n T\u00e4mnaren. F\u00f6reningen ska f\u00e5 ett bidrag fr\u00e5n L\u00e4nsstyrelsen i Uppsala l\u00e4n f\u00f6r att kunna genomf\u00f6ra \u00e5tg\u00e4rderna som [&hellip;]\" \/>\n<meta property=\"og:url\" content=\"https:\/\/uppland.birdlife.se\/en\/fagelskydd\/vitryggig-hackspett\/\" \/>\n<meta property=\"og:site_name\" content=\"BirdLife Uppland\" \/>\n<meta property=\"article:publisher\" content=\"https:\/\/www.facebook.com\/UpplandsOrn\" \/>\n<meta property=\"article:modified_time\" content=\"2024-04-26T13:48:21+00:00\" \/>\n<meta property=\"og:image\" content=\"https:\/\/uppland.birdlife.se\/wp-content\/uploads\/sites\/58\/2023\/10\/vitrygg-hackspett-Petter-Halden.jpg\" \/>\n<meta name=\"twitter:card\" content=\"summary_large_image\" \/>\n<meta name=\"twitter:label1\" content=\"Est. reading time\" \/>\n\t<meta name=\"twitter:data1\" content=\"1 minute\" \/>\n<script type=\"application\/ld+json\" class=\"yoast-schema-graph\">{\"@context\":\"https:\/\/schema.org\",\"@graph\":[{\"@type\":\"WebPage\",\"@id\":\"https:\/\/uppland.birdlife.se\/fagelskydd\/vitryggig-hackspett\/\",\"url\":\"https:\/\/uppland.birdlife.se\/fagelskydd\/vitryggig-hackspett\/\",\"name\":\"Vitryggig hackspett - BirdLife Uppland\",\"isPartOf\":{\"@id\":\"https:\/\/uppland.birdlife.se\/#website\"},\"primaryImageOfPage\":{\"@id\":\"https:\/\/uppland.birdlife.se\/fagelskydd\/vitryggig-hackspett\/#primaryimage\"},\"image\":{\"@id\":\"https:\/\/uppland.birdlife.se\/fagelskydd\/vitryggig-hackspett\/#primaryimage\"},\"thumbnailUrl\":\"https:\/\/uppland.birdlife.se\/wp-content\/uploads\/sites\/58\/2023\/10\/vitrygg-hackspett-Petter-Halden.jpg\",\"datePublished\":\"2023-06-10T10:30:39+00:00\",\"dateModified\":\"2024-04-26T13:48:21+00:00\",\"breadcrumb\":{\"@id\":\"https:\/\/uppland.birdlife.se\/fagelskydd\/vitryggig-hackspett\/#breadcrumb\"},\"inLanguage\":\"en-GB\",\"potentialAction\":[{\"@type\":\"ReadAction\",\"target\":[\"https:\/\/uppland.birdlife.se\/fagelskydd\/vitryggig-hackspett\/\"]}]},{\"@type\":\"ImageObject\",\"inLanguage\":\"en-GB\",\"@id\":\"https:\/\/uppland.birdlife.se\/fagelskydd\/vitryggig-hackspett\/#primaryimage\",\"url\":\"https:\/\/uppland.birdlife.se\/wp-content\/uploads\/sites\/58\/2023\/10\/vitrygg-hackspett-Petter-Halden.jpg\",\"contentUrl\":\"https:\/\/uppland.birdlife.se\/wp-content\/uploads\/sites\/58\/2023\/10\/vitrygg-hackspett-Petter-Halden.jpg\"},{\"@type\":\"BreadcrumbList\",\"@id\":\"https:\/\/uppland.birdlife.se\/fagelskydd\/vitryggig-hackspett\/#breadcrumb\",\"itemListElement\":[{\"@type\":\"ListItem\",\"position\":1,\"name\":\"Home\",\"item\":\"https:\/\/uppland.birdlife.se\/\"},{\"@type\":\"ListItem\",\"position\":2,\"name\":\"F\u00e5gelskydd\",\"item\":\"https:\/\/uppland.birdlife.se\/fagelskydd\/\"},{\"@type\":\"ListItem\",\"position\":3,\"name\":\"Vitryggig hackspett\"}]},{\"@type\":\"WebSite\",\"@id\":\"https:\/\/uppland.birdlife.se\/#website\",\"url\":\"https:\/\/uppland.birdlife.se\/\",\"name\":\"BirdLife Uppland\",\"description\":\"En levande f\u00e5gelfauna i hela Uppland\",\"publisher\":{\"@id\":\"https:\/\/uppland.birdlife.se\/#organization\"},\"potentialAction\":[{\"@type\":\"SearchAction\",\"target\":{\"@type\":\"EntryPoint\",\"urlTemplate\":\"https:\/\/uppland.birdlife.se\/?s={search_term_string}\"},\"query-input\":{\"@type\":\"PropertyValueSpecification\",\"valueRequired\":true,\"valueName\":\"search_term_string\"}}],\"inLanguage\":\"en-GB\"},{\"@type\":\"Organization\",\"@id\":\"https:\/\/uppland.birdlife.se\/#organization\",\"name\":\"BirdLife Uppland\",\"url\":\"https:\/\/uppland.birdlife.se\/\",\"logo\":{\"@type\":\"ImageObject\",\"inLanguage\":\"en-GB\",\"@id\":\"https:\/\/uppland.birdlife.se\/#\/schema\/logo\/image\/\",\"url\":\"https:\/\/cdn.birdlife.se\/wp-content\/uploads\/sites\/58\/2025\/12\/birdlifeUOF_profil_vertikal_150dpi.png\",\"contentUrl\":\"https:\/\/cdn.birdlife.se\/wp-content\/uploads\/sites\/58\/2025\/12\/birdlifeUOF_profil_vertikal_150dpi.png\",\"width\":469,\"height\":459,\"caption\":\"BirdLife Uppland\"},\"image\":{\"@id\":\"https:\/\/uppland.birdlife.se\/#\/schema\/logo\/image\/\"},\"sameAs\":[\"https:\/\/www.facebook.com\/UpplandsOrn\"]}]}<\/script>\n<!-- \/ Yoast SEO plugin. -->","yoast_head_json":{"title":"Vitryggig hackspett - BirdLife Uppland","robots":{"index":"index","follow":"follow","max-snippet":"max-snippet:-1","max-image-preview":"max-image-preview:large","max-video-preview":"max-video-preview:-1"},"canonical":"https:\/\/uppland.birdlife.se\/en\/fagelskydd\/vitryggig-hackspett\/","og_locale":"en_GB","og_type":"article","og_title":"Vitryggig hackspett - BirdLife Uppland","og_description":"Under v\u00e5ren 2022 har UOF genomf\u00f6rt \u00e5tg\u00e4rderf\u00f6r att gynna vitryggig hackspett vid Sj\u00f6n T\u00e4mnaren. F\u00f6reningen ska f\u00e5 ett bidrag fr\u00e5n L\u00e4nsstyrelsen i Uppsala l\u00e4n f\u00f6r att kunna genomf\u00f6ra \u00e5tg\u00e4rderna som [&hellip;]","og_url":"https:\/\/uppland.birdlife.se\/en\/fagelskydd\/vitryggig-hackspett\/","og_site_name":"BirdLife Uppland","article_publisher":"https:\/\/www.facebook.com\/UpplandsOrn","article_modified_time":"2024-04-26T13:48:21+00:00","og_image":[{"url":"https:\/\/uppland.birdlife.se\/wp-content\/uploads\/sites\/58\/2023\/10\/vitrygg-hackspett-Petter-Halden.jpg","type":"","width":"","height":""}],"twitter_card":"summary_large_image","twitter_misc":{"Est. reading time":"1 minute"},"schema":{"@context":"https:\/\/schema.org","@graph":[{"@type":"WebPage","@id":"https:\/\/uppland.birdlife.se\/fagelskydd\/vitryggig-hackspett\/","url":"https:\/\/uppland.birdlife.se\/fagelskydd\/vitryggig-hackspett\/","name":"Vitryggig hackspett - BirdLife Uppland","isPartOf":{"@id":"https:\/\/uppland.birdlife.se\/#website"},"primaryImageOfPage":{"@id":"https:\/\/uppland.birdlife.se\/fagelskydd\/vitryggig-hackspett\/#primaryimage"},"image":{"@id":"https:\/\/uppland.birdlife.se\/fagelskydd\/vitryggig-hackspett\/#primaryimage"},"thumbnailUrl":"https:\/\/uppland.birdlife.se\/wp-content\/uploads\/sites\/58\/2023\/10\/vitrygg-hackspett-Petter-Halden.jpg","datePublished":"2023-06-10T10:30:39+00:00","dateModified":"2024-04-26T13:48:21+00:00","breadcrumb":{"@id":"https:\/\/uppland.birdlife.se\/fagelskydd\/vitryggig-hackspett\/#breadcrumb"},"inLanguage":"en-GB","potentialAction":[{"@type":"ReadAction","target":["https:\/\/uppland.birdlife.se\/fagelskydd\/vitryggig-hackspett\/"]}]},{"@type":"ImageObject","inLanguage":"en-GB","@id":"https:\/\/uppland.birdlife.se\/fagelskydd\/vitryggig-hackspett\/#primaryimage","url":"https:\/\/uppland.birdlife.se\/wp-content\/uploads\/sites\/58\/2023\/10\/vitrygg-hackspett-Petter-Halden.jpg","contentUrl":"https:\/\/uppland.birdlife.se\/wp-content\/uploads\/sites\/58\/2023\/10\/vitrygg-hackspett-Petter-Halden.jpg"},{"@type":"BreadcrumbList","@id":"https:\/\/uppland.birdlife.se\/fagelskydd\/vitryggig-hackspett\/#breadcrumb","itemListElement":[{"@type":"ListItem","position":1,"name":"Home","item":"https:\/\/uppland.birdlife.se\/"},{"@type":"ListItem","position":2,"name":"F\u00e5gelskydd","item":"https:\/\/uppland.birdlife.se\/fagelskydd\/"},{"@type":"ListItem","position":3,"name":"Vitryggig hackspett"}]},{"@type":"WebSite","@id":"https:\/\/uppland.birdlife.se\/#website","url":"https:\/\/uppland.birdlife.se\/","name":"BirdLife Uppland","description":"En levande f\u00e5gelfauna i hela Uppland","publisher":{"@id":"https:\/\/uppland.birdlife.se\/#organization"},"potentialAction":[{"@type":"SearchAction","target":{"@type":"EntryPoint","urlTemplate":"https:\/\/uppland.birdlife.se\/?s={search_term_string}"},"query-input":{"@type":"PropertyValueSpecification","valueRequired":true,"valueName":"search_term_string"}}],"inLanguage":"en-GB"},{"@type":"Organization","@id":"https:\/\/uppland.birdlife.se\/#organization","name":"BirdLife Uppland","url":"https:\/\/uppland.birdlife.se\/","logo":{"@type":"ImageObject","inLanguage":"en-GB","@id":"https:\/\/uppland.birdlife.se\/#\/schema\/logo\/image\/","url":"https:\/\/cdn.birdlife.se\/wp-content\/uploads\/sites\/58\/2025\/12\/birdlifeUOF_profil_vertikal_150dpi.png","contentUrl":"https:\/\/cdn.birdlife.se\/wp-content\/uploads\/sites\/58\/2025\/12\/birdlifeUOF_profil_vertikal_150dpi.png","width":469,"height":459,"caption":"BirdLife Uppland"},"image":{"@id":"https:\/\/uppland.birdlife.se\/#\/schema\/logo\/image\/"},"sameAs":["https:\/\/www.facebook.com\/UpplandsOrn"]}]}},"_links":{"self":[{"href":"https:\/\/uppland.birdlife.se\/en\/wp-json\/wp\/v2\/pages\/1124","targetHints":{"allow":["GET"]}}],"collection":[{"href":"https:\/\/uppland.birdlife.se\/en\/wp-json\/wp\/v2\/pages"}],"about":[{"href":"https:\/\/uppland.birdlife.se\/en\/wp-json\/wp\/v2\/types\/page"}],"author":[{"embeddable":true,"href":"https:\/\/uppland.birdlife.se\/en\/wp-json\/wp\/v2\/users\/107"}],"replies":[{"embeddable":true,"href":"https:\/\/uppland.birdlife.se\/en\/wp-json\/wp\/v2\/comments?post=1124"}],"version-history":[{"count":49,"href":"https:\/\/uppland.birdlife.se\/en\/wp-json\/wp\/v2\/pages\/1124\/revisions"}],"predecessor-version":[{"id":5990,"href":"https:\/\/uppland.birdlife.se\/en\/wp-json\/wp\/v2\/pages\/1124\/revisions\/5990"}],"up":[{"embeddable":true,"href":"https:\/\/uppland.birdlife.se\/en\/wp-json\/wp\/v2\/pages\/873"}],"wp:attachment":[{"href":"https:\/\/uppland.birdlife.se\/en\/wp-json\/wp\/v2\/media?parent=1124"}],"curies":[{"name":"wp","href":"https:\/\/api.w.org\/{rel}","templated":true}]}}