{"id":1126,"date":"2023-06-10T12:30:40","date_gmt":"2023-06-10T10:30:40","guid":{"rendered":"https:\/\/uppland.birdlife.se\/berguv\/"},"modified":"2023-10-22T11:04:31","modified_gmt":"2023-10-22T09:04:31","slug":"berguv","status":"publish","type":"page","link":"https:\/\/uppland.birdlife.se\/en\/fagelskydd\/berguv\/","title":{"rendered":"Berguv"},"content":{"rendered":"<div data-elementor-type=\"wp-page\" data-elementor-id=\"1126\" class=\"elementor elementor-1126\" data-elementor-post-type=\"page\">\n\t\t\t\t\t\t<section data-particle_enable=\"false\" data-particle-mobile-disabled=\"false\" class=\"elementor-section elementor-top-section elementor-element elementor-element-4253fe9 elementor-section-boxed elementor-section-height-default elementor-section-height-default\" data-id=\"4253fe9\" data-element_type=\"section\" data-e-type=\"section\" data-settings=\"{&quot;jet_parallax_layout_list&quot;:[]}\">\n\t\t\t\t\t\t<div class=\"elementor-container elementor-column-gap-default\">\n\t\t\t\t\t<div class=\"elementor-column elementor-col-50 elementor-top-column elementor-element elementor-element-e057f4c\" data-id=\"e057f4c\" data-element_type=\"column\" data-e-type=\"column\">\n\t\t\t<div class=\"elementor-widget-wrap elementor-element-populated\">\n\t\t\t\t\t\t<div class=\"elementor-element elementor-element-5bad3ee elementor-widget elementor-widget-text-editor\" data-id=\"5bad3ee\" data-element_type=\"widget\" data-e-type=\"widget\" data-widget_type=\"text-editor.default\">\n\t\t\t\t<div class=\"elementor-widget-container\">\n\t\t\t\t\t\t\t\t\t<p>Projektet Berguv ing\u00e5r i en nationell inventering av berguvsrevir. Inom projektet ing\u00e5r \u00e4ven upps\u00e4ttning av holkar och fredande av h\u00e4ckningslokaler mot t.ex. kl\u00e4ttring.<\/p><p><br><\/p>\n<p><strong>Aktuellt juni 2022:<\/strong> <br>Efter m\u00e5nga fina insatser fr\u00e5n volont\u00e4rer har vi \u00f6kat kunskapen om hur uvkartan ser ut i v\u00e5rt rapportomr\u00e5de. Vi har nu 20 revir hos oss, n\u00e5got som \u00e4r mycket gl\u00e4djande. I dessa finns minst 16 par och \u00e4n s\u00e5 l\u00e4nge k\u00e4nner vi till 5 lyckade h\u00e4ckningar och en (troligen) misslyckad med sammanlagt elva ungar spridda i dessa h\u00e4ckningar, d\u00e4r 5 av dessa har kunnat ringm\u00e4rkas.<\/p>\n<p><br><\/p><p>Kontaktperson: <b>Baltasar Pinheiro <\/b>p\u00e5 email&nbsp;<a style=\"background-color: #ffffff\" href=\"mailto:baltasar.pinheiro@gmail.com\" target=\"_blank\" rel=\"noopener\">baltasar.pinheiro@gmail.com<\/a><\/p>\t\t\t\t\t\t\t\t<\/div>\n\t\t\t\t<\/div>\n\t\t\t\t\t<\/div>\n\t\t<\/div>\n\t\t\t\t<div class=\"elementor-column elementor-col-50 elementor-top-column elementor-element elementor-element-0b2d185\" data-id=\"0b2d185\" data-element_type=\"column\" data-e-type=\"column\">\n\t\t\t<div class=\"elementor-widget-wrap elementor-element-populated\">\n\t\t\t\t\t\t<div class=\"elementor-element elementor-element-9967de4 elementor-widget elementor-widget-gallery\" data-id=\"9967de4\" data-element_type=\"widget\" data-e-type=\"widget\" data-settings=\"{&quot;gallery_layout&quot;:&quot;justified&quot;,&quot;overlay_description&quot;:&quot;caption&quot;,&quot;lazyload&quot;:&quot;yes&quot;,&quot;ideal_row_height&quot;:{&quot;unit&quot;:&quot;px&quot;,&quot;size&quot;:200,&quot;sizes&quot;:[]},&quot;ideal_row_height_tablet&quot;:{&quot;unit&quot;:&quot;px&quot;,&quot;size&quot;:150,&quot;sizes&quot;:[]},&quot;ideal_row_height_mobile&quot;:{&quot;unit&quot;:&quot;px&quot;,&quot;size&quot;:150,&quot;sizes&quot;:[]},&quot;gap&quot;:{&quot;unit&quot;:&quot;px&quot;,&quot;size&quot;:10,&quot;sizes&quot;:[]},&quot;gap_tablet&quot;:{&quot;unit&quot;:&quot;px&quot;,&quot;size&quot;:10,&quot;sizes&quot;:[]},&quot;gap_mobile&quot;:{&quot;unit&quot;:&quot;px&quot;,&quot;size&quot;:10,&quot;sizes&quot;:[]},&quot;link_to&quot;:&quot;file&quot;,&quot;overlay_background&quot;:&quot;yes&quot;,&quot;content_hover_animation&quot;:&quot;fade-in&quot;}\" data-widget_type=\"gallery.default\">\n\t\t\t\t<div class=\"elementor-widget-container\">\n\t\t\t\t\t\t\t<div class=\"elementor-gallery__container\">\n\t\t\t\t\t\t\t<a class=\"e-gallery-item elementor-gallery-item elementor-animated-content\" href=\"https:\/\/cdn.birdlife.se\/wp-content\/uploads\/sites\/58\/2023\/06\/berguv-hona-foto-BaltasarPinheiro.jpg\" data-elementor-open-lightbox=\"yes\" data-elementor-lightbox-slideshow=\"9967de4\" data-elementor-lightbox-title=\"berguv-hona foto BaltasarPinheiro\" data-e-action-hash=\"#elementor-action%3Aaction%3Dlightbox%26settings%3DeyJpZCI6MTQ0MywidXJsIjoiaHR0cHM6XC9cL2Nkbi5iaXJkbGlmZS5zZVwvd3AtY29udGVudFwvdXBsb2Fkc1wvc2l0ZXNcLzU4XC8yMDIzXC8wNlwvYmVyZ3V2LWhvbmEtZm90by1CYWx0YXNhclBpbmhlaXJvLmpwZyIsInNsaWRlc2hvdyI6Ijk5NjdkZTQifQ%3D%3D\">\n\t\t\t\t\t<div class=\"e-gallery-image elementor-gallery-item__image\" data-thumbnail=\"https:\/\/cdn.birdlife.se\/wp-content\/uploads\/sites\/58\/2023\/06\/berguv-hona-foto-BaltasarPinheiro.jpg\" data-width=\"768\" data-height=\"576\" aria-label=\"\" role=\"img\" ><\/div>\n\t\t\t\t\t\t\t\t\t\t\t<div class=\"elementor-gallery-item__overlay\"><\/div>\n\t\t\t\t\t\t\t\t\t\t\t\t\t\t\t<div class=\"elementor-gallery-item__content\">\n\t\t\t\t\t\t\t\t\t\t\t\t\t\t<div class=\"elementor-gallery-item__description\">\n\t\t\t\t\t\t\t\t\t\t\t\t\t\t\t\t\t\tBerguv, hona. Foto: Baltasar Pinheiro\t\t\t\t\t\t\t\t<\/div>\n\t\t\t\t\t\t\t\t\t\t\t\t<\/div>\n\t\t\t\t\t\t\t\t\t<\/a>\n\t\t\t\t\t\t\t<a class=\"e-gallery-item elementor-gallery-item elementor-animated-content\" href=\"https:\/\/cdn.birdlife.se\/wp-content\/uploads\/sites\/58\/2023\/06\/berguvsungar-foto-BaltasarPinheiro.jpg\" data-elementor-open-lightbox=\"yes\" data-elementor-lightbox-slideshow=\"9967de4\" data-elementor-lightbox-title=\"berguvsungar foto BaltasarPinheiro\" data-e-action-hash=\"#elementor-action%3Aaction%3Dlightbox%26settings%3DeyJpZCI6MTQ0NSwidXJsIjoiaHR0cHM6XC9cL2Nkbi5iaXJkbGlmZS5zZVwvd3AtY29udGVudFwvdXBsb2Fkc1wvc2l0ZXNcLzU4XC8yMDIzXC8wNlwvYmVyZ3V2c3VuZ2FyLWZvdG8tQmFsdGFzYXJQaW5oZWlyby5qcGciLCJzbGlkZXNob3ciOiI5OTY3ZGU0In0%3D\">\n\t\t\t\t\t<div class=\"e-gallery-image elementor-gallery-item__image\" data-thumbnail=\"https:\/\/cdn.birdlife.se\/wp-content\/uploads\/sites\/58\/2023\/06\/berguvsungar-foto-BaltasarPinheiro.jpg\" data-width=\"900\" data-height=\"600\" aria-label=\"\" role=\"img\" ><\/div>\n\t\t\t\t\t\t\t\t\t\t\t<div class=\"elementor-gallery-item__overlay\"><\/div>\n\t\t\t\t\t\t\t\t\t\t\t\t\t\t\t<div class=\"elementor-gallery-item__content\">\n\t\t\t\t\t\t\t\t\t\t\t\t\t\t<div class=\"elementor-gallery-item__description\">\n\t\t\t\t\t\t\t\t\t\t\t\t\t\t\t\t\t\tBerguvsungar. Foto: Baltasar Pinheiro\t\t\t\t\t\t\t\t<\/div>\n\t\t\t\t\t\t\t\t\t\t\t\t<\/div>\n\t\t\t\t\t\t\t\t\t<\/a>\n\t\t\t\t\t\t\t<a class=\"e-gallery-item elementor-gallery-item elementor-animated-content\" href=\"https:\/\/cdn.birdlife.se\/wp-content\/uploads\/sites\/58\/2023\/06\/berguv-unge-foto-BaltasarPinheiro.jpg\" data-elementor-open-lightbox=\"yes\" data-elementor-lightbox-slideshow=\"9967de4\" data-elementor-lightbox-title=\"berguv-unge foto BaltasarPinheiro\" data-e-action-hash=\"#elementor-action%3Aaction%3Dlightbox%26settings%3DeyJpZCI6MTQ0MiwidXJsIjoiaHR0cHM6XC9cL2Nkbi5iaXJkbGlmZS5zZVwvd3AtY29udGVudFwvdXBsb2Fkc1wvc2l0ZXNcLzU4XC8yMDIzXC8wNlwvYmVyZ3V2LXVuZ2UtZm90by1CYWx0YXNhclBpbmhlaXJvLmpwZyIsInNsaWRlc2hvdyI6Ijk5NjdkZTQifQ%3D%3D\">\n\t\t\t\t\t<div class=\"e-gallery-image elementor-gallery-item__image\" data-thumbnail=\"https:\/\/cdn.birdlife.se\/wp-content\/uploads\/sites\/58\/2023\/06\/berguv-unge-foto-BaltasarPinheiro.jpg\" data-width=\"768\" data-height=\"576\" aria-label=\"\" role=\"img\" ><\/div>\n\t\t\t\t\t\t\t\t\t\t\t<div class=\"elementor-gallery-item__overlay\"><\/div>\n\t\t\t\t\t\t\t\t\t\t\t\t\t\t\t<div class=\"elementor-gallery-item__content\">\n\t\t\t\t\t\t\t\t\t\t\t\t\t\t<div class=\"elementor-gallery-item__description\">\n\t\t\t\t\t\t\t\t\t\t\t\t\t\t\t\t\t\tBerguv, unge. Foto: Baltasar Pinheiro\t\t\t\t\t\t\t\t<\/div>\n\t\t\t\t\t\t\t\t\t\t\t\t<\/div>\n\t\t\t\t\t\t\t\t\t<\/a>\n\t\t\t\t\t\t\t<a class=\"e-gallery-item elementor-gallery-item elementor-animated-content\" href=\"https:\/\/cdn.birdlife.se\/wp-content\/uploads\/sites\/58\/2023\/06\/Adult-Berguv.-Foto-Baltasar-Pinheiro.jpeg\" data-elementor-open-lightbox=\"yes\" data-elementor-lightbox-slideshow=\"9967de4\" data-elementor-lightbox-title=\"Adult Berguv. Foto Baltasar Pinheiro\" data-e-action-hash=\"#elementor-action%3Aaction%3Dlightbox%26settings%3DeyJpZCI6MTQ0NiwidXJsIjoiaHR0cHM6XC9cL2Nkbi5iaXJkbGlmZS5zZVwvd3AtY29udGVudFwvdXBsb2Fkc1wvc2l0ZXNcLzU4XC8yMDIzXC8wNlwvQWR1bHQtQmVyZ3V2Li1Gb3RvLUJhbHRhc2FyLVBpbmhlaXJvLmpwZWciLCJzbGlkZXNob3ciOiI5OTY3ZGU0In0%3D\">\n\t\t\t\t\t<div class=\"e-gallery-image elementor-gallery-item__image\" data-thumbnail=\"https:\/\/cdn.birdlife.se\/wp-content\/uploads\/sites\/58\/2023\/06\/Adult-Berguv.-Foto-Baltasar-Pinheiro.jpeg\" data-width=\"900\" data-height=\"600\" aria-label=\"\" role=\"img\" ><\/div>\n\t\t\t\t\t\t\t\t\t\t\t<div class=\"elementor-gallery-item__overlay\"><\/div>\n\t\t\t\t\t\t\t\t\t\t\t\t\t\t\t<div class=\"elementor-gallery-item__content\">\n\t\t\t\t\t\t\t\t\t\t\t\t\t\t<div class=\"elementor-gallery-item__description\">\n\t\t\t\t\t\t\t\t\t\t\t\t\t\t\t\t\t\tAdult Berguv. Foto: Baltasar Pinheiro\t\t\t\t\t\t\t\t<\/div>\n\t\t\t\t\t\t\t\t\t\t\t\t<\/div>\n\t\t\t\t\t\t\t\t\t<\/a>\n\t\t\t\t\t<\/div>\n\t\t\t\t\t<\/div>\n\t\t\t\t<\/div>\n\t\t\t\t\t<\/div>\n\t\t<\/div>\n\t\t\t\t\t<\/div>\n\t\t<\/section>\n\t\t\t\t<section data-particle_enable=\"false\" data-particle-mobile-disabled=\"false\" class=\"elementor-section elementor-top-section elementor-element elementor-element-8ec8896 elementor-section-boxed elementor-section-height-default elementor-section-height-default\" data-id=\"8ec8896\" data-element_type=\"section\" data-e-type=\"section\" data-settings=\"{&quot;jet_parallax_layout_list&quot;:[]}\">\n\t\t\t\t\t\t<div class=\"elementor-container elementor-column-gap-default\">\n\t\t\t\t\t<div class=\"elementor-column elementor-col-100 elementor-top-column elementor-element elementor-element-5ad0661\" data-id=\"5ad0661\" data-element_type=\"column\" data-e-type=\"column\">\n\t\t\t<div class=\"elementor-widget-wrap elementor-element-populated\">\n\t\t\t\t\t\t<div class=\"elementor-element elementor-element-aad67f0 elementor-widget-divider--view-line elementor-widget elementor-widget-divider\" data-id=\"aad67f0\" data-element_type=\"widget\" data-e-type=\"widget\" data-widget_type=\"divider.default\">\n\t\t\t\t<div class=\"elementor-widget-container\">\n\t\t\t\t\t\t\t<div class=\"elementor-divider\">\n\t\t\t<span class=\"elementor-divider-separator\">\n\t\t\t\t\t\t<\/span>\n\t\t<\/div>\n\t\t\t\t\t\t<\/div>\n\t\t\t\t<\/div>\n\t\t\t\t\t<\/div>\n\t\t<\/div>\n\t\t\t\t\t<\/div>\n\t\t<\/section>\n\t\t\t\t<section data-particle_enable=\"false\" data-particle-mobile-disabled=\"false\" class=\"elementor-section elementor-top-section elementor-element elementor-element-fd9e81d elementor-section-boxed elementor-section-height-default elementor-section-height-default\" data-id=\"fd9e81d\" data-element_type=\"section\" data-e-type=\"section\" data-settings=\"{&quot;jet_parallax_layout_list&quot;:[]}\">\n\t\t\t\t\t\t<div class=\"elementor-container elementor-column-gap-default\">\n\t\t\t\t\t<div class=\"elementor-column elementor-col-100 elementor-top-column elementor-element elementor-element-1b774e8\" data-id=\"1b774e8\" data-element_type=\"column\" data-e-type=\"column\">\n\t\t\t<div class=\"elementor-widget-wrap elementor-element-populated\">\n\t\t\t\t\t\t<div class=\"elementor-element elementor-element-a58a654 elementor-widget elementor-widget-heading\" data-id=\"a58a654\" data-element_type=\"widget\" data-e-type=\"widget\" data-widget_type=\"heading.default\">\n\t\t\t\t<div class=\"elementor-widget-container\">\n\t\t\t\t\t<h3 class=\"elementor-heading-title elementor-size-default\">Nyheter fr\u00e5n projektet<\/h3>\t\t\t\t<\/div>\n\t\t\t\t<\/div>\n\t\t\t\t\t<\/div>\n\t\t<\/div>\n\t\t\t\t\t<\/div>\n\t\t<\/section>\n\t\t\t\t<section data-particle_enable=\"false\" data-particle-mobile-disabled=\"false\" class=\"elementor-section elementor-top-section elementor-element elementor-element-90d4873 elementor-section-boxed elementor-section-height-default elementor-section-height-default\" data-id=\"90d4873\" data-element_type=\"section\" data-e-type=\"section\" data-settings=\"{&quot;jet_parallax_layout_list&quot;:[]}\">\n\t\t\t\t\t\t<div class=\"elementor-container elementor-column-gap-default\">\n\t\t\t\t\t<div class=\"elementor-column elementor-col-100 elementor-top-column elementor-element elementor-element-3f000ae\" data-id=\"3f000ae\" data-element_type=\"column\" data-e-type=\"column\">\n\t\t\t<div class=\"elementor-widget-wrap elementor-element-populated\">\n\t\t\t\t\t\t<div class=\"elementor-element elementor-element-fdba350 elementor-grid-3 elementor-grid-tablet-2 elementor-grid-mobile-1 elementor-posts--thumbnail-top elementor-widget elementor-widget-posts\" data-id=\"fdba350\" data-element_type=\"widget\" data-e-type=\"widget\" data-settings=\"{&quot;classic_columns&quot;:&quot;3&quot;,&quot;classic_columns_tablet&quot;:&quot;2&quot;,&quot;classic_columns_mobile&quot;:&quot;1&quot;,&quot;classic_row_gap&quot;:{&quot;unit&quot;:&quot;px&quot;,&quot;size&quot;:35,&quot;sizes&quot;:[]},&quot;classic_row_gap_tablet&quot;:{&quot;unit&quot;:&quot;px&quot;,&quot;size&quot;:&quot;&quot;,&quot;sizes&quot;:[]},&quot;classic_row_gap_mobile&quot;:{&quot;unit&quot;:&quot;px&quot;,&quot;size&quot;:&quot;&quot;,&quot;sizes&quot;:[]}}\" data-widget_type=\"posts.classic\">\n\t\t\t\t<div class=\"elementor-widget-container\">\n\t\t\t\t\t\t\t<div class=\"elementor-posts-container elementor-posts elementor-posts--skin-classic elementor-grid\" role=\"list\">\n\t\t\t\t<article class=\"elementor-post elementor-grid-item post-1934 post type-post status-publish format-standard has-post-thumbnail hentry category-fagelskydd-och-projekt\" role=\"listitem\">\n\t\t\t\t<a class=\"elementor-post__thumbnail__link\" href=\"https:\/\/uppland.birdlife.se\/en\/berguv-i-uppsala-lan-2\/\" tabindex=\"-1\" >\n\t\t\t<div class=\"elementor-post__thumbnail\"><img fetchpriority=\"high\" decoding=\"async\" width=\"300\" height=\"200\" src=\"https:\/\/cdn.birdlife.se\/wp-content\/uploads\/sites\/58\/2023\/06\/Adult-Berguv.-Foto-Baltasar-Pinheiro-300x200.jpeg\" class=\"attachment-medium size-medium wp-image-1446\" alt=\"\" srcset=\"https:\/\/cdn.birdlife.se\/wp-content\/uploads\/sites\/58\/2023\/06\/Adult-Berguv.-Foto-Baltasar-Pinheiro-300x200.jpeg 300w, https:\/\/cdn.birdlife.se\/wp-content\/uploads\/sites\/58\/2023\/06\/Adult-Berguv.-Foto-Baltasar-Pinheiro-768x512.jpeg 768w, https:\/\/cdn.birdlife.se\/wp-content\/uploads\/sites\/58\/2023\/06\/Adult-Berguv.-Foto-Baltasar-Pinheiro-18x12.jpeg 18w, https:\/\/cdn.birdlife.se\/wp-content\/uploads\/sites\/58\/2023\/06\/Adult-Berguv.-Foto-Baltasar-Pinheiro-645x430.jpeg 645w, https:\/\/cdn.birdlife.se\/wp-content\/uploads\/sites\/58\/2023\/06\/Adult-Berguv.-Foto-Baltasar-Pinheiro.jpeg 900w\" sizes=\"(max-width: 300px) 100vw, 300px\" \/><\/div>\n\t\t<\/a>\n\t\t\t\t<div class=\"elementor-post__text\">\n\t\t\t\t<h3 class=\"elementor-post__title\">\n\t\t\t<a href=\"https:\/\/uppland.birdlife.se\/en\/berguv-i-uppsala-lan-2\/\" >\n\t\t\t\tBerguv i Uppsala l\u00e4n (fr\u00e5n birdlife.se)\t\t\t<\/a>\n\t\t<\/h3>\n\t\t\t\t<div class=\"elementor-post__meta-data\">\n\t\t\t\t\t<span class=\"elementor-post-date\">\n\t\t\t7 June, 2023\t\t<\/span>\n\t\t\t\t<\/div>\n\t\t\t\t<div class=\"elementor-post__excerpt\">\n\t\t\t<p>Berguvens utbredning i Uppsala l\u00e4n \u00e4r mycket begr\u00e4nsad. Projekt Berguv i Uppsala l\u00e4n utf\u00f6r revirkarteringar och samarbetar med verksamheter som hyser berguv, med m\u00e5let att i framtiden kunna s\u00e4kra artens<\/p>\n\t\t<\/div>\n\t\t\n\t\t<a class=\"elementor-post__read-more\" href=\"https:\/\/uppland.birdlife.se\/en\/berguv-i-uppsala-lan-2\/\" aria-label=\"Read more about Berguv i Uppsala l\u00e4n (fr\u00e5n birdlife.se)\" tabindex=\"-1\" >\n\t\t\tL\u00e4s mer \u00bb\t\t<\/a>\n\n\t\t\t\t<\/div>\n\t\t\t\t<\/article>\n\t\t\t\t<\/div>\n\t\t\n\t\t\t\t\t\t<\/div>\n\t\t\t\t<\/div>\n\t\t\t\t\t<\/div>\n\t\t<\/div>\n\t\t\t\t\t<\/div>\n\t\t<\/section>\n\t\t\t\t<section data-particle_enable=\"false\" data-particle-mobile-disabled=\"false\" class=\"elementor-section elementor-top-section elementor-element elementor-element-2073c18 elementor-section-boxed elementor-section-height-default elementor-section-height-default\" data-id=\"2073c18\" data-element_type=\"section\" data-e-type=\"section\" data-settings=\"{&quot;jet_parallax_layout_list&quot;:[]}\">\n\t\t\t\t\t\t<div class=\"elementor-container elementor-column-gap-default\">\n\t\t\t\t\t<div class=\"elementor-column elementor-col-100 elementor-top-column elementor-element elementor-element-3d4eb19\" data-id=\"3d4eb19\" data-element_type=\"column\" data-e-type=\"column\">\n\t\t\t<div class=\"elementor-widget-wrap elementor-element-populated\">\n\t\t\t\t\t\t<div class=\"elementor-element elementor-element-8925efe elementor-widget-divider--view-line elementor-widget elementor-widget-divider\" data-id=\"8925efe\" data-element_type=\"widget\" data-e-type=\"widget\" data-widget_type=\"divider.default\">\n\t\t\t\t<div class=\"elementor-widget-container\">\n\t\t\t\t\t\t\t<div class=\"elementor-divider\">\n\t\t\t<span class=\"elementor-divider-separator\">\n\t\t\t\t\t\t<\/span>\n\t\t<\/div>\n\t\t\t\t\t\t<\/div>\n\t\t\t\t<\/div>\n\t\t\t\t\t<\/div>\n\t\t<\/div>\n\t\t\t\t\t<\/div>\n\t\t<\/section>\n\t\t\t\t<section data-particle_enable=\"false\" data-particle-mobile-disabled=\"false\" class=\"elementor-section elementor-top-section elementor-element elementor-element-3255f15 elementor-section-boxed elementor-section-height-default elementor-section-height-default\" data-id=\"3255f15\" data-element_type=\"section\" data-e-type=\"section\" data-settings=\"{&quot;jet_parallax_layout_list&quot;:[]}\">\n\t\t\t\t\t\t<div class=\"elementor-container elementor-column-gap-default\">\n\t\t\t\t\t<div class=\"elementor-column elementor-col-100 elementor-top-column elementor-element elementor-element-8d380f3\" data-id=\"8d380f3\" data-element_type=\"column\" data-e-type=\"column\">\n\t\t\t<div class=\"elementor-widget-wrap elementor-element-populated\">\n\t\t\t\t\t\t<div class=\"elementor-element elementor-element-89f1c85 elementor-widget elementor-widget-text-editor\" data-id=\"89f1c85\" data-element_type=\"widget\" data-e-type=\"widget\" data-widget_type=\"text-editor.default\">\n\t\t\t\t<div class=\"elementor-widget-container\">\n\t\t\t\t\t\t\t\t\t<p>Mer om berguv:<br \/><br \/><a href=\"https:\/\/cdn.birdlife.se\/wp-content\/uploads\/sites\/58\/2023\/06\/Faktablad_2006_Berguvar_webb.pdf\" target=\"_blank\" rel=\"noreferrer noopener\" data-type=\"URL\" data-id=\"http:\/\/uof.nu\/wp-content\/uploads\/2023\/03\/Faktablad_2006_Berguvar_webb.pdf\">Faktablad Berguv<\/a> \u2013 Om berguven och hur man kan skapa en bra samexistens mellan berguv och m\u00e4nniska.<\/p>\t\t\t\t\t\t\t\t<\/div>\n\t\t\t\t<\/div>\n\t\t\t\t\t<\/div>\n\t\t<\/div>\n\t\t\t\t\t<\/div>\n\t\t<\/section>\n\t\t\t\t<\/div>","protected":false},"excerpt":{"rendered":"<p>Projektet Berguv ing\u00e5r i en nationell inventering av berguvsrevir. Inom projektet ing\u00e5r \u00e4ven upps\u00e4ttning av holkar och fredande av h\u00e4ckningslokaler mot t.ex. kl\u00e4ttring. Aktuellt juni 2022: Efter m\u00e5nga fina insatser [&hellip;]<\/p>\n","protected":false},"author":107,"featured_media":0,"parent":873,"menu_order":8,"comment_status":"closed","ping_status":"closed","template":"templates\/page-right.php","meta":{"_acf_changed":false,"inline_featured_image":false,"footnotes":""},"class_list":["post-1126","page","type-page","status-publish","hentry"],"acf":[],"yoast_head":"<!-- This site is optimized with the Yoast SEO plugin v27.2 - https:\/\/yoast.com\/product\/yoast-seo-wordpress\/ -->\n<title>Berguv - BirdLife Uppland<\/title>\n<meta name=\"robots\" content=\"index, follow, max-snippet:-1, max-image-preview:large, max-video-preview:-1\" \/>\n<link rel=\"canonical\" href=\"https:\/\/uppland.birdlife.se\/en\/fagelskydd\/berguv\/\" \/>\n<meta property=\"og:locale\" content=\"en_GB\" \/>\n<meta property=\"og:type\" content=\"article\" \/>\n<meta property=\"og:title\" content=\"Berguv - BirdLife Uppland\" \/>\n<meta property=\"og:description\" content=\"Projektet Berguv ing\u00e5r i en nationell inventering av berguvsrevir. Inom projektet ing\u00e5r \u00e4ven upps\u00e4ttning av holkar och fredande av h\u00e4ckningslokaler mot t.ex. kl\u00e4ttring. Aktuellt juni 2022: Efter m\u00e5nga fina insatser [&hellip;]\" \/>\n<meta property=\"og:url\" content=\"https:\/\/uppland.birdlife.se\/en\/fagelskydd\/berguv\/\" \/>\n<meta property=\"og:site_name\" content=\"BirdLife Uppland\" \/>\n<meta property=\"article:publisher\" content=\"https:\/\/www.facebook.com\/UpplandsOrn\" \/>\n<meta property=\"article:modified_time\" content=\"2023-10-22T09:04:31+00:00\" \/>\n<meta name=\"twitter:card\" content=\"summary_large_image\" \/>\n<meta name=\"twitter:label1\" content=\"Est. reading time\" \/>\n\t<meta name=\"twitter:data1\" content=\"2 minutes\" \/>\n<script type=\"application\/ld+json\" class=\"yoast-schema-graph\">{\"@context\":\"https:\/\/schema.org\",\"@graph\":[{\"@type\":\"WebPage\",\"@id\":\"https:\/\/uppland.birdlife.se\/fagelskydd\/berguv\/\",\"url\":\"https:\/\/uppland.birdlife.se\/fagelskydd\/berguv\/\",\"name\":\"Berguv - BirdLife Uppland\",\"isPartOf\":{\"@id\":\"https:\/\/uppland.birdlife.se\/#website\"},\"datePublished\":\"2023-06-10T10:30:40+00:00\",\"dateModified\":\"2023-10-22T09:04:31+00:00\",\"breadcrumb\":{\"@id\":\"https:\/\/uppland.birdlife.se\/fagelskydd\/berguv\/#breadcrumb\"},\"inLanguage\":\"en-GB\",\"potentialAction\":[{\"@type\":\"ReadAction\",\"target\":[\"https:\/\/uppland.birdlife.se\/fagelskydd\/berguv\/\"]}]},{\"@type\":\"BreadcrumbList\",\"@id\":\"https:\/\/uppland.birdlife.se\/fagelskydd\/berguv\/#breadcrumb\",\"itemListElement\":[{\"@type\":\"ListItem\",\"position\":1,\"name\":\"Home\",\"item\":\"https:\/\/uppland.birdlife.se\/\"},{\"@type\":\"ListItem\",\"position\":2,\"name\":\"F\u00e5gelskydd\",\"item\":\"https:\/\/uppland.birdlife.se\/fagelskydd\/\"},{\"@type\":\"ListItem\",\"position\":3,\"name\":\"Berguv\"}]},{\"@type\":\"WebSite\",\"@id\":\"https:\/\/uppland.birdlife.se\/#website\",\"url\":\"https:\/\/uppland.birdlife.se\/\",\"name\":\"BirdLife Uppland\",\"description\":\"En levande f\u00e5gelfauna i hela Uppland\",\"publisher\":{\"@id\":\"https:\/\/uppland.birdlife.se\/#organization\"},\"potentialAction\":[{\"@type\":\"SearchAction\",\"target\":{\"@type\":\"EntryPoint\",\"urlTemplate\":\"https:\/\/uppland.birdlife.se\/?s={search_term_string}\"},\"query-input\":{\"@type\":\"PropertyValueSpecification\",\"valueRequired\":true,\"valueName\":\"search_term_string\"}}],\"inLanguage\":\"en-GB\"},{\"@type\":\"Organization\",\"@id\":\"https:\/\/uppland.birdlife.se\/#organization\",\"name\":\"BirdLife Uppland\",\"url\":\"https:\/\/uppland.birdlife.se\/\",\"logo\":{\"@type\":\"ImageObject\",\"inLanguage\":\"en-GB\",\"@id\":\"https:\/\/uppland.birdlife.se\/#\/schema\/logo\/image\/\",\"url\":\"https:\/\/cdn.birdlife.se\/wp-content\/uploads\/sites\/58\/2025\/12\/birdlifeUOF_profil_vertikal_150dpi.png\",\"contentUrl\":\"https:\/\/cdn.birdlife.se\/wp-content\/uploads\/sites\/58\/2025\/12\/birdlifeUOF_profil_vertikal_150dpi.png\",\"width\":469,\"height\":459,\"caption\":\"BirdLife Uppland\"},\"image\":{\"@id\":\"https:\/\/uppland.birdlife.se\/#\/schema\/logo\/image\/\"},\"sameAs\":[\"https:\/\/www.facebook.com\/UpplandsOrn\"]}]}<\/script>\n<!-- \/ Yoast SEO plugin. -->","yoast_head_json":{"title":"Berguv - BirdLife Uppland","robots":{"index":"index","follow":"follow","max-snippet":"max-snippet:-1","max-image-preview":"max-image-preview:large","max-video-preview":"max-video-preview:-1"},"canonical":"https:\/\/uppland.birdlife.se\/en\/fagelskydd\/berguv\/","og_locale":"en_GB","og_type":"article","og_title":"Berguv - BirdLife Uppland","og_description":"Projektet Berguv ing\u00e5r i en nationell inventering av berguvsrevir. Inom projektet ing\u00e5r \u00e4ven upps\u00e4ttning av holkar och fredande av h\u00e4ckningslokaler mot t.ex. kl\u00e4ttring. Aktuellt juni 2022: Efter m\u00e5nga fina insatser [&hellip;]","og_url":"https:\/\/uppland.birdlife.se\/en\/fagelskydd\/berguv\/","og_site_name":"BirdLife Uppland","article_publisher":"https:\/\/www.facebook.com\/UpplandsOrn","article_modified_time":"2023-10-22T09:04:31+00:00","twitter_card":"summary_large_image","twitter_misc":{"Est. reading time":"2 minutes"},"schema":{"@context":"https:\/\/schema.org","@graph":[{"@type":"WebPage","@id":"https:\/\/uppland.birdlife.se\/fagelskydd\/berguv\/","url":"https:\/\/uppland.birdlife.se\/fagelskydd\/berguv\/","name":"Berguv - BirdLife Uppland","isPartOf":{"@id":"https:\/\/uppland.birdlife.se\/#website"},"datePublished":"2023-06-10T10:30:40+00:00","dateModified":"2023-10-22T09:04:31+00:00","breadcrumb":{"@id":"https:\/\/uppland.birdlife.se\/fagelskydd\/berguv\/#breadcrumb"},"inLanguage":"en-GB","potentialAction":[{"@type":"ReadAction","target":["https:\/\/uppland.birdlife.se\/fagelskydd\/berguv\/"]}]},{"@type":"BreadcrumbList","@id":"https:\/\/uppland.birdlife.se\/fagelskydd\/berguv\/#breadcrumb","itemListElement":[{"@type":"ListItem","position":1,"name":"Home","item":"https:\/\/uppland.birdlife.se\/"},{"@type":"ListItem","position":2,"name":"F\u00e5gelskydd","item":"https:\/\/uppland.birdlife.se\/fagelskydd\/"},{"@type":"ListItem","position":3,"name":"Berguv"}]},{"@type":"WebSite","@id":"https:\/\/uppland.birdlife.se\/#website","url":"https:\/\/uppland.birdlife.se\/","name":"BirdLife Uppland","description":"En levande f\u00e5gelfauna i hela Uppland","publisher":{"@id":"https:\/\/uppland.birdlife.se\/#organization"},"potentialAction":[{"@type":"SearchAction","target":{"@type":"EntryPoint","urlTemplate":"https:\/\/uppland.birdlife.se\/?s={search_term_string}"},"query-input":{"@type":"PropertyValueSpecification","valueRequired":true,"valueName":"search_term_string"}}],"inLanguage":"en-GB"},{"@type":"Organization","@id":"https:\/\/uppland.birdlife.se\/#organization","name":"BirdLife Uppland","url":"https:\/\/uppland.birdlife.se\/","logo":{"@type":"ImageObject","inLanguage":"en-GB","@id":"https:\/\/uppland.birdlife.se\/#\/schema\/logo\/image\/","url":"https:\/\/cdn.birdlife.se\/wp-content\/uploads\/sites\/58\/2025\/12\/birdlifeUOF_profil_vertikal_150dpi.png","contentUrl":"https:\/\/cdn.birdlife.se\/wp-content\/uploads\/sites\/58\/2025\/12\/birdlifeUOF_profil_vertikal_150dpi.png","width":469,"height":459,"caption":"BirdLife Uppland"},"image":{"@id":"https:\/\/uppland.birdlife.se\/#\/schema\/logo\/image\/"},"sameAs":["https:\/\/www.facebook.com\/UpplandsOrn"]}]}},"_links":{"self":[{"href":"https:\/\/uppland.birdlife.se\/en\/wp-json\/wp\/v2\/pages\/1126","targetHints":{"allow":["GET"]}}],"collection":[{"href":"https:\/\/uppland.birdlife.se\/en\/wp-json\/wp\/v2\/pages"}],"about":[{"href":"https:\/\/uppland.birdlife.se\/en\/wp-json\/wp\/v2\/types\/page"}],"author":[{"embeddable":true,"href":"https:\/\/uppland.birdlife.se\/en\/wp-json\/wp\/v2\/users\/107"}],"replies":[{"embeddable":true,"href":"https:\/\/uppland.birdlife.se\/en\/wp-json\/wp\/v2\/comments?post=1126"}],"version-history":[{"count":38,"href":"https:\/\/uppland.birdlife.se\/en\/wp-json\/wp\/v2\/pages\/1126\/revisions"}],"predecessor-version":[{"id":3064,"href":"https:\/\/uppland.birdlife.se\/en\/wp-json\/wp\/v2\/pages\/1126\/revisions\/3064"}],"up":[{"embeddable":true,"href":"https:\/\/uppland.birdlife.se\/en\/wp-json\/wp\/v2\/pages\/873"}],"wp:attachment":[{"href":"https:\/\/uppland.birdlife.se\/en\/wp-json\/wp\/v2\/media?parent=1126"}],"curies":[{"name":"wp","href":"https:\/\/api.w.org\/{rel}","templated":true}]}}