{"id":1134,"date":"2023-06-10T12:30:40","date_gmt":"2023-06-10T10:30:40","guid":{"rendered":"https:\/\/uppland.birdlife.se\/raka\/"},"modified":"2024-02-20T21:36:54","modified_gmt":"2024-02-20T20:36:54","slug":"raka","status":"publish","type":"page","link":"https:\/\/uppland.birdlife.se\/en\/fagelskydd\/raka\/","title":{"rendered":"R\u00e5ka"},"content":{"rendered":"<div data-elementor-type=\"wp-page\" data-elementor-id=\"1134\" class=\"elementor elementor-1134\" data-elementor-post-type=\"page\">\n\t\t\t\t\t\t<section data-particle_enable=\"false\" data-particle-mobile-disabled=\"false\" class=\"elementor-section elementor-top-section elementor-element elementor-element-5eab8cd elementor-section-boxed elementor-section-height-default elementor-section-height-default\" data-id=\"5eab8cd\" data-element_type=\"section\" data-e-type=\"section\" data-settings=\"{&quot;jet_parallax_layout_list&quot;:[]}\">\n\t\t\t\t\t\t<div class=\"elementor-container elementor-column-gap-default\">\n\t\t\t\t\t<div class=\"elementor-column elementor-col-100 elementor-top-column elementor-element elementor-element-24a2343\" data-id=\"24a2343\" data-element_type=\"column\" data-e-type=\"column\">\n\t\t\t<div class=\"elementor-widget-wrap elementor-element-populated\">\n\t\t\t\t\t\t<div class=\"elementor-element elementor-element-21b12a4 elementor-widget elementor-widget-text-editor\" data-id=\"21b12a4\" data-element_type=\"widget\" data-e-type=\"widget\" data-widget_type=\"text-editor.default\">\n\t\t\t\t<div class=\"elementor-widget-container\">\n\t\t\t\t\t\t\t\t\t<p>\u00d6vervakning av best\u00e5ndet av kommunens h\u00e4ckande r\u00e5kor enligt \u00f6verenskommelse mellan UOF och Uppsala kommun. <br \/>Inventeringar g\u00f6rs vartannat \u00e5r.<\/p><p>\u00a0<\/p><p><a href=\"https:\/\/cdn.birdlife.se\/wp-content\/uploads\/sites\/58\/2023\/06\/Raka-Friberg-Schmidt.pdf\" data-type=\"URL\" data-id=\"http:\/\/uof.nu\/wp-content\/uploads\/2019\/04\/R%C3%A5ka-Friberg-Schmidt.pdf\">Inventering av h\u00e4ckande r\u00e5ka i Uppsala kommun 2018<\/a>\u00a0\u2013 FiU nr 1 2019<br \/><a href=\"https:\/\/cdn.birdlife.se\/wp-content\/uploads\/sites\/58\/2023\/06\/Inventering-Raka.pdf\">Inventering av h\u00e4ckande r\u00e5ka i Uppsala kommun 2014<\/a>\u00a0\u2013 FiU nr 4 2014<\/p><p>\u00a0<\/p><p>Kontaktperson:\u00a0<b>Mikael Malmaeus<\/b>\u00a0p\u00e5 email\u00a0<a href=\"mailto:mikael.malmaeus@gmail.com\" target=\"_blank\" rel=\"noopener\">mikael.malmaeus@gmail.com<\/a><\/p>\t\t\t\t\t\t\t\t<\/div>\n\t\t\t\t<\/div>\n\t\t\t\t\t<\/div>\n\t\t<\/div>\n\t\t\t\t\t<\/div>\n\t\t<\/section>\n\t\t\t\t<section data-particle_enable=\"false\" data-particle-mobile-disabled=\"false\" class=\"elementor-section elementor-top-section elementor-element elementor-element-5288989 elementor-section-boxed elementor-section-height-default elementor-section-height-default\" data-id=\"5288989\" data-element_type=\"section\" data-e-type=\"section\" data-settings=\"{&quot;jet_parallax_layout_list&quot;:[]}\">\n\t\t\t\t\t\t<div class=\"elementor-container elementor-column-gap-default\">\n\t\t\t\t\t<div class=\"elementor-column elementor-col-100 elementor-top-column elementor-element elementor-element-5fbd584\" data-id=\"5fbd584\" data-element_type=\"column\" data-e-type=\"column\">\n\t\t\t<div class=\"elementor-widget-wrap elementor-element-populated\">\n\t\t\t\t\t\t<div class=\"elementor-element elementor-element-243b6bd elementor-widget elementor-widget-image\" data-id=\"243b6bd\" data-element_type=\"widget\" data-e-type=\"widget\" data-widget_type=\"image.default\">\n\t\t\t\t<div class=\"elementor-widget-container\">\n\t\t\t\t\t\t\t\t\t\t\t\t\t\t\t\t<a href=\"https:\/\/cdn.birdlife.se\/wp-content\/uploads\/sites\/58\/2023\/06\/raka_612497014-900.jpeg\" data-elementor-open-lightbox=\"yes\" data-e-action-hash=\"#elementor-action%3Aaction%3Dlightbox%26settings%3DeyJpZCI6IjE1MTYiLCJ1cmwiOiJodHRwczpcL1wvY2RuLmJpcmRsaWZlLnNlXC93cC1jb250ZW50XC91cGxvYWRzXC9zaXRlc1wvNThcLzIwMjNcLzA2XC9yYWthXzYxMjQ5NzAxNC05MDAuanBlZyJ9\">\n\t\t\t\t\t\t\t<img fetchpriority=\"high\" decoding=\"async\" width=\"768\" height=\"512\" src=\"https:\/\/cdn.birdlife.se\/wp-content\/uploads\/sites\/58\/2023\/06\/raka_612497014-900-768x512.jpeg\" class=\"attachment-medium_large size-medium_large wp-image-1516\" alt=\"R\u00e5ka. Arkivbild\" srcset=\"https:\/\/cdn.birdlife.se\/wp-content\/uploads\/sites\/58\/2023\/06\/raka_612497014-900-768x512.jpeg 768w, https:\/\/cdn.birdlife.se\/wp-content\/uploads\/sites\/58\/2023\/06\/raka_612497014-900-300x200.jpeg 300w, https:\/\/cdn.birdlife.se\/wp-content\/uploads\/sites\/58\/2023\/06\/raka_612497014-900-18x12.jpeg 18w, https:\/\/cdn.birdlife.se\/wp-content\/uploads\/sites\/58\/2023\/06\/raka_612497014-900-645x430.jpeg 645w, https:\/\/cdn.birdlife.se\/wp-content\/uploads\/sites\/58\/2023\/06\/raka_612497014-900.jpeg 900w\" sizes=\"(max-width: 768px) 100vw, 768px\" \/>\t\t\t\t\t\t\t\t<\/a>\n\t\t\t\t\t\t\t\t\t\t\t\t\t\t\t<\/div>\n\t\t\t\t<\/div>\n\t\t\t\t\t<\/div>\n\t\t<\/div>\n\t\t\t\t\t<\/div>\n\t\t<\/section>\n\t\t\t\t<section data-particle_enable=\"false\" data-particle-mobile-disabled=\"false\" class=\"elementor-section elementor-top-section elementor-element elementor-element-b6a38ec elementor-section-boxed elementor-section-height-default elementor-section-height-default\" data-id=\"b6a38ec\" data-element_type=\"section\" data-e-type=\"section\" data-settings=\"{&quot;jet_parallax_layout_list&quot;:[]}\">\n\t\t\t\t\t\t<div class=\"elementor-container elementor-column-gap-default\">\n\t\t\t\t\t<div class=\"elementor-column elementor-col-100 elementor-top-column elementor-element elementor-element-d888ebb\" data-id=\"d888ebb\" data-element_type=\"column\" data-e-type=\"column\">\n\t\t\t<div class=\"elementor-widget-wrap elementor-element-populated\">\n\t\t\t\t\t\t<div class=\"elementor-element elementor-element-ba0b940 elementor-widget-divider--view-line_icon elementor-view-default elementor-widget-divider--element-align-center elementor-widget elementor-widget-divider\" data-id=\"ba0b940\" data-element_type=\"widget\" data-e-type=\"widget\" data-widget_type=\"divider.default\">\n\t\t\t\t<div class=\"elementor-widget-container\">\n\t\t\t\t\t\t\t<div class=\"elementor-divider\">\n\t\t\t<span class=\"elementor-divider-separator\">\n\t\t\t\t\t\t\t<div class=\"elementor-icon elementor-divider__element\">\n\t\t\t\t\t<i aria-hidden=\"true\" class=\"fas fa-feather-alt\"><\/i><\/div>\n\t\t\t\t\t\t<\/span>\n\t\t<\/div>\n\t\t\t\t\t\t<\/div>\n\t\t\t\t<\/div>\n\t\t\t\t\t<\/div>\n\t\t<\/div>\n\t\t\t\t\t<\/div>\n\t\t<\/section>\n\t\t\t\t<section data-particle_enable=\"false\" data-particle-mobile-disabled=\"false\" class=\"elementor-section elementor-top-section elementor-element elementor-element-d89213d elementor-section-boxed elementor-section-height-default elementor-section-height-default\" data-id=\"d89213d\" data-element_type=\"section\" data-e-type=\"section\" data-settings=\"{&quot;jet_parallax_layout_list&quot;:[]}\">\n\t\t\t\t\t\t<div class=\"elementor-container elementor-column-gap-default\">\n\t\t\t\t\t<div class=\"elementor-column elementor-col-100 elementor-top-column elementor-element elementor-element-c2c8967\" data-id=\"c2c8967\" data-element_type=\"column\" data-e-type=\"column\">\n\t\t\t<div class=\"elementor-widget-wrap elementor-element-populated\">\n\t\t\t\t\t\t<div class=\"elementor-element elementor-element-14ca1ef elementor-widget elementor-widget-heading\" data-id=\"14ca1ef\" data-element_type=\"widget\" data-e-type=\"widget\" data-widget_type=\"heading.default\">\n\t\t\t\t<div class=\"elementor-widget-container\">\n\t\t\t\t\t<h3 class=\"elementor-heading-title elementor-size-default\">Nyheter fr\u00e5n skyddsarbetet f\u00f6r Uppsalas r\u00e5kor<\/h3>\t\t\t\t<\/div>\n\t\t\t\t<\/div>\n\t\t\t\t\t<\/div>\n\t\t<\/div>\n\t\t\t\t\t<\/div>\n\t\t<\/section>\n\t\t\t\t<section data-particle_enable=\"false\" data-particle-mobile-disabled=\"false\" class=\"elementor-section elementor-top-section elementor-element elementor-element-63fcc7c elementor-section-boxed elementor-section-height-default elementor-section-height-default\" data-id=\"63fcc7c\" data-element_type=\"section\" data-e-type=\"section\" data-settings=\"{&quot;jet_parallax_layout_list&quot;:[]}\">\n\t\t\t\t\t\t<div class=\"elementor-container elementor-column-gap-default\">\n\t\t\t\t\t<div class=\"elementor-column elementor-col-100 elementor-top-column elementor-element elementor-element-7dcef4b\" data-id=\"7dcef4b\" data-element_type=\"column\" data-e-type=\"column\">\n\t\t\t<div class=\"elementor-widget-wrap elementor-element-populated\">\n\t\t\t\t\t\t<div class=\"elementor-element elementor-element-7ab9328 elementor-grid-3 elementor-grid-tablet-2 elementor-grid-mobile-1 elementor-posts--thumbnail-top elementor-widget elementor-widget-posts\" data-id=\"7ab9328\" data-element_type=\"widget\" data-e-type=\"widget\" data-settings=\"{&quot;pagination_type&quot;:&quot;prev_next&quot;,&quot;classic_columns&quot;:&quot;3&quot;,&quot;classic_columns_tablet&quot;:&quot;2&quot;,&quot;classic_columns_mobile&quot;:&quot;1&quot;,&quot;classic_row_gap&quot;:{&quot;unit&quot;:&quot;px&quot;,&quot;size&quot;:35,&quot;sizes&quot;:[]},&quot;classic_row_gap_tablet&quot;:{&quot;unit&quot;:&quot;px&quot;,&quot;size&quot;:&quot;&quot;,&quot;sizes&quot;:[]},&quot;classic_row_gap_mobile&quot;:{&quot;unit&quot;:&quot;px&quot;,&quot;size&quot;:&quot;&quot;,&quot;sizes&quot;:[]}}\" data-widget_type=\"posts.classic\">\n\t\t\t\t<div class=\"elementor-widget-container\">\n\t\t\t\t\t\t\t<div class=\"elementor-posts-container elementor-posts elementor-posts--skin-classic elementor-grid\" role=\"list\">\n\t\t\t\t<article class=\"elementor-post elementor-grid-item post-5651 post type-post status-publish format-standard has-post-thumbnail hentry category-fagelskydd-och-projekt category-okategoriserade\" role=\"listitem\">\n\t\t\t\t<a class=\"elementor-post__thumbnail__link\" href=\"https:\/\/uppland.birdlife.se\/en\/manga-ogon-ser-mer-hjalp-oss-att-hitta-uppsalas-rakor\/\" tabindex=\"-1\" >\n\t\t\t<div class=\"elementor-post__thumbnail\"><img decoding=\"async\" width=\"1024\" height=\"671\" src=\"https:\/\/cdn.birdlife.se\/wp-content\/uploads\/sites\/58\/2024\/02\/Raka_aug_2019_Kungsangen_Hareland1-1024x671.jpg\" class=\"attachment-large size-large wp-image-5658\" alt=\"\" srcset=\"https:\/\/cdn.birdlife.se\/wp-content\/uploads\/sites\/58\/2024\/02\/Raka_aug_2019_Kungsangen_Hareland1-1024x671.jpg 1024w, https:\/\/cdn.birdlife.se\/wp-content\/uploads\/sites\/58\/2024\/02\/Raka_aug_2019_Kungsangen_Hareland1-300x197.jpg 300w, https:\/\/cdn.birdlife.se\/wp-content\/uploads\/sites\/58\/2024\/02\/Raka_aug_2019_Kungsangen_Hareland1-768x503.jpg 768w, https:\/\/cdn.birdlife.se\/wp-content\/uploads\/sites\/58\/2024\/02\/Raka_aug_2019_Kungsangen_Hareland1-1536x1007.jpg 1536w, https:\/\/cdn.birdlife.se\/wp-content\/uploads\/sites\/58\/2024\/02\/Raka_aug_2019_Kungsangen_Hareland1-2048x1342.jpg 2048w, https:\/\/cdn.birdlife.se\/wp-content\/uploads\/sites\/58\/2024\/02\/Raka_aug_2019_Kungsangen_Hareland1-18x12.jpg 18w, https:\/\/cdn.birdlife.se\/wp-content\/uploads\/sites\/58\/2024\/02\/Raka_aug_2019_Kungsangen_Hareland1-1920x1258.jpg 1920w\" sizes=\"(max-width: 1024px) 100vw, 1024px\" \/><\/div>\n\t\t<\/a>\n\t\t\t\t<div class=\"elementor-post__text\">\n\t\t\t\t<h3 class=\"elementor-post__title\">\n\t\t\t<a href=\"https:\/\/uppland.birdlife.se\/en\/manga-ogon-ser-mer-hjalp-oss-att-hitta-uppsalas-rakor\/\" >\n\t\t\t\tM\u00e5nga \u00f6gon ser mer \u2013 hj\u00e4lp oss att hitta Uppsalas r\u00e5kor!\t\t\t<\/a>\n\t\t<\/h3>\n\t\t\t\t<div class=\"elementor-post__meta-data\">\n\t\t\t\t\t<span class=\"elementor-post-date\">\n\t\t\t20 February, 2024\t\t<\/span>\n\t\t\t\t<\/div>\n\t\t\t\t<div class=\"elementor-post__excerpt\">\n\t\t\t<p>UOF inventerar l\u00f6pande h\u00e4ckande r\u00e5kor i samarbete med Uppsala kommun. Tanken \u00e4r att vi ska ha koll p\u00e5 var de finns och hur populationen utvecklas, och f\u00f6rhoppningsvis kunna skydda de platser d\u00e4r r\u00e5korna h\u00e4ckar. Tyv\u00e4rr har r\u00e5kan minskat ganska dramatiskt<\/p>\n\t\t<\/div>\n\t\t\n\t\t<a class=\"elementor-post__read-more\" href=\"https:\/\/uppland.birdlife.se\/en\/manga-ogon-ser-mer-hjalp-oss-att-hitta-uppsalas-rakor\/\" aria-label=\"Read more about M\u00e5nga \u00f6gon ser mer \u2013 hj\u00e4lp oss att hitta Uppsalas r\u00e5kor!\" tabindex=\"-1\" >\n\t\t\tL\u00e4s mer \u00bb\t\t<\/a>\n\n\t\t\t\t<\/div>\n\t\t\t\t<\/article>\n\t\t\t\t<\/div>\n\t\t\n\t\t\t\t\t\t<\/div>\n\t\t\t\t<\/div>\n\t\t\t\t\t<\/div>\n\t\t<\/div>\n\t\t\t\t\t<\/div>\n\t\t<\/section>\n\t\t\t\t<\/div>","protected":false},"excerpt":{"rendered":"<p>\u00d6vervakning av best\u00e5ndet av kommunens h\u00e4ckande r\u00e5kor enligt \u00f6verenskommelse mellan UOF och Uppsala kommun. Inventeringar g\u00f6rs vartannat \u00e5r. \u00a0 Inventering av h\u00e4ckande r\u00e5ka i Uppsala kommun 2018\u00a0\u2013 FiU nr 1 [&hellip;]<\/p>\n","protected":false},"author":107,"featured_media":0,"parent":873,"menu_order":8,"comment_status":"closed","ping_status":"closed","template":"templates\/page-right.php","meta":{"_acf_changed":false,"inline_featured_image":false,"footnotes":""},"class_list":["post-1134","page","type-page","status-publish","hentry"],"acf":[],"yoast_head":"<!-- This site is optimized with the Yoast SEO plugin v27.2 - https:\/\/yoast.com\/product\/yoast-seo-wordpress\/ -->\n<title>R\u00e5ka - BirdLife Uppland<\/title>\n<meta name=\"robots\" content=\"index, follow, max-snippet:-1, max-image-preview:large, max-video-preview:-1\" \/>\n<link rel=\"canonical\" href=\"https:\/\/uppland.birdlife.se\/en\/fagelskydd\/raka\/\" \/>\n<meta property=\"og:locale\" content=\"en_GB\" \/>\n<meta property=\"og:type\" content=\"article\" \/>\n<meta property=\"og:title\" content=\"R\u00e5ka - BirdLife Uppland\" \/>\n<meta property=\"og:description\" content=\"\u00d6vervakning av best\u00e5ndet av kommunens h\u00e4ckande r\u00e5kor enligt \u00f6verenskommelse mellan UOF och Uppsala kommun. Inventeringar g\u00f6rs vartannat \u00e5r. \u00a0 Inventering av h\u00e4ckande r\u00e5ka i Uppsala kommun 2018\u00a0\u2013 FiU nr 1 [&hellip;]\" \/>\n<meta property=\"og:url\" content=\"https:\/\/uppland.birdlife.se\/en\/fagelskydd\/raka\/\" \/>\n<meta property=\"og:site_name\" content=\"BirdLife Uppland\" \/>\n<meta property=\"article:publisher\" content=\"https:\/\/www.facebook.com\/UpplandsOrn\" \/>\n<meta property=\"article:modified_time\" content=\"2024-02-20T20:36:54+00:00\" \/>\n<meta property=\"og:image\" content=\"https:\/\/uppland.birdlife.se\/wp-content\/uploads\/sites\/58\/2023\/06\/raka_612497014-900-768x512.jpeg\" \/>\n<meta name=\"twitter:card\" content=\"summary_large_image\" \/>\n<meta name=\"twitter:label1\" content=\"Est. reading time\" \/>\n\t<meta name=\"twitter:data1\" content=\"2 minutes\" \/>\n<script type=\"application\/ld+json\" class=\"yoast-schema-graph\">{\"@context\":\"https:\/\/schema.org\",\"@graph\":[{\"@type\":\"WebPage\",\"@id\":\"https:\/\/uppland.birdlife.se\/fagelskydd\/raka\/\",\"url\":\"https:\/\/uppland.birdlife.se\/fagelskydd\/raka\/\",\"name\":\"R\u00e5ka - BirdLife Uppland\",\"isPartOf\":{\"@id\":\"https:\/\/uppland.birdlife.se\/#website\"},\"primaryImageOfPage\":{\"@id\":\"https:\/\/uppland.birdlife.se\/fagelskydd\/raka\/#primaryimage\"},\"image\":{\"@id\":\"https:\/\/uppland.birdlife.se\/fagelskydd\/raka\/#primaryimage\"},\"thumbnailUrl\":\"https:\/\/uppland.birdlife.se\/wp-content\/uploads\/sites\/58\/2023\/06\/raka_612497014-900-768x512.jpeg\",\"datePublished\":\"2023-06-10T10:30:40+00:00\",\"dateModified\":\"2024-02-20T20:36:54+00:00\",\"breadcrumb\":{\"@id\":\"https:\/\/uppland.birdlife.se\/fagelskydd\/raka\/#breadcrumb\"},\"inLanguage\":\"en-GB\",\"potentialAction\":[{\"@type\":\"ReadAction\",\"target\":[\"https:\/\/uppland.birdlife.se\/fagelskydd\/raka\/\"]}]},{\"@type\":\"ImageObject\",\"inLanguage\":\"en-GB\",\"@id\":\"https:\/\/uppland.birdlife.se\/fagelskydd\/raka\/#primaryimage\",\"url\":\"https:\/\/uppland.birdlife.se\/wp-content\/uploads\/sites\/58\/2023\/06\/raka_612497014-900-768x512.jpeg\",\"contentUrl\":\"https:\/\/uppland.birdlife.se\/wp-content\/uploads\/sites\/58\/2023\/06\/raka_612497014-900-768x512.jpeg\"},{\"@type\":\"BreadcrumbList\",\"@id\":\"https:\/\/uppland.birdlife.se\/fagelskydd\/raka\/#breadcrumb\",\"itemListElement\":[{\"@type\":\"ListItem\",\"position\":1,\"name\":\"Home\",\"item\":\"https:\/\/uppland.birdlife.se\/\"},{\"@type\":\"ListItem\",\"position\":2,\"name\":\"F\u00e5gelskydd\",\"item\":\"https:\/\/uppland.birdlife.se\/fagelskydd\/\"},{\"@type\":\"ListItem\",\"position\":3,\"name\":\"R\u00e5ka\"}]},{\"@type\":\"WebSite\",\"@id\":\"https:\/\/uppland.birdlife.se\/#website\",\"url\":\"https:\/\/uppland.birdlife.se\/\",\"name\":\"BirdLife Uppland\",\"description\":\"En levande f\u00e5gelfauna i hela Uppland\",\"publisher\":{\"@id\":\"https:\/\/uppland.birdlife.se\/#organization\"},\"potentialAction\":[{\"@type\":\"SearchAction\",\"target\":{\"@type\":\"EntryPoint\",\"urlTemplate\":\"https:\/\/uppland.birdlife.se\/?s={search_term_string}\"},\"query-input\":{\"@type\":\"PropertyValueSpecification\",\"valueRequired\":true,\"valueName\":\"search_term_string\"}}],\"inLanguage\":\"en-GB\"},{\"@type\":\"Organization\",\"@id\":\"https:\/\/uppland.birdlife.se\/#organization\",\"name\":\"BirdLife Uppland\",\"url\":\"https:\/\/uppland.birdlife.se\/\",\"logo\":{\"@type\":\"ImageObject\",\"inLanguage\":\"en-GB\",\"@id\":\"https:\/\/uppland.birdlife.se\/#\/schema\/logo\/image\/\",\"url\":\"https:\/\/cdn.birdlife.se\/wp-content\/uploads\/sites\/58\/2025\/12\/birdlifeUOF_profil_vertikal_150dpi.png\",\"contentUrl\":\"https:\/\/cdn.birdlife.se\/wp-content\/uploads\/sites\/58\/2025\/12\/birdlifeUOF_profil_vertikal_150dpi.png\",\"width\":469,\"height\":459,\"caption\":\"BirdLife Uppland\"},\"image\":{\"@id\":\"https:\/\/uppland.birdlife.se\/#\/schema\/logo\/image\/\"},\"sameAs\":[\"https:\/\/www.facebook.com\/UpplandsOrn\"]}]}<\/script>\n<!-- \/ Yoast SEO plugin. -->","yoast_head_json":{"title":"R\u00e5ka - BirdLife Uppland","robots":{"index":"index","follow":"follow","max-snippet":"max-snippet:-1","max-image-preview":"max-image-preview:large","max-video-preview":"max-video-preview:-1"},"canonical":"https:\/\/uppland.birdlife.se\/en\/fagelskydd\/raka\/","og_locale":"en_GB","og_type":"article","og_title":"R\u00e5ka - BirdLife Uppland","og_description":"\u00d6vervakning av best\u00e5ndet av kommunens h\u00e4ckande r\u00e5kor enligt \u00f6verenskommelse mellan UOF och Uppsala kommun. Inventeringar g\u00f6rs vartannat \u00e5r. \u00a0 Inventering av h\u00e4ckande r\u00e5ka i Uppsala kommun 2018\u00a0\u2013 FiU nr 1 [&hellip;]","og_url":"https:\/\/uppland.birdlife.se\/en\/fagelskydd\/raka\/","og_site_name":"BirdLife Uppland","article_publisher":"https:\/\/www.facebook.com\/UpplandsOrn","article_modified_time":"2024-02-20T20:36:54+00:00","og_image":[{"url":"https:\/\/uppland.birdlife.se\/wp-content\/uploads\/sites\/58\/2023\/06\/raka_612497014-900-768x512.jpeg","type":"","width":"","height":""}],"twitter_card":"summary_large_image","twitter_misc":{"Est. reading time":"2 minutes"},"schema":{"@context":"https:\/\/schema.org","@graph":[{"@type":"WebPage","@id":"https:\/\/uppland.birdlife.se\/fagelskydd\/raka\/","url":"https:\/\/uppland.birdlife.se\/fagelskydd\/raka\/","name":"R\u00e5ka - BirdLife Uppland","isPartOf":{"@id":"https:\/\/uppland.birdlife.se\/#website"},"primaryImageOfPage":{"@id":"https:\/\/uppland.birdlife.se\/fagelskydd\/raka\/#primaryimage"},"image":{"@id":"https:\/\/uppland.birdlife.se\/fagelskydd\/raka\/#primaryimage"},"thumbnailUrl":"https:\/\/uppland.birdlife.se\/wp-content\/uploads\/sites\/58\/2023\/06\/raka_612497014-900-768x512.jpeg","datePublished":"2023-06-10T10:30:40+00:00","dateModified":"2024-02-20T20:36:54+00:00","breadcrumb":{"@id":"https:\/\/uppland.birdlife.se\/fagelskydd\/raka\/#breadcrumb"},"inLanguage":"en-GB","potentialAction":[{"@type":"ReadAction","target":["https:\/\/uppland.birdlife.se\/fagelskydd\/raka\/"]}]},{"@type":"ImageObject","inLanguage":"en-GB","@id":"https:\/\/uppland.birdlife.se\/fagelskydd\/raka\/#primaryimage","url":"https:\/\/uppland.birdlife.se\/wp-content\/uploads\/sites\/58\/2023\/06\/raka_612497014-900-768x512.jpeg","contentUrl":"https:\/\/uppland.birdlife.se\/wp-content\/uploads\/sites\/58\/2023\/06\/raka_612497014-900-768x512.jpeg"},{"@type":"BreadcrumbList","@id":"https:\/\/uppland.birdlife.se\/fagelskydd\/raka\/#breadcrumb","itemListElement":[{"@type":"ListItem","position":1,"name":"Home","item":"https:\/\/uppland.birdlife.se\/"},{"@type":"ListItem","position":2,"name":"F\u00e5gelskydd","item":"https:\/\/uppland.birdlife.se\/fagelskydd\/"},{"@type":"ListItem","position":3,"name":"R\u00e5ka"}]},{"@type":"WebSite","@id":"https:\/\/uppland.birdlife.se\/#website","url":"https:\/\/uppland.birdlife.se\/","name":"BirdLife Uppland","description":"En levande f\u00e5gelfauna i hela Uppland","publisher":{"@id":"https:\/\/uppland.birdlife.se\/#organization"},"potentialAction":[{"@type":"SearchAction","target":{"@type":"EntryPoint","urlTemplate":"https:\/\/uppland.birdlife.se\/?s={search_term_string}"},"query-input":{"@type":"PropertyValueSpecification","valueRequired":true,"valueName":"search_term_string"}}],"inLanguage":"en-GB"},{"@type":"Organization","@id":"https:\/\/uppland.birdlife.se\/#organization","name":"BirdLife Uppland","url":"https:\/\/uppland.birdlife.se\/","logo":{"@type":"ImageObject","inLanguage":"en-GB","@id":"https:\/\/uppland.birdlife.se\/#\/schema\/logo\/image\/","url":"https:\/\/cdn.birdlife.se\/wp-content\/uploads\/sites\/58\/2025\/12\/birdlifeUOF_profil_vertikal_150dpi.png","contentUrl":"https:\/\/cdn.birdlife.se\/wp-content\/uploads\/sites\/58\/2025\/12\/birdlifeUOF_profil_vertikal_150dpi.png","width":469,"height":459,"caption":"BirdLife Uppland"},"image":{"@id":"https:\/\/uppland.birdlife.se\/#\/schema\/logo\/image\/"},"sameAs":["https:\/\/www.facebook.com\/UpplandsOrn"]}]}},"_links":{"self":[{"href":"https:\/\/uppland.birdlife.se\/en\/wp-json\/wp\/v2\/pages\/1134","targetHints":{"allow":["GET"]}}],"collection":[{"href":"https:\/\/uppland.birdlife.se\/en\/wp-json\/wp\/v2\/pages"}],"about":[{"href":"https:\/\/uppland.birdlife.se\/en\/wp-json\/wp\/v2\/types\/page"}],"author":[{"embeddable":true,"href":"https:\/\/uppland.birdlife.se\/en\/wp-json\/wp\/v2\/users\/107"}],"replies":[{"embeddable":true,"href":"https:\/\/uppland.birdlife.se\/en\/wp-json\/wp\/v2\/comments?post=1134"}],"version-history":[{"count":20,"href":"https:\/\/uppland.birdlife.se\/en\/wp-json\/wp\/v2\/pages\/1134\/revisions"}],"predecessor-version":[{"id":5674,"href":"https:\/\/uppland.birdlife.se\/en\/wp-json\/wp\/v2\/pages\/1134\/revisions\/5674"}],"up":[{"embeddable":true,"href":"https:\/\/uppland.birdlife.se\/en\/wp-json\/wp\/v2\/pages\/873"}],"wp:attachment":[{"href":"https:\/\/uppland.birdlife.se\/en\/wp-json\/wp\/v2\/media?parent=1134"}],"curies":[{"name":"wp","href":"https:\/\/api.w.org\/{rel}","templated":true}]}}