{"id":1144,"date":"2023-06-10T12:49:46","date_gmt":"2023-06-10T10:49:46","guid":{"rendered":"https:\/\/uppland.birdlife.se\/?page_id=1144"},"modified":"2023-11-21T19:51:44","modified_gmt":"2023-11-21T18:51:44","slug":"tornfalk","status":"publish","type":"page","link":"https:\/\/uppland.birdlife.se\/en\/fagelskydd\/tornfalk\/","title":{"rendered":"Tornfalk"},"content":{"rendered":"<div data-elementor-type=\"wp-page\" data-elementor-id=\"1144\" class=\"elementor elementor-1144\" data-elementor-post-type=\"page\">\n\t\t\t\t\t\t<section data-particle_enable=\"false\" data-particle-mobile-disabled=\"false\" class=\"elementor-section elementor-top-section elementor-element elementor-element-025bde5 elementor-section-boxed elementor-section-height-default elementor-section-height-default\" data-id=\"025bde5\" data-element_type=\"section\" data-e-type=\"section\" data-settings=\"{&quot;jet_parallax_layout_list&quot;:[]}\">\n\t\t\t\t\t\t<div class=\"elementor-container elementor-column-gap-default\">\n\t\t\t\t\t<div class=\"elementor-column elementor-col-50 elementor-top-column elementor-element elementor-element-a0e9e1b\" data-id=\"a0e9e1b\" data-element_type=\"column\" data-e-type=\"column\">\n\t\t\t<div class=\"elementor-widget-wrap elementor-element-populated\">\n\t\t\t\t\t\t<div class=\"elementor-element elementor-element-7336a3c elementor-widget elementor-widget-text-editor\" data-id=\"7336a3c\" data-element_type=\"widget\" data-e-type=\"widget\" data-widget_type=\"text-editor.default\">\n\t\t\t\t<div class=\"elementor-widget-container\">\n\t\t\t\t\t\t\t\t\t<p>I projektet f\u00f6r tornfalk har vi inf\u00f6r h\u00e4ckningss\u00e4songen 2023 k\u00e4nnedom om 84 holkar f\u00f6r tornfalk i rapportomr\u00e5det. N\u00e5gra var helt nyligen uppsatta, medan flertalet hade funnits p\u00e5 plats sedan mer eller mindre l\u00e5ng tid. Alla dessa holkar, utom en (kraftledningsstolpe), \u00e4r placerade p\u00e5 byggnader. Flertalet byggnader \u00e4r gamla\/\u00e4ldre lador uppf\u00f6rda runt om i odlingsbygderna i ett brett b\u00e4lte genom centrala Uppland.\u00a0<\/p><p>\u00a0<\/p><p>Flertalet holkar besiktades fr\u00e5n marken i m\u00e5nadsskiftet maj\/juni med hj\u00e4lp av kamera placerad p\u00e5 en teleskopst\u00e5ng. De som d\u00e5 visade sig vara bebodda, och de som inte hade kontrollerats med kamera, bes\u00f6ktes senare f\u00f6r ringm\u00e4rkning av eventuella ungar. Av totalt 84 holkar var 45 bebodda av tornfalk, resterande var tomma. H\u00e4ckningsresultatet var s\u00e5ledes gott i holkar i Uppland under 2023.<\/p><p>\u00a0<\/p><p>M\u00e5ls\u00e4ttningen inf\u00f6r kommande \u00e5r \u00e4r att forts\u00e4tta att f\u00f6lja upp hur det g\u00e5r f\u00f6r tornfalken i holkar och ringm\u00e4rka ungarna i dem. Det \u00e4r inte t\u00e4nkt att nya holkar ska s\u00e4ttas upp i n\u00e5gon st\u00f6rre omfattning. D\u00e4remot kommer vi att f\u00f6rs\u00f6ka f\u00e5 kunskap om redan befintliga holkar som vi inte har n\u00e5gon k\u00e4nnedom om. Det vore s\u00e5ledes bra om du rapporterar om platser d\u00e4r holkar finns som du tror att vi inte har k\u00e4nnedom om.<\/p><p>\u00a0<\/p><p>F\u00f6r mer information om projektet kontakta <b>Bill Douhan<\/b> p\u00e5 email <a href=\"\/en\/bill.douhan@telia.com\/\">bill.douhan@telia.com<\/a>.<\/p>\t\t\t\t\t\t\t\t<\/div>\n\t\t\t\t<\/div>\n\t\t\t\t\t<\/div>\n\t\t<\/div>\n\t\t\t\t<div class=\"elementor-column elementor-col-50 elementor-top-column elementor-element elementor-element-52f53ba\" data-id=\"52f53ba\" data-element_type=\"column\" data-e-type=\"column\">\n\t\t\t<div class=\"elementor-widget-wrap elementor-element-populated\">\n\t\t\t\t\t\t<div class=\"elementor-element elementor-element-f745a09 elementor-widget elementor-widget-image\" data-id=\"f745a09\" data-element_type=\"widget\" data-e-type=\"widget\" data-widget_type=\"image.default\">\n\t\t\t\t<div class=\"elementor-widget-container\">\n\t\t\t\t\t\t\t\t\t\t\t\t\t\t\t\t<a href=\"https:\/\/cdn.birdlife.se\/wp-content\/uploads\/sites\/58\/2023\/10\/Tornfalk.jpg\" data-elementor-open-lightbox=\"yes\" data-elementor-lightbox-title=\"Tornfalk\" data-e-action-hash=\"#elementor-action%3Aaction%3Dlightbox%26settings%3DeyJpZCI6IjMwMTgiLCJ1cmwiOiJodHRwczpcL1wvY2RuLmJpcmRsaWZlLnNlXC93cC1jb250ZW50XC91cGxvYWRzXC9zaXRlc1wvNThcLzIwMjNcLzEwXC9Ub3JuZmFsay5qcGcifQ%3D%3D\">\n\t\t\t\t\t\t\t<img fetchpriority=\"high\" decoding=\"async\" width=\"1024\" height=\"678\" src=\"https:\/\/cdn.birdlife.se\/wp-content\/uploads\/sites\/58\/2023\/10\/Tornfalk-1024x678.jpg\" class=\"attachment-large size-large wp-image-3018\" alt=\"Tornfalk. Arkivbild\" srcset=\"https:\/\/cdn.birdlife.se\/wp-content\/uploads\/sites\/58\/2023\/10\/Tornfalk-1024x678.jpg 1024w, https:\/\/cdn.birdlife.se\/wp-content\/uploads\/sites\/58\/2023\/10\/Tornfalk-300x199.jpg 300w, https:\/\/cdn.birdlife.se\/wp-content\/uploads\/sites\/58\/2023\/10\/Tornfalk-768x509.jpg 768w, https:\/\/cdn.birdlife.se\/wp-content\/uploads\/sites\/58\/2023\/10\/Tornfalk-1536x1018.jpg 1536w, https:\/\/cdn.birdlife.se\/wp-content\/uploads\/sites\/58\/2023\/10\/Tornfalk-18x12.jpg 18w, https:\/\/cdn.birdlife.se\/wp-content\/uploads\/sites\/58\/2023\/10\/Tornfalk-1920x1272.jpg 1920w, https:\/\/cdn.birdlife.se\/wp-content\/uploads\/sites\/58\/2023\/10\/Tornfalk.jpg 2039w\" sizes=\"(max-width: 1024px) 100vw, 1024px\" \/>\t\t\t\t\t\t\t\t<\/a>\n\t\t\t\t\t\t\t\t\t\t\t\t\t\t\t<\/div>\n\t\t\t\t<\/div>\n\t\t\t\t\t<\/div>\n\t\t<\/div>\n\t\t\t\t\t<\/div>\n\t\t<\/section>\n\t\t\t\t<\/div>","protected":false},"excerpt":{"rendered":"<p>I projektet f\u00f6r tornfalk har vi inf\u00f6r h\u00e4ckningss\u00e4songen 2023 k\u00e4nnedom om 84 holkar f\u00f6r tornfalk i rapportomr\u00e5det. N\u00e5gra var helt nyligen uppsatta, medan flertalet hade funnits p\u00e5 plats sedan mer [&hellip;]<\/p>\n","protected":false},"author":107,"featured_media":0,"parent":873,"menu_order":0,"comment_status":"closed","ping_status":"closed","template":"","meta":{"_acf_changed":false,"inline_featured_image":false,"footnotes":""},"class_list":["post-1144","page","type-page","status-publish","hentry"],"acf":[],"yoast_head":"<!-- This site is optimized with the Yoast SEO plugin v27.2 - https:\/\/yoast.com\/product\/yoast-seo-wordpress\/ -->\n<title>Tornfalk - BirdLife Uppland<\/title>\n<meta name=\"robots\" content=\"index, follow, max-snippet:-1, max-image-preview:large, max-video-preview:-1\" \/>\n<link rel=\"canonical\" href=\"https:\/\/uppland.birdlife.se\/en\/fagelskydd\/tornfalk\/\" \/>\n<meta property=\"og:locale\" content=\"en_GB\" \/>\n<meta property=\"og:type\" content=\"article\" \/>\n<meta property=\"og:title\" content=\"Tornfalk - BirdLife Uppland\" \/>\n<meta property=\"og:description\" content=\"I projektet f\u00f6r tornfalk har vi inf\u00f6r h\u00e4ckningss\u00e4songen 2023 k\u00e4nnedom om 84 holkar f\u00f6r tornfalk i rapportomr\u00e5det. N\u00e5gra var helt nyligen uppsatta, medan flertalet hade funnits p\u00e5 plats sedan mer [&hellip;]\" \/>\n<meta property=\"og:url\" content=\"https:\/\/uppland.birdlife.se\/en\/fagelskydd\/tornfalk\/\" \/>\n<meta property=\"og:site_name\" content=\"BirdLife Uppland\" \/>\n<meta property=\"article:publisher\" content=\"https:\/\/www.facebook.com\/UpplandsOrn\" \/>\n<meta property=\"article:modified_time\" content=\"2023-11-21T18:51:44+00:00\" \/>\n<meta property=\"og:image\" content=\"https:\/\/uppland.birdlife.se\/wp-content\/uploads\/sites\/58\/2023\/10\/Tornfalk-1024x678.jpg\" \/>\n<meta name=\"twitter:card\" content=\"summary_large_image\" \/>\n<meta name=\"twitter:label1\" content=\"Est. reading time\" \/>\n\t<meta name=\"twitter:data1\" content=\"2 minutes\" \/>\n<script type=\"application\/ld+json\" class=\"yoast-schema-graph\">{\"@context\":\"https:\/\/schema.org\",\"@graph\":[{\"@type\":\"WebPage\",\"@id\":\"https:\/\/uppland.birdlife.se\/fagelskydd\/tornfalk\/\",\"url\":\"https:\/\/uppland.birdlife.se\/fagelskydd\/tornfalk\/\",\"name\":\"Tornfalk - BirdLife Uppland\",\"isPartOf\":{\"@id\":\"https:\/\/uppland.birdlife.se\/#website\"},\"primaryImageOfPage\":{\"@id\":\"https:\/\/uppland.birdlife.se\/fagelskydd\/tornfalk\/#primaryimage\"},\"image\":{\"@id\":\"https:\/\/uppland.birdlife.se\/fagelskydd\/tornfalk\/#primaryimage\"},\"thumbnailUrl\":\"https:\/\/uppland.birdlife.se\/wp-content\/uploads\/sites\/58\/2023\/10\/Tornfalk-1024x678.jpg\",\"datePublished\":\"2023-06-10T10:49:46+00:00\",\"dateModified\":\"2023-11-21T18:51:44+00:00\",\"breadcrumb\":{\"@id\":\"https:\/\/uppland.birdlife.se\/fagelskydd\/tornfalk\/#breadcrumb\"},\"inLanguage\":\"en-GB\",\"potentialAction\":[{\"@type\":\"ReadAction\",\"target\":[\"https:\/\/uppland.birdlife.se\/fagelskydd\/tornfalk\/\"]}]},{\"@type\":\"ImageObject\",\"inLanguage\":\"en-GB\",\"@id\":\"https:\/\/uppland.birdlife.se\/fagelskydd\/tornfalk\/#primaryimage\",\"url\":\"https:\/\/uppland.birdlife.se\/wp-content\/uploads\/sites\/58\/2023\/10\/Tornfalk-1024x678.jpg\",\"contentUrl\":\"https:\/\/uppland.birdlife.se\/wp-content\/uploads\/sites\/58\/2023\/10\/Tornfalk-1024x678.jpg\"},{\"@type\":\"BreadcrumbList\",\"@id\":\"https:\/\/uppland.birdlife.se\/fagelskydd\/tornfalk\/#breadcrumb\",\"itemListElement\":[{\"@type\":\"ListItem\",\"position\":1,\"name\":\"Home\",\"item\":\"https:\/\/uppland.birdlife.se\/\"},{\"@type\":\"ListItem\",\"position\":2,\"name\":\"F\u00e5gelskydd\",\"item\":\"https:\/\/uppland.birdlife.se\/fagelskydd\/\"},{\"@type\":\"ListItem\",\"position\":3,\"name\":\"Tornfalk\"}]},{\"@type\":\"WebSite\",\"@id\":\"https:\/\/uppland.birdlife.se\/#website\",\"url\":\"https:\/\/uppland.birdlife.se\/\",\"name\":\"BirdLife Uppland\",\"description\":\"En levande f\u00e5gelfauna i hela Uppland\",\"publisher\":{\"@id\":\"https:\/\/uppland.birdlife.se\/#organization\"},\"potentialAction\":[{\"@type\":\"SearchAction\",\"target\":{\"@type\":\"EntryPoint\",\"urlTemplate\":\"https:\/\/uppland.birdlife.se\/?s={search_term_string}\"},\"query-input\":{\"@type\":\"PropertyValueSpecification\",\"valueRequired\":true,\"valueName\":\"search_term_string\"}}],\"inLanguage\":\"en-GB\"},{\"@type\":\"Organization\",\"@id\":\"https:\/\/uppland.birdlife.se\/#organization\",\"name\":\"BirdLife Uppland\",\"url\":\"https:\/\/uppland.birdlife.se\/\",\"logo\":{\"@type\":\"ImageObject\",\"inLanguage\":\"en-GB\",\"@id\":\"https:\/\/uppland.birdlife.se\/#\/schema\/logo\/image\/\",\"url\":\"https:\/\/cdn.birdlife.se\/wp-content\/uploads\/sites\/58\/2025\/12\/birdlifeUOF_profil_vertikal_150dpi.png\",\"contentUrl\":\"https:\/\/cdn.birdlife.se\/wp-content\/uploads\/sites\/58\/2025\/12\/birdlifeUOF_profil_vertikal_150dpi.png\",\"width\":469,\"height\":459,\"caption\":\"BirdLife Uppland\"},\"image\":{\"@id\":\"https:\/\/uppland.birdlife.se\/#\/schema\/logo\/image\/\"},\"sameAs\":[\"https:\/\/www.facebook.com\/UpplandsOrn\"]}]}<\/script>\n<!-- \/ Yoast SEO plugin. -->","yoast_head_json":{"title":"Tornfalk - BirdLife Uppland","robots":{"index":"index","follow":"follow","max-snippet":"max-snippet:-1","max-image-preview":"max-image-preview:large","max-video-preview":"max-video-preview:-1"},"canonical":"https:\/\/uppland.birdlife.se\/en\/fagelskydd\/tornfalk\/","og_locale":"en_GB","og_type":"article","og_title":"Tornfalk - BirdLife Uppland","og_description":"I projektet f\u00f6r tornfalk har vi inf\u00f6r h\u00e4ckningss\u00e4songen 2023 k\u00e4nnedom om 84 holkar f\u00f6r tornfalk i rapportomr\u00e5det. N\u00e5gra var helt nyligen uppsatta, medan flertalet hade funnits p\u00e5 plats sedan mer [&hellip;]","og_url":"https:\/\/uppland.birdlife.se\/en\/fagelskydd\/tornfalk\/","og_site_name":"BirdLife Uppland","article_publisher":"https:\/\/www.facebook.com\/UpplandsOrn","article_modified_time":"2023-11-21T18:51:44+00:00","og_image":[{"url":"https:\/\/uppland.birdlife.se\/wp-content\/uploads\/sites\/58\/2023\/10\/Tornfalk-1024x678.jpg","type":"","width":"","height":""}],"twitter_card":"summary_large_image","twitter_misc":{"Est. reading time":"2 minutes"},"schema":{"@context":"https:\/\/schema.org","@graph":[{"@type":"WebPage","@id":"https:\/\/uppland.birdlife.se\/fagelskydd\/tornfalk\/","url":"https:\/\/uppland.birdlife.se\/fagelskydd\/tornfalk\/","name":"Tornfalk - BirdLife Uppland","isPartOf":{"@id":"https:\/\/uppland.birdlife.se\/#website"},"primaryImageOfPage":{"@id":"https:\/\/uppland.birdlife.se\/fagelskydd\/tornfalk\/#primaryimage"},"image":{"@id":"https:\/\/uppland.birdlife.se\/fagelskydd\/tornfalk\/#primaryimage"},"thumbnailUrl":"https:\/\/uppland.birdlife.se\/wp-content\/uploads\/sites\/58\/2023\/10\/Tornfalk-1024x678.jpg","datePublished":"2023-06-10T10:49:46+00:00","dateModified":"2023-11-21T18:51:44+00:00","breadcrumb":{"@id":"https:\/\/uppland.birdlife.se\/fagelskydd\/tornfalk\/#breadcrumb"},"inLanguage":"en-GB","potentialAction":[{"@type":"ReadAction","target":["https:\/\/uppland.birdlife.se\/fagelskydd\/tornfalk\/"]}]},{"@type":"ImageObject","inLanguage":"en-GB","@id":"https:\/\/uppland.birdlife.se\/fagelskydd\/tornfalk\/#primaryimage","url":"https:\/\/uppland.birdlife.se\/wp-content\/uploads\/sites\/58\/2023\/10\/Tornfalk-1024x678.jpg","contentUrl":"https:\/\/uppland.birdlife.se\/wp-content\/uploads\/sites\/58\/2023\/10\/Tornfalk-1024x678.jpg"},{"@type":"BreadcrumbList","@id":"https:\/\/uppland.birdlife.se\/fagelskydd\/tornfalk\/#breadcrumb","itemListElement":[{"@type":"ListItem","position":1,"name":"Home","item":"https:\/\/uppland.birdlife.se\/"},{"@type":"ListItem","position":2,"name":"F\u00e5gelskydd","item":"https:\/\/uppland.birdlife.se\/fagelskydd\/"},{"@type":"ListItem","position":3,"name":"Tornfalk"}]},{"@type":"WebSite","@id":"https:\/\/uppland.birdlife.se\/#website","url":"https:\/\/uppland.birdlife.se\/","name":"BirdLife Uppland","description":"En levande f\u00e5gelfauna i hela Uppland","publisher":{"@id":"https:\/\/uppland.birdlife.se\/#organization"},"potentialAction":[{"@type":"SearchAction","target":{"@type":"EntryPoint","urlTemplate":"https:\/\/uppland.birdlife.se\/?s={search_term_string}"},"query-input":{"@type":"PropertyValueSpecification","valueRequired":true,"valueName":"search_term_string"}}],"inLanguage":"en-GB"},{"@type":"Organization","@id":"https:\/\/uppland.birdlife.se\/#organization","name":"BirdLife Uppland","url":"https:\/\/uppland.birdlife.se\/","logo":{"@type":"ImageObject","inLanguage":"en-GB","@id":"https:\/\/uppland.birdlife.se\/#\/schema\/logo\/image\/","url":"https:\/\/cdn.birdlife.se\/wp-content\/uploads\/sites\/58\/2025\/12\/birdlifeUOF_profil_vertikal_150dpi.png","contentUrl":"https:\/\/cdn.birdlife.se\/wp-content\/uploads\/sites\/58\/2025\/12\/birdlifeUOF_profil_vertikal_150dpi.png","width":469,"height":459,"caption":"BirdLife Uppland"},"image":{"@id":"https:\/\/uppland.birdlife.se\/#\/schema\/logo\/image\/"},"sameAs":["https:\/\/www.facebook.com\/UpplandsOrn"]}]}},"_links":{"self":[{"href":"https:\/\/uppland.birdlife.se\/en\/wp-json\/wp\/v2\/pages\/1144","targetHints":{"allow":["GET"]}}],"collection":[{"href":"https:\/\/uppland.birdlife.se\/en\/wp-json\/wp\/v2\/pages"}],"about":[{"href":"https:\/\/uppland.birdlife.se\/en\/wp-json\/wp\/v2\/types\/page"}],"author":[{"embeddable":true,"href":"https:\/\/uppland.birdlife.se\/en\/wp-json\/wp\/v2\/users\/107"}],"replies":[{"embeddable":true,"href":"https:\/\/uppland.birdlife.se\/en\/wp-json\/wp\/v2\/comments?post=1144"}],"version-history":[{"count":16,"href":"https:\/\/uppland.birdlife.se\/en\/wp-json\/wp\/v2\/pages\/1144\/revisions"}],"predecessor-version":[{"id":4409,"href":"https:\/\/uppland.birdlife.se\/en\/wp-json\/wp\/v2\/pages\/1144\/revisions\/4409"}],"up":[{"embeddable":true,"href":"https:\/\/uppland.birdlife.se\/en\/wp-json\/wp\/v2\/pages\/873"}],"wp:attachment":[{"href":"https:\/\/uppland.birdlife.se\/en\/wp-json\/wp\/v2\/media?parent=1144"}],"curies":[{"name":"wp","href":"https:\/\/api.w.org\/{rel}","templated":true}]}}