{"id":1403,"date":"2023-06-16T11:27:58","date_gmt":"2023-06-16T09:27:58","guid":{"rendered":"https:\/\/uppland.birdlife.se\/?page_id=1403"},"modified":"2024-12-14T21:25:30","modified_gmt":"2024-12-14T20:25:30","slug":"vanliga-fragor","status":"publish","type":"page","link":"https:\/\/uppland.birdlife.se\/en\/om-uof\/vanliga-fragor\/","title":{"rendered":"Vanliga fr\u00e5gor"},"content":{"rendered":"<div data-elementor-type=\"wp-page\" data-elementor-id=\"1403\" class=\"elementor elementor-1403\" data-elementor-post-type=\"page\">\n\t\t\t\t\t\t<section data-particle_enable=\"false\" data-particle-mobile-disabled=\"false\" class=\"elementor-section elementor-top-section elementor-element elementor-element-9a46121 elementor-section-boxed elementor-section-height-default elementor-section-height-default\" data-id=\"9a46121\" data-element_type=\"section\" data-e-type=\"section\" data-settings=\"{&quot;jet_parallax_layout_list&quot;:[]}\">\n\t\t\t\t\t\t<div class=\"elementor-container elementor-column-gap-default\">\n\t\t\t\t\t<div class=\"elementor-column elementor-col-100 elementor-top-column elementor-element elementor-element-cfb5915\" data-id=\"cfb5915\" data-element_type=\"column\" data-e-type=\"column\">\n\t\t\t<div class=\"elementor-widget-wrap elementor-element-populated\">\n\t\t\t\t\t\t<div class=\"elementor-element elementor-element-86d94c7 elementor-view-default elementor-widget elementor-widget-icon\" data-id=\"86d94c7\" data-element_type=\"widget\" data-e-type=\"widget\" data-widget_type=\"icon.default\">\n\t\t\t\t<div class=\"elementor-widget-container\">\n\t\t\t\t\t\t\t<div class=\"elementor-icon-wrapper\">\n\t\t\t<div class=\"elementor-icon\">\n\t\t\t<i aria-hidden=\"true\" class=\"fas fa-question\"><\/i>\t\t\t<\/div>\n\t\t<\/div>\n\t\t\t\t\t\t<\/div>\n\t\t\t\t<\/div>\n\t\t\t\t\t<\/div>\n\t\t<\/div>\n\t\t\t\t\t<\/div>\n\t\t<\/section>\n\t\t\t\t<section data-particle_enable=\"false\" data-particle-mobile-disabled=\"false\" class=\"elementor-section elementor-top-section elementor-element elementor-element-e46ab52 elementor-section-boxed elementor-section-height-default elementor-section-height-default\" data-id=\"e46ab52\" data-element_type=\"section\" data-e-type=\"section\" data-settings=\"{&quot;jet_parallax_layout_list&quot;:[]}\">\n\t\t\t\t\t\t<div class=\"elementor-container elementor-column-gap-default\">\n\t\t\t\t\t<div class=\"elementor-column elementor-col-100 elementor-top-column elementor-element elementor-element-5181fd0\" data-id=\"5181fd0\" data-element_type=\"column\" data-e-type=\"column\">\n\t\t\t<div class=\"elementor-widget-wrap elementor-element-populated\">\n\t\t\t\t\t\t<div class=\"elementor-element elementor-element-c92a607 elementor-widget elementor-widget-heading\" data-id=\"c92a607\" data-element_type=\"widget\" data-e-type=\"widget\" data-widget_type=\"heading.default\">\n\t\t\t\t<div class=\"elementor-widget-container\">\n\t\t\t\t\t<h3 class=\"elementor-heading-title elementor-size-default\">Medlemskap i f\u00f6reningen<\/h3>\t\t\t\t<\/div>\n\t\t\t\t<\/div>\n\t\t\t\t\t<\/div>\n\t\t<\/div>\n\t\t\t\t\t<\/div>\n\t\t<\/section>\n\t\t\t\t<section data-particle_enable=\"false\" data-particle-mobile-disabled=\"false\" class=\"elementor-section elementor-top-section elementor-element elementor-element-f4b9c7f elementor-section-boxed elementor-section-height-default elementor-section-height-default\" data-id=\"f4b9c7f\" data-element_type=\"section\" data-e-type=\"section\" data-settings=\"{&quot;jet_parallax_layout_list&quot;:[]}\">\n\t\t\t\t\t\t<div class=\"elementor-container elementor-column-gap-default\">\n\t\t\t\t\t<div class=\"elementor-column elementor-col-100 elementor-top-column elementor-element elementor-element-b264917\" data-id=\"b264917\" data-element_type=\"column\" data-e-type=\"column\">\n\t\t\t<div class=\"elementor-widget-wrap elementor-element-populated\">\n\t\t\t\t\t\t<div class=\"elementor-element elementor-element-380a8cb elementor-widget elementor-widget-text-editor\" data-id=\"380a8cb\" data-element_type=\"widget\" data-e-type=\"widget\" data-widget_type=\"text-editor.default\">\n\t\t\t\t<div class=\"elementor-widget-container\">\n\t\t\t\t\t\t\t\t\t<p><strong>Vad \u00e4r ett medlemskap i UOF?<\/strong><\/p>\n<p>&#8211; Som medlem i Upplands Ornitologiska F\u00f6rening &#8211; BirdLife Uppland \u00e4r du med och bidrar till en levande f\u00e5gelfauna i Uppland. Vi anordnar exkursioner, f\u00f6rel\u00e4sningar och kurser d\u00e4r du som medlem kan delta s\u00e5 mycket du vill! Det \u00e4r inget m\u00e5ste att delta i v\u00e5ra aktiviteter, men det \u00e4r n\u00e5got vi starkt rekommenderar och oftast finns n\u00e5got f\u00f6r alla (ta en titt i v\u00e5rt <strong>program<\/strong>). Som betalande medlem f\u00e5r du \u00e4ven v\u00e5r medlemstidning <em>F\u00e5glar i Uppland<\/em> fyra g\u00e5nger per \u00e5r, d\u00e4r du kan l\u00e4sa om f\u00f6reningens arbete, intervjuer, rapporter och mycket annat.<\/p>\n<p>Utan v\u00e5ra betalande medlemmar skulle vi inte kunna arbeta med f\u00e5gelskydd i samma utstr\u00e4ckning som vi g\u00f6r idag. Som en del av BirdLife \u00e4r UOF ofta en viktig r\u00f6st n\u00e4r det g\u00e4ller p\u00e5verkansarbete inf\u00f6r byggnationer och nya lagstiftningar. I en snabbt v\u00e4xande region beh\u00f6vs v\u00e5r expertis f\u00f6r att f\u00e5glar och naturen i stort ska p\u00e5verkas negativt s\u00e5 lite som m\u00f6jligt.<\/p><p><br><\/p>\n<p><strong>Vad kostar det att vara med i UOF?<br><\/strong>&#8211; Ett medlemskap med prenumeration p\u00e5<em> F\u00e5glar i Uppland<\/em> kostar 220 kronor per \u00e5r. Familjemedlemmar (samma hush\u00e5ll) blir medlemmar f\u00f6r 50 kronor per \u00e5r.<\/p><p><br><\/p>\n<p><strong>Hur blir jag medlem?<br><\/strong>&#8211; Enklast blir du medlem genom att klicka <strong><a href=\"https:\/\/insamling.birdlife.se\/pfs\/memberregistration?t=uppland\" target=\"_blank\" rel=\"noopener\">h\u00e4r<\/a><\/strong>. Sedan \u00e5rsskiftet 2023 g\u00e5r nya medlemmar med i UOF genom BirdLife Sverige som \u00e4ven hanterar medlemsregister och medlemsfr\u00e5gor. N\u00e4r du v\u00e4ljer att bli medlem i UOF blir du samtidigt medlem i BirdLife Sverige utan kostnad. Betalningen av ett nytt medlemskap sker via Swish, bankkort eller autogiro.<br><strong><br>Varf\u00f6r blir jag medlem via BirdLife Sverige?<br><\/strong>&#8211; UOF \u00e4r sedan 2023 en del av den s\u00e5 kallade &#8221;Kedjan&#8221; hos BirdLife Sverige. Kedjan \u00e4r ett samarbete mellan BirdLife och de regionala f\u00f6reningarna f\u00f6r att samordna och f\u00f6renkla medlemskap och f\u00f6reningsaktiviteter p\u00e5 b\u00e5de nationell och lokal niv\u00e5. L\u00e4s mer om Kedjan <strong><a href=\"https:\/\/birdlife.se\/om-oss\/information-om-kedjan\/\" target=\"_blank\" rel=\"noopener\">h\u00e4r<\/a><\/strong>!<\/p><p><br><\/p>\n<p><strong>Ska jag g\u00e5 med i UOF om jag redan \u00e4r medlem i BirdLife Sverige?<\/strong><br>&#8211; Medlemmar i BirdLife Sverige som \u00e4r bosatta i Uppland blir sedan 2023 automatiskt medlemmar i UOF och kan delta i v\u00e5ra exkursioner och andra programpunkter. Vill du dessutom ha v\u00e5r medlemstidning <a href=\"https:\/\/uof.nu\/fiu\/\"><b>F\u00e5glar i Uppland<\/b><\/a> beh\u00f6ver du dock betala medlemsavgiften p\u00e5 220 kronor per \u00e5r.<\/p><p><br><\/p>\n<p><strong>Hur hanterar ni personuppgifter?<br><\/strong>&#8211; Sedan 2023 har inte UOF n\u00e5got eget medlemsregister, utan administrationen sk\u00f6ts centralt av BirdLife Sverige. Du finner integritetspolicyn <strong><a href=\"https:\/\/birdlife.se\/om-oss\/riktlinjer-om-integritetsskydd\/\" target=\"_blank\" rel=\"noopener\">h\u00e4r<\/a><\/strong>.<br>Undantaget \u00e4r namn och eposta<span style=\"font-size: 1em;font-family: var( --e-global-typography-text-font-family ), Sans-serif;font-weight: var( --e-global-typography-text-font-weight )\">dress, som m\u00e5ste anges vid anm\u00e4lan till v\u00e5ra exkursioner, men vi delar aldrig vidare v\u00e5ra medlemmars epostadresser.<\/span><\/p>\n<p><span style=\"font-size: 1em;font-family: var( --e-global-typography-text-font-family ), Sans-serif;font-weight: var( --e-global-typography-text-font-weight )\">&nbsp;<\/span><\/p>\n<p><strong>Jag har fr\u00e5gor om mitt medlemskap, var ska jag v\u00e4nda mig?<br><\/strong>&#8211; Kontakta <a href=\"mailto:medlem@birdlife.se\"><b>medlem@birdlife.se<\/b><\/a> f\u00f6r medlemsfr\u00e5gor eller om du vill avsluta ditt medlemskap.<\/p>\t\t\t\t\t\t\t\t<\/div>\n\t\t\t\t<\/div>\n\t\t\t\t\t<\/div>\n\t\t<\/div>\n\t\t\t\t\t<\/div>\n\t\t<\/section>\n\t\t\t\t<section data-particle_enable=\"false\" data-particle-mobile-disabled=\"false\" class=\"elementor-section elementor-top-section elementor-element elementor-element-483e058 elementor-section-boxed elementor-section-height-default elementor-section-height-default\" data-id=\"483e058\" data-element_type=\"section\" data-e-type=\"section\" data-settings=\"{&quot;jet_parallax_layout_list&quot;:[]}\">\n\t\t\t\t\t\t<div class=\"elementor-container elementor-column-gap-default\">\n\t\t\t\t\t<div class=\"elementor-column elementor-col-100 elementor-top-column elementor-element elementor-element-9b3c7f7\" data-id=\"9b3c7f7\" data-element_type=\"column\" data-e-type=\"column\">\n\t\t\t<div class=\"elementor-widget-wrap elementor-element-populated\">\n\t\t\t\t\t\t<div class=\"elementor-element elementor-element-5db6425 elementor-widget-divider--view-line_icon elementor-view-default elementor-widget-divider--element-align-center elementor-widget elementor-widget-divider\" data-id=\"5db6425\" data-element_type=\"widget\" data-e-type=\"widget\" data-widget_type=\"divider.default\">\n\t\t\t\t<div class=\"elementor-widget-container\">\n\t\t\t\t\t\t\t<div class=\"elementor-divider\">\n\t\t\t<span class=\"elementor-divider-separator\">\n\t\t\t\t\t\t\t<div class=\"elementor-icon elementor-divider__element\">\n\t\t\t\t\t<i aria-hidden=\"true\" class=\"fas fa-feather-alt\"><\/i><\/div>\n\t\t\t\t\t\t<\/span>\n\t\t<\/div>\n\t\t\t\t\t\t<\/div>\n\t\t\t\t<\/div>\n\t\t\t\t\t<\/div>\n\t\t<\/div>\n\t\t\t\t\t<\/div>\n\t\t<\/section>\n\t\t\t\t<section data-particle_enable=\"false\" data-particle-mobile-disabled=\"false\" class=\"elementor-section elementor-top-section elementor-element elementor-element-5e56f90 elementor-section-boxed elementor-section-height-default elementor-section-height-default\" data-id=\"5e56f90\" data-element_type=\"section\" data-e-type=\"section\" data-settings=\"{&quot;jet_parallax_layout_list&quot;:[]}\">\n\t\t\t\t\t\t<div class=\"elementor-container elementor-column-gap-default\">\n\t\t\t\t\t<div class=\"elementor-column elementor-col-100 elementor-top-column elementor-element elementor-element-4c8e7c5\" data-id=\"4c8e7c5\" data-element_type=\"column\" data-e-type=\"column\">\n\t\t\t<div class=\"elementor-widget-wrap elementor-element-populated\">\n\t\t\t\t\t\t<div class=\"elementor-element elementor-element-9d6cafb elementor-widget elementor-widget-heading\" data-id=\"9d6cafb\" data-element_type=\"widget\" data-e-type=\"widget\" data-widget_type=\"heading.default\">\n\t\t\t\t<div class=\"elementor-widget-container\">\n\t\t\t\t\t<h3 class=\"elementor-heading-title elementor-size-default\">Fr\u00e5gor om f\u00e5glar<\/h3>\t\t\t\t<\/div>\n\t\t\t\t<\/div>\n\t\t\t\t\t<\/div>\n\t\t<\/div>\n\t\t\t\t\t<\/div>\n\t\t<\/section>\n\t\t\t\t<section data-particle_enable=\"false\" data-particle-mobile-disabled=\"false\" class=\"elementor-section elementor-top-section elementor-element elementor-element-fd2d70c elementor-section-boxed elementor-section-height-default elementor-section-height-default\" data-id=\"fd2d70c\" data-element_type=\"section\" data-e-type=\"section\" data-settings=\"{&quot;jet_parallax_layout_list&quot;:[]}\">\n\t\t\t\t\t\t<div class=\"elementor-container elementor-column-gap-default\">\n\t\t\t\t\t<div class=\"elementor-column elementor-col-100 elementor-top-column elementor-element elementor-element-eeb304e\" data-id=\"eeb304e\" data-element_type=\"column\" data-e-type=\"column\">\n\t\t\t<div class=\"elementor-widget-wrap elementor-element-populated\">\n\t\t\t\t\t\t<div class=\"elementor-element elementor-element-3b9f9b0 elementor-widget__width-initial elementor-widget elementor-widget-text-editor\" data-id=\"3b9f9b0\" data-element_type=\"widget\" data-e-type=\"widget\" data-widget_type=\"text-editor.default\">\n\t\t\t\t<div class=\"elementor-widget-container\">\n\t\t\t\t\t\t\t\t\t<p><b>Jag har hittat en skadad f\u00e5gel, var ska jag v\u00e4nda mig?<\/b><\/p>\n<p>&#8211; Kontakta viltjouren i Uppsala:<br>Maria Winberg. Lena \u00c4ngby 17, Storvreta<br>Tel: 0707 74 70 70<\/p>\n<p>Viltjouren tar hand om skadade igelkottar. ekorrar och alla f\u00e5glar.<\/p>\n<p><br><\/p>\n<p><\/p>\n<p><strong>Jag har hittat en f\u00e5gelunge, vad ska jag g\u00f6ra?<br><\/strong>&#8211; Ingenting! En f\u00e5gelunge som sitter p\u00e5 marken \u00e4r v\u00e4ldigt s\u00e4llan \u00f6vergiven, utan f\u00f6r\u00e4ldrarna h\u00e5ller koll och matar den s\u00e5 gott de kan tills den kan flyga sj\u00e4lv. Om ungen sitter farligt till p\u00e5 en v\u00e4g eller liknande kan du flytta in den till kanten.<\/p>\n<p><br><\/p>\n<p><strong>Jag vill hj\u00e4lpa till med f\u00e5gelskyddsarbete!<br><\/strong>&#8211; Alla f\u00f6reningens medlemmar \u00e4r hj\u00e4rtligt v\u00e4lkomna att engagera sig p\u00e5 olika s\u00e4tt. Vi arbetar och verkar ideellt och det \u00e4r d\u00e4rf\u00f6r av st\u00f6rsta vikt att v\u00e5ra medlemmar bidrar p\u00e5 olika s\u00e4tt, oavsett om det \u00e4r ekonomiskt, fysiskt eller administrativt. <br>V\u00e5ra f\u00e5gelskyddsprojekt \u00e4r alltid i behov av hj\u00e4lp p\u00e5 olika s\u00e4tt, s\u00e5 tveka inte att h\u00f6ra av dig till oss om du vill vara med i ett (eller flera) projekt!<\/p>\n<p><br><\/p>\n<p><strong>F\u00e5r jag riva f\u00e5gelbon p\u00e5 min tomt?<\/strong><\/p>\n<p>&#8211; Alla f\u00e5glar, inklusive bon och \u00e4gg \u00e4r fredade enligt EU-lag. Man f\u00e5r allts\u00e5 inte ta bort n\u00e5gra bon eller skada f\u00e5glar\/\u00e4gg utan till\u00e5telse fr\u00e5n kommunen. Om du upplever att f\u00e5glarna g\u00f6r skada p\u00e5 h\u00e4lsa eller egendom beh\u00f6ver du kontakta din kommun som g\u00f6r en fallspecifik bed\u00f6mning om skyddsjakt.<\/p>\n<p><br><\/p>\n<p><strong>Jag har hittat en ringm\u00e4rkt f\u00e5gel (eller bara en ring), vad ska jag g\u00f6ra?<br><\/strong>&#8211; Ringar ska rapporteras till <a href=\"https:\/\/www.nrm.se\/forskningochsamlingar\/miljoforskningochovervakning\/ringmarkningscentralen.214.html\" target=\"_blank\" rel=\"noopener\"><b>Ringm\u00e4rkningscentralen<\/b><\/a> som \u00e4r en del av Naturhistoriska riksmuseet i Stockholm. Du kan rapportera din upphittade ring via <a href=\"https:\/\/www.nrm.se\/forskningochsamlingar\/miljoforskningochovervakning\/rapporterafagelring\/formularrapporterafagelring.3300.html\" target=\"_blank\" rel=\"noopener\"><b>detta formul\u00e4r<\/b><\/a>.<\/p>\n<p><br><\/p>\n<p><strong>En f\u00e5gel har flugit in i min f\u00f6nsterruta, b\u00f6r jag agera?<br><\/strong>&#8211; Om f\u00e5geln lever, men verkar lite omt\u00f6cknad kan du t\u00e4cka \u00f6ver den med en l\u00e5da f\u00f6r att skydda den mot rovdjur. G\u00f6r f\u00f6rst en \u00f6ppning i l\u00e5dan s\u00e5 att f\u00e5geln kommer ut n\u00e4r den \u00e4r redo. Tyv\u00e4rr klarar sig inte alla f\u00e5glar som krockar med f\u00f6nster, men vi har sammanst\u00e4llt n\u00e5gra tips f\u00f6r att minska risken p\u00e5 <strong>denna sida<\/strong>.<\/p>\n<p><br><\/p>\n<p><b>En tornseglare har hittat<\/b><b>s p\u00e5 marken, vad b\u00f6r jag g\u00f6ra?<\/b><\/p>\n<p>&#8211; Beroende av om det \u00e4r en bounge som ramlat ut ur boet eller om det \u00e4r en vuxen eller nyutflygen torseglare som har hamnat p\u00e5 marken \u00e4r det olika s\u00e4tt att b\u00e4st ta hand om f\u00e5geln. Vi har sammanst\u00e4llt tillv\u00e4gag\u00e5ngs\u00e4tten p\u00e5&nbsp;<b><a href=\"https:\/\/uof.nu\/fagelskydd\/tornseglarprojektet\/tornseglare-pa-marken\/\">denna sida<\/a><\/b>.<\/p>\n<p><br><\/p>\n<p><strong>Vilka \u00e4r UOF:s viktigaste fr\u00e5gor?<br><\/strong>&#8211; Vi arbetar med m\u00e5nga fr\u00e5gor och projekt samtidigt och vi samarbetar med m\u00e5nga akt\u00f6rer &#8211; allt fr\u00e5n privatpersoner och andra f\u00f6reningar, till kommuner, myndigheter och f\u00f6retag. Vi v\u00e4rderar en \u00f6ppen dialog och samf\u00f6rst\u00e5nd mellan olika instanser. Intressekonflikter \u00e4r dock tyv\u00e4rr inte ovanliga och d\u00e5 beh\u00f6vs v\u00e5r expertis inom f\u00e5glar och deras habitat f\u00f6r att f\u00e5gelfaunan inte ska utarmas allt f\u00f6r mycket. Uppland \u00e4r i dagsl\u00e4get en attraktiv region och storst\u00e4dernas expansion medf\u00f6r m\u00e5nga fr\u00e5gest\u00e4llningar som vi inom f\u00f6reningen tar p\u00e5 stort allvar. R\u00f6jning f\u00f6r att etablera f\u00f6rnybara energik\u00e4llor s\u00e5som vindkraft och solcellsparker h\u00f6r till v\u00e5ra vanliga \u00e4renden, liksom nybyggnationer och infrastrukturfr\u00e5gor, med mera. Ut\u00f6ver detta arbetar vi aktivt f\u00f6r att bevara och restaurera v\u00e4rdefulla f\u00e5gellokaler i l\u00e4net. Att utbilda och engagera v\u00e5ra medlemmar och allm\u00e4nheten \u00e4r ocks\u00e5 en viktig del i v\u00e5rt arbete.<br>Information om v\u00e5ra specifika artprojekt finner du under fliken F\u00e5gelskydd &#8211; F\u00e5gelskyddsprojekt i Uppland.<\/p>\n<p><br><\/p>\n<p><strong>Kan jag f\u00e5 hj\u00e4lp av UOF med artbest\u00e4mning av en f\u00e5gel?<br><\/strong>&#8211; Ja, vi g\u00f6r v\u00e5rt b\u00e4sta f\u00f6r att reda ut vilka f\u00e5glar som r\u00f6r sig runt om i Uppland. F\u00f6rs\u00f6k att ta en tydlig bild eller filma f\u00e5geln och notera storlek, r\u00f6relsem\u00f6nster, eventuella l\u00e4ten, samt s\u00e5 exakt som m\u00f6jligt var och n\u00e4r f\u00e5geln ses\/s\u00e5gs. Verkar det r\u00f6ra sig om en ovanligare f\u00e5gel &#8211; se till att den rapporteras in i <a href=\"https:\/\/www.artportalen.se\/\" target=\"_blank\" rel=\"noopener\"><b>Artportalen<\/b><\/a>. <br>Skicka artbest\u00e4mningsfr\u00e5gor till <a href=\"mailto:info.uof@gmail.com\"><b>info.uof@gmail.com<\/b><\/a>.<\/p>\n<p><br><\/p>\n<p><strong>\u00d6vriga fr\u00e5gor?<\/strong><br>&#8211; Kontakta oss p\u00e5 <a href=\"mailto:info.uof@gmail.com\"><b>info.uof@gmail.com<\/b>.<\/a><\/p>\t\t\t\t\t\t\t\t<\/div>\n\t\t\t\t<\/div>\n\t\t\t\t\t<\/div>\n\t\t<\/div>\n\t\t\t\t\t<\/div>\n\t\t<\/section>\n\t\t\t\t<\/div>","protected":false},"excerpt":{"rendered":"<p>Medlemskap i f\u00f6reningen Vad \u00e4r ett medlemskap i UOF? &#8211; Som medlem i Upplands Ornitologiska F\u00f6rening &#8211; BirdLife Uppland \u00e4r du med och bidrar till en levande f\u00e5gelfauna i Uppland. [&hellip;]<\/p>\n","protected":false},"author":107,"featured_media":0,"parent":853,"menu_order":0,"comment_status":"closed","ping_status":"closed","template":"","meta":{"_acf_changed":false,"inline_featured_image":false,"footnotes":""},"class_list":["post-1403","page","type-page","status-publish","hentry"],"acf":[],"yoast_head":"<!-- This site is optimized with the Yoast SEO plugin v27.2 - https:\/\/yoast.com\/product\/yoast-seo-wordpress\/ -->\n<title>Vanliga fr\u00e5gor - BirdLife Uppland<\/title>\n<meta name=\"robots\" content=\"index, follow, max-snippet:-1, max-image-preview:large, max-video-preview:-1\" \/>\n<link rel=\"canonical\" href=\"https:\/\/uppland.birdlife.se\/en\/om-uof\/vanliga-fragor\/\" \/>\n<meta property=\"og:locale\" content=\"en_GB\" \/>\n<meta property=\"og:type\" content=\"article\" \/>\n<meta property=\"og:title\" content=\"Vanliga fr\u00e5gor - BirdLife Uppland\" \/>\n<meta property=\"og:description\" content=\"Medlemskap i f\u00f6reningen Vad \u00e4r ett medlemskap i UOF? &#8211; Som medlem i Upplands Ornitologiska F\u00f6rening &#8211; BirdLife Uppland \u00e4r du med och bidrar till en levande f\u00e5gelfauna i Uppland. [&hellip;]\" \/>\n<meta property=\"og:url\" content=\"https:\/\/uppland.birdlife.se\/en\/om-uof\/vanliga-fragor\/\" \/>\n<meta property=\"og:site_name\" content=\"BirdLife Uppland\" \/>\n<meta property=\"article:publisher\" content=\"https:\/\/www.facebook.com\/UpplandsOrn\" \/>\n<meta property=\"article:modified_time\" content=\"2024-12-14T20:25:30+00:00\" \/>\n<meta name=\"twitter:card\" content=\"summary_large_image\" \/>\n<meta name=\"twitter:label1\" content=\"Est. reading time\" \/>\n\t<meta name=\"twitter:data1\" content=\"6 minutes\" \/>\n<script type=\"application\/ld+json\" class=\"yoast-schema-graph\">{\"@context\":\"https:\/\/schema.org\",\"@graph\":[{\"@type\":\"WebPage\",\"@id\":\"https:\/\/uppland.birdlife.se\/om-uof\/vanliga-fragor\/\",\"url\":\"https:\/\/uppland.birdlife.se\/om-uof\/vanliga-fragor\/\",\"name\":\"Vanliga fr\u00e5gor - BirdLife Uppland\",\"isPartOf\":{\"@id\":\"https:\/\/uppland.birdlife.se\/#website\"},\"datePublished\":\"2023-06-16T09:27:58+00:00\",\"dateModified\":\"2024-12-14T20:25:30+00:00\",\"breadcrumb\":{\"@id\":\"https:\/\/uppland.birdlife.se\/om-uof\/vanliga-fragor\/#breadcrumb\"},\"inLanguage\":\"en-GB\",\"potentialAction\":[{\"@type\":\"ReadAction\",\"target\":[\"https:\/\/uppland.birdlife.se\/om-uof\/vanliga-fragor\/\"]}]},{\"@type\":\"BreadcrumbList\",\"@id\":\"https:\/\/uppland.birdlife.se\/om-uof\/vanliga-fragor\/#breadcrumb\",\"itemListElement\":[{\"@type\":\"ListItem\",\"position\":1,\"name\":\"Home\",\"item\":\"https:\/\/uppland.birdlife.se\/\"},{\"@type\":\"ListItem\",\"position\":2,\"name\":\"Om UOF\",\"item\":\"https:\/\/uppland.birdlife.se\/om-uof\/\"},{\"@type\":\"ListItem\",\"position\":3,\"name\":\"Vanliga fr\u00e5gor\"}]},{\"@type\":\"WebSite\",\"@id\":\"https:\/\/uppland.birdlife.se\/#website\",\"url\":\"https:\/\/uppland.birdlife.se\/\",\"name\":\"BirdLife Uppland\",\"description\":\"En levande f\u00e5gelfauna i hela Uppland\",\"publisher\":{\"@id\":\"https:\/\/uppland.birdlife.se\/#organization\"},\"potentialAction\":[{\"@type\":\"SearchAction\",\"target\":{\"@type\":\"EntryPoint\",\"urlTemplate\":\"https:\/\/uppland.birdlife.se\/?s={search_term_string}\"},\"query-input\":{\"@type\":\"PropertyValueSpecification\",\"valueRequired\":true,\"valueName\":\"search_term_string\"}}],\"inLanguage\":\"en-GB\"},{\"@type\":\"Organization\",\"@id\":\"https:\/\/uppland.birdlife.se\/#organization\",\"name\":\"BirdLife Uppland\",\"url\":\"https:\/\/uppland.birdlife.se\/\",\"logo\":{\"@type\":\"ImageObject\",\"inLanguage\":\"en-GB\",\"@id\":\"https:\/\/uppland.birdlife.se\/#\/schema\/logo\/image\/\",\"url\":\"https:\/\/cdn.birdlife.se\/wp-content\/uploads\/sites\/58\/2025\/12\/birdlifeUOF_profil_vertikal_150dpi.png\",\"contentUrl\":\"https:\/\/cdn.birdlife.se\/wp-content\/uploads\/sites\/58\/2025\/12\/birdlifeUOF_profil_vertikal_150dpi.png\",\"width\":469,\"height\":459,\"caption\":\"BirdLife Uppland\"},\"image\":{\"@id\":\"https:\/\/uppland.birdlife.se\/#\/schema\/logo\/image\/\"},\"sameAs\":[\"https:\/\/www.facebook.com\/UpplandsOrn\"]}]}<\/script>\n<!-- \/ Yoast SEO plugin. -->","yoast_head_json":{"title":"Vanliga fr\u00e5gor - BirdLife Uppland","robots":{"index":"index","follow":"follow","max-snippet":"max-snippet:-1","max-image-preview":"max-image-preview:large","max-video-preview":"max-video-preview:-1"},"canonical":"https:\/\/uppland.birdlife.se\/en\/om-uof\/vanliga-fragor\/","og_locale":"en_GB","og_type":"article","og_title":"Vanliga fr\u00e5gor - BirdLife Uppland","og_description":"Medlemskap i f\u00f6reningen Vad \u00e4r ett medlemskap i UOF? &#8211; Som medlem i Upplands Ornitologiska F\u00f6rening &#8211; BirdLife Uppland \u00e4r du med och bidrar till en levande f\u00e5gelfauna i Uppland. [&hellip;]","og_url":"https:\/\/uppland.birdlife.se\/en\/om-uof\/vanliga-fragor\/","og_site_name":"BirdLife Uppland","article_publisher":"https:\/\/www.facebook.com\/UpplandsOrn","article_modified_time":"2024-12-14T20:25:30+00:00","twitter_card":"summary_large_image","twitter_misc":{"Est. reading time":"6 minutes"},"schema":{"@context":"https:\/\/schema.org","@graph":[{"@type":"WebPage","@id":"https:\/\/uppland.birdlife.se\/om-uof\/vanliga-fragor\/","url":"https:\/\/uppland.birdlife.se\/om-uof\/vanliga-fragor\/","name":"Vanliga fr\u00e5gor - BirdLife Uppland","isPartOf":{"@id":"https:\/\/uppland.birdlife.se\/#website"},"datePublished":"2023-06-16T09:27:58+00:00","dateModified":"2024-12-14T20:25:30+00:00","breadcrumb":{"@id":"https:\/\/uppland.birdlife.se\/om-uof\/vanliga-fragor\/#breadcrumb"},"inLanguage":"en-GB","potentialAction":[{"@type":"ReadAction","target":["https:\/\/uppland.birdlife.se\/om-uof\/vanliga-fragor\/"]}]},{"@type":"BreadcrumbList","@id":"https:\/\/uppland.birdlife.se\/om-uof\/vanliga-fragor\/#breadcrumb","itemListElement":[{"@type":"ListItem","position":1,"name":"Home","item":"https:\/\/uppland.birdlife.se\/"},{"@type":"ListItem","position":2,"name":"Om UOF","item":"https:\/\/uppland.birdlife.se\/om-uof\/"},{"@type":"ListItem","position":3,"name":"Vanliga fr\u00e5gor"}]},{"@type":"WebSite","@id":"https:\/\/uppland.birdlife.se\/#website","url":"https:\/\/uppland.birdlife.se\/","name":"BirdLife Uppland","description":"En levande f\u00e5gelfauna i hela Uppland","publisher":{"@id":"https:\/\/uppland.birdlife.se\/#organization"},"potentialAction":[{"@type":"SearchAction","target":{"@type":"EntryPoint","urlTemplate":"https:\/\/uppland.birdlife.se\/?s={search_term_string}"},"query-input":{"@type":"PropertyValueSpecification","valueRequired":true,"valueName":"search_term_string"}}],"inLanguage":"en-GB"},{"@type":"Organization","@id":"https:\/\/uppland.birdlife.se\/#organization","name":"BirdLife Uppland","url":"https:\/\/uppland.birdlife.se\/","logo":{"@type":"ImageObject","inLanguage":"en-GB","@id":"https:\/\/uppland.birdlife.se\/#\/schema\/logo\/image\/","url":"https:\/\/cdn.birdlife.se\/wp-content\/uploads\/sites\/58\/2025\/12\/birdlifeUOF_profil_vertikal_150dpi.png","contentUrl":"https:\/\/cdn.birdlife.se\/wp-content\/uploads\/sites\/58\/2025\/12\/birdlifeUOF_profil_vertikal_150dpi.png","width":469,"height":459,"caption":"BirdLife Uppland"},"image":{"@id":"https:\/\/uppland.birdlife.se\/#\/schema\/logo\/image\/"},"sameAs":["https:\/\/www.facebook.com\/UpplandsOrn"]}]}},"_links":{"self":[{"href":"https:\/\/uppland.birdlife.se\/en\/wp-json\/wp\/v2\/pages\/1403","targetHints":{"allow":["GET"]}}],"collection":[{"href":"https:\/\/uppland.birdlife.se\/en\/wp-json\/wp\/v2\/pages"}],"about":[{"href":"https:\/\/uppland.birdlife.se\/en\/wp-json\/wp\/v2\/types\/page"}],"author":[{"embeddable":true,"href":"https:\/\/uppland.birdlife.se\/en\/wp-json\/wp\/v2\/users\/107"}],"replies":[{"embeddable":true,"href":"https:\/\/uppland.birdlife.se\/en\/wp-json\/wp\/v2\/comments?post=1403"}],"version-history":[{"count":131,"href":"https:\/\/uppland.birdlife.se\/en\/wp-json\/wp\/v2\/pages\/1403\/revisions"}],"predecessor-version":[{"id":6999,"href":"https:\/\/uppland.birdlife.se\/en\/wp-json\/wp\/v2\/pages\/1403\/revisions\/6999"}],"up":[{"embeddable":true,"href":"https:\/\/uppland.birdlife.se\/en\/wp-json\/wp\/v2\/pages\/853"}],"wp:attachment":[{"href":"https:\/\/uppland.birdlife.se\/en\/wp-json\/wp\/v2\/media?parent=1403"}],"curies":[{"name":"wp","href":"https:\/\/api.w.org\/{rel}","templated":true}]}}