{"id":2307,"date":"2023-08-21T13:09:31","date_gmt":"2023-08-21T11:09:31","guid":{"rendered":"https:\/\/uppland.birdlife.se\/?page_id=2307"},"modified":"2024-02-18T21:06:19","modified_gmt":"2024-02-18T20:06:19","slug":"inventering-av-tornseglare","status":"publish","type":"page","link":"https:\/\/uppland.birdlife.se\/en\/fagelskydd\/tornseglarprojektet\/inventering-av-tornseglare\/","title":{"rendered":"Inventering av tornseglare"},"content":{"rendered":"<div data-elementor-type=\"wp-page\" data-elementor-id=\"2307\" class=\"elementor elementor-2307\" data-elementor-post-type=\"page\">\n\t\t\t\t\t\t<section data-particle_enable=\"false\" data-particle-mobile-disabled=\"false\" class=\"elementor-section elementor-top-section elementor-element elementor-element-7763b2b elementor-section-boxed elementor-section-height-default elementor-section-height-default\" data-id=\"7763b2b\" data-element_type=\"section\" data-e-type=\"section\" data-settings=\"{&quot;jet_parallax_layout_list&quot;:[]}\">\n\t\t\t\t\t\t<div class=\"elementor-container elementor-column-gap-default\">\n\t\t\t\t\t<div class=\"elementor-column elementor-col-100 elementor-top-column elementor-element elementor-element-1137df3\" data-id=\"1137df3\" data-element_type=\"column\" data-e-type=\"column\">\n\t\t\t<div class=\"elementor-widget-wrap elementor-element-populated\">\n\t\t\t\t\t\t<div class=\"elementor-element elementor-element-b848a06 elementor-widget elementor-widget-heading\" data-id=\"b848a06\" data-element_type=\"widget\" data-e-type=\"widget\" data-widget_type=\"heading.default\">\n\t\t\t\t<div class=\"elementor-widget-container\">\n\t\t\t\t\t<h2 class=\"elementor-heading-title elementor-size-default\">Hur g\u00e5r det till?<\/h2>\t\t\t\t<\/div>\n\t\t\t\t<\/div>\n\t\t\t\t<div class=\"elementor-element elementor-element-81390c0 elementor-widget elementor-widget-text-editor\" data-id=\"81390c0\" data-element_type=\"widget\" data-e-type=\"widget\" data-widget_type=\"text-editor.default\">\n\t\t\t\t<div class=\"elementor-widget-container\">\n\t\t\t\t\t\t\t\t\t<p>Vi g\u00e5r l\u00e4ngs gatorna i och letar efter tornseglare. Framf\u00f6rallt under morgonen-f\u00f6rmiddagen (kl 8-11) och sedan p\u00e5 kv\u00e4llen (kl 20-22). D\u00e5 tornseglare ofta l\u00e5gt mellan hus vid sina h\u00e4ckplatser. Ofta h\u00f6rs de skriandes och i grupp vilket \u00e4r en stark indikation att det finns h\u00e4ckande tornseglare.\u00a0<span style=\"font-size: 1em;font-family: var( --e-global-typography-text-font-family ), Sans-serif;font-weight: var( --e-global-typography-text-font-weight )\">M\u00e5let med inventeringen \u00e4r att f\u00e5 en bra bild av var i Uppsala tornseglare h\u00e4ckar och framf\u00f6rallt p\u00e5 vilka hus de har sina bon. P\u00e5 s\u00e5 s\u00e4tt kan vi informera hus\u00e4gare, och ge r\u00e5d inf\u00f6r tak- och fasadrenoveringar om hur man kan undvika eller \u00e5tminstone minimera st\u00f6rningar av h\u00e4ckande tornseglare och bevara boplatser f\u00f6r framtiden.<\/span><\/p><p>\u00a0<\/p><p>Inventeringen b\u00f6rjade sommaren 2017 och vi har sedan fortsatt varje sommar f\u00f6r att komplettera.\u00a0<a href=\"https:\/\/www.google.com\/maps\/d\/u\/0\/viewer?mid=1TcXxhsCVHvHqemI8PVa6FFV7Jeg&amp;ll=59.96505576275192%2C17.687003899999965&amp;z=10\" target=\"_blank\" rel=\"noopener\"><b>Kartan<\/b><\/a>\u00a0visar vilka omr\u00e5den som vi bes\u00f6kt, var vi tror att det finns h\u00e4ckande tornseglare, och var vi sett inflygningar till bon. Bara de hus d\u00e4r vi lyckades hitta bon \u00e4r markerade, men eftersom man ofta inte ser tornseglare flyga in i eller komma ut fr\u00e5n ett bo under tiden man bes\u00f6ker platsen s\u00e5 st\u00e5r antalet markerade bon och hus inte i relation till verkliga antal.\u00a0<\/p>\t\t\t\t\t\t\t\t<\/div>\n\t\t\t\t<\/div>\n\t\t\t\t\t<\/div>\n\t\t<\/div>\n\t\t\t\t\t<\/div>\n\t\t<\/section>\n\t\t\t\t<section data-particle_enable=\"false\" data-particle-mobile-disabled=\"false\" class=\"elementor-section elementor-top-section elementor-element elementor-element-1923112 elementor-section-boxed elementor-section-height-default elementor-section-height-default\" data-id=\"1923112\" data-element_type=\"section\" data-e-type=\"section\" data-settings=\"{&quot;jet_parallax_layout_list&quot;:[]}\">\n\t\t\t\t\t\t<div class=\"elementor-container elementor-column-gap-default\">\n\t\t\t\t\t<div class=\"elementor-column elementor-col-100 elementor-top-column elementor-element elementor-element-d9b454f\" data-id=\"d9b454f\" data-element_type=\"column\" data-e-type=\"column\">\n\t\t\t<div class=\"elementor-widget-wrap elementor-element-populated\">\n\t\t\t\t\t\t<div class=\"elementor-element elementor-element-459bc4c elementor-align-center elementor-widget elementor-widget-button\" data-id=\"459bc4c\" data-element_type=\"widget\" data-e-type=\"widget\" data-widget_type=\"button.default\">\n\t\t\t\t<div class=\"elementor-widget-container\">\n\t\t\t\t\t\t\t\t\t<div class=\"elementor-button-wrapper\">\n\t\t\t\t\t<a class=\"elementor-button elementor-button-link elementor-size-sm\" href=\"https:\/\/www.google.com\/maps\/d\/u\/0\/viewer?mid=1TcXxhsCVHvHqemI8PVa6FFV7Jeg&#038;ll=59.96505576275192%2C17.687003899999965&#038;z=10\" target=\"_blank\">\n\t\t\t\t\t\t<span class=\"elementor-button-content-wrapper\">\n\t\t\t\t\t\t\t\t\t<span class=\"elementor-button-text\">Karta \u00f6ver boplatser<\/span>\n\t\t\t\t\t<\/span>\n\t\t\t\t\t<\/a>\n\t\t\t\t<\/div>\n\t\t\t\t\t\t\t\t<\/div>\n\t\t\t\t<\/div>\n\t\t\t\t\t<\/div>\n\t\t<\/div>\n\t\t\t\t\t<\/div>\n\t\t<\/section>\n\t\t\t\t<section data-particle_enable=\"false\" data-particle-mobile-disabled=\"false\" class=\"elementor-section elementor-top-section elementor-element elementor-element-6e65f03 elementor-section-boxed elementor-section-height-default elementor-section-height-default\" data-id=\"6e65f03\" data-element_type=\"section\" data-e-type=\"section\" data-settings=\"{&quot;jet_parallax_layout_list&quot;:[]}\">\n\t\t\t\t\t\t<div class=\"elementor-container elementor-column-gap-default\">\n\t\t\t\t\t<div class=\"elementor-column elementor-col-50 elementor-top-column elementor-element elementor-element-ff49840\" data-id=\"ff49840\" data-element_type=\"column\" data-e-type=\"column\">\n\t\t\t<div class=\"elementor-widget-wrap elementor-element-populated\">\n\t\t\t\t\t\t<div class=\"elementor-element elementor-element-69721c1 elementor-widget elementor-widget-image\" data-id=\"69721c1\" data-element_type=\"widget\" data-e-type=\"widget\" data-widget_type=\"image.default\">\n\t\t\t\t<div class=\"elementor-widget-container\">\n\t\t\t\t\t\t\t\t\t\t\t\t<figure class=\"wp-caption\">\n\t\t\t\t\t\t\t\t\t\t\t<a href=\"https:\/\/cdn.birdlife.se\/wp-content\/uploads\/sites\/58\/2023\/10\/Tornseglare_JohanLind.jpg\" data-elementor-open-lightbox=\"yes\" data-elementor-lightbox-title=\"Tornseglare_JohanLind\" data-e-action-hash=\"#elementor-action%3Aaction%3Dlightbox%26settings%3DeyJpZCI6IjI4MzkiLCJ1cmwiOiJodHRwczpcL1wvY2RuLmJpcmRsaWZlLnNlXC93cC1jb250ZW50XC91cGxvYWRzXC9zaXRlc1wvNThcLzIwMjNcLzEwXC9Ub3Juc2VnbGFyZV9Kb2hhbkxpbmQuanBnIn0%3D\">\n\t\t\t\t\t\t\t<img fetchpriority=\"high\" decoding=\"async\" width=\"900\" height=\"600\" src=\"https:\/\/cdn.birdlife.se\/wp-content\/uploads\/sites\/58\/2023\/10\/Tornseglare_JohanLind.jpg\" class=\"attachment-large size-large wp-image-2839\" alt=\"Tornseglare. Foto: Johan Lind\" srcset=\"https:\/\/cdn.birdlife.se\/wp-content\/uploads\/sites\/58\/2023\/10\/Tornseglare_JohanLind.jpg 900w, https:\/\/cdn.birdlife.se\/wp-content\/uploads\/sites\/58\/2023\/10\/Tornseglare_JohanLind-300x200.jpg 300w, https:\/\/cdn.birdlife.se\/wp-content\/uploads\/sites\/58\/2023\/10\/Tornseglare_JohanLind-768x512.jpg 768w, https:\/\/cdn.birdlife.se\/wp-content\/uploads\/sites\/58\/2023\/10\/Tornseglare_JohanLind-18x12.jpg 18w, https:\/\/cdn.birdlife.se\/wp-content\/uploads\/sites\/58\/2023\/10\/Tornseglare_JohanLind-645x430.jpg 645w\" sizes=\"(max-width: 900px) 100vw, 900px\" \/>\t\t\t\t\t\t\t\t<\/a>\n\t\t\t\t\t\t\t\t\t\t\t<figcaption class=\"widget-image-caption wp-caption-text\">Foto: Johan Lind<\/figcaption>\n\t\t\t\t\t\t\t\t\t\t<\/figure>\n\t\t\t\t\t\t\t\t\t<\/div>\n\t\t\t\t<\/div>\n\t\t\t\t\t<\/div>\n\t\t<\/div>\n\t\t\t\t<div class=\"elementor-column elementor-col-50 elementor-top-column elementor-element elementor-element-8e01f47\" data-id=\"8e01f47\" data-element_type=\"column\" data-e-type=\"column\">\n\t\t\t<div class=\"elementor-widget-wrap elementor-element-populated\">\n\t\t\t\t\t\t<div class=\"elementor-element elementor-element-eb2848f elementor-widget__width-initial elementor-widget elementor-widget-image\" data-id=\"eb2848f\" data-element_type=\"widget\" data-e-type=\"widget\" data-widget_type=\"image.default\">\n\t\t\t\t<div class=\"elementor-widget-container\">\n\t\t\t\t\t\t\t\t\t\t\t\t<figure class=\"wp-caption\">\n\t\t\t\t\t\t\t\t\t\t\t<a href=\"https:\/\/cdn.birdlife.se\/wp-content\/uploads\/sites\/58\/2024\/02\/inventering_karta.jpg\" data-elementor-open-lightbox=\"yes\" data-elementor-lightbox-title=\"karta \u00f6ver inventeringsresultat\" data-elementor-lightbox-description=\"Tornseglarprojekt, inventering\" data-e-action-hash=\"#elementor-action%3Aaction%3Dlightbox%26settings%3DeyJpZCI6IjU2MjUiLCJ1cmwiOiJodHRwczpcL1wvY2RuLmJpcmRsaWZlLnNlXC93cC1jb250ZW50XC91cGxvYWRzXC9zaXRlc1wvNThcLzIwMjRcLzAyXC9pbnZlbnRlcmluZ19rYXJ0YS5qcGcifQ%3D%3D\">\n\t\t\t\t\t\t\t<img decoding=\"async\" width=\"1024\" height=\"657\" src=\"https:\/\/cdn.birdlife.se\/wp-content\/uploads\/sites\/58\/2024\/02\/inventering_karta-1024x657.jpg\" class=\"attachment-large size-large wp-image-5625\" alt=\"\" srcset=\"https:\/\/cdn.birdlife.se\/wp-content\/uploads\/sites\/58\/2024\/02\/inventering_karta-1024x657.jpg 1024w, https:\/\/cdn.birdlife.se\/wp-content\/uploads\/sites\/58\/2024\/02\/inventering_karta-300x192.jpg 300w, https:\/\/cdn.birdlife.se\/wp-content\/uploads\/sites\/58\/2024\/02\/inventering_karta-768x493.jpg 768w, https:\/\/cdn.birdlife.se\/wp-content\/uploads\/sites\/58\/2024\/02\/inventering_karta-18x12.jpg 18w, https:\/\/cdn.birdlife.se\/wp-content\/uploads\/sites\/58\/2024\/02\/inventering_karta.jpg 1116w\" sizes=\"(max-width: 1024px) 100vw, 1024px\" \/>\t\t\t\t\t\t\t\t<\/a>\n\t\t\t\t\t\t\t\t\t\t\t<figcaption class=\"widget-image-caption wp-caption-text\">Karta \u00f6ver inventeringsresultat med identifierade boplatser<\/figcaption>\n\t\t\t\t\t\t\t\t\t\t<\/figure>\n\t\t\t\t\t\t\t\t\t<\/div>\n\t\t\t\t<\/div>\n\t\t\t\t\t<\/div>\n\t\t<\/div>\n\t\t\t\t\t<\/div>\n\t\t<\/section>\n\t\t\t\t<\/div>","protected":false},"excerpt":{"rendered":"<p>Hur g\u00e5r det till? Vi g\u00e5r l\u00e4ngs gatorna i och letar efter tornseglare. Framf\u00f6rallt under morgonen-f\u00f6rmiddagen (kl 8-11) och sedan p\u00e5 kv\u00e4llen (kl 20-22). D\u00e5 tornseglare ofta l\u00e5gt mellan hus [&hellip;]<\/p>\n","protected":false},"author":106,"featured_media":0,"parent":878,"menu_order":1,"comment_status":"closed","ping_status":"closed","template":"","meta":{"_acf_changed":false,"inline_featured_image":false,"footnotes":""},"class_list":["post-2307","page","type-page","status-publish","hentry"],"acf":[],"yoast_head":"<!-- This site is optimized with the Yoast SEO plugin v27.2 - https:\/\/yoast.com\/product\/yoast-seo-wordpress\/ -->\n<title>Inventering av tornseglare - BirdLife Uppland<\/title>\n<meta name=\"robots\" content=\"index, follow, max-snippet:-1, max-image-preview:large, max-video-preview:-1\" \/>\n<link rel=\"canonical\" href=\"https:\/\/uppland.birdlife.se\/en\/fagelskydd\/tornseglarprojektet\/inventering-av-tornseglare\/\" \/>\n<meta property=\"og:locale\" content=\"en_GB\" \/>\n<meta property=\"og:type\" content=\"article\" \/>\n<meta property=\"og:title\" content=\"Inventering av tornseglare - BirdLife Uppland\" \/>\n<meta property=\"og:description\" content=\"Hur g\u00e5r det till? Vi g\u00e5r l\u00e4ngs gatorna i och letar efter tornseglare. Framf\u00f6rallt under morgonen-f\u00f6rmiddagen (kl 8-11) och sedan p\u00e5 kv\u00e4llen (kl 20-22). D\u00e5 tornseglare ofta l\u00e5gt mellan hus [&hellip;]\" \/>\n<meta property=\"og:url\" content=\"https:\/\/uppland.birdlife.se\/en\/fagelskydd\/tornseglarprojektet\/inventering-av-tornseglare\/\" \/>\n<meta property=\"og:site_name\" content=\"BirdLife Uppland\" \/>\n<meta property=\"article:publisher\" content=\"https:\/\/www.facebook.com\/UpplandsOrn\" \/>\n<meta property=\"article:modified_time\" content=\"2024-02-18T20:06:19+00:00\" \/>\n<meta property=\"og:image\" content=\"https:\/\/uppland.birdlife.se\/wp-content\/uploads\/sites\/58\/2023\/10\/Tornseglare_JohanLind.jpg\" \/>\n<meta name=\"twitter:card\" content=\"summary_large_image\" \/>\n<meta name=\"twitter:label1\" content=\"Est. reading time\" \/>\n\t<meta name=\"twitter:data1\" content=\"2 minutes\" \/>\n<script type=\"application\/ld+json\" class=\"yoast-schema-graph\">{\"@context\":\"https:\/\/schema.org\",\"@graph\":[{\"@type\":\"WebPage\",\"@id\":\"https:\/\/uppland.birdlife.se\/fagelskydd\/tornseglarprojektet\/inventering-av-tornseglare\/\",\"url\":\"https:\/\/uppland.birdlife.se\/fagelskydd\/tornseglarprojektet\/inventering-av-tornseglare\/\",\"name\":\"Inventering av tornseglare - BirdLife Uppland\",\"isPartOf\":{\"@id\":\"https:\/\/uppland.birdlife.se\/#website\"},\"primaryImageOfPage\":{\"@id\":\"https:\/\/uppland.birdlife.se\/fagelskydd\/tornseglarprojektet\/inventering-av-tornseglare\/#primaryimage\"},\"image\":{\"@id\":\"https:\/\/uppland.birdlife.se\/fagelskydd\/tornseglarprojektet\/inventering-av-tornseglare\/#primaryimage\"},\"thumbnailUrl\":\"https:\/\/uppland.birdlife.se\/wp-content\/uploads\/sites\/58\/2023\/10\/Tornseglare_JohanLind.jpg\",\"datePublished\":\"2023-08-21T11:09:31+00:00\",\"dateModified\":\"2024-02-18T20:06:19+00:00\",\"breadcrumb\":{\"@id\":\"https:\/\/uppland.birdlife.se\/fagelskydd\/tornseglarprojektet\/inventering-av-tornseglare\/#breadcrumb\"},\"inLanguage\":\"en-GB\",\"potentialAction\":[{\"@type\":\"ReadAction\",\"target\":[\"https:\/\/uppland.birdlife.se\/fagelskydd\/tornseglarprojektet\/inventering-av-tornseglare\/\"]}]},{\"@type\":\"ImageObject\",\"inLanguage\":\"en-GB\",\"@id\":\"https:\/\/uppland.birdlife.se\/fagelskydd\/tornseglarprojektet\/inventering-av-tornseglare\/#primaryimage\",\"url\":\"https:\/\/uppland.birdlife.se\/wp-content\/uploads\/sites\/58\/2023\/10\/Tornseglare_JohanLind.jpg\",\"contentUrl\":\"https:\/\/uppland.birdlife.se\/wp-content\/uploads\/sites\/58\/2023\/10\/Tornseglare_JohanLind.jpg\"},{\"@type\":\"BreadcrumbList\",\"@id\":\"https:\/\/uppland.birdlife.se\/fagelskydd\/tornseglarprojektet\/inventering-av-tornseglare\/#breadcrumb\",\"itemListElement\":[{\"@type\":\"ListItem\",\"position\":1,\"name\":\"Home\",\"item\":\"https:\/\/uppland.birdlife.se\/\"},{\"@type\":\"ListItem\",\"position\":2,\"name\":\"F\u00e5gelskydd\",\"item\":\"https:\/\/uppland.birdlife.se\/fagelskydd\/\"},{\"@type\":\"ListItem\",\"position\":3,\"name\":\"Tornseglare\",\"item\":\"https:\/\/uppland.birdlife.se\/fagelskydd\/tornseglarprojektet\/\"},{\"@type\":\"ListItem\",\"position\":4,\"name\":\"Inventering av tornseglare\"}]},{\"@type\":\"WebSite\",\"@id\":\"https:\/\/uppland.birdlife.se\/#website\",\"url\":\"https:\/\/uppland.birdlife.se\/\",\"name\":\"BirdLife Uppland\",\"description\":\"En levande f\u00e5gelfauna i hela Uppland\",\"publisher\":{\"@id\":\"https:\/\/uppland.birdlife.se\/#organization\"},\"potentialAction\":[{\"@type\":\"SearchAction\",\"target\":{\"@type\":\"EntryPoint\",\"urlTemplate\":\"https:\/\/uppland.birdlife.se\/?s={search_term_string}\"},\"query-input\":{\"@type\":\"PropertyValueSpecification\",\"valueRequired\":true,\"valueName\":\"search_term_string\"}}],\"inLanguage\":\"en-GB\"},{\"@type\":\"Organization\",\"@id\":\"https:\/\/uppland.birdlife.se\/#organization\",\"name\":\"BirdLife Uppland\",\"url\":\"https:\/\/uppland.birdlife.se\/\",\"logo\":{\"@type\":\"ImageObject\",\"inLanguage\":\"en-GB\",\"@id\":\"https:\/\/uppland.birdlife.se\/#\/schema\/logo\/image\/\",\"url\":\"https:\/\/cdn.birdlife.se\/wp-content\/uploads\/sites\/58\/2025\/12\/birdlifeUOF_profil_vertikal_150dpi.png\",\"contentUrl\":\"https:\/\/cdn.birdlife.se\/wp-content\/uploads\/sites\/58\/2025\/12\/birdlifeUOF_profil_vertikal_150dpi.png\",\"width\":469,\"height\":459,\"caption\":\"BirdLife Uppland\"},\"image\":{\"@id\":\"https:\/\/uppland.birdlife.se\/#\/schema\/logo\/image\/\"},\"sameAs\":[\"https:\/\/www.facebook.com\/UpplandsOrn\"]}]}<\/script>\n<!-- \/ Yoast SEO plugin. -->","yoast_head_json":{"title":"Inventering av tornseglare - BirdLife Uppland","robots":{"index":"index","follow":"follow","max-snippet":"max-snippet:-1","max-image-preview":"max-image-preview:large","max-video-preview":"max-video-preview:-1"},"canonical":"https:\/\/uppland.birdlife.se\/en\/fagelskydd\/tornseglarprojektet\/inventering-av-tornseglare\/","og_locale":"en_GB","og_type":"article","og_title":"Inventering av tornseglare - BirdLife Uppland","og_description":"Hur g\u00e5r det till? Vi g\u00e5r l\u00e4ngs gatorna i och letar efter tornseglare. Framf\u00f6rallt under morgonen-f\u00f6rmiddagen (kl 8-11) och sedan p\u00e5 kv\u00e4llen (kl 20-22). D\u00e5 tornseglare ofta l\u00e5gt mellan hus [&hellip;]","og_url":"https:\/\/uppland.birdlife.se\/en\/fagelskydd\/tornseglarprojektet\/inventering-av-tornseglare\/","og_site_name":"BirdLife Uppland","article_publisher":"https:\/\/www.facebook.com\/UpplandsOrn","article_modified_time":"2024-02-18T20:06:19+00:00","og_image":[{"url":"https:\/\/uppland.birdlife.se\/wp-content\/uploads\/sites\/58\/2023\/10\/Tornseglare_JohanLind.jpg","type":"","width":"","height":""}],"twitter_card":"summary_large_image","twitter_misc":{"Est. reading time":"2 minutes"},"schema":{"@context":"https:\/\/schema.org","@graph":[{"@type":"WebPage","@id":"https:\/\/uppland.birdlife.se\/fagelskydd\/tornseglarprojektet\/inventering-av-tornseglare\/","url":"https:\/\/uppland.birdlife.se\/fagelskydd\/tornseglarprojektet\/inventering-av-tornseglare\/","name":"Inventering av tornseglare - BirdLife Uppland","isPartOf":{"@id":"https:\/\/uppland.birdlife.se\/#website"},"primaryImageOfPage":{"@id":"https:\/\/uppland.birdlife.se\/fagelskydd\/tornseglarprojektet\/inventering-av-tornseglare\/#primaryimage"},"image":{"@id":"https:\/\/uppland.birdlife.se\/fagelskydd\/tornseglarprojektet\/inventering-av-tornseglare\/#primaryimage"},"thumbnailUrl":"https:\/\/uppland.birdlife.se\/wp-content\/uploads\/sites\/58\/2023\/10\/Tornseglare_JohanLind.jpg","datePublished":"2023-08-21T11:09:31+00:00","dateModified":"2024-02-18T20:06:19+00:00","breadcrumb":{"@id":"https:\/\/uppland.birdlife.se\/fagelskydd\/tornseglarprojektet\/inventering-av-tornseglare\/#breadcrumb"},"inLanguage":"en-GB","potentialAction":[{"@type":"ReadAction","target":["https:\/\/uppland.birdlife.se\/fagelskydd\/tornseglarprojektet\/inventering-av-tornseglare\/"]}]},{"@type":"ImageObject","inLanguage":"en-GB","@id":"https:\/\/uppland.birdlife.se\/fagelskydd\/tornseglarprojektet\/inventering-av-tornseglare\/#primaryimage","url":"https:\/\/uppland.birdlife.se\/wp-content\/uploads\/sites\/58\/2023\/10\/Tornseglare_JohanLind.jpg","contentUrl":"https:\/\/uppland.birdlife.se\/wp-content\/uploads\/sites\/58\/2023\/10\/Tornseglare_JohanLind.jpg"},{"@type":"BreadcrumbList","@id":"https:\/\/uppland.birdlife.se\/fagelskydd\/tornseglarprojektet\/inventering-av-tornseglare\/#breadcrumb","itemListElement":[{"@type":"ListItem","position":1,"name":"Home","item":"https:\/\/uppland.birdlife.se\/"},{"@type":"ListItem","position":2,"name":"F\u00e5gelskydd","item":"https:\/\/uppland.birdlife.se\/fagelskydd\/"},{"@type":"ListItem","position":3,"name":"Tornseglare","item":"https:\/\/uppland.birdlife.se\/fagelskydd\/tornseglarprojektet\/"},{"@type":"ListItem","position":4,"name":"Inventering av tornseglare"}]},{"@type":"WebSite","@id":"https:\/\/uppland.birdlife.se\/#website","url":"https:\/\/uppland.birdlife.se\/","name":"BirdLife Uppland","description":"En levande f\u00e5gelfauna i hela Uppland","publisher":{"@id":"https:\/\/uppland.birdlife.se\/#organization"},"potentialAction":[{"@type":"SearchAction","target":{"@type":"EntryPoint","urlTemplate":"https:\/\/uppland.birdlife.se\/?s={search_term_string}"},"query-input":{"@type":"PropertyValueSpecification","valueRequired":true,"valueName":"search_term_string"}}],"inLanguage":"en-GB"},{"@type":"Organization","@id":"https:\/\/uppland.birdlife.se\/#organization","name":"BirdLife Uppland","url":"https:\/\/uppland.birdlife.se\/","logo":{"@type":"ImageObject","inLanguage":"en-GB","@id":"https:\/\/uppland.birdlife.se\/#\/schema\/logo\/image\/","url":"https:\/\/cdn.birdlife.se\/wp-content\/uploads\/sites\/58\/2025\/12\/birdlifeUOF_profil_vertikal_150dpi.png","contentUrl":"https:\/\/cdn.birdlife.se\/wp-content\/uploads\/sites\/58\/2025\/12\/birdlifeUOF_profil_vertikal_150dpi.png","width":469,"height":459,"caption":"BirdLife Uppland"},"image":{"@id":"https:\/\/uppland.birdlife.se\/#\/schema\/logo\/image\/"},"sameAs":["https:\/\/www.facebook.com\/UpplandsOrn"]}]}},"_links":{"self":[{"href":"https:\/\/uppland.birdlife.se\/en\/wp-json\/wp\/v2\/pages\/2307","targetHints":{"allow":["GET"]}}],"collection":[{"href":"https:\/\/uppland.birdlife.se\/en\/wp-json\/wp\/v2\/pages"}],"about":[{"href":"https:\/\/uppland.birdlife.se\/en\/wp-json\/wp\/v2\/types\/page"}],"author":[{"embeddable":true,"href":"https:\/\/uppland.birdlife.se\/en\/wp-json\/wp\/v2\/users\/106"}],"replies":[{"embeddable":true,"href":"https:\/\/uppland.birdlife.se\/en\/wp-json\/wp\/v2\/comments?post=2307"}],"version-history":[{"count":49,"href":"https:\/\/uppland.birdlife.se\/en\/wp-json\/wp\/v2\/pages\/2307\/revisions"}],"predecessor-version":[{"id":5637,"href":"https:\/\/uppland.birdlife.se\/en\/wp-json\/wp\/v2\/pages\/2307\/revisions\/5637"}],"up":[{"embeddable":true,"href":"https:\/\/uppland.birdlife.se\/en\/wp-json\/wp\/v2\/pages\/878"}],"wp:attachment":[{"href":"https:\/\/uppland.birdlife.se\/en\/wp-json\/wp\/v2\/media?parent=2307"}],"curies":[{"name":"wp","href":"https:\/\/api.w.org\/{rel}","templated":true}]}}