{"id":5682,"date":"2024-02-20T22:09:00","date_gmt":"2024-02-20T21:09:00","guid":{"rendered":"https:\/\/uppland.birdlife.se\/?page_id=5682"},"modified":"2024-12-14T21:12:48","modified_gmt":"2024-12-14T20:12:48","slug":"rapportera-faglar","status":"publish","type":"page","link":"https:\/\/uppland.birdlife.se\/en\/rapportera-faglar\/","title":{"rendered":"Rapportera f\u00e5glar"},"content":{"rendered":"<div data-elementor-type=\"wp-page\" data-elementor-id=\"5682\" class=\"elementor elementor-5682\" data-elementor-post-type=\"page\">\n\t\t\t\t\t\t<section data-particle_enable=\"false\" data-particle-mobile-disabled=\"false\" class=\"elementor-section elementor-top-section elementor-element elementor-element-1535809 elementor-section-boxed elementor-section-height-default elementor-section-height-default\" data-id=\"1535809\" data-element_type=\"section\" data-e-type=\"section\" data-settings=\"{&quot;jet_parallax_layout_list&quot;:[]}\">\n\t\t\t\t\t\t<div class=\"elementor-container elementor-column-gap-default\">\n\t\t\t\t\t<div class=\"elementor-column elementor-col-100 elementor-top-column elementor-element elementor-element-f264ba6\" data-id=\"f264ba6\" data-element_type=\"column\" data-e-type=\"column\">\n\t\t\t<div class=\"elementor-widget-wrap elementor-element-populated\">\n\t\t\t\t\t\t<div class=\"elementor-element elementor-element-99a948d elementor-widget elementor-widget-heading\" data-id=\"99a948d\" data-element_type=\"widget\" data-e-type=\"widget\" data-widget_type=\"heading.default\">\n\t\t\t\t<div class=\"elementor-widget-container\">\n\t\t\t\t\t<h3 class=\"elementor-heading-title elementor-size-default\">Rapportera p\u00e5 Artportalen<\/h3>\t\t\t\t<\/div>\n\t\t\t\t<\/div>\n\t\t\t\t\t<\/div>\n\t\t<\/div>\n\t\t\t\t\t<\/div>\n\t\t<\/section>\n\t\t\t\t<section data-particle_enable=\"false\" data-particle-mobile-disabled=\"false\" class=\"elementor-section elementor-top-section elementor-element elementor-element-c2cb667 elementor-section-boxed elementor-section-height-default elementor-section-height-default\" data-id=\"c2cb667\" data-element_type=\"section\" data-e-type=\"section\" data-settings=\"{&quot;jet_parallax_layout_list&quot;:[]}\">\n\t\t\t\t\t\t<div class=\"elementor-container elementor-column-gap-default\">\n\t\t\t\t\t<div class=\"elementor-column elementor-col-50 elementor-top-column elementor-element elementor-element-9bbeea8\" data-id=\"9bbeea8\" data-element_type=\"column\" data-e-type=\"column\">\n\t\t\t<div class=\"elementor-widget-wrap elementor-element-populated\">\n\t\t\t\t\t\t<div class=\"elementor-element elementor-element-3ceb5ac elementor-widget elementor-widget-text-editor\" data-id=\"3ceb5ac\" data-element_type=\"widget\" data-e-type=\"widget\" data-widget_type=\"text-editor.default\">\n\t\t\t\t<div class=\"elementor-widget-container\">\n\t\t\t\t\t\t\t\t\t<p>Artportalen \u00e4r ett digitalt verktyg som drivs av SLU och SLU Artdatabanken. H\u00e4r samlas observationer av Sveriges djur, svampar och v\u00e4xter. Portalen anv\u00e4nds av s\u00e5v\u00e4l forskare som privatpersoner och f\u00f6retag f\u00f6r att generera kunskap och underlag n\u00e4r det kommer till Sveriges arter. Att rapportera sina fynd i Artportalen \u00e4r ett s\u00e4tt att vara med och bidra till naturv\u00e5rdsinsatser runt om i landet.&nbsp;<\/p><p><span style=\"color: var( --e-global-color-text );font-family: var( --e-global-typography-text-font-family ), Sans-serif;font-size: 1em;font-weight: var( --e-global-typography-text-font-weight )\"><br><\/span><\/p><p><span style=\"color: var( --e-global-color-text );font-family: var( --e-global-typography-text-font-family ), Sans-serif;font-size: 1em;font-weight: var( --e-global-typography-text-font-weight )\">H\u00e4r f\u00f6ljer en <\/span><span style=\"color: var( --e-global-color-text );font-family: var( --e-global-typography-text-font-family ), Sans-serif;font-size: 1em\"><b>guide<\/b><\/span><span style=\"color: var( --e-global-color-text );font-family: var( --e-global-typography-text-font-family ), Sans-serif;font-size: 1em;font-weight: var( --e-global-typography-text-font-weight )\"> f\u00f6r dig som vill komma ig\u00e5ng eller utveckla rapportering av dina fynd i Artportalen.&nbsp;<\/span><span style=\"font-size: 1em;color: var( --e-global-color-text );font-family: var( --e-global-typography-text-font-family ), Sans-serif;font-weight: var( --e-global-typography-text-font-weight )\">Om du \u00e4r intresserad av att hj\u00e4lpa till i arbetet \u00e4r du varmt v\u00e4lkommen att h\u00f6ra av dig till v\u00e5r f\u00e5gelskyddsansvarige, Mikael Malmaeus, p\u00e5 <\/span><a style=\"font-size: 1em;font-family: var( --e-global-typography-text-font-family ), Sans-serif;font-weight: var( --e-global-typography-text-font-weight );background-color: #ffffff\" href=\"mailto:mikael.malmaeus@gmail.com\">mikael.malmaeus@gmail.com<\/a><\/p>\n<p><em>&nbsp;<\/em><\/p>\n<p><em>Om du inte r<\/em><em>edan har ett konto i Artportalen, b\u00f6rja med att skapa ett genom att logga in p\u00e5&nbsp;artportalen.se&nbsp;och klicka p\u00e5 \u201cSkapa konto\u201d h\u00f6gst upp i h\u00f6gra h\u00f6rnet. G\u00e5 sedan till fliken \u201c<a href=\"https:\/\/uppland.birdlife.se\/en\/rapportera-faglar\/rapportera-pa-artportalen\/\">Rapportera<\/a>\u201d och f\u00f6lj stegen nedan n\u00e4r du l\u00e4gger in dina fynd.<\/em><\/p>\t\t\t\t\t\t\t\t<\/div>\n\t\t\t\t<\/div>\n\t\t\t\t\t<\/div>\n\t\t<\/div>\n\t\t\t\t<div class=\"elementor-column elementor-col-50 elementor-top-column elementor-element elementor-element-917e906\" data-id=\"917e906\" data-element_type=\"column\" data-e-type=\"column\">\n\t\t\t<div class=\"elementor-widget-wrap elementor-element-populated\">\n\t\t\t\t\t\t<div class=\"elementor-element elementor-element-side-menu elementor-widget__width-initial elementor-widget elementor-widget-Sidomeny\" data-id=\"side-menu\" data-element_type=\"widget\" data-e-type=\"widget\" data-widget_type=\"Sidomeny.default\">\n\t\t\t\t<div class=\"elementor-widget-container\">\n\t\t\t\t\t\n<section class=\"side-menu\">\n\n    <nav class=\"aside-nav\">\n\n        <ul class=\"aside-nav__list u--reset-list\">\n\n                            <li class=\"aside-nav__list-item\">\n                    <a class=\"aside-nav__list-item-link t--primary-bg t--primary-bg-color\"\n                        href=\"https:\/\/uppland.birdlife.se\/en\/rapportera-faglar\/ange-relevant-fyndplats\/\">\n                        Ange relevant fyndplats\n                                            <\/a>\n\n                    \n                <\/li>\n                            <li class=\"aside-nav__list-item\">\n                    <a class=\"aside-nav__list-item-link t--primary-bg t--primary-bg-color\"\n                        href=\"https:\/\/uppland.birdlife.se\/en\/rapportera-faglar\/hacknings-och-aktivitetskriterier\/\">\n                        H\u00e4cknings- och aktivitetskriterier\n                                            <\/a>\n\n                    \n                <\/li>\n                            <li class=\"aside-nav__list-item\">\n                    <a class=\"aside-nav__list-item-link t--primary-bg t--primary-bg-color\"\n                        href=\"https:\/\/uppland.birdlife.se\/en\/rapportera-faglar\/skyddade-fynd\/\">\n                        Skyddade fynd\n                                            <\/a>\n\n                    \n                <\/li>\n                            <li class=\"aside-nav__list-item\">\n                    <a class=\"aside-nav__list-item-link t--primary-bg t--primary-bg-color\"\n                        href=\"https:\/\/uppland.birdlife.se\/en\/rapportera-faglar\/ratta-fynd-som-rakat-bli-fel\/\">\n                        R\u00e4tta fynd som r\u00e5kat bli fel\n                                            <\/a>\n\n                    \n                <\/li>\n            \n        <\/ul>\n\n    <\/nav>\n\n<\/section>\n\t\t\t\t<\/div>\n\t\t\t\t<\/div>\n\t\t\t\t\t<\/div>\n\t\t<\/div>\n\t\t\t\t\t<\/div>\n\t\t<\/section>\n\t\t\t\t<\/div>","protected":false},"excerpt":{"rendered":"<p>Rapportera p\u00e5 Artportalen Artportalen \u00e4r ett digitalt verktyg som drivs av SLU och SLU Artdatabanken. H\u00e4r samlas observationer av Sveriges djur, svampar och v\u00e4xter. Portalen anv\u00e4nds av s\u00e5v\u00e4l forskare som [&hellip;]<\/p>\n","protected":false},"author":106,"featured_media":0,"parent":0,"menu_order":0,"comment_status":"closed","ping_status":"closed","template":"","meta":{"_acf_changed":false,"inline_featured_image":false,"footnotes":""},"class_list":["post-5682","page","type-page","status-publish","hentry"],"acf":[],"yoast_head":"<!-- This site is optimized with the Yoast SEO plugin v27.2 - https:\/\/yoast.com\/product\/yoast-seo-wordpress\/ -->\n<title>Rapportera f\u00e5glar - BirdLife Uppland<\/title>\n<meta name=\"robots\" content=\"index, follow, max-snippet:-1, max-image-preview:large, max-video-preview:-1\" \/>\n<link rel=\"canonical\" href=\"https:\/\/uppland.birdlife.se\/en\/rapportera-faglar\/\" \/>\n<meta property=\"og:locale\" content=\"en_GB\" \/>\n<meta property=\"og:type\" content=\"article\" \/>\n<meta property=\"og:title\" content=\"Rapportera f\u00e5glar - BirdLife Uppland\" \/>\n<meta property=\"og:description\" content=\"Rapportera p\u00e5 Artportalen Artportalen \u00e4r ett digitalt verktyg som drivs av SLU och SLU Artdatabanken. H\u00e4r samlas observationer av Sveriges djur, svampar och v\u00e4xter. Portalen anv\u00e4nds av s\u00e5v\u00e4l forskare som [&hellip;]\" \/>\n<meta property=\"og:url\" content=\"https:\/\/uppland.birdlife.se\/en\/rapportera-faglar\/\" \/>\n<meta property=\"og:site_name\" content=\"BirdLife Uppland\" \/>\n<meta property=\"article:publisher\" content=\"https:\/\/www.facebook.com\/UpplandsOrn\" \/>\n<meta property=\"article:modified_time\" content=\"2024-12-14T20:12:48+00:00\" \/>\n<meta name=\"twitter:card\" content=\"summary_large_image\" \/>\n<meta name=\"twitter:label1\" content=\"Est. reading time\" \/>\n\t<meta name=\"twitter:data1\" content=\"1 minute\" \/>\n<script type=\"application\/ld+json\" class=\"yoast-schema-graph\">{\"@context\":\"https:\/\/schema.org\",\"@graph\":[{\"@type\":\"WebPage\",\"@id\":\"https:\/\/uppland.birdlife.se\/rapportera-faglar\/\",\"url\":\"https:\/\/uppland.birdlife.se\/rapportera-faglar\/\",\"name\":\"Rapportera f\u00e5glar - BirdLife Uppland\",\"isPartOf\":{\"@id\":\"https:\/\/uppland.birdlife.se\/#website\"},\"datePublished\":\"2024-02-20T21:09:00+00:00\",\"dateModified\":\"2024-12-14T20:12:48+00:00\",\"breadcrumb\":{\"@id\":\"https:\/\/uppland.birdlife.se\/rapportera-faglar\/#breadcrumb\"},\"inLanguage\":\"en-GB\",\"potentialAction\":[{\"@type\":\"ReadAction\",\"target\":[\"https:\/\/uppland.birdlife.se\/rapportera-faglar\/\"]}]},{\"@type\":\"BreadcrumbList\",\"@id\":\"https:\/\/uppland.birdlife.se\/rapportera-faglar\/#breadcrumb\",\"itemListElement\":[{\"@type\":\"ListItem\",\"position\":1,\"name\":\"Home\",\"item\":\"https:\/\/uppland.birdlife.se\/\"},{\"@type\":\"ListItem\",\"position\":2,\"name\":\"Rapportera f\u00e5glar\"}]},{\"@type\":\"WebSite\",\"@id\":\"https:\/\/uppland.birdlife.se\/#website\",\"url\":\"https:\/\/uppland.birdlife.se\/\",\"name\":\"BirdLife Uppland\",\"description\":\"En levande f\u00e5gelfauna i hela Uppland\",\"publisher\":{\"@id\":\"https:\/\/uppland.birdlife.se\/#organization\"},\"potentialAction\":[{\"@type\":\"SearchAction\",\"target\":{\"@type\":\"EntryPoint\",\"urlTemplate\":\"https:\/\/uppland.birdlife.se\/?s={search_term_string}\"},\"query-input\":{\"@type\":\"PropertyValueSpecification\",\"valueRequired\":true,\"valueName\":\"search_term_string\"}}],\"inLanguage\":\"en-GB\"},{\"@type\":\"Organization\",\"@id\":\"https:\/\/uppland.birdlife.se\/#organization\",\"name\":\"BirdLife Uppland\",\"url\":\"https:\/\/uppland.birdlife.se\/\",\"logo\":{\"@type\":\"ImageObject\",\"inLanguage\":\"en-GB\",\"@id\":\"https:\/\/uppland.birdlife.se\/#\/schema\/logo\/image\/\",\"url\":\"https:\/\/cdn.birdlife.se\/wp-content\/uploads\/sites\/58\/2025\/12\/birdlifeUOF_profil_vertikal_150dpi.png\",\"contentUrl\":\"https:\/\/cdn.birdlife.se\/wp-content\/uploads\/sites\/58\/2025\/12\/birdlifeUOF_profil_vertikal_150dpi.png\",\"width\":469,\"height\":459,\"caption\":\"BirdLife Uppland\"},\"image\":{\"@id\":\"https:\/\/uppland.birdlife.se\/#\/schema\/logo\/image\/\"},\"sameAs\":[\"https:\/\/www.facebook.com\/UpplandsOrn\"]}]}<\/script>\n<!-- \/ Yoast SEO plugin. -->","yoast_head_json":{"title":"Rapportera f\u00e5glar - BirdLife Uppland","robots":{"index":"index","follow":"follow","max-snippet":"max-snippet:-1","max-image-preview":"max-image-preview:large","max-video-preview":"max-video-preview:-1"},"canonical":"https:\/\/uppland.birdlife.se\/en\/rapportera-faglar\/","og_locale":"en_GB","og_type":"article","og_title":"Rapportera f\u00e5glar - BirdLife Uppland","og_description":"Rapportera p\u00e5 Artportalen Artportalen \u00e4r ett digitalt verktyg som drivs av SLU och SLU Artdatabanken. H\u00e4r samlas observationer av Sveriges djur, svampar och v\u00e4xter. Portalen anv\u00e4nds av s\u00e5v\u00e4l forskare som [&hellip;]","og_url":"https:\/\/uppland.birdlife.se\/en\/rapportera-faglar\/","og_site_name":"BirdLife Uppland","article_publisher":"https:\/\/www.facebook.com\/UpplandsOrn","article_modified_time":"2024-12-14T20:12:48+00:00","twitter_card":"summary_large_image","twitter_misc":{"Est. reading time":"1 minute"},"schema":{"@context":"https:\/\/schema.org","@graph":[{"@type":"WebPage","@id":"https:\/\/uppland.birdlife.se\/rapportera-faglar\/","url":"https:\/\/uppland.birdlife.se\/rapportera-faglar\/","name":"Rapportera f\u00e5glar - BirdLife Uppland","isPartOf":{"@id":"https:\/\/uppland.birdlife.se\/#website"},"datePublished":"2024-02-20T21:09:00+00:00","dateModified":"2024-12-14T20:12:48+00:00","breadcrumb":{"@id":"https:\/\/uppland.birdlife.se\/rapportera-faglar\/#breadcrumb"},"inLanguage":"en-GB","potentialAction":[{"@type":"ReadAction","target":["https:\/\/uppland.birdlife.se\/rapportera-faglar\/"]}]},{"@type":"BreadcrumbList","@id":"https:\/\/uppland.birdlife.se\/rapportera-faglar\/#breadcrumb","itemListElement":[{"@type":"ListItem","position":1,"name":"Home","item":"https:\/\/uppland.birdlife.se\/"},{"@type":"ListItem","position":2,"name":"Rapportera f\u00e5glar"}]},{"@type":"WebSite","@id":"https:\/\/uppland.birdlife.se\/#website","url":"https:\/\/uppland.birdlife.se\/","name":"BirdLife Uppland","description":"En levande f\u00e5gelfauna i hela Uppland","publisher":{"@id":"https:\/\/uppland.birdlife.se\/#organization"},"potentialAction":[{"@type":"SearchAction","target":{"@type":"EntryPoint","urlTemplate":"https:\/\/uppland.birdlife.se\/?s={search_term_string}"},"query-input":{"@type":"PropertyValueSpecification","valueRequired":true,"valueName":"search_term_string"}}],"inLanguage":"en-GB"},{"@type":"Organization","@id":"https:\/\/uppland.birdlife.se\/#organization","name":"BirdLife Uppland","url":"https:\/\/uppland.birdlife.se\/","logo":{"@type":"ImageObject","inLanguage":"en-GB","@id":"https:\/\/uppland.birdlife.se\/#\/schema\/logo\/image\/","url":"https:\/\/cdn.birdlife.se\/wp-content\/uploads\/sites\/58\/2025\/12\/birdlifeUOF_profil_vertikal_150dpi.png","contentUrl":"https:\/\/cdn.birdlife.se\/wp-content\/uploads\/sites\/58\/2025\/12\/birdlifeUOF_profil_vertikal_150dpi.png","width":469,"height":459,"caption":"BirdLife Uppland"},"image":{"@id":"https:\/\/uppland.birdlife.se\/#\/schema\/logo\/image\/"},"sameAs":["https:\/\/www.facebook.com\/UpplandsOrn"]}]}},"_links":{"self":[{"href":"https:\/\/uppland.birdlife.se\/en\/wp-json\/wp\/v2\/pages\/5682","targetHints":{"allow":["GET"]}}],"collection":[{"href":"https:\/\/uppland.birdlife.se\/en\/wp-json\/wp\/v2\/pages"}],"about":[{"href":"https:\/\/uppland.birdlife.se\/en\/wp-json\/wp\/v2\/types\/page"}],"author":[{"embeddable":true,"href":"https:\/\/uppland.birdlife.se\/en\/wp-json\/wp\/v2\/users\/106"}],"replies":[{"embeddable":true,"href":"https:\/\/uppland.birdlife.se\/en\/wp-json\/wp\/v2\/comments?post=5682"}],"version-history":[{"count":35,"href":"https:\/\/uppland.birdlife.se\/en\/wp-json\/wp\/v2\/pages\/5682\/revisions"}],"predecessor-version":[{"id":6984,"href":"https:\/\/uppland.birdlife.se\/en\/wp-json\/wp\/v2\/pages\/5682\/revisions\/6984"}],"wp:attachment":[{"href":"https:\/\/uppland.birdlife.se\/en\/wp-json\/wp\/v2\/media?parent=5682"}],"curies":[{"name":"wp","href":"https:\/\/api.w.org\/{rel}","templated":true}]}}