{"id":5688,"date":"2024-02-20T22:08:23","date_gmt":"2024-02-20T21:08:23","guid":{"rendered":"https:\/\/uppland.birdlife.se\/?page_id=5688"},"modified":"2024-12-31T18:31:09","modified_gmt":"2024-12-31T17:31:09","slug":"inventeringar-inom-fagelskyddsprojekt","status":"publish","type":"page","link":"https:\/\/uppland.birdlife.se\/en\/fagelskydd\/inventeringar\/inventeringar-inom-fagelskyddsprojekt\/","title":{"rendered":"Inventeringar: Inom f\u00e5gelskyddsprojekt"},"content":{"rendered":"<div data-elementor-type=\"wp-page\" data-elementor-id=\"5688\" class=\"elementor elementor-5688\" data-elementor-post-type=\"page\">\n\t\t\t\t\t\t<section data-particle_enable=\"false\" data-particle-mobile-disabled=\"false\" class=\"elementor-section elementor-top-section elementor-element elementor-element-1e5e294 elementor-section-boxed elementor-section-height-default elementor-section-height-default\" data-id=\"1e5e294\" data-element_type=\"section\" data-e-type=\"section\" data-settings=\"{&quot;jet_parallax_layout_list&quot;:[]}\">\n\t\t\t\t\t\t<div class=\"elementor-container elementor-column-gap-default\">\n\t\t\t\t\t<div class=\"elementor-column elementor-col-100 elementor-top-column elementor-element elementor-element-6c71856\" data-id=\"6c71856\" data-element_type=\"column\" data-e-type=\"column\">\n\t\t\t<div class=\"elementor-widget-wrap elementor-element-populated\">\n\t\t\t\t\t\t<div class=\"elementor-element elementor-element-0834fe9 elementor-widget elementor-widget-heading\" data-id=\"0834fe9\" data-element_type=\"widget\" data-e-type=\"widget\" data-widget_type=\"heading.default\">\n\t\t\t\t<div class=\"elementor-widget-container\">\n\t\t\t\t\t<h3 class=\"elementor-heading-title elementor-size-default\">Inventera och var med f\u00f6r att hj\u00e4lpa bevara arter<\/h3>\t\t\t\t<\/div>\n\t\t\t\t<\/div>\n\t\t\t\t\t<\/div>\n\t\t<\/div>\n\t\t\t\t\t<\/div>\n\t\t<\/section>\n\t\t\t\t<section data-particle_enable=\"false\" data-particle-mobile-disabled=\"false\" class=\"elementor-section elementor-top-section elementor-element elementor-element-f9680fe elementor-section-boxed elementor-section-height-default elementor-section-height-default\" data-id=\"f9680fe\" data-element_type=\"section\" data-e-type=\"section\" data-settings=\"{&quot;jet_parallax_layout_list&quot;:[]}\">\n\t\t\t\t\t\t<div class=\"elementor-container elementor-column-gap-default\">\n\t\t\t\t\t<div class=\"elementor-column elementor-col-100 elementor-top-column elementor-element elementor-element-daf235d\" data-id=\"daf235d\" data-element_type=\"column\" data-e-type=\"column\">\n\t\t\t<div class=\"elementor-widget-wrap elementor-element-populated\">\n\t\t\t\t\t\t<div class=\"elementor-element elementor-element-dd0324d elementor-widget elementor-widget-text-editor\" data-id=\"dd0324d\" data-element_type=\"widget\" data-e-type=\"widget\" data-widget_type=\"text-editor.default\">\n\t\t\t\t<div class=\"elementor-widget-container\">\n\t\t\t\t\t\t\t\t\t<p>UOF arbetar med inventeringar av olika slag runt om i Uppland. Inventeringarna \u00e4r grundl\u00e4ggande i arbetet med f\u00e5gelskydd. Inventeringar ger oss ocks\u00e5 en inblick i hur det g\u00e5r f\u00f6r v\u00e5ra arter \u00f6ver tid, b\u00e5de p\u00e5 kort och l\u00e5ng sikt.<\/p><p>\u00a0<\/p><p>Med v\u00e5ra olika f\u00e5gelskyddsprojekt vill vi bidra till att skydda och bevara olika arter, fr\u00e5n backsvala och berguv till r\u00e5ka, tornseglare och vitryggig hackspett. Inventeringar hj\u00e4lper oss att veta var dessa arter har sina livsmilj\u00f6er i Uppland och s\u00e5 kunna skydda milj\u00f6erna. Inventeringar hj\u00e4lper oss ocks\u00e5 att f\u00f6lja hur det g\u00e5r f\u00f6r arterna.<\/p>\t\t\t\t\t\t\t\t<\/div>\n\t\t\t\t<\/div>\n\t\t\t\t\t<\/div>\n\t\t<\/div>\n\t\t\t\t\t<\/div>\n\t\t<\/section>\n\t\t\t\t<section data-particle_enable=\"false\" data-particle-mobile-disabled=\"false\" class=\"elementor-section elementor-top-section elementor-element elementor-element-283f3f3 elementor-section-boxed elementor-section-height-default elementor-section-height-default\" data-id=\"283f3f3\" data-element_type=\"section\" data-e-type=\"section\" data-settings=\"{&quot;jet_parallax_layout_list&quot;:[]}\">\n\t\t\t\t\t\t<div class=\"elementor-container elementor-column-gap-default\">\n\t\t\t\t\t<div class=\"elementor-column elementor-col-100 elementor-top-column elementor-element elementor-element-34909b9\" data-id=\"34909b9\" data-element_type=\"column\" data-e-type=\"column\">\n\t\t\t<div class=\"elementor-widget-wrap elementor-element-populated\">\n\t\t\t\t\t\t<div class=\"elementor-element elementor-element-dfc902a elementor-widget elementor-widget-text-editor\" data-id=\"dfc902a\" data-element_type=\"widget\" data-e-type=\"widget\" data-widget_type=\"text-editor.default\">\n\t\t\t\t<div class=\"elementor-widget-container\">\n\t\t\t\t\t\t\t\t\t<p>De flesta inventeringar \u00e4r inte sv\u00e5rt och det \u00e4r l\u00e4tt att vara med. Inventeringar \u00e4r ocks\u00e5 ett bra s\u00e4tt att komma ut, l\u00e4r sig mig om f\u00e5glarna och olika milj\u00f6er och platser i Uppland!<\/p><p>\u00a0<\/p><p>L\u00e4s mer om vilka inventeringar som \u00e4r aktuella inom v\u00e5ra olika projekt under menyn <a href=\"https:\/\/uof.nu\/fagelskydd\/fagelskyddsprojekt-i-uppland\/\"><strong>F\u00e5gelskydd<\/strong> \u2013 <strong>F\u00e5gelskyddsprojekt i Uppland<\/strong><\/a>.<\/p><p>\u00a0<\/p><p>Vill du vara med? Tveka inte att kontakta oss p\u00e5 <a href=\"mailto:info.uof@gmail.com\">info.uof@gmail.com<\/a>.<\/p><p>Eller kontakta direkt projektens kontaktperson som kan hittas p\u00e5 projekt sidorna under menyn<strong> <a href=\"https:\/\/uof.nu\/fagelskydd\/fagelskyddsprojekt-i-uppland\/\">F\u00e5gelskydd \u2013 F\u00e5gelskyddsprojekt i Uppland<\/a><\/strong>.\u00a0<\/p><p>UOF har ocks\u00e5 en tj\u00e4dergrupp som du kan hitta under menyn <strong><a href=\"https:\/\/uppland.birdlife.se\/en\/fagelskydd\/tjadergruppen-uppland\/\">F\u00e5gelskydd<\/a><a href=\"https:\/\/uppland.birdlife.se\/en\/fagelskydd\/tjadergruppen-uppland\/\"> \u2013 Tj\u00e4dergruppen Uppland<\/a><\/strong>.\u00a0<\/p>\t\t\t\t\t\t\t\t<\/div>\n\t\t\t\t<\/div>\n\t\t\t\t\t<\/div>\n\t\t<\/div>\n\t\t\t\t\t<\/div>\n\t\t<\/section>\n\t\t\t\t<\/div>","protected":false},"excerpt":{"rendered":"<p>Inventera och var med f\u00f6r att hj\u00e4lpa bevara arter UOF arbetar med inventeringar av olika slag runt om i Uppland. Inventeringarna \u00e4r grundl\u00e4ggande i arbetet med f\u00e5gelskydd. Inventeringar ger oss [&hellip;]<\/p>\n","protected":false},"author":106,"featured_media":0,"parent":898,"menu_order":0,"comment_status":"closed","ping_status":"closed","template":"","meta":{"_acf_changed":false,"inline_featured_image":false,"footnotes":""},"class_list":["post-5688","page","type-page","status-publish","hentry"],"acf":[],"yoast_head":"<!-- This site is optimized with the Yoast SEO plugin v27.2 - https:\/\/yoast.com\/product\/yoast-seo-wordpress\/ -->\n<title>Inventeringar: Inom f\u00e5gelskyddsprojekt - BirdLife Uppland<\/title>\n<meta name=\"robots\" content=\"index, follow, max-snippet:-1, max-image-preview:large, max-video-preview:-1\" \/>\n<link rel=\"canonical\" href=\"https:\/\/uppland.birdlife.se\/en\/fagelskydd\/inventeringar\/inventeringar-inom-fagelskyddsprojekt\/\" \/>\n<meta property=\"og:locale\" content=\"en_GB\" \/>\n<meta property=\"og:type\" content=\"article\" \/>\n<meta property=\"og:title\" content=\"Inventeringar: Inom f\u00e5gelskyddsprojekt - BirdLife Uppland\" \/>\n<meta property=\"og:description\" content=\"Inventera och var med f\u00f6r att hj\u00e4lpa bevara arter UOF arbetar med inventeringar av olika slag runt om i Uppland. Inventeringarna \u00e4r grundl\u00e4ggande i arbetet med f\u00e5gelskydd. Inventeringar ger oss [&hellip;]\" \/>\n<meta property=\"og:url\" content=\"https:\/\/uppland.birdlife.se\/en\/fagelskydd\/inventeringar\/inventeringar-inom-fagelskyddsprojekt\/\" \/>\n<meta property=\"og:site_name\" content=\"BirdLife Uppland\" \/>\n<meta property=\"article:publisher\" content=\"https:\/\/www.facebook.com\/UpplandsOrn\" \/>\n<meta property=\"article:modified_time\" content=\"2024-12-31T17:31:09+00:00\" \/>\n<meta name=\"twitter:card\" content=\"summary_large_image\" \/>\n<meta name=\"twitter:label1\" content=\"Est. reading time\" \/>\n\t<meta name=\"twitter:data1\" content=\"1 minute\" \/>\n<script type=\"application\/ld+json\" class=\"yoast-schema-graph\">{\"@context\":\"https:\/\/schema.org\",\"@graph\":[{\"@type\":\"WebPage\",\"@id\":\"https:\/\/uppland.birdlife.se\/fagelskydd\/inventeringar\/inventeringar-inom-fagelskyddsprojekt\/\",\"url\":\"https:\/\/uppland.birdlife.se\/fagelskydd\/inventeringar\/inventeringar-inom-fagelskyddsprojekt\/\",\"name\":\"Inventeringar: Inom f\u00e5gelskyddsprojekt - BirdLife Uppland\",\"isPartOf\":{\"@id\":\"https:\/\/uppland.birdlife.se\/#website\"},\"datePublished\":\"2024-02-20T21:08:23+00:00\",\"dateModified\":\"2024-12-31T17:31:09+00:00\",\"breadcrumb\":{\"@id\":\"https:\/\/uppland.birdlife.se\/fagelskydd\/inventeringar\/inventeringar-inom-fagelskyddsprojekt\/#breadcrumb\"},\"inLanguage\":\"en-GB\",\"potentialAction\":[{\"@type\":\"ReadAction\",\"target\":[\"https:\/\/uppland.birdlife.se\/fagelskydd\/inventeringar\/inventeringar-inom-fagelskyddsprojekt\/\"]}]},{\"@type\":\"BreadcrumbList\",\"@id\":\"https:\/\/uppland.birdlife.se\/fagelskydd\/inventeringar\/inventeringar-inom-fagelskyddsprojekt\/#breadcrumb\",\"itemListElement\":[{\"@type\":\"ListItem\",\"position\":1,\"name\":\"Home\",\"item\":\"https:\/\/uppland.birdlife.se\/\"},{\"@type\":\"ListItem\",\"position\":2,\"name\":\"F\u00e5gelskydd\",\"item\":\"https:\/\/uppland.birdlife.se\/fagelskydd\/\"},{\"@type\":\"ListItem\",\"position\":3,\"name\":\"Inventeringar\",\"item\":\"https:\/\/uppland.birdlife.se\/fagelskydd\/inventeringar\/\"},{\"@type\":\"ListItem\",\"position\":4,\"name\":\"Inventeringar: Inom f\u00e5gelskyddsprojekt\"}]},{\"@type\":\"WebSite\",\"@id\":\"https:\/\/uppland.birdlife.se\/#website\",\"url\":\"https:\/\/uppland.birdlife.se\/\",\"name\":\"BirdLife Uppland\",\"description\":\"En levande f\u00e5gelfauna i hela Uppland\",\"publisher\":{\"@id\":\"https:\/\/uppland.birdlife.se\/#organization\"},\"potentialAction\":[{\"@type\":\"SearchAction\",\"target\":{\"@type\":\"EntryPoint\",\"urlTemplate\":\"https:\/\/uppland.birdlife.se\/?s={search_term_string}\"},\"query-input\":{\"@type\":\"PropertyValueSpecification\",\"valueRequired\":true,\"valueName\":\"search_term_string\"}}],\"inLanguage\":\"en-GB\"},{\"@type\":\"Organization\",\"@id\":\"https:\/\/uppland.birdlife.se\/#organization\",\"name\":\"BirdLife Uppland\",\"url\":\"https:\/\/uppland.birdlife.se\/\",\"logo\":{\"@type\":\"ImageObject\",\"inLanguage\":\"en-GB\",\"@id\":\"https:\/\/uppland.birdlife.se\/#\/schema\/logo\/image\/\",\"url\":\"https:\/\/cdn.birdlife.se\/wp-content\/uploads\/sites\/58\/2025\/12\/birdlifeUOF_profil_vertikal_150dpi.png\",\"contentUrl\":\"https:\/\/cdn.birdlife.se\/wp-content\/uploads\/sites\/58\/2025\/12\/birdlifeUOF_profil_vertikal_150dpi.png\",\"width\":469,\"height\":459,\"caption\":\"BirdLife Uppland\"},\"image\":{\"@id\":\"https:\/\/uppland.birdlife.se\/#\/schema\/logo\/image\/\"},\"sameAs\":[\"https:\/\/www.facebook.com\/UpplandsOrn\"]}]}<\/script>\n<!-- \/ Yoast SEO plugin. -->","yoast_head_json":{"title":"Inventeringar: Inom f\u00e5gelskyddsprojekt - BirdLife Uppland","robots":{"index":"index","follow":"follow","max-snippet":"max-snippet:-1","max-image-preview":"max-image-preview:large","max-video-preview":"max-video-preview:-1"},"canonical":"https:\/\/uppland.birdlife.se\/en\/fagelskydd\/inventeringar\/inventeringar-inom-fagelskyddsprojekt\/","og_locale":"en_GB","og_type":"article","og_title":"Inventeringar: Inom f\u00e5gelskyddsprojekt - BirdLife Uppland","og_description":"Inventera och var med f\u00f6r att hj\u00e4lpa bevara arter UOF arbetar med inventeringar av olika slag runt om i Uppland. Inventeringarna \u00e4r grundl\u00e4ggande i arbetet med f\u00e5gelskydd. Inventeringar ger oss [&hellip;]","og_url":"https:\/\/uppland.birdlife.se\/en\/fagelskydd\/inventeringar\/inventeringar-inom-fagelskyddsprojekt\/","og_site_name":"BirdLife Uppland","article_publisher":"https:\/\/www.facebook.com\/UpplandsOrn","article_modified_time":"2024-12-31T17:31:09+00:00","twitter_card":"summary_large_image","twitter_misc":{"Est. reading time":"1 minute"},"schema":{"@context":"https:\/\/schema.org","@graph":[{"@type":"WebPage","@id":"https:\/\/uppland.birdlife.se\/fagelskydd\/inventeringar\/inventeringar-inom-fagelskyddsprojekt\/","url":"https:\/\/uppland.birdlife.se\/fagelskydd\/inventeringar\/inventeringar-inom-fagelskyddsprojekt\/","name":"Inventeringar: Inom f\u00e5gelskyddsprojekt - BirdLife Uppland","isPartOf":{"@id":"https:\/\/uppland.birdlife.se\/#website"},"datePublished":"2024-02-20T21:08:23+00:00","dateModified":"2024-12-31T17:31:09+00:00","breadcrumb":{"@id":"https:\/\/uppland.birdlife.se\/fagelskydd\/inventeringar\/inventeringar-inom-fagelskyddsprojekt\/#breadcrumb"},"inLanguage":"en-GB","potentialAction":[{"@type":"ReadAction","target":["https:\/\/uppland.birdlife.se\/fagelskydd\/inventeringar\/inventeringar-inom-fagelskyddsprojekt\/"]}]},{"@type":"BreadcrumbList","@id":"https:\/\/uppland.birdlife.se\/fagelskydd\/inventeringar\/inventeringar-inom-fagelskyddsprojekt\/#breadcrumb","itemListElement":[{"@type":"ListItem","position":1,"name":"Home","item":"https:\/\/uppland.birdlife.se\/"},{"@type":"ListItem","position":2,"name":"F\u00e5gelskydd","item":"https:\/\/uppland.birdlife.se\/fagelskydd\/"},{"@type":"ListItem","position":3,"name":"Inventeringar","item":"https:\/\/uppland.birdlife.se\/fagelskydd\/inventeringar\/"},{"@type":"ListItem","position":4,"name":"Inventeringar: Inom f\u00e5gelskyddsprojekt"}]},{"@type":"WebSite","@id":"https:\/\/uppland.birdlife.se\/#website","url":"https:\/\/uppland.birdlife.se\/","name":"BirdLife Uppland","description":"En levande f\u00e5gelfauna i hela Uppland","publisher":{"@id":"https:\/\/uppland.birdlife.se\/#organization"},"potentialAction":[{"@type":"SearchAction","target":{"@type":"EntryPoint","urlTemplate":"https:\/\/uppland.birdlife.se\/?s={search_term_string}"},"query-input":{"@type":"PropertyValueSpecification","valueRequired":true,"valueName":"search_term_string"}}],"inLanguage":"en-GB"},{"@type":"Organization","@id":"https:\/\/uppland.birdlife.se\/#organization","name":"BirdLife Uppland","url":"https:\/\/uppland.birdlife.se\/","logo":{"@type":"ImageObject","inLanguage":"en-GB","@id":"https:\/\/uppland.birdlife.se\/#\/schema\/logo\/image\/","url":"https:\/\/cdn.birdlife.se\/wp-content\/uploads\/sites\/58\/2025\/12\/birdlifeUOF_profil_vertikal_150dpi.png","contentUrl":"https:\/\/cdn.birdlife.se\/wp-content\/uploads\/sites\/58\/2025\/12\/birdlifeUOF_profil_vertikal_150dpi.png","width":469,"height":459,"caption":"BirdLife Uppland"},"image":{"@id":"https:\/\/uppland.birdlife.se\/#\/schema\/logo\/image\/"},"sameAs":["https:\/\/www.facebook.com\/UpplandsOrn"]}]}},"_links":{"self":[{"href":"https:\/\/uppland.birdlife.se\/en\/wp-json\/wp\/v2\/pages\/5688","targetHints":{"allow":["GET"]}}],"collection":[{"href":"https:\/\/uppland.birdlife.se\/en\/wp-json\/wp\/v2\/pages"}],"about":[{"href":"https:\/\/uppland.birdlife.se\/en\/wp-json\/wp\/v2\/types\/page"}],"author":[{"embeddable":true,"href":"https:\/\/uppland.birdlife.se\/en\/wp-json\/wp\/v2\/users\/106"}],"replies":[{"embeddable":true,"href":"https:\/\/uppland.birdlife.se\/en\/wp-json\/wp\/v2\/comments?post=5688"}],"version-history":[{"count":29,"href":"https:\/\/uppland.birdlife.se\/en\/wp-json\/wp\/v2\/pages\/5688\/revisions"}],"predecessor-version":[{"id":7142,"href":"https:\/\/uppland.birdlife.se\/en\/wp-json\/wp\/v2\/pages\/5688\/revisions\/7142"}],"up":[{"embeddable":true,"href":"https:\/\/uppland.birdlife.se\/en\/wp-json\/wp\/v2\/pages\/898"}],"wp:attachment":[{"href":"https:\/\/uppland.birdlife.se\/en\/wp-json\/wp\/v2\/media?parent=5688"}],"curies":[{"name":"wp","href":"https:\/\/api.w.org\/{rel}","templated":true}]}}