{"id":6708,"date":"2024-11-27T14:19:57","date_gmt":"2024-11-27T13:19:57","guid":{"rendered":"https:\/\/uppland.birdlife.se\/?page_id=6708"},"modified":"2024-12-14T21:18:27","modified_gmt":"2024-12-14T20:18:27","slug":"hacknings-och-aktivitetskriterier","status":"publish","type":"page","link":"https:\/\/uppland.birdlife.se\/en\/rapportera-faglar\/hacknings-och-aktivitetskriterier\/","title":{"rendered":"H\u00e4cknings- och aktivitetskriterier"},"content":{"rendered":"<div data-elementor-type=\"wp-page\" data-elementor-id=\"6708\" class=\"elementor elementor-6708\" data-elementor-post-type=\"page\">\n\t\t\t\t\t\t<section data-particle_enable=\"false\" data-particle-mobile-disabled=\"false\" class=\"elementor-section elementor-top-section elementor-element elementor-element-06fca19 elementor-section-boxed elementor-section-height-default elementor-section-height-default\" data-id=\"06fca19\" data-element_type=\"section\" data-e-type=\"section\" data-settings=\"{&quot;jet_parallax_layout_list&quot;:[]}\">\n\t\t\t\t\t\t<div class=\"elementor-container elementor-column-gap-default\">\n\t\t\t\t\t<div class=\"elementor-column elementor-col-50 elementor-top-column elementor-element elementor-element-47c4975\" data-id=\"47c4975\" data-element_type=\"column\" data-e-type=\"column\">\n\t\t\t<div class=\"elementor-widget-wrap elementor-element-populated\">\n\t\t\t\t\t\t<div class=\"elementor-element elementor-element-01b8244 elementor-widget elementor-widget-text-editor\" data-id=\"01b8244\" data-element_type=\"widget\" data-e-type=\"widget\" data-widget_type=\"text-editor.default\">\n\t\t\t\t<div class=\"elementor-widget-container\">\n\t\t\t\t\t\t\t\t\t<section class=\"elementor-section elementor-top-section elementor-element elementor-element-fdfacfa elementor-section-boxed elementor-section-height-default elementor-section-height-default\" data-particle_enable=\"false\" data-particle-mobile-disabled=\"false\" data-id=\"fdfacfa\" data-element_type=\"section\" data-settings=\"{&quot;jet_parallax_layout_list&quot;:[]}\">\n<div class=\"elementor-container elementor-column-gap-default\">\n<div class=\"elementor-column elementor-col-100 elementor-top-column elementor-element elementor-element-d39cb73\" data-id=\"d39cb73\" data-element_type=\"column\">\n<div class=\"elementor-widget-wrap elementor-element-populated\">\n<div class=\"elementor-element elementor-element-21f51b2 elementor-widget elementor-widget-text-editor\" data-id=\"21f51b2\" data-element_type=\"widget\" data-widget_type=\"text-editor.default\">\n<div class=\"elementor-widget-container\">\n<p>Din observation \u00e4r mycket mer informativ om du anger artens observerade beteende eller de sp\u00e5r som den l\u00e4mnat efter sig. Kriterier som indikerar h\u00e4ckning \u00e4r av s\u00e4rkilt intresse i naturv\u00e5rdssammanhang. F\u00f6r att l\u00e4tt kunna anv\u00e4nda informationen m\u00e5ste den vara s\u00f6kbar. Bara genom att anv\u00e4nda ett valbart kriterium p\u00e5 rapportformul\u00e4ret blir ditt fynd ocks\u00e5 s\u00f6kbart enligt dessa kriterier.<\/p><p><br><\/p><p>Rapportformul\u00e4ret \u2013 f\u00e4lt \u2019Aktivitet\u2019: du kan v\u00e4lja fr\u00e5n lista av beteenden. Flera av dessa indikerar h\u00e4ckning. Har du till exempel sett en f\u00e5gel flyga till ett bo med f\u00f6da i n\u00e4bben s\u00e5 \u00e4r detta ett h\u00e4ckningskriterium (F\u00f6da \u00e5t ungar). En&nbsp;<strong>tabell med beskrivning av h\u00e4ckningskriterierna<\/strong>&nbsp;hittar du nedan, och nedanf\u00f6r tabellen bilder som ger&nbsp;<strong>exempel&nbsp;<\/strong>f\u00f6r n\u00e5gra av h\u00e4ckningskriterierna.<\/p>\n<\/div>\n<\/div>\n<\/div>\n<\/div>\n<\/div>\n<\/section>\n<section class=\"elementor-section elementor-top-section elementor-element elementor-element-70c2e97 elementor-section-boxed elementor-section-height-default elementor-section-height-default\" data-particle_enable=\"false\" data-particle-mobile-disabled=\"false\" data-id=\"70c2e97\" data-element_type=\"section\" data-settings=\"{&quot;jet_parallax_layout_list&quot;:[]}\">\n<div class=\"elementor-container elementor-column-gap-default\">\n<div class=\"elementor-column elementor-col-100 elementor-top-column elementor-element elementor-element-92ea4ba\" data-id=\"92ea4ba\" data-element_type=\"column\">\n<div class=\"elementor-widget-wrap elementor-element-populated\">\n<div class=\"elementor-element elementor-element-4aab2e7 elementor-widget elementor-widget-image\" data-id=\"4aab2e7\" data-element_type=\"widget\" data-widget_type=\"image.default\">\n<div class=\"elementor-widget-container\"><img fetchpriority=\"high\" decoding=\"async\" class=\"attachment-large size-large wp-image-1338\" src=\"https:\/\/cdn.birdlife.se\/wp-content\/uploads\/sites\/58\/2023\/06\/art-4.png\" alt=\"\" width=\"831\" height=\"582\" srcset=\"https:\/\/cdn.birdlife.se\/wp-content\/uploads\/sites\/58\/2023\/06\/art-4.png 831w, https:\/\/cdn.birdlife.se\/wp-content\/uploads\/sites\/58\/2023\/06\/art-4-300x210.png 300w, https:\/\/cdn.birdlife.se\/wp-content\/uploads\/sites\/58\/2023\/06\/art-4-768x538.png 768w, https:\/\/cdn.birdlife.se\/wp-content\/uploads\/sites\/58\/2023\/06\/art-4-18x12.png 18w\" sizes=\"(max-width: 831px) 100vw, 831px\" \/><\/div>\n<\/div>\n<\/div>\n<\/div>\n<\/div>\n<\/section>\n<section class=\"elementor-section elementor-top-section elementor-element elementor-element-5eec141 elementor-section-boxed elementor-section-height-default elementor-section-height-default\" data-particle_enable=\"false\" data-particle-mobile-disabled=\"false\" data-id=\"5eec141\" data-element_type=\"section\" data-settings=\"{&quot;jet_parallax_layout_list&quot;:[]}\">\n<div class=\"elementor-container elementor-column-gap-default\">\n<div class=\"elementor-column elementor-col-100 elementor-top-column elementor-element elementor-element-713238e\" data-id=\"713238e\" data-element_type=\"column\">\n<div class=\"elementor-widget-wrap elementor-element-populated\">\n<div class=\"elementor-element elementor-element-9b51e86 elementor-widget elementor-widget-text-editor\" data-id=\"9b51e86\" data-element_type=\"widget\" data-widget_type=\"text-editor.default\">\n<div class=\"elementor-widget-container\">\n<p>N\u00e4r man vill s\u00f6ka fram fynd som motsvarar sannolik h\u00e4ckning g\u00e5r det bara om du har angett ett kriterium fr\u00e5n listan. Om du bara anger information om h\u00e4ckning i kommentarsf\u00e4ltet s\u00e5 kan man inte l\u00e4tt s\u00f6ka fram den, och det \u00e4r stor risk att den missas.<\/p>\n<p><strong>H\u00e4ckningskriterier&nbsp;<\/strong>enligt Svensk f\u00e5gelatlas finns motsvarande bland aktivitetskategorierna p\u00e5 Artportalen. H\u00e4ckningskriterierna 1-5 indikerar m\u00f6jlig h\u00e4ckning, 6-9 indikerar trolig h\u00e4ckning, 20-10 visar p\u00e5 s\u00e4ker h\u00e4ckning:&nbsp;<\/p>\n<\/div>\n<\/div>\n<\/div>\n<\/div>\n<\/div>\n<\/section>\n<section class=\"elementor-section elementor-top-section elementor-element elementor-element-3ec8ec2 elementor-section-boxed elementor-section-height-default elementor-section-height-default\" data-particle_enable=\"false\" data-particle-mobile-disabled=\"false\" data-id=\"3ec8ec2\" data-element_type=\"section\" data-settings=\"{&quot;jet_parallax_layout_list&quot;:[]}\">\n<div class=\"elementor-container elementor-column-gap-default\">\n<div class=\"elementor-column elementor-col-100 elementor-top-column elementor-element elementor-element-ed5c1ba\" data-id=\"ed5c1ba\" data-element_type=\"column\">\n<div class=\"elementor-widget-wrap elementor-element-populated\">\n<div class=\"elementor-element elementor-element-1193789 elementor-widget elementor-widget-image\" data-id=\"1193789\" data-element_type=\"widget\" data-widget_type=\"image.default\">\n<div class=\"elementor-widget-container\"><img decoding=\"async\" class=\"attachment-large size-large wp-image-1339\" src=\"https:\/\/cdn.birdlife.se\/wp-content\/uploads\/sites\/58\/2023\/06\/art-5.png\" alt=\"\" width=\"744\" height=\"709\" srcset=\"https:\/\/cdn.birdlife.se\/wp-content\/uploads\/sites\/58\/2023\/06\/art-5.png 744w, https:\/\/cdn.birdlife.se\/wp-content\/uploads\/sites\/58\/2023\/06\/art-5-300x286.png 300w, https:\/\/cdn.birdlife.se\/wp-content\/uploads\/sites\/58\/2023\/06\/art-5-13x12.png 13w\" sizes=\"(max-width: 744px) 100vw, 744px\" \/><\/div>\n<\/div>\n<\/div>\n<\/div>\n<\/div>\n<\/section>\n<section class=\"elementor-section elementor-top-section elementor-element elementor-element-2dc9873 elementor-section-boxed elementor-section-height-default elementor-section-height-default\" data-particle_enable=\"false\" data-particle-mobile-disabled=\"false\" data-id=\"2dc9873\" data-element_type=\"section\" data-settings=\"{&quot;jet_parallax_layout_list&quot;:[]}\">\n<div class=\"elementor-container elementor-column-gap-default\">\n<div class=\"elementor-column elementor-col-100 elementor-top-column elementor-element elementor-element-154aab0\" data-id=\"154aab0\" data-element_type=\"column\">\n<div class=\"elementor-widget-wrap elementor-element-populated\">\n<div class=\"elementor-element elementor-element-5ac36d4 elementor-widget elementor-widget-image\" data-id=\"5ac36d4\" data-element_type=\"widget\" data-widget_type=\"image.default\">\n<div class=\"elementor-widget-container\"><img decoding=\"async\" class=\"attachment-large size-large wp-image-1340\" src=\"https:\/\/cdn.birdlife.se\/wp-content\/uploads\/sites\/58\/2023\/06\/art-6.png\" alt=\"\" width=\"564\" height=\"797\" srcset=\"https:\/\/cdn.birdlife.se\/wp-content\/uploads\/sites\/58\/2023\/06\/art-6.png 564w, https:\/\/cdn.birdlife.se\/wp-content\/uploads\/sites\/58\/2023\/06\/art-6-212x300.png 212w, https:\/\/cdn.birdlife.se\/wp-content\/uploads\/sites\/58\/2023\/06\/art-6-8x12.png 8w\" sizes=\"(max-width: 564px) 100vw, 564px\" \/><\/div>\n<\/div>\n<\/div>\n<\/div>\n<\/div>\n<\/section>\t\t\t\t\t\t\t\t<\/div>\n\t\t\t\t<\/div>\n\t\t\t\t\t<\/div>\n\t\t<\/div>\n\t\t\t\t<div class=\"elementor-column elementor-col-50 elementor-top-column elementor-element elementor-element-1de7395\" data-id=\"1de7395\" data-element_type=\"column\" data-e-type=\"column\">\n\t\t\t<div class=\"elementor-widget-wrap elementor-element-populated\">\n\t\t\t\t\t\t<div class=\"elementor-element elementor-element-side-menu elementor-widget__width-initial elementor-widget elementor-widget-Sidomeny\" data-id=\"side-menu\" data-element_type=\"widget\" data-e-type=\"widget\" data-widget_type=\"Sidomeny.default\">\n\t\t\t\t<div class=\"elementor-widget-container\">\n\t\t\t\t\t\n<section class=\"side-menu\">\n\n    <nav class=\"aside-nav\">\n\n        <ul class=\"aside-nav__list u--reset-list\">\n\n                            <li class=\"aside-nav__list-item\">\n                    <a class=\"aside-nav__list-item-link t--primary-bg t--primary-bg-color\"\n                        href=\"https:\/\/uppland.birdlife.se\/en\/rapportera-faglar\/ange-relevant-fyndplats\/\">\n                        Ange relevant fyndplats\n                                            <\/a>\n\n                    \n                <\/li>\n                            <li class=\"aside-nav__list-item\">\n                    <a class=\"aside-nav__list-item-link t--primary-bg t--primary-bg-color\"\n                        href=\"https:\/\/uppland.birdlife.se\/en\/rapportera-faglar\/hacknings-och-aktivitetskriterier\/\">\n                        H\u00e4cknings- och aktivitetskriterier\n                                            <\/a>\n\n                    \n                <\/li>\n                            <li class=\"aside-nav__list-item\">\n                    <a class=\"aside-nav__list-item-link t--primary-bg t--primary-bg-color\"\n                        href=\"https:\/\/uppland.birdlife.se\/en\/rapportera-faglar\/skyddade-fynd\/\">\n                        Skyddade fynd\n                                            <\/a>\n\n                    \n                <\/li>\n                            <li class=\"aside-nav__list-item\">\n                    <a class=\"aside-nav__list-item-link t--primary-bg t--primary-bg-color\"\n                        href=\"https:\/\/uppland.birdlife.se\/en\/rapportera-faglar\/ratta-fynd-som-rakat-bli-fel\/\">\n                        R\u00e4tta fynd som r\u00e5kat bli fel\n                                            <\/a>\n\n                    \n                <\/li>\n            \n        <\/ul>\n\n    <\/nav>\n\n<\/section>\n\t\t\t\t<\/div>\n\t\t\t\t<\/div>\n\t\t\t\t\t<\/div>\n\t\t<\/div>\n\t\t\t\t\t<\/div>\n\t\t<\/section>\n\t\t\t\t<\/div>","protected":false},"excerpt":{"rendered":"<p>Din observation \u00e4r mycket mer informativ om du anger artens observerade beteende eller de sp\u00e5r som den l\u00e4mnat efter sig. Kriterier som indikerar h\u00e4ckning \u00e4r av s\u00e4rkilt intresse i naturv\u00e5rdssammanhang. [&hellip;]<\/p>\n","protected":false},"author":106,"featured_media":0,"parent":5682,"menu_order":2,"comment_status":"closed","ping_status":"closed","template":"","meta":{"_acf_changed":false,"inline_featured_image":false,"footnotes":""},"class_list":["post-6708","page","type-page","status-publish","hentry"],"acf":[],"yoast_head":"<!-- This site is optimized with the Yoast SEO plugin v27.2 - https:\/\/yoast.com\/product\/yoast-seo-wordpress\/ -->\n<title>H\u00e4cknings- och aktivitetskriterier - BirdLife Uppland<\/title>\n<meta name=\"robots\" content=\"index, follow, max-snippet:-1, max-image-preview:large, max-video-preview:-1\" \/>\n<link rel=\"canonical\" href=\"https:\/\/uppland.birdlife.se\/en\/rapportera-faglar\/hacknings-och-aktivitetskriterier\/\" \/>\n<meta property=\"og:locale\" content=\"en_GB\" \/>\n<meta property=\"og:type\" content=\"article\" \/>\n<meta property=\"og:title\" content=\"H\u00e4cknings- och aktivitetskriterier - BirdLife Uppland\" \/>\n<meta property=\"og:description\" content=\"Din observation \u00e4r mycket mer informativ om du anger artens observerade beteende eller de sp\u00e5r som den l\u00e4mnat efter sig. Kriterier som indikerar h\u00e4ckning \u00e4r av s\u00e4rkilt intresse i naturv\u00e5rdssammanhang. [&hellip;]\" \/>\n<meta property=\"og:url\" content=\"https:\/\/uppland.birdlife.se\/en\/rapportera-faglar\/hacknings-och-aktivitetskriterier\/\" \/>\n<meta property=\"og:site_name\" content=\"BirdLife Uppland\" \/>\n<meta property=\"article:publisher\" content=\"https:\/\/www.facebook.com\/UpplandsOrn\" \/>\n<meta property=\"article:modified_time\" content=\"2024-12-14T20:18:27+00:00\" \/>\n<meta property=\"og:image\" content=\"https:\/\/uppland.birdlife.se\/wp-content\/uploads\/sites\/58\/2023\/06\/art-4.png\" \/>\n<meta name=\"twitter:card\" content=\"summary_large_image\" \/>\n<meta name=\"twitter:label1\" content=\"Est. reading time\" \/>\n\t<meta name=\"twitter:data1\" content=\"4 minutes\" \/>\n<script type=\"application\/ld+json\" class=\"yoast-schema-graph\">{\"@context\":\"https:\/\/schema.org\",\"@graph\":[{\"@type\":\"WebPage\",\"@id\":\"https:\/\/uppland.birdlife.se\/rapportera-faglar\/hacknings-och-aktivitetskriterier\/\",\"url\":\"https:\/\/uppland.birdlife.se\/rapportera-faglar\/hacknings-och-aktivitetskriterier\/\",\"name\":\"H\u00e4cknings- och aktivitetskriterier - BirdLife Uppland\",\"isPartOf\":{\"@id\":\"https:\/\/uppland.birdlife.se\/#website\"},\"primaryImageOfPage\":{\"@id\":\"https:\/\/uppland.birdlife.se\/rapportera-faglar\/hacknings-och-aktivitetskriterier\/#primaryimage\"},\"image\":{\"@id\":\"https:\/\/uppland.birdlife.se\/rapportera-faglar\/hacknings-och-aktivitetskriterier\/#primaryimage\"},\"thumbnailUrl\":\"https:\/\/uppland.birdlife.se\/wp-content\/uploads\/sites\/58\/2023\/06\/art-4.png\",\"datePublished\":\"2024-11-27T13:19:57+00:00\",\"dateModified\":\"2024-12-14T20:18:27+00:00\",\"breadcrumb\":{\"@id\":\"https:\/\/uppland.birdlife.se\/rapportera-faglar\/hacknings-och-aktivitetskriterier\/#breadcrumb\"},\"inLanguage\":\"en-GB\",\"potentialAction\":[{\"@type\":\"ReadAction\",\"target\":[\"https:\/\/uppland.birdlife.se\/rapportera-faglar\/hacknings-och-aktivitetskriterier\/\"]}]},{\"@type\":\"ImageObject\",\"inLanguage\":\"en-GB\",\"@id\":\"https:\/\/uppland.birdlife.se\/rapportera-faglar\/hacknings-och-aktivitetskriterier\/#primaryimage\",\"url\":\"https:\/\/uppland.birdlife.se\/wp-content\/uploads\/sites\/58\/2023\/06\/art-4.png\",\"contentUrl\":\"https:\/\/uppland.birdlife.se\/wp-content\/uploads\/sites\/58\/2023\/06\/art-4.png\"},{\"@type\":\"BreadcrumbList\",\"@id\":\"https:\/\/uppland.birdlife.se\/rapportera-faglar\/hacknings-och-aktivitetskriterier\/#breadcrumb\",\"itemListElement\":[{\"@type\":\"ListItem\",\"position\":1,\"name\":\"Home\",\"item\":\"https:\/\/uppland.birdlife.se\/\"},{\"@type\":\"ListItem\",\"position\":2,\"name\":\"Rapportera f\u00e5glar\",\"item\":\"https:\/\/uppland.birdlife.se\/rapportera-faglar\/\"},{\"@type\":\"ListItem\",\"position\":3,\"name\":\"H\u00e4cknings- och aktivitetskriterier\"}]},{\"@type\":\"WebSite\",\"@id\":\"https:\/\/uppland.birdlife.se\/#website\",\"url\":\"https:\/\/uppland.birdlife.se\/\",\"name\":\"BirdLife Uppland\",\"description\":\"En levande f\u00e5gelfauna i hela Uppland\",\"publisher\":{\"@id\":\"https:\/\/uppland.birdlife.se\/#organization\"},\"potentialAction\":[{\"@type\":\"SearchAction\",\"target\":{\"@type\":\"EntryPoint\",\"urlTemplate\":\"https:\/\/uppland.birdlife.se\/?s={search_term_string}\"},\"query-input\":{\"@type\":\"PropertyValueSpecification\",\"valueRequired\":true,\"valueName\":\"search_term_string\"}}],\"inLanguage\":\"en-GB\"},{\"@type\":\"Organization\",\"@id\":\"https:\/\/uppland.birdlife.se\/#organization\",\"name\":\"BirdLife Uppland\",\"url\":\"https:\/\/uppland.birdlife.se\/\",\"logo\":{\"@type\":\"ImageObject\",\"inLanguage\":\"en-GB\",\"@id\":\"https:\/\/uppland.birdlife.se\/#\/schema\/logo\/image\/\",\"url\":\"https:\/\/cdn.birdlife.se\/wp-content\/uploads\/sites\/58\/2025\/12\/birdlifeUOF_profil_vertikal_150dpi.png\",\"contentUrl\":\"https:\/\/cdn.birdlife.se\/wp-content\/uploads\/sites\/58\/2025\/12\/birdlifeUOF_profil_vertikal_150dpi.png\",\"width\":469,\"height\":459,\"caption\":\"BirdLife Uppland\"},\"image\":{\"@id\":\"https:\/\/uppland.birdlife.se\/#\/schema\/logo\/image\/\"},\"sameAs\":[\"https:\/\/www.facebook.com\/UpplandsOrn\"]}]}<\/script>\n<!-- \/ Yoast SEO plugin. -->","yoast_head_json":{"title":"H\u00e4cknings- och aktivitetskriterier - BirdLife Uppland","robots":{"index":"index","follow":"follow","max-snippet":"max-snippet:-1","max-image-preview":"max-image-preview:large","max-video-preview":"max-video-preview:-1"},"canonical":"https:\/\/uppland.birdlife.se\/en\/rapportera-faglar\/hacknings-och-aktivitetskriterier\/","og_locale":"en_GB","og_type":"article","og_title":"H\u00e4cknings- och aktivitetskriterier - BirdLife Uppland","og_description":"Din observation \u00e4r mycket mer informativ om du anger artens observerade beteende eller de sp\u00e5r som den l\u00e4mnat efter sig. Kriterier som indikerar h\u00e4ckning \u00e4r av s\u00e4rkilt intresse i naturv\u00e5rdssammanhang. [&hellip;]","og_url":"https:\/\/uppland.birdlife.se\/en\/rapportera-faglar\/hacknings-och-aktivitetskriterier\/","og_site_name":"BirdLife Uppland","article_publisher":"https:\/\/www.facebook.com\/UpplandsOrn","article_modified_time":"2024-12-14T20:18:27+00:00","og_image":[{"url":"https:\/\/uppland.birdlife.se\/wp-content\/uploads\/sites\/58\/2023\/06\/art-4.png","type":"","width":"","height":""}],"twitter_card":"summary_large_image","twitter_misc":{"Est. reading time":"4 minutes"},"schema":{"@context":"https:\/\/schema.org","@graph":[{"@type":"WebPage","@id":"https:\/\/uppland.birdlife.se\/rapportera-faglar\/hacknings-och-aktivitetskriterier\/","url":"https:\/\/uppland.birdlife.se\/rapportera-faglar\/hacknings-och-aktivitetskriterier\/","name":"H\u00e4cknings- och aktivitetskriterier - BirdLife Uppland","isPartOf":{"@id":"https:\/\/uppland.birdlife.se\/#website"},"primaryImageOfPage":{"@id":"https:\/\/uppland.birdlife.se\/rapportera-faglar\/hacknings-och-aktivitetskriterier\/#primaryimage"},"image":{"@id":"https:\/\/uppland.birdlife.se\/rapportera-faglar\/hacknings-och-aktivitetskriterier\/#primaryimage"},"thumbnailUrl":"https:\/\/uppland.birdlife.se\/wp-content\/uploads\/sites\/58\/2023\/06\/art-4.png","datePublished":"2024-11-27T13:19:57+00:00","dateModified":"2024-12-14T20:18:27+00:00","breadcrumb":{"@id":"https:\/\/uppland.birdlife.se\/rapportera-faglar\/hacknings-och-aktivitetskriterier\/#breadcrumb"},"inLanguage":"en-GB","potentialAction":[{"@type":"ReadAction","target":["https:\/\/uppland.birdlife.se\/rapportera-faglar\/hacknings-och-aktivitetskriterier\/"]}]},{"@type":"ImageObject","inLanguage":"en-GB","@id":"https:\/\/uppland.birdlife.se\/rapportera-faglar\/hacknings-och-aktivitetskriterier\/#primaryimage","url":"https:\/\/uppland.birdlife.se\/wp-content\/uploads\/sites\/58\/2023\/06\/art-4.png","contentUrl":"https:\/\/uppland.birdlife.se\/wp-content\/uploads\/sites\/58\/2023\/06\/art-4.png"},{"@type":"BreadcrumbList","@id":"https:\/\/uppland.birdlife.se\/rapportera-faglar\/hacknings-och-aktivitetskriterier\/#breadcrumb","itemListElement":[{"@type":"ListItem","position":1,"name":"Home","item":"https:\/\/uppland.birdlife.se\/"},{"@type":"ListItem","position":2,"name":"Rapportera f\u00e5glar","item":"https:\/\/uppland.birdlife.se\/rapportera-faglar\/"},{"@type":"ListItem","position":3,"name":"H\u00e4cknings- och aktivitetskriterier"}]},{"@type":"WebSite","@id":"https:\/\/uppland.birdlife.se\/#website","url":"https:\/\/uppland.birdlife.se\/","name":"BirdLife Uppland","description":"En levande f\u00e5gelfauna i hela Uppland","publisher":{"@id":"https:\/\/uppland.birdlife.se\/#organization"},"potentialAction":[{"@type":"SearchAction","target":{"@type":"EntryPoint","urlTemplate":"https:\/\/uppland.birdlife.se\/?s={search_term_string}"},"query-input":{"@type":"PropertyValueSpecification","valueRequired":true,"valueName":"search_term_string"}}],"inLanguage":"en-GB"},{"@type":"Organization","@id":"https:\/\/uppland.birdlife.se\/#organization","name":"BirdLife Uppland","url":"https:\/\/uppland.birdlife.se\/","logo":{"@type":"ImageObject","inLanguage":"en-GB","@id":"https:\/\/uppland.birdlife.se\/#\/schema\/logo\/image\/","url":"https:\/\/cdn.birdlife.se\/wp-content\/uploads\/sites\/58\/2025\/12\/birdlifeUOF_profil_vertikal_150dpi.png","contentUrl":"https:\/\/cdn.birdlife.se\/wp-content\/uploads\/sites\/58\/2025\/12\/birdlifeUOF_profil_vertikal_150dpi.png","width":469,"height":459,"caption":"BirdLife Uppland"},"image":{"@id":"https:\/\/uppland.birdlife.se\/#\/schema\/logo\/image\/"},"sameAs":["https:\/\/www.facebook.com\/UpplandsOrn"]}]}},"_links":{"self":[{"href":"https:\/\/uppland.birdlife.se\/en\/wp-json\/wp\/v2\/pages\/6708","targetHints":{"allow":["GET"]}}],"collection":[{"href":"https:\/\/uppland.birdlife.se\/en\/wp-json\/wp\/v2\/pages"}],"about":[{"href":"https:\/\/uppland.birdlife.se\/en\/wp-json\/wp\/v2\/types\/page"}],"author":[{"embeddable":true,"href":"https:\/\/uppland.birdlife.se\/en\/wp-json\/wp\/v2\/users\/106"}],"replies":[{"embeddable":true,"href":"https:\/\/uppland.birdlife.se\/en\/wp-json\/wp\/v2\/comments?post=6708"}],"version-history":[{"count":23,"href":"https:\/\/uppland.birdlife.se\/en\/wp-json\/wp\/v2\/pages\/6708\/revisions"}],"predecessor-version":[{"id":8178,"href":"https:\/\/uppland.birdlife.se\/en\/wp-json\/wp\/v2\/pages\/6708\/revisions\/8178"}],"up":[{"embeddable":true,"href":"https:\/\/uppland.birdlife.se\/en\/wp-json\/wp\/v2\/pages\/5682"}],"wp:attachment":[{"href":"https:\/\/uppland.birdlife.se\/en\/wp-json\/wp\/v2\/media?parent=6708"}],"curies":[{"name":"wp","href":"https:\/\/api.w.org\/{rel}","templated":true}]}}