{"id":6710,"date":"2024-11-27T14:20:09","date_gmt":"2024-11-27T13:20:09","guid":{"rendered":"https:\/\/uppland.birdlife.se\/?page_id=6710"},"modified":"2024-12-14T21:19:01","modified_gmt":"2024-12-14T20:19:01","slug":"skyddade-fynd","status":"publish","type":"page","link":"https:\/\/uppland.birdlife.se\/en\/rapportera-faglar\/skyddade-fynd\/","title":{"rendered":"Skyddade fynd"},"content":{"rendered":"<div data-elementor-type=\"wp-page\" data-elementor-id=\"6710\" class=\"elementor elementor-6710\" data-elementor-post-type=\"page\">\n\t\t\t\t\t\t<section data-particle_enable=\"false\" data-particle-mobile-disabled=\"false\" class=\"elementor-section elementor-top-section elementor-element elementor-element-99b74ed elementor-section-boxed elementor-section-height-default elementor-section-height-default\" data-id=\"99b74ed\" data-element_type=\"section\" data-e-type=\"section\" data-settings=\"{&quot;jet_parallax_layout_list&quot;:[]}\">\n\t\t\t\t\t\t<div class=\"elementor-container elementor-column-gap-default\">\n\t\t\t\t\t<div class=\"elementor-column elementor-col-50 elementor-top-column elementor-element elementor-element-70710c3\" data-id=\"70710c3\" data-element_type=\"column\" data-e-type=\"column\">\n\t\t\t<div class=\"elementor-widget-wrap elementor-element-populated\">\n\t\t\t\t\t\t<div class=\"elementor-element elementor-element-77c4b03 elementor-widget elementor-widget-text-editor\" data-id=\"77c4b03\" data-element_type=\"widget\" data-e-type=\"widget\" data-widget_type=\"text-editor.default\">\n\t\t\t\t<div class=\"elementor-widget-container\">\n\t\t\t\t\t\t\t\t\t<section class=\"elementor-section elementor-top-section elementor-element elementor-element-7cda2b1 elementor-section-boxed elementor-section-height-default elementor-section-height-default\" data-particle_enable=\"false\" data-particle-mobile-disabled=\"false\" data-id=\"7cda2b1\" data-element_type=\"section\" data-settings=\"{&quot;jet_parallax_layout_list&quot;:[]}\"><div class=\"elementor-container elementor-column-gap-default\"><div class=\"elementor-column elementor-col-100 elementor-top-column elementor-element elementor-element-c9be6b3\" data-id=\"c9be6b3\" data-element_type=\"column\"><div class=\"elementor-widget-wrap elementor-element-populated\"><div class=\"elementor-element elementor-element-aec078d elementor-widget elementor-widget-text-editor\" data-id=\"aec078d\" data-element_type=\"widget\" data-widget_type=\"text-editor.default\"><div class=\"elementor-widget-container\"><p>M\u00e5nga v\u00e4ljer att ange ett f\u00f6r stort omr\u00e5de, eller att inte rapportera fyndet alls. Nackdelen blir att fyndet inte kan anv\u00e4ndas som underlag i naturv\u00e5rdsarbetet. Information om f\u00f6rekomst och exakt position f\u00f6r k\u00e4nsliga arter \u00e4r viktigt. M\u00e5nga myndigheter anv\u00e4nder observationer som beslutsunderlag vid t ex olika typer av exploateringar och beh\u00f6ver d\u00e5 k\u00e4nna till den exakta positionen. Observationer p\u00e5 Artportalen utg\u00f6r ocks\u00e5 ofta det enda underlag f\u00f6r t ex milj\u00f6konsekvensbeskrivningar. L\u00e4s om\u00a0<a href=\"https:\/\/www.skogsstyrelsen.se\/lag-och-tillsyn\/artskydd\/\" target=\"_blank\" rel=\"noreferrer noopener\">artskydd<\/a>\u00a0p\u00e5 t ex Skogsstyrelsens hemsida.<\/p><p>F\u00f6r att informationen inte ska kunna hamna i fel h\u00e4nder kan fyndet skyddas fr\u00e5n publik visning \u2013 i m\u00e5nga fall sker detta automatiskt, men du kan ocks\u00e5 sj\u00e4lv skydda fyndet.<\/p><p>\u00a0<\/p><h4><strong>1) Automatiskt skydd:<\/strong><\/h4><p>F\u00f6r vissa k\u00e4nsliga arter blir fynden automatiskt skyddade. Fyndet och den exakta positionen d\u00f6ljs fr\u00e5n publik visning. F\u00f6r arter med h\u00f6g skyddsklass kan det g\u00e4lla alla fynd. F\u00f6r arter med l\u00e4gre skyddsklass\u00a0<em>d\u00f6ljs fynden<\/em>\u00a0<em>bara n\u00e4r de rapporteras med h\u00e4ckningskriterium<\/em>, dvs n\u00e4r du angett en \u2019aktivitet\u2019 som indikerar h\u00e4ckning. Rapporten blir d\u00e5 allts\u00e5 publikt synligt om h\u00e4ckningskriterium saknas! Skyddsklassningen g\u00f6rs utifr\u00e5n aktuell hotbild. Du kan l\u00e4sa mer samt hitta en lista \u00f6ver de\u00a0<a href=\"https:\/\/www.artdatabanken.se\/var-verksamhet\/fynddata\/skyddsklassade-arter\/\" target=\"_blank\" rel=\"noreferrer noopener\">skyddsklassade arterna p\u00e5 Artdatabankens hemsida<\/a><\/p><p>\u00a0<\/p><h4><strong>2) Skydda ditt fynd \u2013 obfuskerad lokal:<\/strong><\/h4><p>Du kan skydda den exakta platsen f\u00f6r din observation genom att rapportera f\u00f6r obfuskerad lokal \u2013 den exakta positionen visas d\u00e5 inte publikt. Du skapar en ny lokal och anger diffusion (=storlek f\u00f6r en ruta som visas ist\u00e4llet f\u00f6r exakt fyndplats). Bara du och personer med tilldelad beh\u00f6righet kan se exakt fyndplats.<\/p><\/div><\/div><\/div><\/div><\/div><\/section><section class=\"elementor-section elementor-top-section elementor-element elementor-element-9292288 elementor-section-boxed elementor-section-height-default elementor-section-height-default\" data-particle_enable=\"false\" data-particle-mobile-disabled=\"false\" data-id=\"9292288\" data-element_type=\"section\" data-settings=\"{&quot;jet_parallax_layout_list&quot;:[]}\"><div class=\"elementor-container elementor-column-gap-default\"><div class=\"elementor-column elementor-col-100 elementor-top-column elementor-element elementor-element-36b54c6\" data-id=\"36b54c6\" data-element_type=\"column\"><div class=\"elementor-widget-wrap elementor-element-populated\"><div class=\"elementor-element elementor-element-cd3c97a elementor-widget__width-initial elementor-widget elementor-widget-image\" data-id=\"cd3c97a\" data-element_type=\"widget\" data-widget_type=\"image.default\"><div class=\"elementor-widget-container\"><img fetchpriority=\"high\" decoding=\"async\" class=\"attachment-large size-large wp-image-1345\" src=\"https:\/\/cdn.birdlife.se\/wp-content\/uploads\/sites\/58\/2023\/06\/art-7.png\" alt=\"\" width=\"803\" height=\"547\" srcset=\"https:\/\/cdn.birdlife.se\/wp-content\/uploads\/sites\/58\/2023\/06\/art-7.png 803w, https:\/\/cdn.birdlife.se\/wp-content\/uploads\/sites\/58\/2023\/06\/art-7-300x204.png 300w, https:\/\/cdn.birdlife.se\/wp-content\/uploads\/sites\/58\/2023\/06\/art-7-768x523.png 768w, https:\/\/cdn.birdlife.se\/wp-content\/uploads\/sites\/58\/2023\/06\/art-7-18x12.png 18w\" sizes=\"(max-width: 803px) 100vw, 803px\" \/><\/div><\/div><\/div><\/div><\/div><\/section><section class=\"elementor-section elementor-top-section elementor-element elementor-element-2125896 elementor-section-boxed elementor-section-height-default elementor-section-height-default\" data-particle_enable=\"false\" data-particle-mobile-disabled=\"false\" data-id=\"2125896\" data-element_type=\"section\" data-settings=\"{&quot;jet_parallax_layout_list&quot;:[]}\"><div class=\"elementor-container elementor-column-gap-default\"><div class=\"elementor-column elementor-col-100 elementor-top-column elementor-element elementor-element-75ff158\" data-id=\"75ff158\" data-element_type=\"column\"><div class=\"elementor-widget-wrap elementor-element-populated\"><div class=\"elementor-element elementor-element-a7ce8ed elementor-widget elementor-widget-text-editor\" data-id=\"a7ce8ed\" data-element_type=\"widget\" data-widget_type=\"text-editor.default\"><div class=\"elementor-widget-container\"><h4><strong>3) Skydda under vald tidsperiod:<\/strong><\/h4><p>Du kan skydda fyndet helt fr\u00e5n publik visning under en tidsperiod fram till ett fritt datum som du kan specificera p\u00e5 rapportformul\u00e4ret \u2019Skydda t.o.m.: \u2026.\u2019<\/p><p>Skyddade fynd kan ses enbart av den som rapporterar och personer som p.g.a. sina arbetsuppgifter har tilldelats ut\u00f6kad beh\u00f6righet (t ex personal p\u00e5 myndigheter som jobbar med naturv\u00e5rd, personal p\u00e5 Artdatabanken).<\/p><\/div><\/div><\/div><\/div><\/div><\/section><section class=\"elementor-section elementor-top-section elementor-element elementor-element-ff04710 elementor-section-boxed elementor-section-height-default elementor-section-height-default\" data-particle_enable=\"false\" data-particle-mobile-disabled=\"false\" data-id=\"ff04710\" data-element_type=\"section\" data-settings=\"{&quot;jet_parallax_layout_list&quot;:[]}\"><div class=\"elementor-container elementor-column-gap-default\"><div class=\"elementor-column elementor-col-100 elementor-top-column elementor-element elementor-element-78e21c1\" data-id=\"78e21c1\" data-element_type=\"column\"><div class=\"elementor-widget-wrap elementor-element-populated\"><div class=\"elementor-element elementor-element-f191ac7 elementor-widget elementor-widget-image\" data-id=\"f191ac7\" data-element_type=\"widget\" data-widget_type=\"image.default\"><div class=\"elementor-widget-container\"><img decoding=\"async\" class=\"attachment-large size-large wp-image-1346\" src=\"https:\/\/cdn.birdlife.se\/wp-content\/uploads\/sites\/58\/2023\/06\/art-8.png\" alt=\"\" width=\"488\" height=\"320\" srcset=\"https:\/\/cdn.birdlife.se\/wp-content\/uploads\/sites\/58\/2023\/06\/art-8.png 488w, https:\/\/cdn.birdlife.se\/wp-content\/uploads\/sites\/58\/2023\/06\/art-8-300x197.png 300w, https:\/\/cdn.birdlife.se\/wp-content\/uploads\/sites\/58\/2023\/06\/art-8-18x12.png 18w\" sizes=\"(max-width: 488px) 100vw, 488px\" \/><\/div><\/div><\/div><\/div><\/div><\/section>\t\t\t\t\t\t\t\t<\/div>\n\t\t\t\t<\/div>\n\t\t\t\t\t<\/div>\n\t\t<\/div>\n\t\t\t\t<div class=\"elementor-column elementor-col-50 elementor-top-column elementor-element elementor-element-0cc3a42\" data-id=\"0cc3a42\" data-element_type=\"column\" data-e-type=\"column\">\n\t\t\t<div class=\"elementor-widget-wrap elementor-element-populated\">\n\t\t\t\t\t\t<div class=\"elementor-element elementor-element-side-menu elementor-widget__width-initial elementor-widget elementor-widget-Sidomeny\" data-id=\"side-menu\" data-element_type=\"widget\" data-e-type=\"widget\" data-widget_type=\"Sidomeny.default\">\n\t\t\t\t<div class=\"elementor-widget-container\">\n\t\t\t\t\t\n<section class=\"side-menu\">\n\n    <nav class=\"aside-nav\">\n\n        <ul class=\"aside-nav__list u--reset-list\">\n\n                            <li class=\"aside-nav__list-item\">\n                    <a class=\"aside-nav__list-item-link t--primary-bg t--primary-bg-color\"\n                        href=\"https:\/\/uppland.birdlife.se\/en\/rapportera-faglar\/ange-relevant-fyndplats\/\">\n                        Ange relevant fyndplats\n                                            <\/a>\n\n                    \n                <\/li>\n                            <li class=\"aside-nav__list-item\">\n                    <a class=\"aside-nav__list-item-link t--primary-bg t--primary-bg-color\"\n                        href=\"https:\/\/uppland.birdlife.se\/en\/rapportera-faglar\/hacknings-och-aktivitetskriterier\/\">\n                        H\u00e4cknings- och aktivitetskriterier\n                                            <\/a>\n\n                    \n                <\/li>\n                            <li class=\"aside-nav__list-item\">\n                    <a class=\"aside-nav__list-item-link t--primary-bg t--primary-bg-color\"\n                        href=\"https:\/\/uppland.birdlife.se\/en\/rapportera-faglar\/skyddade-fynd\/\">\n                        Skyddade fynd\n                                            <\/a>\n\n                    \n                <\/li>\n                            <li class=\"aside-nav__list-item\">\n                    <a class=\"aside-nav__list-item-link t--primary-bg t--primary-bg-color\"\n                        href=\"https:\/\/uppland.birdlife.se\/en\/rapportera-faglar\/ratta-fynd-som-rakat-bli-fel\/\">\n                        R\u00e4tta fynd som r\u00e5kat bli fel\n                                            <\/a>\n\n                    \n                <\/li>\n            \n        <\/ul>\n\n    <\/nav>\n\n<\/section>\n\t\t\t\t<\/div>\n\t\t\t\t<\/div>\n\t\t\t\t\t<\/div>\n\t\t<\/div>\n\t\t\t\t\t<\/div>\n\t\t<\/section>\n\t\t\t\t<\/div>","protected":false},"excerpt":{"rendered":"<p>M\u00e5nga v\u00e4ljer att ange ett f\u00f6r stort omr\u00e5de, eller att inte rapportera fyndet alls. Nackdelen blir att fyndet inte kan anv\u00e4ndas som underlag i naturv\u00e5rdsarbetet. Information om f\u00f6rekomst och exakt [&hellip;]<\/p>\n","protected":false},"author":106,"featured_media":0,"parent":5682,"menu_order":4,"comment_status":"closed","ping_status":"closed","template":"","meta":{"_acf_changed":false,"inline_featured_image":false,"footnotes":""},"class_list":["post-6710","page","type-page","status-publish","hentry"],"acf":[],"yoast_head":"<!-- This site is optimized with the Yoast SEO plugin v27.2 - https:\/\/yoast.com\/product\/yoast-seo-wordpress\/ -->\n<title>Skyddade fynd - BirdLife Uppland<\/title>\n<meta name=\"robots\" content=\"index, follow, max-snippet:-1, max-image-preview:large, max-video-preview:-1\" \/>\n<link rel=\"canonical\" href=\"https:\/\/uppland.birdlife.se\/en\/rapportera-faglar\/skyddade-fynd\/\" \/>\n<meta property=\"og:locale\" content=\"en_GB\" \/>\n<meta property=\"og:type\" content=\"article\" \/>\n<meta property=\"og:title\" content=\"Skyddade fynd - BirdLife Uppland\" \/>\n<meta property=\"og:description\" content=\"M\u00e5nga v\u00e4ljer att ange ett f\u00f6r stort omr\u00e5de, eller att inte rapportera fyndet alls. Nackdelen blir att fyndet inte kan anv\u00e4ndas som underlag i naturv\u00e5rdsarbetet. Information om f\u00f6rekomst och exakt [&hellip;]\" \/>\n<meta property=\"og:url\" content=\"https:\/\/uppland.birdlife.se\/en\/rapportera-faglar\/skyddade-fynd\/\" \/>\n<meta property=\"og:site_name\" content=\"BirdLife Uppland\" \/>\n<meta property=\"article:publisher\" content=\"https:\/\/www.facebook.com\/UpplandsOrn\" \/>\n<meta property=\"article:modified_time\" content=\"2024-12-14T20:19:01+00:00\" \/>\n<meta property=\"og:image\" content=\"https:\/\/uppland.birdlife.se\/wp-content\/uploads\/sites\/58\/2023\/06\/art-7.png\" \/>\n<meta name=\"twitter:card\" content=\"summary_large_image\" \/>\n<meta name=\"twitter:label1\" content=\"Est. reading time\" \/>\n\t<meta name=\"twitter:data1\" content=\"4 minutes\" \/>\n<script type=\"application\/ld+json\" class=\"yoast-schema-graph\">{\"@context\":\"https:\/\/schema.org\",\"@graph\":[{\"@type\":\"WebPage\",\"@id\":\"https:\/\/uppland.birdlife.se\/rapportera-faglar\/skyddade-fynd\/\",\"url\":\"https:\/\/uppland.birdlife.se\/rapportera-faglar\/skyddade-fynd\/\",\"name\":\"Skyddade fynd - BirdLife Uppland\",\"isPartOf\":{\"@id\":\"https:\/\/uppland.birdlife.se\/#website\"},\"primaryImageOfPage\":{\"@id\":\"https:\/\/uppland.birdlife.se\/rapportera-faglar\/skyddade-fynd\/#primaryimage\"},\"image\":{\"@id\":\"https:\/\/uppland.birdlife.se\/rapportera-faglar\/skyddade-fynd\/#primaryimage\"},\"thumbnailUrl\":\"https:\/\/uppland.birdlife.se\/wp-content\/uploads\/sites\/58\/2023\/06\/art-7.png\",\"datePublished\":\"2024-11-27T13:20:09+00:00\",\"dateModified\":\"2024-12-14T20:19:01+00:00\",\"breadcrumb\":{\"@id\":\"https:\/\/uppland.birdlife.se\/rapportera-faglar\/skyddade-fynd\/#breadcrumb\"},\"inLanguage\":\"en-GB\",\"potentialAction\":[{\"@type\":\"ReadAction\",\"target\":[\"https:\/\/uppland.birdlife.se\/rapportera-faglar\/skyddade-fynd\/\"]}]},{\"@type\":\"ImageObject\",\"inLanguage\":\"en-GB\",\"@id\":\"https:\/\/uppland.birdlife.se\/rapportera-faglar\/skyddade-fynd\/#primaryimage\",\"url\":\"https:\/\/uppland.birdlife.se\/wp-content\/uploads\/sites\/58\/2023\/06\/art-7.png\",\"contentUrl\":\"https:\/\/uppland.birdlife.se\/wp-content\/uploads\/sites\/58\/2023\/06\/art-7.png\"},{\"@type\":\"BreadcrumbList\",\"@id\":\"https:\/\/uppland.birdlife.se\/rapportera-faglar\/skyddade-fynd\/#breadcrumb\",\"itemListElement\":[{\"@type\":\"ListItem\",\"position\":1,\"name\":\"Home\",\"item\":\"https:\/\/uppland.birdlife.se\/\"},{\"@type\":\"ListItem\",\"position\":2,\"name\":\"Rapportera f\u00e5glar\",\"item\":\"https:\/\/uppland.birdlife.se\/rapportera-faglar\/\"},{\"@type\":\"ListItem\",\"position\":3,\"name\":\"Skyddade fynd\"}]},{\"@type\":\"WebSite\",\"@id\":\"https:\/\/uppland.birdlife.se\/#website\",\"url\":\"https:\/\/uppland.birdlife.se\/\",\"name\":\"BirdLife Uppland\",\"description\":\"En levande f\u00e5gelfauna i hela Uppland\",\"publisher\":{\"@id\":\"https:\/\/uppland.birdlife.se\/#organization\"},\"potentialAction\":[{\"@type\":\"SearchAction\",\"target\":{\"@type\":\"EntryPoint\",\"urlTemplate\":\"https:\/\/uppland.birdlife.se\/?s={search_term_string}\"},\"query-input\":{\"@type\":\"PropertyValueSpecification\",\"valueRequired\":true,\"valueName\":\"search_term_string\"}}],\"inLanguage\":\"en-GB\"},{\"@type\":\"Organization\",\"@id\":\"https:\/\/uppland.birdlife.se\/#organization\",\"name\":\"BirdLife Uppland\",\"url\":\"https:\/\/uppland.birdlife.se\/\",\"logo\":{\"@type\":\"ImageObject\",\"inLanguage\":\"en-GB\",\"@id\":\"https:\/\/uppland.birdlife.se\/#\/schema\/logo\/image\/\",\"url\":\"https:\/\/cdn.birdlife.se\/wp-content\/uploads\/sites\/58\/2025\/12\/birdlifeUOF_profil_vertikal_150dpi.png\",\"contentUrl\":\"https:\/\/cdn.birdlife.se\/wp-content\/uploads\/sites\/58\/2025\/12\/birdlifeUOF_profil_vertikal_150dpi.png\",\"width\":469,\"height\":459,\"caption\":\"BirdLife Uppland\"},\"image\":{\"@id\":\"https:\/\/uppland.birdlife.se\/#\/schema\/logo\/image\/\"},\"sameAs\":[\"https:\/\/www.facebook.com\/UpplandsOrn\"]}]}<\/script>\n<!-- \/ Yoast SEO plugin. -->","yoast_head_json":{"title":"Skyddade fynd - BirdLife Uppland","robots":{"index":"index","follow":"follow","max-snippet":"max-snippet:-1","max-image-preview":"max-image-preview:large","max-video-preview":"max-video-preview:-1"},"canonical":"https:\/\/uppland.birdlife.se\/en\/rapportera-faglar\/skyddade-fynd\/","og_locale":"en_GB","og_type":"article","og_title":"Skyddade fynd - BirdLife Uppland","og_description":"M\u00e5nga v\u00e4ljer att ange ett f\u00f6r stort omr\u00e5de, eller att inte rapportera fyndet alls. Nackdelen blir att fyndet inte kan anv\u00e4ndas som underlag i naturv\u00e5rdsarbetet. Information om f\u00f6rekomst och exakt [&hellip;]","og_url":"https:\/\/uppland.birdlife.se\/en\/rapportera-faglar\/skyddade-fynd\/","og_site_name":"BirdLife Uppland","article_publisher":"https:\/\/www.facebook.com\/UpplandsOrn","article_modified_time":"2024-12-14T20:19:01+00:00","og_image":[{"url":"https:\/\/uppland.birdlife.se\/wp-content\/uploads\/sites\/58\/2023\/06\/art-7.png","type":"","width":"","height":""}],"twitter_card":"summary_large_image","twitter_misc":{"Est. reading time":"4 minutes"},"schema":{"@context":"https:\/\/schema.org","@graph":[{"@type":"WebPage","@id":"https:\/\/uppland.birdlife.se\/rapportera-faglar\/skyddade-fynd\/","url":"https:\/\/uppland.birdlife.se\/rapportera-faglar\/skyddade-fynd\/","name":"Skyddade fynd - BirdLife Uppland","isPartOf":{"@id":"https:\/\/uppland.birdlife.se\/#website"},"primaryImageOfPage":{"@id":"https:\/\/uppland.birdlife.se\/rapportera-faglar\/skyddade-fynd\/#primaryimage"},"image":{"@id":"https:\/\/uppland.birdlife.se\/rapportera-faglar\/skyddade-fynd\/#primaryimage"},"thumbnailUrl":"https:\/\/uppland.birdlife.se\/wp-content\/uploads\/sites\/58\/2023\/06\/art-7.png","datePublished":"2024-11-27T13:20:09+00:00","dateModified":"2024-12-14T20:19:01+00:00","breadcrumb":{"@id":"https:\/\/uppland.birdlife.se\/rapportera-faglar\/skyddade-fynd\/#breadcrumb"},"inLanguage":"en-GB","potentialAction":[{"@type":"ReadAction","target":["https:\/\/uppland.birdlife.se\/rapportera-faglar\/skyddade-fynd\/"]}]},{"@type":"ImageObject","inLanguage":"en-GB","@id":"https:\/\/uppland.birdlife.se\/rapportera-faglar\/skyddade-fynd\/#primaryimage","url":"https:\/\/uppland.birdlife.se\/wp-content\/uploads\/sites\/58\/2023\/06\/art-7.png","contentUrl":"https:\/\/uppland.birdlife.se\/wp-content\/uploads\/sites\/58\/2023\/06\/art-7.png"},{"@type":"BreadcrumbList","@id":"https:\/\/uppland.birdlife.se\/rapportera-faglar\/skyddade-fynd\/#breadcrumb","itemListElement":[{"@type":"ListItem","position":1,"name":"Home","item":"https:\/\/uppland.birdlife.se\/"},{"@type":"ListItem","position":2,"name":"Rapportera f\u00e5glar","item":"https:\/\/uppland.birdlife.se\/rapportera-faglar\/"},{"@type":"ListItem","position":3,"name":"Skyddade fynd"}]},{"@type":"WebSite","@id":"https:\/\/uppland.birdlife.se\/#website","url":"https:\/\/uppland.birdlife.se\/","name":"BirdLife Uppland","description":"En levande f\u00e5gelfauna i hela Uppland","publisher":{"@id":"https:\/\/uppland.birdlife.se\/#organization"},"potentialAction":[{"@type":"SearchAction","target":{"@type":"EntryPoint","urlTemplate":"https:\/\/uppland.birdlife.se\/?s={search_term_string}"},"query-input":{"@type":"PropertyValueSpecification","valueRequired":true,"valueName":"search_term_string"}}],"inLanguage":"en-GB"},{"@type":"Organization","@id":"https:\/\/uppland.birdlife.se\/#organization","name":"BirdLife Uppland","url":"https:\/\/uppland.birdlife.se\/","logo":{"@type":"ImageObject","inLanguage":"en-GB","@id":"https:\/\/uppland.birdlife.se\/#\/schema\/logo\/image\/","url":"https:\/\/cdn.birdlife.se\/wp-content\/uploads\/sites\/58\/2025\/12\/birdlifeUOF_profil_vertikal_150dpi.png","contentUrl":"https:\/\/cdn.birdlife.se\/wp-content\/uploads\/sites\/58\/2025\/12\/birdlifeUOF_profil_vertikal_150dpi.png","width":469,"height":459,"caption":"BirdLife Uppland"},"image":{"@id":"https:\/\/uppland.birdlife.se\/#\/schema\/logo\/image\/"},"sameAs":["https:\/\/www.facebook.com\/UpplandsOrn"]}]}},"_links":{"self":[{"href":"https:\/\/uppland.birdlife.se\/en\/wp-json\/wp\/v2\/pages\/6710","targetHints":{"allow":["GET"]}}],"collection":[{"href":"https:\/\/uppland.birdlife.se\/en\/wp-json\/wp\/v2\/pages"}],"about":[{"href":"https:\/\/uppland.birdlife.se\/en\/wp-json\/wp\/v2\/types\/page"}],"author":[{"embeddable":true,"href":"https:\/\/uppland.birdlife.se\/en\/wp-json\/wp\/v2\/users\/106"}],"replies":[{"embeddable":true,"href":"https:\/\/uppland.birdlife.se\/en\/wp-json\/wp\/v2\/comments?post=6710"}],"version-history":[{"count":10,"href":"https:\/\/uppland.birdlife.se\/en\/wp-json\/wp\/v2\/pages\/6710\/revisions"}],"predecessor-version":[{"id":6990,"href":"https:\/\/uppland.birdlife.se\/en\/wp-json\/wp\/v2\/pages\/6710\/revisions\/6990"}],"up":[{"embeddable":true,"href":"https:\/\/uppland.birdlife.se\/en\/wp-json\/wp\/v2\/pages\/5682"}],"wp:attachment":[{"href":"https:\/\/uppland.birdlife.se\/en\/wp-json\/wp\/v2\/media?parent=6710"}],"curies":[{"name":"wp","href":"https:\/\/api.w.org\/{rel}","templated":true}]}}