{"id":6765,"date":"2024-11-28T16:51:09","date_gmt":"2024-11-28T15:51:09","guid":{"rendered":"https:\/\/uppland.birdlife.se\/?page_id=6765"},"modified":"2025-03-17T20:34:06","modified_gmt":"2025-03-17T19:34:06","slug":"upplands-fagar","status":"publish","type":"page","link":"https:\/\/uppland.birdlife.se\/en\/fiu\/upplands-fagar\/","title":{"rendered":"Upplands f\u00e5glar"},"content":{"rendered":"<div data-elementor-type=\"wp-page\" data-elementor-id=\"6765\" class=\"elementor elementor-6765\" data-elementor-post-type=\"page\">\n\t\t\t\t\t\t<section data-particle_enable=\"false\" data-particle-mobile-disabled=\"false\" class=\"elementor-section elementor-top-section elementor-element elementor-element-43366fa elementor-section-boxed elementor-section-height-default elementor-section-height-default\" data-id=\"43366fa\" data-element_type=\"section\" data-e-type=\"section\" data-settings=\"{&quot;jet_parallax_layout_list&quot;:[]}\">\n\t\t\t\t\t\t<div class=\"elementor-container elementor-column-gap-default\">\n\t\t\t\t\t<div class=\"elementor-column elementor-col-100 elementor-top-column elementor-element elementor-element-5d2bb32\" data-id=\"5d2bb32\" data-element_type=\"column\" data-e-type=\"column\">\n\t\t\t<div class=\"elementor-widget-wrap elementor-element-populated\">\n\t\t\t\t\t\t<div class=\"elementor-element elementor-element-26ec181 elementor-widget elementor-widget-image\" data-id=\"26ec181\" data-element_type=\"widget\" data-e-type=\"widget\" data-widget_type=\"image.default\">\n\t\t\t\t<div class=\"elementor-widget-container\">\n\t\t\t\t\t\t\t\t\t\t\t\t\t\t\t<img fetchpriority=\"high\" decoding=\"async\" width=\"229\" height=\"300\" src=\"https:\/\/cdn.birdlife.se\/wp-content\/uploads\/sites\/58\/2024\/11\/Upplands-faglar-omslag-229x300.png\" class=\"attachment-medium size-medium wp-image-6771\" alt=\"\" srcset=\"https:\/\/cdn.birdlife.se\/wp-content\/uploads\/sites\/58\/2024\/11\/Upplands-faglar-omslag-229x300.png 229w, https:\/\/cdn.birdlife.se\/wp-content\/uploads\/sites\/58\/2024\/11\/Upplands-faglar-omslag-9x12.png 9w, https:\/\/cdn.birdlife.se\/wp-content\/uploads\/sites\/58\/2024\/11\/Upplands-faglar-omslag.png 768w\" sizes=\"(max-width: 229px) 100vw, 229px\" \/>\t\t\t\t\t\t\t\t\t\t\t\t\t\t\t<\/div>\n\t\t\t\t<\/div>\n\t\t\t\t\t<\/div>\n\t\t<\/div>\n\t\t\t\t\t<\/div>\n\t\t<\/section>\n\t\t\t\t<section data-particle_enable=\"false\" data-particle-mobile-disabled=\"false\" class=\"elementor-section elementor-top-section elementor-element elementor-element-6272233 elementor-section-boxed elementor-section-height-default elementor-section-height-default\" data-id=\"6272233\" data-element_type=\"section\" data-e-type=\"section\" data-settings=\"{&quot;jet_parallax_layout_list&quot;:[]}\">\n\t\t\t\t\t\t<div class=\"elementor-container elementor-column-gap-default\">\n\t\t\t\t\t<div class=\"elementor-column elementor-col-100 elementor-top-column elementor-element elementor-element-9823e76\" data-id=\"9823e76\" data-element_type=\"column\" data-e-type=\"column\">\n\t\t\t<div class=\"elementor-widget-wrap elementor-element-populated\">\n\t\t\t\t\t\t<div class=\"elementor-element elementor-element-3e77818 elementor-widget elementor-widget-jet-button\" data-id=\"3e77818\" data-element_type=\"widget\" data-e-type=\"widget\" data-widget_type=\"jet-button.default\">\n\t\t\t\t<div class=\"elementor-widget-container\">\n\t\t\t\t\t<div class=\"elementor-jet-button jet-elements\"><div class=\"jet-button__container\">\n\t<a class=\"jet-button__instance jet-button__instance--icon-left hover-effect-2\" href=\"https:\/\/www.yumpu.com\/sv\/document\/read\/69234762\/upplands-faglar\" target=\"_blank\">\n\t\t<div class=\"jet-button__plane jet-button__plane-normal\"><\/div>\n\t\t<div class=\"jet-button__plane jet-button__plane-hover\"><\/div>\n\t\t<div class=\"jet-button__state jet-button__state-normal\">\n\t\t\t<span class=\"jet-button__label\">\u00d6ppna Upplands f\u00e5glar digitalt h\u00e4r<\/span>\t\t<\/div>\n\t\t<div class=\"jet-button__state jet-button__state-hover\">\n\t\t\t<span class=\"jet-button__label\">L\u00e4s<\/span>\t\t<\/div>\n\t<\/a>\n<\/div>\n<\/div>\t\t\t\t<\/div>\n\t\t\t\t<\/div>\n\t\t\t\t\t<\/div>\n\t\t<\/div>\n\t\t\t\t\t<\/div>\n\t\t<\/section>\n\t\t\t\t<\/div>","protected":false},"excerpt":{"rendered":"<p>\u00d6ppna Upplands f\u00e5glar digitalt h\u00e4r L\u00e4s<\/p>","protected":false},"author":106,"featured_media":0,"parent":851,"menu_order":0,"comment_status":"closed","ping_status":"closed","template":"","meta":{"_acf_changed":false,"inline_featured_image":false,"footnotes":""},"class_list":["post-6765","page","type-page","status-publish","hentry"],"acf":[],"yoast_head":"<!-- This site is optimized with the Yoast SEO plugin v27.2 - https:\/\/yoast.com\/product\/yoast-seo-wordpress\/ -->\n<title>Upplands f\u00e5glar - BirdLife Uppland<\/title>\n<meta name=\"robots\" content=\"index, follow, max-snippet:-1, max-image-preview:large, max-video-preview:-1\" \/>\n<link rel=\"canonical\" href=\"https:\/\/uppland.birdlife.se\/en\/fiu\/upplands-fagar\/\" \/>\n<meta property=\"og:locale\" content=\"en_GB\" \/>\n<meta property=\"og:type\" content=\"article\" \/>\n<meta property=\"og:title\" content=\"Upplands f\u00e5glar - BirdLife Uppland\" \/>\n<meta property=\"og:description\" content=\"\u00d6ppna Upplands f\u00e5glar digitalt h\u00e4r L\u00e4s\" \/>\n<meta property=\"og:url\" content=\"https:\/\/uppland.birdlife.se\/en\/fiu\/upplands-fagar\/\" \/>\n<meta property=\"og:site_name\" content=\"BirdLife Uppland\" \/>\n<meta property=\"article:publisher\" content=\"https:\/\/www.facebook.com\/UpplandsOrn\" \/>\n<meta property=\"article:modified_time\" content=\"2025-03-17T19:34:06+00:00\" \/>\n<meta property=\"og:image\" content=\"https:\/\/uppland.birdlife.se\/wp-content\/uploads\/sites\/58\/2024\/11\/Upplands-faglar-omslag-229x300.png\" \/>\n<meta name=\"twitter:card\" content=\"summary_large_image\" \/>\n<meta name=\"twitter:label1\" content=\"Est. reading time\" \/>\n\t<meta name=\"twitter:data1\" content=\"1 minute\" \/>\n<script type=\"application\/ld+json\" class=\"yoast-schema-graph\">{\"@context\":\"https:\/\/schema.org\",\"@graph\":[{\"@type\":\"WebPage\",\"@id\":\"https:\/\/uppland.birdlife.se\/fiu\/upplands-fagar\/\",\"url\":\"https:\/\/uppland.birdlife.se\/fiu\/upplands-fagar\/\",\"name\":\"Upplands f\u00e5glar - BirdLife Uppland\",\"isPartOf\":{\"@id\":\"https:\/\/uppland.birdlife.se\/#website\"},\"primaryImageOfPage\":{\"@id\":\"https:\/\/uppland.birdlife.se\/fiu\/upplands-fagar\/#primaryimage\"},\"image\":{\"@id\":\"https:\/\/uppland.birdlife.se\/fiu\/upplands-fagar\/#primaryimage\"},\"thumbnailUrl\":\"https:\/\/uppland.birdlife.se\/wp-content\/uploads\/sites\/58\/2024\/11\/Upplands-faglar-omslag-229x300.png\",\"datePublished\":\"2024-11-28T15:51:09+00:00\",\"dateModified\":\"2025-03-17T19:34:06+00:00\",\"breadcrumb\":{\"@id\":\"https:\/\/uppland.birdlife.se\/fiu\/upplands-fagar\/#breadcrumb\"},\"inLanguage\":\"en-GB\",\"potentialAction\":[{\"@type\":\"ReadAction\",\"target\":[\"https:\/\/uppland.birdlife.se\/fiu\/upplands-fagar\/\"]}]},{\"@type\":\"ImageObject\",\"inLanguage\":\"en-GB\",\"@id\":\"https:\/\/uppland.birdlife.se\/fiu\/upplands-fagar\/#primaryimage\",\"url\":\"https:\/\/uppland.birdlife.se\/wp-content\/uploads\/sites\/58\/2024\/11\/Upplands-faglar-omslag-229x300.png\",\"contentUrl\":\"https:\/\/uppland.birdlife.se\/wp-content\/uploads\/sites\/58\/2024\/11\/Upplands-faglar-omslag-229x300.png\"},{\"@type\":\"BreadcrumbList\",\"@id\":\"https:\/\/uppland.birdlife.se\/fiu\/upplands-fagar\/#breadcrumb\",\"itemListElement\":[{\"@type\":\"ListItem\",\"position\":1,\"name\":\"Home\",\"item\":\"https:\/\/uppland.birdlife.se\/\"},{\"@type\":\"ListItem\",\"position\":2,\"name\":\"Publikationer\",\"item\":\"https:\/\/uppland.birdlife.se\/fiu\/\"},{\"@type\":\"ListItem\",\"position\":3,\"name\":\"Upplands f\u00e5glar\"}]},{\"@type\":\"WebSite\",\"@id\":\"https:\/\/uppland.birdlife.se\/#website\",\"url\":\"https:\/\/uppland.birdlife.se\/\",\"name\":\"BirdLife Uppland\",\"description\":\"En levande f\u00e5gelfauna i hela Uppland\",\"publisher\":{\"@id\":\"https:\/\/uppland.birdlife.se\/#organization\"},\"potentialAction\":[{\"@type\":\"SearchAction\",\"target\":{\"@type\":\"EntryPoint\",\"urlTemplate\":\"https:\/\/uppland.birdlife.se\/?s={search_term_string}\"},\"query-input\":{\"@type\":\"PropertyValueSpecification\",\"valueRequired\":true,\"valueName\":\"search_term_string\"}}],\"inLanguage\":\"en-GB\"},{\"@type\":\"Organization\",\"@id\":\"https:\/\/uppland.birdlife.se\/#organization\",\"name\":\"BirdLife Uppland\",\"url\":\"https:\/\/uppland.birdlife.se\/\",\"logo\":{\"@type\":\"ImageObject\",\"inLanguage\":\"en-GB\",\"@id\":\"https:\/\/uppland.birdlife.se\/#\/schema\/logo\/image\/\",\"url\":\"https:\/\/cdn.birdlife.se\/wp-content\/uploads\/sites\/58\/2025\/12\/birdlifeUOF_profil_vertikal_150dpi.png\",\"contentUrl\":\"https:\/\/cdn.birdlife.se\/wp-content\/uploads\/sites\/58\/2025\/12\/birdlifeUOF_profil_vertikal_150dpi.png\",\"width\":469,\"height\":459,\"caption\":\"BirdLife Uppland\"},\"image\":{\"@id\":\"https:\/\/uppland.birdlife.se\/#\/schema\/logo\/image\/\"},\"sameAs\":[\"https:\/\/www.facebook.com\/UpplandsOrn\"]}]}<\/script>\n<!-- \/ Yoast SEO plugin. -->","yoast_head_json":{"title":"Upplands f\u00e5glar - BirdLife Uppland","robots":{"index":"index","follow":"follow","max-snippet":"max-snippet:-1","max-image-preview":"max-image-preview:large","max-video-preview":"max-video-preview:-1"},"canonical":"https:\/\/uppland.birdlife.se\/en\/fiu\/upplands-fagar\/","og_locale":"en_GB","og_type":"article","og_title":"Upplands f\u00e5glar - BirdLife Uppland","og_description":"\u00d6ppna Upplands f\u00e5glar digitalt h\u00e4r L\u00e4s","og_url":"https:\/\/uppland.birdlife.se\/en\/fiu\/upplands-fagar\/","og_site_name":"BirdLife Uppland","article_publisher":"https:\/\/www.facebook.com\/UpplandsOrn","article_modified_time":"2025-03-17T19:34:06+00:00","og_image":[{"url":"https:\/\/uppland.birdlife.se\/wp-content\/uploads\/sites\/58\/2024\/11\/Upplands-faglar-omslag-229x300.png","type":"","width":"","height":""}],"twitter_card":"summary_large_image","twitter_misc":{"Est. reading time":"1 minute"},"schema":{"@context":"https:\/\/schema.org","@graph":[{"@type":"WebPage","@id":"https:\/\/uppland.birdlife.se\/fiu\/upplands-fagar\/","url":"https:\/\/uppland.birdlife.se\/fiu\/upplands-fagar\/","name":"Upplands f\u00e5glar - BirdLife Uppland","isPartOf":{"@id":"https:\/\/uppland.birdlife.se\/#website"},"primaryImageOfPage":{"@id":"https:\/\/uppland.birdlife.se\/fiu\/upplands-fagar\/#primaryimage"},"image":{"@id":"https:\/\/uppland.birdlife.se\/fiu\/upplands-fagar\/#primaryimage"},"thumbnailUrl":"https:\/\/uppland.birdlife.se\/wp-content\/uploads\/sites\/58\/2024\/11\/Upplands-faglar-omslag-229x300.png","datePublished":"2024-11-28T15:51:09+00:00","dateModified":"2025-03-17T19:34:06+00:00","breadcrumb":{"@id":"https:\/\/uppland.birdlife.se\/fiu\/upplands-fagar\/#breadcrumb"},"inLanguage":"en-GB","potentialAction":[{"@type":"ReadAction","target":["https:\/\/uppland.birdlife.se\/fiu\/upplands-fagar\/"]}]},{"@type":"ImageObject","inLanguage":"en-GB","@id":"https:\/\/uppland.birdlife.se\/fiu\/upplands-fagar\/#primaryimage","url":"https:\/\/uppland.birdlife.se\/wp-content\/uploads\/sites\/58\/2024\/11\/Upplands-faglar-omslag-229x300.png","contentUrl":"https:\/\/uppland.birdlife.se\/wp-content\/uploads\/sites\/58\/2024\/11\/Upplands-faglar-omslag-229x300.png"},{"@type":"BreadcrumbList","@id":"https:\/\/uppland.birdlife.se\/fiu\/upplands-fagar\/#breadcrumb","itemListElement":[{"@type":"ListItem","position":1,"name":"Home","item":"https:\/\/uppland.birdlife.se\/"},{"@type":"ListItem","position":2,"name":"Publikationer","item":"https:\/\/uppland.birdlife.se\/fiu\/"},{"@type":"ListItem","position":3,"name":"Upplands f\u00e5glar"}]},{"@type":"WebSite","@id":"https:\/\/uppland.birdlife.se\/#website","url":"https:\/\/uppland.birdlife.se\/","name":"BirdLife Uppland","description":"En levande f\u00e5gelfauna i hela Uppland","publisher":{"@id":"https:\/\/uppland.birdlife.se\/#organization"},"potentialAction":[{"@type":"SearchAction","target":{"@type":"EntryPoint","urlTemplate":"https:\/\/uppland.birdlife.se\/?s={search_term_string}"},"query-input":{"@type":"PropertyValueSpecification","valueRequired":true,"valueName":"search_term_string"}}],"inLanguage":"en-GB"},{"@type":"Organization","@id":"https:\/\/uppland.birdlife.se\/#organization","name":"BirdLife Uppland","url":"https:\/\/uppland.birdlife.se\/","logo":{"@type":"ImageObject","inLanguage":"en-GB","@id":"https:\/\/uppland.birdlife.se\/#\/schema\/logo\/image\/","url":"https:\/\/cdn.birdlife.se\/wp-content\/uploads\/sites\/58\/2025\/12\/birdlifeUOF_profil_vertikal_150dpi.png","contentUrl":"https:\/\/cdn.birdlife.se\/wp-content\/uploads\/sites\/58\/2025\/12\/birdlifeUOF_profil_vertikal_150dpi.png","width":469,"height":459,"caption":"BirdLife Uppland"},"image":{"@id":"https:\/\/uppland.birdlife.se\/#\/schema\/logo\/image\/"},"sameAs":["https:\/\/www.facebook.com\/UpplandsOrn"]}]}},"_links":{"self":[{"href":"https:\/\/uppland.birdlife.se\/en\/wp-json\/wp\/v2\/pages\/6765","targetHints":{"allow":["GET"]}}],"collection":[{"href":"https:\/\/uppland.birdlife.se\/en\/wp-json\/wp\/v2\/pages"}],"about":[{"href":"https:\/\/uppland.birdlife.se\/en\/wp-json\/wp\/v2\/types\/page"}],"author":[{"embeddable":true,"href":"https:\/\/uppland.birdlife.se\/en\/wp-json\/wp\/v2\/users\/106"}],"replies":[{"embeddable":true,"href":"https:\/\/uppland.birdlife.se\/en\/wp-json\/wp\/v2\/comments?post=6765"}],"version-history":[{"count":20,"href":"https:\/\/uppland.birdlife.se\/en\/wp-json\/wp\/v2\/pages\/6765\/revisions"}],"predecessor-version":[{"id":7520,"href":"https:\/\/uppland.birdlife.se\/en\/wp-json\/wp\/v2\/pages\/6765\/revisions\/7520"}],"up":[{"embeddable":true,"href":"https:\/\/uppland.birdlife.se\/en\/wp-json\/wp\/v2\/pages\/851"}],"wp:attachment":[{"href":"https:\/\/uppland.birdlife.se\/en\/wp-json\/wp\/v2\/media?parent=6765"}],"curies":[{"name":"wp","href":"https:\/\/api.w.org\/{rel}","templated":true}]}}