{"id":8199,"date":"2025-10-14T20:58:56","date_gmt":"2025-10-14T18:58:56","guid":{"rendered":"https:\/\/uppland.birdlife.se\/?page_id=8199"},"modified":"2026-03-19T19:38:53","modified_gmt":"2026-03-19T18:38:53","slug":"bli-medlem","status":"publish","type":"page","link":"https:\/\/uppland.birdlife.se\/en\/bli-medlem\/","title":{"rendered":"Bli medlem"},"content":{"rendered":"<div data-elementor-type=\"wp-page\" data-elementor-id=\"8199\" class=\"elementor elementor-8199\" data-elementor-post-type=\"page\">\n\t\t\t\t\t\t<section data-particle_enable=\"false\" data-particle-mobile-disabled=\"false\" class=\"elementor-section elementor-top-section elementor-element elementor-element-5e0182c elementor-section-boxed elementor-section-height-default elementor-section-height-default\" data-id=\"5e0182c\" data-element_type=\"section\" data-e-type=\"section\" data-settings=\"{&quot;jet_parallax_layout_list&quot;:[]}\">\n\t\t\t\t\t\t<div class=\"elementor-container elementor-column-gap-default\">\n\t\t\t\t\t<div class=\"elementor-column elementor-col-100 elementor-top-column elementor-element elementor-element-b6a8e27\" data-id=\"b6a8e27\" data-element_type=\"column\" data-e-type=\"column\">\n\t\t\t<div class=\"elementor-widget-wrap\">\n\t\t\t\t\t\t\t<\/div>\n\t\t<\/div>\n\t\t\t\t\t<\/div>\n\t\t<\/section>\n\t\t\t\t<section data-particle_enable=\"false\" data-particle-mobile-disabled=\"false\" class=\"elementor-section elementor-top-section elementor-element elementor-element-5992ff5 elementor-section-boxed elementor-section-height-default elementor-section-height-default\" data-id=\"5992ff5\" data-element_type=\"section\" data-e-type=\"section\" data-settings=\"{&quot;jet_parallax_layout_list&quot;:[]}\">\n\t\t\t\t\t\t<div class=\"elementor-container elementor-column-gap-default\">\n\t\t\t\t\t<div class=\"elementor-column elementor-col-50 elementor-top-column elementor-element elementor-element-9d9151d\" data-id=\"9d9151d\" data-element_type=\"column\" data-e-type=\"column\">\n\t\t\t<div class=\"elementor-widget-wrap elementor-element-populated\">\n\t\t\t\t\t\t<div class=\"elementor-element elementor-element-b86a0a9 elementor-cta--skin-classic elementor-animated-content elementor-bg-transform elementor-bg-transform-zoom-in elementor-widget elementor-widget-call-to-action\" data-id=\"b86a0a9\" data-element_type=\"widget\" data-e-type=\"widget\" data-widget_type=\"call-to-action.default\">\n\t\t\t\t<div class=\"elementor-widget-container\">\n\t\t\t\t\t\t\t<div class=\"elementor-cta\">\n\t\t\t\t\t<div class=\"elementor-cta__bg-wrapper\">\n\t\t\t\t<div class=\"elementor-cta__bg elementor-bg\" style=\"background-image: url(https:\/\/cdn.birdlife.se\/wp-content\/uploads\/sites\/58\/2025\/03\/Tornfalk-hona-i-flykten-Skane-september-024-e1742833827130-1024x683.jpg);\" role=\"img\" aria-label=\"Tornfalk, hona i flykten. Foto: Tero Niemi\"><\/div>\n\t\t\t\t<div class=\"elementor-cta__bg-overlay\"><\/div>\n\t\t\t<\/div>\n\t\t\t\t\t\t\t<div class=\"elementor-cta__content\">\n\t\t\t\t\n\t\t\t\t\t\t\t\t\t<h2 class=\"elementor-cta__title elementor-cta__content-item elementor-content-item\">\n\t\t\t\t\t\tBli medlem?\t\t\t\t\t<\/h2>\n\t\t\t\t\n\t\t\t\t\t\t\t\t\t<div class=\"elementor-cta__description elementor-cta__content-item elementor-content-item\">\n\t\t\t\t\t\tBirdLife Uppland \u00e4r en f\u00f6rening som \u00e4r till f\u00f6r alla, d\u00e4r f\u00e5gelintresset och f\u00e5gelskyddsarbetet st\u00e5r i fokus. Birdlife Uppland f\u00f6renar personer i alla \u00e5ldrar, erfarna som nyb\u00f6rjare \u2013 alla medlemmar \u00e4r v\u00e4lkomna att delta i v\u00e5ra sp\u00e4nnande exkursioner och kurser.\t\t\t\t\t<\/div>\n\t\t\t\t\n\t\t\t\t\t\t\t\t\t<div class=\"elementor-cta__button-wrapper elementor-cta__content-item elementor-content-item\">\n\t\t\t\t\t<a class=\"elementor-cta__button elementor-button elementor-size-\" href=\"https:\/\/insamling.birdlife.se\/pfs\/memberregistration?t=uppland\" target=\"_blank\">\n\t\t\t\t\t\tKlicka h\u00e4r\t\t\t\t\t<\/a>\n\t\t\t\t\t<\/div>\n\t\t\t\t\t\t\t<\/div>\n\t\t\t\t\t\t<\/div>\n\t\t\t\t\t\t<\/div>\n\t\t\t\t<\/div>\n\t\t\t\t\t<\/div>\n\t\t<\/div>\n\t\t\t\t<div class=\"elementor-column elementor-col-50 elementor-top-column elementor-element elementor-element-f582d3a\" data-id=\"f582d3a\" data-element_type=\"column\" data-e-type=\"column\">\n\t\t\t<div class=\"elementor-widget-wrap elementor-element-populated\">\n\t\t\t\t\t\t<div class=\"elementor-element elementor-element-236417d elementor-cta--skin-classic elementor-animated-content elementor-bg-transform elementor-bg-transform-zoom-in elementor-widget elementor-widget-call-to-action\" data-id=\"236417d\" data-element_type=\"widget\" data-e-type=\"widget\" data-widget_type=\"call-to-action.default\">\n\t\t\t\t<div class=\"elementor-widget-container\">\n\t\t\t\t\t\t\t<div class=\"elementor-cta\">\n\t\t\t\t\t<div class=\"elementor-cta__bg-wrapper\">\n\t\t\t\t<div class=\"elementor-cta__bg elementor-bg\" style=\"background-image: url(https:\/\/cdn.birdlife.se\/wp-content\/uploads\/sites\/58\/2025\/03\/Tornfalk-hona-1024x671.jpg);\" role=\"img\" aria-label=\"Tornfalk, hona. Foto: Tero Niemi\"><\/div>\n\t\t\t\t<div class=\"elementor-cta__bg-overlay\"><\/div>\n\t\t\t<\/div>\n\t\t\t\t\t\t\t<div class=\"elementor-cta__content\">\n\t\t\t\t\n\t\t\t\t\t\t\t\t\t<h2 class=\"elementor-cta__title elementor-cta__content-item elementor-content-item\">\n\t\t\t\t\t\tRedan medlem?\t\t\t\t\t<\/h2>\n\t\t\t\t\n\t\t\t\t\t\t\t\t\t<div class=\"elementor-cta__description elementor-cta__content-item elementor-content-item\">\n\t\t\t\t\t\tAnv\u00e4nd det inbetalningskort som skickats hem till dig. Om du saknar kortet, v\u00e4nligen kontakta BirdLife Sveriges medlemsservice via e-post medlem@birdlife.se eller p\u00e5 telefon 0485-44 000 mellan kl 09.00 och 12.00\t\t\t\t\t<\/div>\n\t\t\t\t\n\t\t\t\t\t\t\t\t\t<div class=\"elementor-cta__button-wrapper elementor-cta__content-item elementor-content-item\">\n\t\t\t\t\t<a class=\"elementor-cta__button elementor-button elementor-size-\" href=\"https:\/\/birdlife.se\/medlem\/ny-medlem\/medlemsservice\" target=\"_blank\">\n\t\t\t\t\t\tKlicka h\u00e4r\t\t\t\t\t<\/a>\n\t\t\t\t\t<\/div>\n\t\t\t\t\t\t\t<\/div>\n\t\t\t\t\t\t<\/div>\n\t\t\t\t\t\t<\/div>\n\t\t\t\t<\/div>\n\t\t\t\t\t<\/div>\n\t\t<\/div>\n\t\t\t\t\t<\/div>\n\t\t<\/section>\n\t\t\t\t<section data-particle_enable=\"false\" data-particle-mobile-disabled=\"false\" class=\"elementor-section elementor-top-section elementor-element elementor-element-d59bd3f elementor-section-boxed elementor-section-height-default elementor-section-height-default\" data-id=\"d59bd3f\" data-element_type=\"section\" data-e-type=\"section\" data-settings=\"{&quot;jet_parallax_layout_list&quot;:[]}\">\n\t\t\t\t\t\t<div class=\"elementor-container elementor-column-gap-default\">\n\t\t\t\t\t<div class=\"elementor-column elementor-col-100 elementor-top-column elementor-element elementor-element-8605ee0\" data-id=\"8605ee0\" data-element_type=\"column\" data-e-type=\"column\">\n\t\t\t<div class=\"elementor-widget-wrap elementor-element-populated\">\n\t\t\t\t\t\t<div class=\"elementor-element elementor-element-8a92e20 elementor-widget-divider--view-line_icon elementor-view-default elementor-widget-divider--element-align-center elementor-widget elementor-widget-divider\" data-id=\"8a92e20\" data-element_type=\"widget\" data-e-type=\"widget\" data-widget_type=\"divider.default\">\n\t\t\t\t<div class=\"elementor-widget-container\">\n\t\t\t\t\t\t\t<div class=\"elementor-divider\">\n\t\t\t<span class=\"elementor-divider-separator\">\n\t\t\t\t\t\t\t<div class=\"elementor-icon elementor-divider__element\">\n\t\t\t\t\t<i aria-hidden=\"true\" class=\"fas fa-feather-alt\"><\/i><\/div>\n\t\t\t\t\t\t<\/span>\n\t\t<\/div>\n\t\t\t\t\t\t<\/div>\n\t\t\t\t<\/div>\n\t\t\t\t<div class=\"elementor-element elementor-element-f33f5ff elementor-widget elementor-widget-spacer\" data-id=\"f33f5ff\" data-element_type=\"widget\" data-e-type=\"widget\" data-widget_type=\"spacer.default\">\n\t\t\t\t<div class=\"elementor-widget-container\">\n\t\t\t\t\t\t\t<div class=\"elementor-spacer\">\n\t\t\t<div class=\"elementor-spacer-inner\"><\/div>\n\t\t<\/div>\n\t\t\t\t\t\t<\/div>\n\t\t\t\t<\/div>\n\t\t\t\t\t<\/div>\n\t\t<\/div>\n\t\t\t\t\t<\/div>\n\t\t<\/section>\n\t\t\t\t<section data-particle_enable=\"false\" data-particle-mobile-disabled=\"false\" class=\"elementor-section elementor-top-section elementor-element elementor-element-1b6a134 elementor-section-boxed elementor-section-height-default elementor-section-height-default\" data-id=\"1b6a134\" data-element_type=\"section\" data-e-type=\"section\" data-settings=\"{&quot;jet_parallax_layout_list&quot;:[]}\">\n\t\t\t\t\t\t<div class=\"elementor-container elementor-column-gap-default\">\n\t\t\t\t\t<div class=\"elementor-column elementor-col-100 elementor-top-column elementor-element elementor-element-abba0a7\" data-id=\"abba0a7\" data-element_type=\"column\" data-e-type=\"column\">\n\t\t\t<div class=\"elementor-widget-wrap elementor-element-populated\">\n\t\t\t\t\t\t<div class=\"elementor-element elementor-element-7347d3b elementor-widget elementor-widget-image\" data-id=\"7347d3b\" data-element_type=\"widget\" data-e-type=\"widget\" data-widget_type=\"image.default\">\n\t\t\t\t<div class=\"elementor-widget-container\">\n\t\t\t\t\t\t\t\t\t\t\t\t\t\t\t<img fetchpriority=\"high\" decoding=\"async\" width=\"768\" height=\"545\" src=\"https:\/\/cdn.birdlife.se\/wp-content\/uploads\/sites\/58\/2026\/03\/FORENINGSAKTIVA-SOKES-768x545.png\" class=\"attachment-medium_large size-medium_large wp-image-8897\" alt=\"\" srcset=\"https:\/\/cdn.birdlife.se\/wp-content\/uploads\/sites\/58\/2026\/03\/FORENINGSAKTIVA-SOKES-768x545.png 768w, https:\/\/cdn.birdlife.se\/wp-content\/uploads\/sites\/58\/2026\/03\/FORENINGSAKTIVA-SOKES-300x213.png 300w, https:\/\/cdn.birdlife.se\/wp-content\/uploads\/sites\/58\/2026\/03\/FORENINGSAKTIVA-SOKES-1024x726.png 1024w, https:\/\/cdn.birdlife.se\/wp-content\/uploads\/sites\/58\/2026\/03\/FORENINGSAKTIVA-SOKES-1536x1090.png 1536w, https:\/\/cdn.birdlife.se\/wp-content\/uploads\/sites\/58\/2026\/03\/FORENINGSAKTIVA-SOKES-18x12.png 18w, https:\/\/cdn.birdlife.se\/wp-content\/uploads\/sites\/58\/2026\/03\/FORENINGSAKTIVA-SOKES.png 1748w\" sizes=\"(max-width: 768px) 100vw, 768px\" \/>\t\t\t\t\t\t\t\t\t\t\t\t\t\t\t<\/div>\n\t\t\t\t<\/div>\n\t\t\t\t\t<\/div>\n\t\t<\/div>\n\t\t\t\t\t<\/div>\n\t\t<\/section>\n\t\t\t\t<\/div>","protected":false},"excerpt":{"rendered":"<p>Bli medlem? BirdLife Uppland \u00e4r en f\u00f6rening som \u00e4r till f\u00f6r alla, d\u00e4r f\u00e5gelintresset och f\u00e5gelskyddsarbetet st\u00e5r i fokus. Birdlife Uppland f\u00f6renar personer i alla \u00e5ldrar, erfarna som nyb\u00f6rjare \u2013 [&hellip;]<\/p>\n","protected":false},"author":106,"featured_media":0,"parent":0,"menu_order":0,"comment_status":"closed","ping_status":"closed","template":"","meta":{"_acf_changed":false,"inline_featured_image":false,"footnotes":""},"class_list":["post-8199","page","type-page","status-publish","hentry"],"acf":[],"yoast_head":"<!-- This site is optimized with the Yoast SEO plugin v27.2 - https:\/\/yoast.com\/product\/yoast-seo-wordpress\/ -->\n<title>Bli medlem - BirdLife Uppland<\/title>\n<meta name=\"robots\" content=\"index, follow, max-snippet:-1, max-image-preview:large, max-video-preview:-1\" \/>\n<link rel=\"canonical\" href=\"https:\/\/uppland.birdlife.se\/en\/bli-medlem\/\" \/>\n<meta property=\"og:locale\" content=\"en_GB\" \/>\n<meta property=\"og:type\" content=\"article\" \/>\n<meta property=\"og:title\" content=\"Bli medlem - BirdLife Uppland\" \/>\n<meta property=\"og:description\" content=\"Bli medlem? BirdLife Uppland \u00e4r en f\u00f6rening som \u00e4r till f\u00f6r alla, d\u00e4r f\u00e5gelintresset och f\u00e5gelskyddsarbetet st\u00e5r i fokus. Birdlife Uppland f\u00f6renar personer i alla \u00e5ldrar, erfarna som nyb\u00f6rjare \u2013 [&hellip;]\" \/>\n<meta property=\"og:url\" content=\"https:\/\/uppland.birdlife.se\/en\/bli-medlem\/\" \/>\n<meta property=\"og:site_name\" content=\"BirdLife Uppland\" \/>\n<meta property=\"article:publisher\" content=\"https:\/\/www.facebook.com\/UpplandsOrn\" \/>\n<meta property=\"article:modified_time\" content=\"2026-03-19T18:38:53+00:00\" \/>\n<meta property=\"og:image\" content=\"https:\/\/uppland.birdlife.se\/wp-content\/uploads\/sites\/58\/2026\/03\/FORENINGSAKTIVA-SOKES-768x545.png\" \/>\n<meta name=\"twitter:card\" content=\"summary_large_image\" \/>\n<meta name=\"twitter:label1\" content=\"Est. reading time\" \/>\n\t<meta name=\"twitter:data1\" content=\"1 minute\" \/>\n<script type=\"application\/ld+json\" class=\"yoast-schema-graph\">{\"@context\":\"https:\/\/schema.org\",\"@graph\":[{\"@type\":\"WebPage\",\"@id\":\"https:\/\/uppland.birdlife.se\/bli-medlem\/\",\"url\":\"https:\/\/uppland.birdlife.se\/bli-medlem\/\",\"name\":\"Bli medlem - BirdLife Uppland\",\"isPartOf\":{\"@id\":\"https:\/\/uppland.birdlife.se\/#website\"},\"primaryImageOfPage\":{\"@id\":\"https:\/\/uppland.birdlife.se\/bli-medlem\/#primaryimage\"},\"image\":{\"@id\":\"https:\/\/uppland.birdlife.se\/bli-medlem\/#primaryimage\"},\"thumbnailUrl\":\"https:\/\/uppland.birdlife.se\/wp-content\/uploads\/sites\/58\/2026\/03\/FORENINGSAKTIVA-SOKES-768x545.png\",\"datePublished\":\"2025-10-14T18:58:56+00:00\",\"dateModified\":\"2026-03-19T18:38:53+00:00\",\"breadcrumb\":{\"@id\":\"https:\/\/uppland.birdlife.se\/bli-medlem\/#breadcrumb\"},\"inLanguage\":\"en-GB\",\"potentialAction\":[{\"@type\":\"ReadAction\",\"target\":[\"https:\/\/uppland.birdlife.se\/bli-medlem\/\"]}]},{\"@type\":\"ImageObject\",\"inLanguage\":\"en-GB\",\"@id\":\"https:\/\/uppland.birdlife.se\/bli-medlem\/#primaryimage\",\"url\":\"https:\/\/uppland.birdlife.se\/wp-content\/uploads\/sites\/58\/2026\/03\/FORENINGSAKTIVA-SOKES-768x545.png\",\"contentUrl\":\"https:\/\/uppland.birdlife.se\/wp-content\/uploads\/sites\/58\/2026\/03\/FORENINGSAKTIVA-SOKES-768x545.png\"},{\"@type\":\"BreadcrumbList\",\"@id\":\"https:\/\/uppland.birdlife.se\/bli-medlem\/#breadcrumb\",\"itemListElement\":[{\"@type\":\"ListItem\",\"position\":1,\"name\":\"Home\",\"item\":\"https:\/\/uppland.birdlife.se\/\"},{\"@type\":\"ListItem\",\"position\":2,\"name\":\"Bli medlem\"}]},{\"@type\":\"WebSite\",\"@id\":\"https:\/\/uppland.birdlife.se\/#website\",\"url\":\"https:\/\/uppland.birdlife.se\/\",\"name\":\"BirdLife Uppland\",\"description\":\"En levande f\u00e5gelfauna i hela Uppland\",\"publisher\":{\"@id\":\"https:\/\/uppland.birdlife.se\/#organization\"},\"potentialAction\":[{\"@type\":\"SearchAction\",\"target\":{\"@type\":\"EntryPoint\",\"urlTemplate\":\"https:\/\/uppland.birdlife.se\/?s={search_term_string}\"},\"query-input\":{\"@type\":\"PropertyValueSpecification\",\"valueRequired\":true,\"valueName\":\"search_term_string\"}}],\"inLanguage\":\"en-GB\"},{\"@type\":\"Organization\",\"@id\":\"https:\/\/uppland.birdlife.se\/#organization\",\"name\":\"BirdLife Uppland\",\"url\":\"https:\/\/uppland.birdlife.se\/\",\"logo\":{\"@type\":\"ImageObject\",\"inLanguage\":\"en-GB\",\"@id\":\"https:\/\/uppland.birdlife.se\/#\/schema\/logo\/image\/\",\"url\":\"https:\/\/cdn.birdlife.se\/wp-content\/uploads\/sites\/58\/2025\/12\/birdlifeUOF_profil_vertikal_150dpi.png\",\"contentUrl\":\"https:\/\/cdn.birdlife.se\/wp-content\/uploads\/sites\/58\/2025\/12\/birdlifeUOF_profil_vertikal_150dpi.png\",\"width\":469,\"height\":459,\"caption\":\"BirdLife Uppland\"},\"image\":{\"@id\":\"https:\/\/uppland.birdlife.se\/#\/schema\/logo\/image\/\"},\"sameAs\":[\"https:\/\/www.facebook.com\/UpplandsOrn\"]}]}<\/script>\n<!-- \/ Yoast SEO plugin. -->","yoast_head_json":{"title":"Bli medlem - BirdLife Uppland","robots":{"index":"index","follow":"follow","max-snippet":"max-snippet:-1","max-image-preview":"max-image-preview:large","max-video-preview":"max-video-preview:-1"},"canonical":"https:\/\/uppland.birdlife.se\/en\/bli-medlem\/","og_locale":"en_GB","og_type":"article","og_title":"Bli medlem - BirdLife Uppland","og_description":"Bli medlem? BirdLife Uppland \u00e4r en f\u00f6rening som \u00e4r till f\u00f6r alla, d\u00e4r f\u00e5gelintresset och f\u00e5gelskyddsarbetet st\u00e5r i fokus. Birdlife Uppland f\u00f6renar personer i alla \u00e5ldrar, erfarna som nyb\u00f6rjare \u2013 [&hellip;]","og_url":"https:\/\/uppland.birdlife.se\/en\/bli-medlem\/","og_site_name":"BirdLife Uppland","article_publisher":"https:\/\/www.facebook.com\/UpplandsOrn","article_modified_time":"2026-03-19T18:38:53+00:00","og_image":[{"url":"https:\/\/uppland.birdlife.se\/wp-content\/uploads\/sites\/58\/2026\/03\/FORENINGSAKTIVA-SOKES-768x545.png","type":"","width":"","height":""}],"twitter_card":"summary_large_image","twitter_misc":{"Est. reading time":"1 minute"},"schema":{"@context":"https:\/\/schema.org","@graph":[{"@type":"WebPage","@id":"https:\/\/uppland.birdlife.se\/bli-medlem\/","url":"https:\/\/uppland.birdlife.se\/bli-medlem\/","name":"Bli medlem - BirdLife Uppland","isPartOf":{"@id":"https:\/\/uppland.birdlife.se\/#website"},"primaryImageOfPage":{"@id":"https:\/\/uppland.birdlife.se\/bli-medlem\/#primaryimage"},"image":{"@id":"https:\/\/uppland.birdlife.se\/bli-medlem\/#primaryimage"},"thumbnailUrl":"https:\/\/uppland.birdlife.se\/wp-content\/uploads\/sites\/58\/2026\/03\/FORENINGSAKTIVA-SOKES-768x545.png","datePublished":"2025-10-14T18:58:56+00:00","dateModified":"2026-03-19T18:38:53+00:00","breadcrumb":{"@id":"https:\/\/uppland.birdlife.se\/bli-medlem\/#breadcrumb"},"inLanguage":"en-GB","potentialAction":[{"@type":"ReadAction","target":["https:\/\/uppland.birdlife.se\/bli-medlem\/"]}]},{"@type":"ImageObject","inLanguage":"en-GB","@id":"https:\/\/uppland.birdlife.se\/bli-medlem\/#primaryimage","url":"https:\/\/uppland.birdlife.se\/wp-content\/uploads\/sites\/58\/2026\/03\/FORENINGSAKTIVA-SOKES-768x545.png","contentUrl":"https:\/\/uppland.birdlife.se\/wp-content\/uploads\/sites\/58\/2026\/03\/FORENINGSAKTIVA-SOKES-768x545.png"},{"@type":"BreadcrumbList","@id":"https:\/\/uppland.birdlife.se\/bli-medlem\/#breadcrumb","itemListElement":[{"@type":"ListItem","position":1,"name":"Home","item":"https:\/\/uppland.birdlife.se\/"},{"@type":"ListItem","position":2,"name":"Bli medlem"}]},{"@type":"WebSite","@id":"https:\/\/uppland.birdlife.se\/#website","url":"https:\/\/uppland.birdlife.se\/","name":"BirdLife Uppland","description":"En levande f\u00e5gelfauna i hela Uppland","publisher":{"@id":"https:\/\/uppland.birdlife.se\/#organization"},"potentialAction":[{"@type":"SearchAction","target":{"@type":"EntryPoint","urlTemplate":"https:\/\/uppland.birdlife.se\/?s={search_term_string}"},"query-input":{"@type":"PropertyValueSpecification","valueRequired":true,"valueName":"search_term_string"}}],"inLanguage":"en-GB"},{"@type":"Organization","@id":"https:\/\/uppland.birdlife.se\/#organization","name":"BirdLife Uppland","url":"https:\/\/uppland.birdlife.se\/","logo":{"@type":"ImageObject","inLanguage":"en-GB","@id":"https:\/\/uppland.birdlife.se\/#\/schema\/logo\/image\/","url":"https:\/\/cdn.birdlife.se\/wp-content\/uploads\/sites\/58\/2025\/12\/birdlifeUOF_profil_vertikal_150dpi.png","contentUrl":"https:\/\/cdn.birdlife.se\/wp-content\/uploads\/sites\/58\/2025\/12\/birdlifeUOF_profil_vertikal_150dpi.png","width":469,"height":459,"caption":"BirdLife Uppland"},"image":{"@id":"https:\/\/uppland.birdlife.se\/#\/schema\/logo\/image\/"},"sameAs":["https:\/\/www.facebook.com\/UpplandsOrn"]}]}},"_links":{"self":[{"href":"https:\/\/uppland.birdlife.se\/en\/wp-json\/wp\/v2\/pages\/8199","targetHints":{"allow":["GET"]}}],"collection":[{"href":"https:\/\/uppland.birdlife.se\/en\/wp-json\/wp\/v2\/pages"}],"about":[{"href":"https:\/\/uppland.birdlife.se\/en\/wp-json\/wp\/v2\/types\/page"}],"author":[{"embeddable":true,"href":"https:\/\/uppland.birdlife.se\/en\/wp-json\/wp\/v2\/users\/106"}],"replies":[{"embeddable":true,"href":"https:\/\/uppland.birdlife.se\/en\/wp-json\/wp\/v2\/comments?post=8199"}],"version-history":[{"count":53,"href":"https:\/\/uppland.birdlife.se\/en\/wp-json\/wp\/v2\/pages\/8199\/revisions"}],"predecessor-version":[{"id":8981,"href":"https:\/\/uppland.birdlife.se\/en\/wp-json\/wp\/v2\/pages\/8199\/revisions\/8981"}],"wp:attachment":[{"href":"https:\/\/uppland.birdlife.se\/en\/wp-json\/wp\/v2\/media?parent=8199"}],"curies":[{"name":"wp","href":"https:\/\/api.w.org\/{rel}","templated":true}]}}