{"id":851,"date":"2023-05-20T08:25:18","date_gmt":"2023-05-20T06:25:18","guid":{"rendered":"https:\/\/uppland.birdlife.se\/?page_id=851"},"modified":"2025-12-18T08:30:41","modified_gmt":"2025-12-18T07:30:41","slug":"fiu","status":"publish","type":"page","link":"https:\/\/uppland.birdlife.se\/en\/fiu\/","title":{"rendered":"Publikationer"},"content":{"rendered":"<div data-elementor-type=\"wp-page\" data-elementor-id=\"851\" class=\"elementor elementor-851\" data-elementor-post-type=\"page\">\n\t\t\t\t\t\t<section data-particle_enable=\"false\" data-particle-mobile-disabled=\"false\" class=\"elementor-section elementor-top-section elementor-element elementor-element-ca768cb elementor-section-boxed elementor-section-height-default elementor-section-height-default\" data-id=\"ca768cb\" data-element_type=\"section\" data-e-type=\"section\" data-settings=\"{&quot;jet_parallax_layout_list&quot;:[]}\">\n\t\t\t\t\t\t<div class=\"elementor-container elementor-column-gap-default\">\n\t\t\t\t\t<div class=\"elementor-column elementor-col-50 elementor-top-column elementor-element elementor-element-3165410\" data-id=\"3165410\" data-element_type=\"column\" data-e-type=\"column\">\n\t\t\t<div class=\"elementor-widget-wrap elementor-element-populated\">\n\t\t\t\t\t\t<div class=\"elementor-element elementor-element-fe18a80 elementor-widget elementor-widget-text-editor\" data-id=\"fe18a80\" data-element_type=\"widget\" data-e-type=\"widget\" data-widget_type=\"text-editor.default\">\n\t\t\t\t<div class=\"elementor-widget-container\">\n\t\t\t\t\t\t\t\t\t<p><b>F\u00e5glar i Uppland<\/b>\u00a0(FiU) utges av Upplands Ornitologiska F\u00f6rening (UOF) BirdLife Uppland och utkommer med fyra nummer per \u00e5r. Som\u00a0<strong><a href=\"https:\/\/insamling.birdlife.se\/pfs\/memberregistration?t=uppland\">medlem<\/a><\/strong>\u00a0i UOF f\u00e5r du ta del av tidningen FiU vars fr\u00e4msta syfte \u00e4r att plublicera material om f\u00e5glar och f\u00e5gellokaler i Uppland, vara l\u00e4nk mellan UOFs funktion\u00e4rer och \u00f6vriga medelmmer samt var debattforum f\u00f6r f\u00f6reningens medlemmar.<\/p><p>\u00a0<\/p><p>Kontakta oss g\u00e4rna med fr\u00e5gor!<\/p><p>E-post:\u00a0<a href=\"mailto:info.uof@gmail.com\">info.uof@gmail.com<\/a><\/p><p>Copyright \u00a9 F\u00e5glar i Uppland samt respektive illustrat\u00f6r\/fotograf.<\/p><p>Adress: F\u00e5glar i Uppland,\u00a0Box 59, 751 03 Uppsala<\/p>\t\t\t\t\t\t\t\t<\/div>\n\t\t\t\t<\/div>\n\t\t\t\t\t<\/div>\n\t\t<\/div>\n\t\t\t\t<div class=\"elementor-column elementor-col-50 elementor-top-column elementor-element elementor-element-5aaa392\" data-id=\"5aaa392\" data-element_type=\"column\" data-e-type=\"column\">\n\t\t\t<div class=\"elementor-widget-wrap elementor-element-populated\">\n\t\t\t\t\t\t<div class=\"elementor-element elementor-element-82bd704 elementor-widget__width-initial elementor-widget elementor-widget-image\" data-id=\"82bd704\" data-element_type=\"widget\" data-e-type=\"widget\" data-widget_type=\"image.default\">\n\t\t\t\t<div class=\"elementor-widget-container\">\n\t\t\t\t\t\t\t\t\t\t\t\t\t\t\t<img fetchpriority=\"high\" decoding=\"async\" width=\"1024\" height=\"682\" src=\"https:\/\/cdn.birdlife.se\/wp-content\/uploads\/sites\/58\/2024\/07\/Blahake-hanne6-HR-scaled-e1728207413665-1024x682.jpg\" class=\"attachment-large size-large wp-image-6383\" alt=\"\" srcset=\"https:\/\/cdn.birdlife.se\/wp-content\/uploads\/sites\/58\/2024\/07\/Blahake-hanne6-HR-scaled-e1728207413665-1024x682.jpg 1024w, https:\/\/cdn.birdlife.se\/wp-content\/uploads\/sites\/58\/2024\/07\/Blahake-hanne6-HR-scaled-e1728207413665-300x200.jpg 300w, https:\/\/cdn.birdlife.se\/wp-content\/uploads\/sites\/58\/2024\/07\/Blahake-hanne6-HR-scaled-e1728207413665-768x512.jpg 768w, https:\/\/cdn.birdlife.se\/wp-content\/uploads\/sites\/58\/2024\/07\/Blahake-hanne6-HR-scaled-e1728207413665-1536x1024.jpg 1536w, https:\/\/cdn.birdlife.se\/wp-content\/uploads\/sites\/58\/2024\/07\/Blahake-hanne6-HR-scaled-e1728207413665-2048x1365.jpg 2048w, https:\/\/cdn.birdlife.se\/wp-content\/uploads\/sites\/58\/2024\/07\/Blahake-hanne6-HR-scaled-e1728207413665-18x12.jpg 18w, https:\/\/cdn.birdlife.se\/wp-content\/uploads\/sites\/58\/2024\/07\/Blahake-hanne6-HR-scaled-e1728207413665-1920x1280.jpg 1920w, https:\/\/cdn.birdlife.se\/wp-content\/uploads\/sites\/58\/2024\/07\/Blahake-hanne6-HR-scaled-e1728207413665-645x430.jpg 645w\" sizes=\"(max-width: 1024px) 100vw, 1024px\" \/>\t\t\t\t\t\t\t\t\t\t\t\t\t\t\t<\/div>\n\t\t\t\t<\/div>\n\t\t\t\t\t<\/div>\n\t\t<\/div>\n\t\t\t\t\t<\/div>\n\t\t<\/section>\n\t\t\t\t<section data-particle_enable=\"false\" data-particle-mobile-disabled=\"false\" class=\"elementor-section elementor-top-section elementor-element elementor-element-ccafd1c elementor-section-boxed elementor-section-height-default elementor-section-height-default\" data-id=\"ccafd1c\" data-element_type=\"section\" data-e-type=\"section\" data-settings=\"{&quot;jet_parallax_layout_list&quot;:[]}\">\n\t\t\t\t\t\t<div class=\"elementor-container elementor-column-gap-default\">\n\t\t\t\t\t<div class=\"elementor-column elementor-col-100 elementor-top-column elementor-element elementor-element-a7c2a98\" data-id=\"a7c2a98\" data-element_type=\"column\" data-e-type=\"column\">\n\t\t\t<div class=\"elementor-widget-wrap elementor-element-populated\">\n\t\t\t\t\t\t<div class=\"elementor-element elementor-element-c4ced35 elementor-widget elementor-widget-button\" data-id=\"c4ced35\" data-element_type=\"widget\" data-e-type=\"widget\" data-widget_type=\"button.default\">\n\t\t\t\t<div class=\"elementor-widget-container\">\n\t\t\t\t\t\t\t\t\t<div class=\"elementor-button-wrapper\">\n\t\t\t\t\t<a class=\"elementor-button elementor-button-link elementor-size-sm\" href=\"https:\/\/uppland.birdlife.se\/en\/fiu\/arkiv\/\">\n\t\t\t\t\t\t<span class=\"elementor-button-content-wrapper\">\n\t\t\t\t\t\t\t\t\t<span class=\"elementor-button-text\">FiU \u00f6ppet arkiv<\/span>\n\t\t\t\t\t<\/span>\n\t\t\t\t\t<\/a>\n\t\t\t\t<\/div>\n\t\t\t\t\t\t\t\t<\/div>\n\t\t\t\t<\/div>\n\t\t\t\t\t<\/div>\n\t\t<\/div>\n\t\t\t\t\t<\/div>\n\t\t<\/section>\n\t\t\t\t<section data-particle_enable=\"false\" data-particle-mobile-disabled=\"false\" class=\"elementor-section elementor-top-section elementor-element elementor-element-6cd81d7 elementor-section-boxed elementor-section-height-default elementor-section-height-default\" data-id=\"6cd81d7\" data-element_type=\"section\" data-e-type=\"section\" data-settings=\"{&quot;jet_parallax_layout_list&quot;:[]}\">\n\t\t\t\t\t\t<div class=\"elementor-container elementor-column-gap-default\">\n\t\t\t\t\t<div class=\"elementor-column elementor-col-100 elementor-top-column elementor-element elementor-element-4506227\" data-id=\"4506227\" data-element_type=\"column\" data-e-type=\"column\">\n\t\t\t<div class=\"elementor-widget-wrap elementor-element-populated\">\n\t\t\t\t\t\t<div class=\"elementor-element elementor-element-d65a75f elementor-widget elementor-widget-text-editor\" data-id=\"d65a75f\" data-element_type=\"widget\" data-e-type=\"widget\" data-widget_type=\"text-editor.default\">\n\t\t\t\t<div class=\"elementor-widget-container\">\n\t\t\t\t\t\t\t\t\t<p>Redaktionen f\u00f6r FiU utg\u00f6rs av:<\/p>\t\t\t\t\t\t\t\t<\/div>\n\t\t\t\t<\/div>\n\t\t\t\t\t<\/div>\n\t\t<\/div>\n\t\t\t\t\t<\/div>\n\t\t<\/section>\n\t\t\t\t<section data-particle_enable=\"false\" data-particle-mobile-disabled=\"false\" class=\"elementor-section elementor-top-section elementor-element elementor-element-e29ba9b elementor-section-boxed elementor-section-height-default elementor-section-height-default\" data-id=\"e29ba9b\" data-element_type=\"section\" data-e-type=\"section\" data-settings=\"{&quot;jet_parallax_layout_list&quot;:[]}\">\n\t\t\t\t\t\t<div class=\"elementor-container elementor-column-gap-default\">\n\t\t\t\t\t<div class=\"elementor-column elementor-col-100 elementor-top-column elementor-element elementor-element-8c29970\" data-id=\"8c29970\" data-element_type=\"column\" data-e-type=\"column\">\n\t\t\t<div class=\"elementor-widget-wrap elementor-element-populated\">\n\t\t\t\t\t\t<div class=\"elementor-element elementor-element-6e84b00 elementor-widget elementor-widget-text-editor\" data-id=\"6e84b00\" data-element_type=\"widget\" data-e-type=\"widget\" data-widget_type=\"text-editor.default\">\n\t\t\t\t<div class=\"elementor-widget-container\">\n\t\t\t\t\t\t\t\t\t<p><strong>Anders Arwestr\u00f6m Jansson<\/strong><\/p><p><strong>Anita Janelm<\/strong><\/p><p><strong>\u00c5sa Steinholtz<\/strong><\/p><p><strong>Yngve Hareland<\/strong><\/p><p><strong>Oskar Jansson,<\/strong> <em>layout<\/em><\/p>\t\t\t\t\t\t\t\t<\/div>\n\t\t\t\t<\/div>\n\t\t\t\t\t<\/div>\n\t\t<\/div>\n\t\t\t\t\t<\/div>\n\t\t<\/section>\n\t\t\t\t<\/div>","protected":false},"excerpt":{"rendered":"<p>F\u00e5glar i Uppland\u00a0(FiU) utges av Upplands Ornitologiska F\u00f6rening (UOF) BirdLife Uppland och utkommer med fyra nummer per \u00e5r. Som\u00a0medlem\u00a0i UOF f\u00e5r du ta del av tidningen FiU vars fr\u00e4msta syfte [&hellip;]<\/p>\n","protected":false},"author":3,"featured_media":0,"parent":0,"menu_order":65,"comment_status":"closed","ping_status":"closed","template":"","meta":{"_acf_changed":false,"inline_featured_image":false,"footnotes":""},"class_list":["post-851","page","type-page","status-publish","hentry"],"acf":[],"yoast_head":"<!-- This site is optimized with the Yoast SEO plugin v27.2 - https:\/\/yoast.com\/product\/yoast-seo-wordpress\/ -->\n<title>Publikationer - BirdLife Uppland<\/title>\n<meta name=\"robots\" content=\"index, follow, max-snippet:-1, max-image-preview:large, max-video-preview:-1\" \/>\n<link rel=\"canonical\" href=\"https:\/\/uppland.birdlife.se\/en\/fiu\/\" \/>\n<meta property=\"og:locale\" content=\"en_GB\" \/>\n<meta property=\"og:type\" content=\"article\" \/>\n<meta property=\"og:title\" content=\"Publikationer - BirdLife Uppland\" \/>\n<meta property=\"og:description\" content=\"F\u00e5glar i Uppland\u00a0(FiU) utges av Upplands Ornitologiska F\u00f6rening (UOF) BirdLife Uppland och utkommer med fyra nummer per \u00e5r. Som\u00a0medlem\u00a0i UOF f\u00e5r du ta del av tidningen FiU vars fr\u00e4msta syfte [&hellip;]\" \/>\n<meta property=\"og:url\" content=\"https:\/\/uppland.birdlife.se\/en\/fiu\/\" \/>\n<meta property=\"og:site_name\" content=\"BirdLife Uppland\" \/>\n<meta property=\"article:publisher\" content=\"https:\/\/www.facebook.com\/UpplandsOrn\" \/>\n<meta property=\"article:modified_time\" content=\"2025-12-18T07:30:41+00:00\" \/>\n<meta property=\"og:image\" content=\"https:\/\/uppland.birdlife.se\/wp-content\/uploads\/sites\/58\/2024\/07\/Blahake-hanne6-HR-scaled-e1728207413665-1024x682.jpg\" \/>\n<meta name=\"twitter:card\" content=\"summary_large_image\" \/>\n<meta name=\"twitter:label1\" content=\"Est. reading time\" \/>\n\t<meta name=\"twitter:data1\" content=\"1 minute\" \/>\n<script type=\"application\/ld+json\" class=\"yoast-schema-graph\">{\"@context\":\"https:\/\/schema.org\",\"@graph\":[{\"@type\":\"WebPage\",\"@id\":\"https:\/\/uppland.birdlife.se\/fiu\/\",\"url\":\"https:\/\/uppland.birdlife.se\/fiu\/\",\"name\":\"Publikationer - BirdLife Uppland\",\"isPartOf\":{\"@id\":\"https:\/\/uppland.birdlife.se\/#website\"},\"primaryImageOfPage\":{\"@id\":\"https:\/\/uppland.birdlife.se\/fiu\/#primaryimage\"},\"image\":{\"@id\":\"https:\/\/uppland.birdlife.se\/fiu\/#primaryimage\"},\"thumbnailUrl\":\"https:\/\/uppland.birdlife.se\/wp-content\/uploads\/sites\/58\/2024\/07\/Blahake-hanne6-HR-scaled-e1728207413665-1024x682.jpg\",\"datePublished\":\"2023-05-20T06:25:18+00:00\",\"dateModified\":\"2025-12-18T07:30:41+00:00\",\"breadcrumb\":{\"@id\":\"https:\/\/uppland.birdlife.se\/fiu\/#breadcrumb\"},\"inLanguage\":\"en-GB\",\"potentialAction\":[{\"@type\":\"ReadAction\",\"target\":[\"https:\/\/uppland.birdlife.se\/fiu\/\"]}]},{\"@type\":\"ImageObject\",\"inLanguage\":\"en-GB\",\"@id\":\"https:\/\/uppland.birdlife.se\/fiu\/#primaryimage\",\"url\":\"https:\/\/uppland.birdlife.se\/wp-content\/uploads\/sites\/58\/2024\/07\/Blahake-hanne6-HR-scaled-e1728207413665-1024x682.jpg\",\"contentUrl\":\"https:\/\/uppland.birdlife.se\/wp-content\/uploads\/sites\/58\/2024\/07\/Blahake-hanne6-HR-scaled-e1728207413665-1024x682.jpg\"},{\"@type\":\"BreadcrumbList\",\"@id\":\"https:\/\/uppland.birdlife.se\/fiu\/#breadcrumb\",\"itemListElement\":[{\"@type\":\"ListItem\",\"position\":1,\"name\":\"Home\",\"item\":\"https:\/\/uppland.birdlife.se\/\"},{\"@type\":\"ListItem\",\"position\":2,\"name\":\"Publikationer\"}]},{\"@type\":\"WebSite\",\"@id\":\"https:\/\/uppland.birdlife.se\/#website\",\"url\":\"https:\/\/uppland.birdlife.se\/\",\"name\":\"BirdLife Uppland\",\"description\":\"En levande f\u00e5gelfauna i hela Uppland\",\"publisher\":{\"@id\":\"https:\/\/uppland.birdlife.se\/#organization\"},\"potentialAction\":[{\"@type\":\"SearchAction\",\"target\":{\"@type\":\"EntryPoint\",\"urlTemplate\":\"https:\/\/uppland.birdlife.se\/?s={search_term_string}\"},\"query-input\":{\"@type\":\"PropertyValueSpecification\",\"valueRequired\":true,\"valueName\":\"search_term_string\"}}],\"inLanguage\":\"en-GB\"},{\"@type\":\"Organization\",\"@id\":\"https:\/\/uppland.birdlife.se\/#organization\",\"name\":\"BirdLife Uppland\",\"url\":\"https:\/\/uppland.birdlife.se\/\",\"logo\":{\"@type\":\"ImageObject\",\"inLanguage\":\"en-GB\",\"@id\":\"https:\/\/uppland.birdlife.se\/#\/schema\/logo\/image\/\",\"url\":\"https:\/\/cdn.birdlife.se\/wp-content\/uploads\/sites\/58\/2025\/12\/birdlifeUOF_profil_vertikal_150dpi.png\",\"contentUrl\":\"https:\/\/cdn.birdlife.se\/wp-content\/uploads\/sites\/58\/2025\/12\/birdlifeUOF_profil_vertikal_150dpi.png\",\"width\":469,\"height\":459,\"caption\":\"BirdLife Uppland\"},\"image\":{\"@id\":\"https:\/\/uppland.birdlife.se\/#\/schema\/logo\/image\/\"},\"sameAs\":[\"https:\/\/www.facebook.com\/UpplandsOrn\"]}]}<\/script>\n<!-- \/ Yoast SEO plugin. -->","yoast_head_json":{"title":"Publikationer - BirdLife Uppland","robots":{"index":"index","follow":"follow","max-snippet":"max-snippet:-1","max-image-preview":"max-image-preview:large","max-video-preview":"max-video-preview:-1"},"canonical":"https:\/\/uppland.birdlife.se\/en\/fiu\/","og_locale":"en_GB","og_type":"article","og_title":"Publikationer - BirdLife Uppland","og_description":"F\u00e5glar i Uppland\u00a0(FiU) utges av Upplands Ornitologiska F\u00f6rening (UOF) BirdLife Uppland och utkommer med fyra nummer per \u00e5r. Som\u00a0medlem\u00a0i UOF f\u00e5r du ta del av tidningen FiU vars fr\u00e4msta syfte [&hellip;]","og_url":"https:\/\/uppland.birdlife.se\/en\/fiu\/","og_site_name":"BirdLife Uppland","article_publisher":"https:\/\/www.facebook.com\/UpplandsOrn","article_modified_time":"2025-12-18T07:30:41+00:00","og_image":[{"url":"https:\/\/uppland.birdlife.se\/wp-content\/uploads\/sites\/58\/2024\/07\/Blahake-hanne6-HR-scaled-e1728207413665-1024x682.jpg","type":"","width":"","height":""}],"twitter_card":"summary_large_image","twitter_misc":{"Est. reading time":"1 minute"},"schema":{"@context":"https:\/\/schema.org","@graph":[{"@type":"WebPage","@id":"https:\/\/uppland.birdlife.se\/fiu\/","url":"https:\/\/uppland.birdlife.se\/fiu\/","name":"Publikationer - BirdLife Uppland","isPartOf":{"@id":"https:\/\/uppland.birdlife.se\/#website"},"primaryImageOfPage":{"@id":"https:\/\/uppland.birdlife.se\/fiu\/#primaryimage"},"image":{"@id":"https:\/\/uppland.birdlife.se\/fiu\/#primaryimage"},"thumbnailUrl":"https:\/\/uppland.birdlife.se\/wp-content\/uploads\/sites\/58\/2024\/07\/Blahake-hanne6-HR-scaled-e1728207413665-1024x682.jpg","datePublished":"2023-05-20T06:25:18+00:00","dateModified":"2025-12-18T07:30:41+00:00","breadcrumb":{"@id":"https:\/\/uppland.birdlife.se\/fiu\/#breadcrumb"},"inLanguage":"en-GB","potentialAction":[{"@type":"ReadAction","target":["https:\/\/uppland.birdlife.se\/fiu\/"]}]},{"@type":"ImageObject","inLanguage":"en-GB","@id":"https:\/\/uppland.birdlife.se\/fiu\/#primaryimage","url":"https:\/\/uppland.birdlife.se\/wp-content\/uploads\/sites\/58\/2024\/07\/Blahake-hanne6-HR-scaled-e1728207413665-1024x682.jpg","contentUrl":"https:\/\/uppland.birdlife.se\/wp-content\/uploads\/sites\/58\/2024\/07\/Blahake-hanne6-HR-scaled-e1728207413665-1024x682.jpg"},{"@type":"BreadcrumbList","@id":"https:\/\/uppland.birdlife.se\/fiu\/#breadcrumb","itemListElement":[{"@type":"ListItem","position":1,"name":"Home","item":"https:\/\/uppland.birdlife.se\/"},{"@type":"ListItem","position":2,"name":"Publikationer"}]},{"@type":"WebSite","@id":"https:\/\/uppland.birdlife.se\/#website","url":"https:\/\/uppland.birdlife.se\/","name":"BirdLife Uppland","description":"En levande f\u00e5gelfauna i hela Uppland","publisher":{"@id":"https:\/\/uppland.birdlife.se\/#organization"},"potentialAction":[{"@type":"SearchAction","target":{"@type":"EntryPoint","urlTemplate":"https:\/\/uppland.birdlife.se\/?s={search_term_string}"},"query-input":{"@type":"PropertyValueSpecification","valueRequired":true,"valueName":"search_term_string"}}],"inLanguage":"en-GB"},{"@type":"Organization","@id":"https:\/\/uppland.birdlife.se\/#organization","name":"BirdLife Uppland","url":"https:\/\/uppland.birdlife.se\/","logo":{"@type":"ImageObject","inLanguage":"en-GB","@id":"https:\/\/uppland.birdlife.se\/#\/schema\/logo\/image\/","url":"https:\/\/cdn.birdlife.se\/wp-content\/uploads\/sites\/58\/2025\/12\/birdlifeUOF_profil_vertikal_150dpi.png","contentUrl":"https:\/\/cdn.birdlife.se\/wp-content\/uploads\/sites\/58\/2025\/12\/birdlifeUOF_profil_vertikal_150dpi.png","width":469,"height":459,"caption":"BirdLife Uppland"},"image":{"@id":"https:\/\/uppland.birdlife.se\/#\/schema\/logo\/image\/"},"sameAs":["https:\/\/www.facebook.com\/UpplandsOrn"]}]}},"_links":{"self":[{"href":"https:\/\/uppland.birdlife.se\/en\/wp-json\/wp\/v2\/pages\/851","targetHints":{"allow":["GET"]}}],"collection":[{"href":"https:\/\/uppland.birdlife.se\/en\/wp-json\/wp\/v2\/pages"}],"about":[{"href":"https:\/\/uppland.birdlife.se\/en\/wp-json\/wp\/v2\/types\/page"}],"author":[{"embeddable":true,"href":"https:\/\/uppland.birdlife.se\/en\/wp-json\/wp\/v2\/users\/3"}],"replies":[{"embeddable":true,"href":"https:\/\/uppland.birdlife.se\/en\/wp-json\/wp\/v2\/comments?post=851"}],"version-history":[{"count":129,"href":"https:\/\/uppland.birdlife.se\/en\/wp-json\/wp\/v2\/pages\/851\/revisions"}],"predecessor-version":[{"id":8556,"href":"https:\/\/uppland.birdlife.se\/en\/wp-json\/wp\/v2\/pages\/851\/revisions\/8556"}],"wp:attachment":[{"href":"https:\/\/uppland.birdlife.se\/en\/wp-json\/wp\/v2\/media?parent=851"}],"curies":[{"name":"wp","href":"https:\/\/api.w.org\/{rel}","templated":true}]}}