{"id":853,"date":"2023-05-20T08:25:57","date_gmt":"2023-05-20T06:25:57","guid":{"rendered":"https:\/\/uppland.birdlife.se\/?page_id=853"},"modified":"2024-04-26T15:43:24","modified_gmt":"2024-04-26T13:43:24","slug":"om-uof","status":"publish","type":"page","link":"https:\/\/uppland.birdlife.se\/en\/om-uof\/","title":{"rendered":"Om UOF"},"content":{"rendered":"<div data-elementor-type=\"wp-page\" data-elementor-id=\"853\" class=\"elementor elementor-853\" data-elementor-post-type=\"page\">\n\t\t\t\t\t\t<section data-particle_enable=\"false\" data-particle-mobile-disabled=\"false\" class=\"elementor-section elementor-top-section elementor-element elementor-element-ce1a27f elementor-section-boxed elementor-section-height-default elementor-section-height-default\" data-id=\"ce1a27f\" data-element_type=\"section\" data-e-type=\"section\" data-settings=\"{&quot;jet_parallax_layout_list&quot;:[]}\">\n\t\t\t\t\t\t<div class=\"elementor-container elementor-column-gap-default\">\n\t\t\t\t\t<div class=\"elementor-column elementor-col-50 elementor-top-column elementor-element elementor-element-fb7c07e\" data-id=\"fb7c07e\" data-element_type=\"column\" data-e-type=\"column\">\n\t\t\t<div class=\"elementor-widget-wrap elementor-element-populated\">\n\t\t\t\t\t\t<div class=\"elementor-element elementor-element-2e78714 elementor-widget elementor-widget-text-editor\" data-id=\"2e78714\" data-element_type=\"widget\" data-e-type=\"widget\" data-widget_type=\"text-editor.default\">\n\t\t\t\t<div class=\"elementor-widget-container\">\n\t\t\t\t\t\t\t\t\t<p style=\"text-align: center\"><span style=\"color: #333333;font-family: 'Libre Franklin', 'Helvetica Neue', helvetica, arial, sans-serif;font-size: 16px\">Upplands Ornitologiska F\u00f6rening &#8211; BirdLife Uppland bildades \u00e5r 1971.<br \/>UOF:s syften \u00e4r att skapa en levande f\u00f6reningsmilj\u00f6 d\u00e4r alla \u00e4r v\u00e4lkomna, att v\u00e4cka och underh\u00e5lla intresset f\u00f6r f\u00e5glar och f\u00e5gelmilj\u00f6er, samt att fr\u00e4mja utforskandet och skyddet av Upplands f\u00e5gelfauna.<br \/>F\u00e5gelskyddsfr\u00e5gor st\u00e5r i fokus och f\u00f6reningen \u00e4r b\u00e5de drivande och delaktig i m\u00e5nga projekt.\u00a0<\/span><\/p><p style=\"text-align: center\"><span style=\"color: #333333;font-family: 'Libre Franklin', 'Helvetica Neue', helvetica, arial, sans-serif;font-size: 16px\">\u00a0<\/span><\/p><p>V\u00e4lkommen att\u00a0<a href=\"mailto:info.uof@gmail.com.\" target=\"_blank\" rel=\"noopener\">kontakta oss<\/a>\u00a0med fr\u00e5gor eller funderingar!<\/p>\t\t\t\t\t\t\t\t<\/div>\n\t\t\t\t<\/div>\n\t\t\t\t\t<\/div>\n\t\t<\/div>\n\t\t\t\t<div class=\"elementor-column elementor-col-50 elementor-top-column elementor-element elementor-element-fb3d2ac\" data-id=\"fb3d2ac\" data-element_type=\"column\" data-e-type=\"column\">\n\t\t\t<div class=\"elementor-widget-wrap elementor-element-populated\">\n\t\t\t\t\t\t<div class=\"elementor-element elementor-element-d655344 elementor-widget elementor-widget-image\" data-id=\"d655344\" data-element_type=\"widget\" data-e-type=\"widget\" data-widget_type=\"image.default\">\n\t\t\t\t<div class=\"elementor-widget-container\">\n\t\t\t\t\t\t\t\t\t\t\t\t<figure class=\"wp-caption\">\n\t\t\t\t\t\t\t\t\t\t\t<a href=\"https:\/\/cdn.birdlife.se\/wp-content\/uploads\/sites\/58\/2023\/06\/Red_20160505_White_Tailed_Eagle_6Cy_Fagelsundet_Bjorns_skargard_ind_1_005.jpg\" data-elementor-open-lightbox=\"yes\" data-e-action-hash=\"#elementor-action%3Aaction%3Dlightbox%26settings%3DeyJpZCI6IjEwMjkiLCJ1cmwiOiJodHRwczpcL1wvY2RuLmJpcmRsaWZlLnNlXC93cC1jb250ZW50XC91cGxvYWRzXC9zaXRlc1wvNThcLzIwMjNcLzA2XC9SZWRfMjAxNjA1MDVfV2hpdGVfVGFpbGVkX0VhZ2xlXzZDeV9GYWdlbHN1bmRldF9Cam9ybnNfc2thcmdhcmRfaW5kXzFfMDA1LmpwZyJ9\">\n\t\t\t\t\t\t\t<img fetchpriority=\"high\" decoding=\"async\" width=\"1024\" height=\"824\" src=\"https:\/\/cdn.birdlife.se\/wp-content\/uploads\/sites\/58\/2023\/06\/Red_20160505_White_Tailed_Eagle_6Cy_Fagelsundet_Bjorns_skargard_ind_1_005-1024x824.jpg\" class=\"attachment-large size-large wp-image-1029\" alt=\"havs\u00f6rn\" srcset=\"https:\/\/cdn.birdlife.se\/wp-content\/uploads\/sites\/58\/2023\/06\/Red_20160505_White_Tailed_Eagle_6Cy_Fagelsundet_Bjorns_skargard_ind_1_005-1024x824.jpg 1024w, https:\/\/cdn.birdlife.se\/wp-content\/uploads\/sites\/58\/2023\/06\/Red_20160505_White_Tailed_Eagle_6Cy_Fagelsundet_Bjorns_skargard_ind_1_005-300x242.jpg 300w, https:\/\/cdn.birdlife.se\/wp-content\/uploads\/sites\/58\/2023\/06\/Red_20160505_White_Tailed_Eagle_6Cy_Fagelsundet_Bjorns_skargard_ind_1_005-768x618.jpg 768w, https:\/\/cdn.birdlife.se\/wp-content\/uploads\/sites\/58\/2023\/06\/Red_20160505_White_Tailed_Eagle_6Cy_Fagelsundet_Bjorns_skargard_ind_1_005-1536x1237.jpg 1536w, https:\/\/cdn.birdlife.se\/wp-content\/uploads\/sites\/58\/2023\/06\/Red_20160505_White_Tailed_Eagle_6Cy_Fagelsundet_Bjorns_skargard_ind_1_005-15x12.jpg 15w, https:\/\/cdn.birdlife.se\/wp-content\/uploads\/sites\/58\/2023\/06\/Red_20160505_White_Tailed_Eagle_6Cy_Fagelsundet_Bjorns_skargard_ind_1_005.jpg 1714w\" sizes=\"(max-width: 1024px) 100vw, 1024px\" \/>\t\t\t\t\t\t\t\t<\/a>\n\t\t\t\t\t\t\t\t\t\t\t<figcaption class=\"widget-image-caption wp-caption-text\">Havs\u00f6rnen \u00e4r Upplands landskapsdjur.\nFoto: Ulrik L\u00f6tberg<\/figcaption>\n\t\t\t\t\t\t\t\t\t\t<\/figure>\n\t\t\t\t\t\t\t\t\t<\/div>\n\t\t\t\t<\/div>\n\t\t\t\t\t<\/div>\n\t\t<\/div>\n\t\t\t\t\t<\/div>\n\t\t<\/section>\n\t\t\t\t<\/div>","protected":false},"excerpt":{"rendered":"<p>Upplands Ornitologiska F\u00f6rening &#8211; BirdLife Uppland bildades \u00e5r 1971.UOF:s syften \u00e4r att skapa en levande f\u00f6reningsmilj\u00f6 d\u00e4r alla \u00e4r v\u00e4lkomna, att v\u00e4cka och underh\u00e5lla intresset f\u00f6r f\u00e5glar och f\u00e5gelmilj\u00f6er, samt [&hellip;]<\/p>\n","protected":false},"author":3,"featured_media":0,"parent":0,"menu_order":80,"comment_status":"closed","ping_status":"closed","template":"","meta":{"_acf_changed":false,"inline_featured_image":false,"footnotes":""},"class_list":["post-853","page","type-page","status-publish","hentry"],"acf":[],"yoast_head":"<!-- This site is optimized with the Yoast SEO plugin v27.2 - https:\/\/yoast.com\/product\/yoast-seo-wordpress\/ -->\n<title>Om UOF - BirdLife Uppland<\/title>\n<meta name=\"robots\" content=\"index, follow, max-snippet:-1, max-image-preview:large, max-video-preview:-1\" \/>\n<link rel=\"canonical\" href=\"https:\/\/uppland.birdlife.se\/en\/om-uof\/\" \/>\n<meta property=\"og:locale\" content=\"en_GB\" \/>\n<meta property=\"og:type\" content=\"article\" \/>\n<meta property=\"og:title\" content=\"Om UOF - BirdLife Uppland\" \/>\n<meta property=\"og:description\" content=\"Upplands Ornitologiska F\u00f6rening &#8211; BirdLife Uppland bildades \u00e5r 1971.UOF:s syften \u00e4r att skapa en levande f\u00f6reningsmilj\u00f6 d\u00e4r alla \u00e4r v\u00e4lkomna, att v\u00e4cka och underh\u00e5lla intresset f\u00f6r f\u00e5glar och f\u00e5gelmilj\u00f6er, samt [&hellip;]\" \/>\n<meta property=\"og:url\" content=\"https:\/\/uppland.birdlife.se\/en\/om-uof\/\" \/>\n<meta property=\"og:site_name\" content=\"BirdLife Uppland\" \/>\n<meta property=\"article:publisher\" content=\"https:\/\/www.facebook.com\/UpplandsOrn\" \/>\n<meta property=\"article:modified_time\" content=\"2024-04-26T13:43:24+00:00\" \/>\n<meta property=\"og:image\" content=\"https:\/\/uppland.birdlife.se\/wp-content\/uploads\/sites\/58\/2023\/06\/Red_20160505_White_Tailed_Eagle_6Cy_Fagelsundet_Bjorns_skargard_ind_1_005-1024x824.jpg\" \/>\n<meta name=\"twitter:card\" content=\"summary_large_image\" \/>\n<meta name=\"twitter:label1\" content=\"Est. reading time\" \/>\n\t<meta name=\"twitter:data1\" content=\"1 minute\" \/>\n<script type=\"application\/ld+json\" class=\"yoast-schema-graph\">{\"@context\":\"https:\/\/schema.org\",\"@graph\":[{\"@type\":\"WebPage\",\"@id\":\"https:\/\/uppland.birdlife.se\/om-uof\/\",\"url\":\"https:\/\/uppland.birdlife.se\/om-uof\/\",\"name\":\"Om UOF - BirdLife Uppland\",\"isPartOf\":{\"@id\":\"https:\/\/uppland.birdlife.se\/#website\"},\"primaryImageOfPage\":{\"@id\":\"https:\/\/uppland.birdlife.se\/om-uof\/#primaryimage\"},\"image\":{\"@id\":\"https:\/\/uppland.birdlife.se\/om-uof\/#primaryimage\"},\"thumbnailUrl\":\"https:\/\/uppland.birdlife.se\/wp-content\/uploads\/sites\/58\/2023\/06\/Red_20160505_White_Tailed_Eagle_6Cy_Fagelsundet_Bjorns_skargard_ind_1_005-1024x824.jpg\",\"datePublished\":\"2023-05-20T06:25:57+00:00\",\"dateModified\":\"2024-04-26T13:43:24+00:00\",\"breadcrumb\":{\"@id\":\"https:\/\/uppland.birdlife.se\/om-uof\/#breadcrumb\"},\"inLanguage\":\"en-GB\",\"potentialAction\":[{\"@type\":\"ReadAction\",\"target\":[\"https:\/\/uppland.birdlife.se\/om-uof\/\"]}]},{\"@type\":\"ImageObject\",\"inLanguage\":\"en-GB\",\"@id\":\"https:\/\/uppland.birdlife.se\/om-uof\/#primaryimage\",\"url\":\"https:\/\/uppland.birdlife.se\/wp-content\/uploads\/sites\/58\/2023\/06\/Red_20160505_White_Tailed_Eagle_6Cy_Fagelsundet_Bjorns_skargard_ind_1_005-1024x824.jpg\",\"contentUrl\":\"https:\/\/uppland.birdlife.se\/wp-content\/uploads\/sites\/58\/2023\/06\/Red_20160505_White_Tailed_Eagle_6Cy_Fagelsundet_Bjorns_skargard_ind_1_005-1024x824.jpg\"},{\"@type\":\"BreadcrumbList\",\"@id\":\"https:\/\/uppland.birdlife.se\/om-uof\/#breadcrumb\",\"itemListElement\":[{\"@type\":\"ListItem\",\"position\":1,\"name\":\"Home\",\"item\":\"https:\/\/uppland.birdlife.se\/\"},{\"@type\":\"ListItem\",\"position\":2,\"name\":\"Om UOF\"}]},{\"@type\":\"WebSite\",\"@id\":\"https:\/\/uppland.birdlife.se\/#website\",\"url\":\"https:\/\/uppland.birdlife.se\/\",\"name\":\"BirdLife Uppland\",\"description\":\"En levande f\u00e5gelfauna i hela Uppland\",\"publisher\":{\"@id\":\"https:\/\/uppland.birdlife.se\/#organization\"},\"potentialAction\":[{\"@type\":\"SearchAction\",\"target\":{\"@type\":\"EntryPoint\",\"urlTemplate\":\"https:\/\/uppland.birdlife.se\/?s={search_term_string}\"},\"query-input\":{\"@type\":\"PropertyValueSpecification\",\"valueRequired\":true,\"valueName\":\"search_term_string\"}}],\"inLanguage\":\"en-GB\"},{\"@type\":\"Organization\",\"@id\":\"https:\/\/uppland.birdlife.se\/#organization\",\"name\":\"BirdLife Uppland\",\"url\":\"https:\/\/uppland.birdlife.se\/\",\"logo\":{\"@type\":\"ImageObject\",\"inLanguage\":\"en-GB\",\"@id\":\"https:\/\/uppland.birdlife.se\/#\/schema\/logo\/image\/\",\"url\":\"https:\/\/cdn.birdlife.se\/wp-content\/uploads\/sites\/58\/2025\/12\/birdlifeUOF_profil_vertikal_150dpi.png\",\"contentUrl\":\"https:\/\/cdn.birdlife.se\/wp-content\/uploads\/sites\/58\/2025\/12\/birdlifeUOF_profil_vertikal_150dpi.png\",\"width\":469,\"height\":459,\"caption\":\"BirdLife Uppland\"},\"image\":{\"@id\":\"https:\/\/uppland.birdlife.se\/#\/schema\/logo\/image\/\"},\"sameAs\":[\"https:\/\/www.facebook.com\/UpplandsOrn\"]}]}<\/script>\n<!-- \/ Yoast SEO plugin. -->","yoast_head_json":{"title":"Om UOF - BirdLife Uppland","robots":{"index":"index","follow":"follow","max-snippet":"max-snippet:-1","max-image-preview":"max-image-preview:large","max-video-preview":"max-video-preview:-1"},"canonical":"https:\/\/uppland.birdlife.se\/en\/om-uof\/","og_locale":"en_GB","og_type":"article","og_title":"Om UOF - BirdLife Uppland","og_description":"Upplands Ornitologiska F\u00f6rening &#8211; BirdLife Uppland bildades \u00e5r 1971.UOF:s syften \u00e4r att skapa en levande f\u00f6reningsmilj\u00f6 d\u00e4r alla \u00e4r v\u00e4lkomna, att v\u00e4cka och underh\u00e5lla intresset f\u00f6r f\u00e5glar och f\u00e5gelmilj\u00f6er, samt [&hellip;]","og_url":"https:\/\/uppland.birdlife.se\/en\/om-uof\/","og_site_name":"BirdLife Uppland","article_publisher":"https:\/\/www.facebook.com\/UpplandsOrn","article_modified_time":"2024-04-26T13:43:24+00:00","og_image":[{"url":"https:\/\/uppland.birdlife.se\/wp-content\/uploads\/sites\/58\/2023\/06\/Red_20160505_White_Tailed_Eagle_6Cy_Fagelsundet_Bjorns_skargard_ind_1_005-1024x824.jpg","type":"","width":"","height":""}],"twitter_card":"summary_large_image","twitter_misc":{"Est. reading time":"1 minute"},"schema":{"@context":"https:\/\/schema.org","@graph":[{"@type":"WebPage","@id":"https:\/\/uppland.birdlife.se\/om-uof\/","url":"https:\/\/uppland.birdlife.se\/om-uof\/","name":"Om UOF - BirdLife Uppland","isPartOf":{"@id":"https:\/\/uppland.birdlife.se\/#website"},"primaryImageOfPage":{"@id":"https:\/\/uppland.birdlife.se\/om-uof\/#primaryimage"},"image":{"@id":"https:\/\/uppland.birdlife.se\/om-uof\/#primaryimage"},"thumbnailUrl":"https:\/\/uppland.birdlife.se\/wp-content\/uploads\/sites\/58\/2023\/06\/Red_20160505_White_Tailed_Eagle_6Cy_Fagelsundet_Bjorns_skargard_ind_1_005-1024x824.jpg","datePublished":"2023-05-20T06:25:57+00:00","dateModified":"2024-04-26T13:43:24+00:00","breadcrumb":{"@id":"https:\/\/uppland.birdlife.se\/om-uof\/#breadcrumb"},"inLanguage":"en-GB","potentialAction":[{"@type":"ReadAction","target":["https:\/\/uppland.birdlife.se\/om-uof\/"]}]},{"@type":"ImageObject","inLanguage":"en-GB","@id":"https:\/\/uppland.birdlife.se\/om-uof\/#primaryimage","url":"https:\/\/uppland.birdlife.se\/wp-content\/uploads\/sites\/58\/2023\/06\/Red_20160505_White_Tailed_Eagle_6Cy_Fagelsundet_Bjorns_skargard_ind_1_005-1024x824.jpg","contentUrl":"https:\/\/uppland.birdlife.se\/wp-content\/uploads\/sites\/58\/2023\/06\/Red_20160505_White_Tailed_Eagle_6Cy_Fagelsundet_Bjorns_skargard_ind_1_005-1024x824.jpg"},{"@type":"BreadcrumbList","@id":"https:\/\/uppland.birdlife.se\/om-uof\/#breadcrumb","itemListElement":[{"@type":"ListItem","position":1,"name":"Home","item":"https:\/\/uppland.birdlife.se\/"},{"@type":"ListItem","position":2,"name":"Om UOF"}]},{"@type":"WebSite","@id":"https:\/\/uppland.birdlife.se\/#website","url":"https:\/\/uppland.birdlife.se\/","name":"BirdLife Uppland","description":"En levande f\u00e5gelfauna i hela Uppland","publisher":{"@id":"https:\/\/uppland.birdlife.se\/#organization"},"potentialAction":[{"@type":"SearchAction","target":{"@type":"EntryPoint","urlTemplate":"https:\/\/uppland.birdlife.se\/?s={search_term_string}"},"query-input":{"@type":"PropertyValueSpecification","valueRequired":true,"valueName":"search_term_string"}}],"inLanguage":"en-GB"},{"@type":"Organization","@id":"https:\/\/uppland.birdlife.se\/#organization","name":"BirdLife Uppland","url":"https:\/\/uppland.birdlife.se\/","logo":{"@type":"ImageObject","inLanguage":"en-GB","@id":"https:\/\/uppland.birdlife.se\/#\/schema\/logo\/image\/","url":"https:\/\/cdn.birdlife.se\/wp-content\/uploads\/sites\/58\/2025\/12\/birdlifeUOF_profil_vertikal_150dpi.png","contentUrl":"https:\/\/cdn.birdlife.se\/wp-content\/uploads\/sites\/58\/2025\/12\/birdlifeUOF_profil_vertikal_150dpi.png","width":469,"height":459,"caption":"BirdLife Uppland"},"image":{"@id":"https:\/\/uppland.birdlife.se\/#\/schema\/logo\/image\/"},"sameAs":["https:\/\/www.facebook.com\/UpplandsOrn"]}]}},"_links":{"self":[{"href":"https:\/\/uppland.birdlife.se\/en\/wp-json\/wp\/v2\/pages\/853","targetHints":{"allow":["GET"]}}],"collection":[{"href":"https:\/\/uppland.birdlife.se\/en\/wp-json\/wp\/v2\/pages"}],"about":[{"href":"https:\/\/uppland.birdlife.se\/en\/wp-json\/wp\/v2\/types\/page"}],"author":[{"embeddable":true,"href":"https:\/\/uppland.birdlife.se\/en\/wp-json\/wp\/v2\/users\/3"}],"replies":[{"embeddable":true,"href":"https:\/\/uppland.birdlife.se\/en\/wp-json\/wp\/v2\/comments?post=853"}],"version-history":[{"count":28,"href":"https:\/\/uppland.birdlife.se\/en\/wp-json\/wp\/v2\/pages\/853\/revisions"}],"predecessor-version":[{"id":5974,"href":"https:\/\/uppland.birdlife.se\/en\/wp-json\/wp\/v2\/pages\/853\/revisions\/5974"}],"wp:attachment":[{"href":"https:\/\/uppland.birdlife.se\/en\/wp-json\/wp\/v2\/media?parent=853"}],"curies":[{"name":"wp","href":"https:\/\/api.w.org\/{rel}","templated":true}]}}