{"id":859,"date":"2023-05-20T11:43:00","date_gmt":"2023-05-20T09:43:00","guid":{"rendered":"https:\/\/uppland.birdlife.se\/?page_id=859"},"modified":"2025-08-03T21:05:51","modified_gmt":"2025-08-03T19:05:51","slug":"engagera-dig-i-uof","status":"publish","type":"page","link":"https:\/\/uppland.birdlife.se\/en\/om-uof\/engagera-dig-i-uof\/","title":{"rendered":"Engagera dig i UOF"},"content":{"rendered":"<div data-elementor-type=\"wp-page\" data-elementor-id=\"859\" class=\"elementor elementor-859\" data-elementor-post-type=\"page\">\n\t\t\t\t\t\t<section data-particle_enable=\"false\" data-particle-mobile-disabled=\"false\" class=\"elementor-section elementor-top-section elementor-element elementor-element-c5b5376 elementor-section-boxed elementor-section-height-default elementor-section-height-default\" data-id=\"c5b5376\" data-element_type=\"section\" data-e-type=\"section\" data-settings=\"{&quot;jet_parallax_layout_list&quot;:[]}\">\n\t\t\t\t\t\t<div class=\"elementor-container elementor-column-gap-default\">\n\t\t\t\t\t<div class=\"elementor-column elementor-col-100 elementor-top-column elementor-element elementor-element-9b91e74\" data-id=\"9b91e74\" data-element_type=\"column\" data-e-type=\"column\">\n\t\t\t<div class=\"elementor-widget-wrap elementor-element-populated\">\n\t\t\t\t\t\t<div class=\"elementor-element elementor-element-a5b0947 elementor-widget elementor-widget-text-editor\" data-id=\"a5b0947\" data-element_type=\"widget\" data-e-type=\"widget\" data-widget_type=\"text-editor.default\">\n\t\t\t\t<div class=\"elementor-widget-container\">\n\t\t\t\t\t\t\t\t\t<p>Vill du v\u00e4rna om f\u00e5glar och bidra till en aktuell och levande f\u00f6rening? D\u00e5 \u00e4r du varmt v\u00e4lkommen att engagera dig i Upplands Ornitologiska F\u00f6rening &#8211; BirdLife Uppland! Allt arbete i UOF \u00e4r ideellt och utan medlemmarnas engagemang skulle f\u00f6reningen inte finnas. Det \u00e4r v\u00e4ldigt roligt och givande att vara en aktiv del av f\u00f6reningen.<br \/><span style=\"font-size: 1em;font-family: var( --e-global-typography-text-font-family ), Sans-serif;font-weight: var( --e-global-typography-text-font-weight )\"><br \/><\/span><\/p><p><span style=\"font-size: 1em;font-family: var( --e-global-typography-text-font-family ), Sans-serif;font-weight: var( --e-global-typography-text-font-weight )\">Verksamheten \u00e4r uppdelad i ett antal\u00a0olika verksamhetsgrupper.\u00a0Det kr\u00e4vs\u00a0<\/span><span style=\"font-size: 1em;font-family: var( --e-global-typography-text-font-family ), Sans-serif\"><b>inga<\/b><\/span><span style=\"font-size: 1em;font-family: var( --e-global-typography-text-font-family ), Sans-serif;font-weight: var( --e-global-typography-text-font-weight )\">\u00a0expertkunskaper eller tunga \u00e5taganden, alla kan bidra utifr\u00e5n sina egna f\u00f6ruts\u00e4ttningar. I alla grupper \u00e4r det fritt att f\u00f6lja med och titta n\u00e5gra g\u00e5nger utan att f\u00f6rbinda sig till n\u00e5gonting, s\u00e5 var inte r\u00e4dd f\u00f6r att ta kontakt med en eller flera av grupperna nedan.<\/span><\/p><p>\u00a0<\/p><p>Vi ser fram emot att h\u00f6ra fr\u00e5n\u00a0dig!\u00a0<\/p>\t\t\t\t\t\t\t\t<\/div>\n\t\t\t\t<\/div>\n\t\t\t\t\t<\/div>\n\t\t<\/div>\n\t\t\t\t\t<\/div>\n\t\t<\/section>\n\t\t\t\t<section data-particle_enable=\"false\" data-particle-mobile-disabled=\"false\" class=\"elementor-section elementor-top-section elementor-element elementor-element-43d35a9 elementor-section-boxed elementor-section-height-default elementor-section-height-default\" data-id=\"43d35a9\" data-element_type=\"section\" data-e-type=\"section\" data-settings=\"{&quot;jet_parallax_layout_list&quot;:[]}\">\n\t\t\t\t\t\t<div class=\"elementor-container elementor-column-gap-default\">\n\t\t\t\t\t<div class=\"elementor-column elementor-col-100 elementor-top-column elementor-element elementor-element-5fbbe42\" data-id=\"5fbbe42\" data-element_type=\"column\" data-e-type=\"column\">\n\t\t\t<div class=\"elementor-widget-wrap elementor-element-populated\">\n\t\t\t\t\t\t<div class=\"elementor-element elementor-element-c74f9ed elementor-widget-divider--view-line_icon elementor-view-default elementor-widget-divider--element-align-center elementor-widget elementor-widget-divider\" data-id=\"c74f9ed\" data-element_type=\"widget\" data-e-type=\"widget\" data-widget_type=\"divider.default\">\n\t\t\t\t<div class=\"elementor-widget-container\">\n\t\t\t\t\t\t\t<div class=\"elementor-divider\">\n\t\t\t<span class=\"elementor-divider-separator\">\n\t\t\t\t\t\t\t<div class=\"elementor-icon elementor-divider__element\">\n\t\t\t\t\t<i aria-hidden=\"true\" class=\"fas fa-feather-alt\"><\/i><\/div>\n\t\t\t\t\t\t<\/span>\n\t\t<\/div>\n\t\t\t\t\t\t<\/div>\n\t\t\t\t<\/div>\n\t\t\t\t\t<\/div>\n\t\t<\/div>\n\t\t\t\t\t<\/div>\n\t\t<\/section>\n\t\t\t\t<section data-particle_enable=\"false\" data-particle-mobile-disabled=\"false\" class=\"elementor-section elementor-top-section elementor-element elementor-element-d5adfb6 elementor-section-boxed elementor-section-height-default elementor-section-height-default\" data-id=\"d5adfb6\" data-element_type=\"section\" data-e-type=\"section\" data-settings=\"{&quot;jet_parallax_layout_list&quot;:[]}\">\n\t\t\t\t\t\t<div class=\"elementor-container elementor-column-gap-default\">\n\t\t\t\t\t<div class=\"elementor-column elementor-col-100 elementor-top-column elementor-element elementor-element-31b375c\" data-id=\"31b375c\" data-element_type=\"column\" data-e-type=\"column\">\n\t\t\t<div class=\"elementor-widget-wrap elementor-element-populated\">\n\t\t\t\t\t\t<div class=\"elementor-element elementor-element-32613a6 elementor-widget elementor-widget-text-editor\" data-id=\"32613a6\" data-element_type=\"widget\" data-e-type=\"widget\" data-widget_type=\"text-editor.default\">\n\t\t\t\t<div class=\"elementor-widget-container\">\n\t\t\t\t\t\t\t\t\t<p><strong>F\u00e5gelskydd och inventering<\/strong>\u00a0\u2013 Om du vill vara med och\u00a0skydda f\u00e5glarna och deras livsmilj\u00f6\u00a0finns det m\u00f6jlighet att bidra\u00a0b\u00e5de med\u00a0praktiskt inventerings- och f\u00e4ltarbete, dialog\u00a0med myndigheter\/f\u00f6retag och administrativa sysslor. H\u00f6r av dig till Mikael Malmaeus p\u00e5\u00a0<a href=\"mailto:mikael.malmaeus@gmail.com\">mikael.malmaeus@gmail.com<\/a>.<\/p><p>\u00a0<\/p><p><strong>F\u00e5glar i Uppland<\/strong> \u2013 F\u00f6reningens tidskrift FiU \u00e4r en viktig del av verksamheten. F\u00f6r information och fr\u00e5gor om arbetet med tidningen kontakta Anita Janelm p\u00e5 <a href=\"mailto:anita_janelm@hotmail.com\">anita_janelm@hotmail.com<\/a>.<\/p><p>\u00a0<\/p><p><strong>Program<\/strong> \u2013 Programgruppen tar fram f\u00f6reningens aktivitetsprogram med exkursioner, innetr\u00e4ffar, kurser med mera. En del av oss leder exkursioner sj\u00e4lva men det \u00e4r absolut inget krav. Vi vill g\u00e4rna f\u00e5 in nya tankar om vad v\u00e5rt program ska inneh\u00e5lla. Om du vill hj\u00e4lpa till med programmet eller bli exkursionsledare v\u00e4nder du dig till Samuel Persson p\u00e5 <a href=\"mailto:samper97@gmail.com\">samper97@gmail.com<\/a>.<\/p><p>\u00a0<\/p><p><strong>CES-ringm\u00e4rkning Ox\u00e4ngen<\/strong> \u2013 Ringm\u00e4rkningsverksamheten samordnas och f\u00e5r st\u00f6d av UOF. Vid Vendelsj\u00f6n ligger m\u00e4rkplatsen d\u00e4r vi ringm\u00e4rker h\u00e4ckf\u00e5glar under maj-augusti och \u00e4ven under h\u00f6sten n\u00e4r andan faller p\u00e5. Man kan hj\u00e4lpa till b\u00e5de med ringm\u00e4rkningen och med sk\u00f6tsel av m\u00e4rkplatsen, r\u00f6jning av vegetation och dylikt. Kontakta Nina Janelm p\u00e5 <a href=\"mailto:nina.janelm@gmail.com\">nina.janelm@gmail.com<\/a> f\u00f6r mer information.<\/p><p>\u00a0<\/p><p><strong>Hemsida och sociala medier <\/strong>\u2013 Om du \u00e4r intresserad av att bidra med texter, bilder eller vara med och fylla hemsidan och sociala medier med inspirerande inneh\u00e5ll om f\u00e5glar, h\u00f6r g\u00e4rna av dig till Linnea Lindel\u00f6f p\u00e5 <a href=\"mailto:lindelof.linnea@gmail.com\">lindelof.linnea@gmail.com<\/a>.<\/p>\t\t\t\t\t\t\t\t<\/div>\n\t\t\t\t<\/div>\n\t\t\t\t\t<\/div>\n\t\t<\/div>\n\t\t\t\t\t<\/div>\n\t\t<\/section>\n\t\t\t\t<section data-particle_enable=\"false\" data-particle-mobile-disabled=\"false\" class=\"elementor-section elementor-top-section elementor-element elementor-element-a176489 elementor-section-boxed elementor-section-height-default elementor-section-height-default\" data-id=\"a176489\" data-element_type=\"section\" data-e-type=\"section\" data-settings=\"{&quot;jet_parallax_layout_list&quot;:[]}\">\n\t\t\t\t\t\t<div class=\"elementor-container elementor-column-gap-default\">\n\t\t\t\t\t<div class=\"elementor-column elementor-col-100 elementor-top-column elementor-element elementor-element-3d00f01\" data-id=\"3d00f01\" data-element_type=\"column\" data-e-type=\"column\">\n\t\t\t<div class=\"elementor-widget-wrap elementor-element-populated\">\n\t\t\t\t\t\t<div class=\"elementor-element elementor-element-0bc79ea elementor-widget elementor-widget-spacer\" data-id=\"0bc79ea\" data-element_type=\"widget\" data-e-type=\"widget\" data-widget_type=\"spacer.default\">\n\t\t\t\t<div class=\"elementor-widget-container\">\n\t\t\t\t\t\t\t<div class=\"elementor-spacer\">\n\t\t\t<div class=\"elementor-spacer-inner\"><\/div>\n\t\t<\/div>\n\t\t\t\t\t\t<\/div>\n\t\t\t\t<\/div>\n\t\t\t\t\t<\/div>\n\t\t<\/div>\n\t\t\t\t\t<\/div>\n\t\t<\/section>\n\t\t\t\t<section data-particle_enable=\"false\" data-particle-mobile-disabled=\"false\" class=\"elementor-section elementor-top-section elementor-element elementor-element-c1998bc elementor-section-boxed elementor-section-height-default elementor-section-height-default\" data-id=\"c1998bc\" data-element_type=\"section\" data-e-type=\"section\" data-settings=\"{&quot;jet_parallax_layout_list&quot;:[]}\">\n\t\t\t\t\t\t<div class=\"elementor-container elementor-column-gap-default\">\n\t\t\t\t\t<div class=\"elementor-column elementor-col-100 elementor-top-column elementor-element elementor-element-f973ed1\" data-id=\"f973ed1\" data-element_type=\"column\" data-e-type=\"column\">\n\t\t\t<div class=\"elementor-widget-wrap elementor-element-populated\">\n\t\t\t\t\t\t<div class=\"elementor-element elementor-element-54eccc2 elementor-widget elementor-widget-image\" data-id=\"54eccc2\" data-element_type=\"widget\" data-e-type=\"widget\" data-widget_type=\"image.default\">\n\t\t\t\t<div class=\"elementor-widget-container\">\n\t\t\t\t\t\t\t\t\t\t\t\t\t\t\t<img fetchpriority=\"high\" decoding=\"async\" width=\"645\" height=\"430\" src=\"https:\/\/cdn.birdlife.se\/wp-content\/uploads\/sites\/58\/2023\/06\/IMG_8098-645x430.jpg\" class=\"attachment-3x2_employee size-3x2_employee wp-image-1049\" alt=\"\" srcset=\"https:\/\/cdn.birdlife.se\/wp-content\/uploads\/sites\/58\/2023\/06\/IMG_8098-645x430.jpg 645w, https:\/\/cdn.birdlife.se\/wp-content\/uploads\/sites\/58\/2023\/06\/IMG_8098-16x12.jpg 16w\" sizes=\"(max-width: 645px) 100vw, 645px\" \/>\t\t\t\t\t\t\t\t\t\t\t\t\t\t\t<\/div>\n\t\t\t\t<\/div>\n\t\t\t\t\t<\/div>\n\t\t<\/div>\n\t\t\t\t\t<\/div>\n\t\t<\/section>\n\t\t\t\t<\/div>","protected":false},"excerpt":{"rendered":"<p>Vill du v\u00e4rna om f\u00e5glar och bidra till en aktuell och levande f\u00f6rening? D\u00e5 \u00e4r du varmt v\u00e4lkommen att engagera dig i Upplands Ornitologiska F\u00f6rening &#8211; BirdLife Uppland! Allt arbete [&hellip;]<\/p>\n","protected":false},"author":3,"featured_media":0,"parent":853,"menu_order":15,"comment_status":"closed","ping_status":"closed","template":"","meta":{"_acf_changed":false,"inline_featured_image":false,"footnotes":""},"class_list":["post-859","page","type-page","status-publish","hentry"],"acf":[],"yoast_head":"<!-- This site is optimized with the Yoast SEO plugin v27.2 - https:\/\/yoast.com\/product\/yoast-seo-wordpress\/ -->\n<title>Engagera dig i UOF - BirdLife Uppland<\/title>\n<meta name=\"robots\" content=\"index, follow, max-snippet:-1, max-image-preview:large, max-video-preview:-1\" \/>\n<link rel=\"canonical\" href=\"https:\/\/uppland.birdlife.se\/en\/om-uof\/engagera-dig-i-uof\/\" \/>\n<meta property=\"og:locale\" content=\"en_GB\" \/>\n<meta property=\"og:type\" content=\"article\" \/>\n<meta property=\"og:title\" content=\"Engagera dig i UOF - BirdLife Uppland\" \/>\n<meta property=\"og:description\" content=\"Vill du v\u00e4rna om f\u00e5glar och bidra till en aktuell och levande f\u00f6rening? D\u00e5 \u00e4r du varmt v\u00e4lkommen att engagera dig i Upplands Ornitologiska F\u00f6rening &#8211; BirdLife Uppland! Allt arbete [&hellip;]\" \/>\n<meta property=\"og:url\" content=\"https:\/\/uppland.birdlife.se\/en\/om-uof\/engagera-dig-i-uof\/\" \/>\n<meta property=\"og:site_name\" content=\"BirdLife Uppland\" \/>\n<meta property=\"article:publisher\" content=\"https:\/\/www.facebook.com\/UpplandsOrn\" \/>\n<meta property=\"article:modified_time\" content=\"2025-08-03T19:05:51+00:00\" \/>\n<meta property=\"og:image\" content=\"https:\/\/uppland.birdlife.se\/wp-content\/uploads\/sites\/58\/2023\/06\/IMG_8098-645x430.jpg\" \/>\n<meta name=\"twitter:card\" content=\"summary_large_image\" \/>\n<meta name=\"twitter:label1\" content=\"Est. reading time\" \/>\n\t<meta name=\"twitter:data1\" content=\"2 minutes\" \/>\n<script type=\"application\/ld+json\" class=\"yoast-schema-graph\">{\"@context\":\"https:\/\/schema.org\",\"@graph\":[{\"@type\":\"WebPage\",\"@id\":\"https:\/\/uppland.birdlife.se\/om-uof\/engagera-dig-i-uof\/\",\"url\":\"https:\/\/uppland.birdlife.se\/om-uof\/engagera-dig-i-uof\/\",\"name\":\"Engagera dig i UOF - BirdLife Uppland\",\"isPartOf\":{\"@id\":\"https:\/\/uppland.birdlife.se\/#website\"},\"primaryImageOfPage\":{\"@id\":\"https:\/\/uppland.birdlife.se\/om-uof\/engagera-dig-i-uof\/#primaryimage\"},\"image\":{\"@id\":\"https:\/\/uppland.birdlife.se\/om-uof\/engagera-dig-i-uof\/#primaryimage\"},\"thumbnailUrl\":\"https:\/\/uppland.birdlife.se\/wp-content\/uploads\/sites\/58\/2023\/06\/IMG_8098-645x430.jpg\",\"datePublished\":\"2023-05-20T09:43:00+00:00\",\"dateModified\":\"2025-08-03T19:05:51+00:00\",\"breadcrumb\":{\"@id\":\"https:\/\/uppland.birdlife.se\/om-uof\/engagera-dig-i-uof\/#breadcrumb\"},\"inLanguage\":\"en-GB\",\"potentialAction\":[{\"@type\":\"ReadAction\",\"target\":[\"https:\/\/uppland.birdlife.se\/om-uof\/engagera-dig-i-uof\/\"]}]},{\"@type\":\"ImageObject\",\"inLanguage\":\"en-GB\",\"@id\":\"https:\/\/uppland.birdlife.se\/om-uof\/engagera-dig-i-uof\/#primaryimage\",\"url\":\"https:\/\/uppland.birdlife.se\/wp-content\/uploads\/sites\/58\/2023\/06\/IMG_8098-645x430.jpg\",\"contentUrl\":\"https:\/\/uppland.birdlife.se\/wp-content\/uploads\/sites\/58\/2023\/06\/IMG_8098-645x430.jpg\"},{\"@type\":\"BreadcrumbList\",\"@id\":\"https:\/\/uppland.birdlife.se\/om-uof\/engagera-dig-i-uof\/#breadcrumb\",\"itemListElement\":[{\"@type\":\"ListItem\",\"position\":1,\"name\":\"Home\",\"item\":\"https:\/\/uppland.birdlife.se\/\"},{\"@type\":\"ListItem\",\"position\":2,\"name\":\"Om UOF\",\"item\":\"https:\/\/uppland.birdlife.se\/om-uof\/\"},{\"@type\":\"ListItem\",\"position\":3,\"name\":\"Engagera dig i UOF\"}]},{\"@type\":\"WebSite\",\"@id\":\"https:\/\/uppland.birdlife.se\/#website\",\"url\":\"https:\/\/uppland.birdlife.se\/\",\"name\":\"BirdLife Uppland\",\"description\":\"En levande f\u00e5gelfauna i hela Uppland\",\"publisher\":{\"@id\":\"https:\/\/uppland.birdlife.se\/#organization\"},\"potentialAction\":[{\"@type\":\"SearchAction\",\"target\":{\"@type\":\"EntryPoint\",\"urlTemplate\":\"https:\/\/uppland.birdlife.se\/?s={search_term_string}\"},\"query-input\":{\"@type\":\"PropertyValueSpecification\",\"valueRequired\":true,\"valueName\":\"search_term_string\"}}],\"inLanguage\":\"en-GB\"},{\"@type\":\"Organization\",\"@id\":\"https:\/\/uppland.birdlife.se\/#organization\",\"name\":\"BirdLife Uppland\",\"url\":\"https:\/\/uppland.birdlife.se\/\",\"logo\":{\"@type\":\"ImageObject\",\"inLanguage\":\"en-GB\",\"@id\":\"https:\/\/uppland.birdlife.se\/#\/schema\/logo\/image\/\",\"url\":\"https:\/\/cdn.birdlife.se\/wp-content\/uploads\/sites\/58\/2025\/12\/birdlifeUOF_profil_vertikal_150dpi.png\",\"contentUrl\":\"https:\/\/cdn.birdlife.se\/wp-content\/uploads\/sites\/58\/2025\/12\/birdlifeUOF_profil_vertikal_150dpi.png\",\"width\":469,\"height\":459,\"caption\":\"BirdLife Uppland\"},\"image\":{\"@id\":\"https:\/\/uppland.birdlife.se\/#\/schema\/logo\/image\/\"},\"sameAs\":[\"https:\/\/www.facebook.com\/UpplandsOrn\"]}]}<\/script>\n<!-- \/ Yoast SEO plugin. -->","yoast_head_json":{"title":"Engagera dig i UOF - BirdLife Uppland","robots":{"index":"index","follow":"follow","max-snippet":"max-snippet:-1","max-image-preview":"max-image-preview:large","max-video-preview":"max-video-preview:-1"},"canonical":"https:\/\/uppland.birdlife.se\/en\/om-uof\/engagera-dig-i-uof\/","og_locale":"en_GB","og_type":"article","og_title":"Engagera dig i UOF - BirdLife Uppland","og_description":"Vill du v\u00e4rna om f\u00e5glar och bidra till en aktuell och levande f\u00f6rening? D\u00e5 \u00e4r du varmt v\u00e4lkommen att engagera dig i Upplands Ornitologiska F\u00f6rening &#8211; BirdLife Uppland! Allt arbete [&hellip;]","og_url":"https:\/\/uppland.birdlife.se\/en\/om-uof\/engagera-dig-i-uof\/","og_site_name":"BirdLife Uppland","article_publisher":"https:\/\/www.facebook.com\/UpplandsOrn","article_modified_time":"2025-08-03T19:05:51+00:00","og_image":[{"url":"https:\/\/uppland.birdlife.se\/wp-content\/uploads\/sites\/58\/2023\/06\/IMG_8098-645x430.jpg","type":"","width":"","height":""}],"twitter_card":"summary_large_image","twitter_misc":{"Est. reading time":"2 minutes"},"schema":{"@context":"https:\/\/schema.org","@graph":[{"@type":"WebPage","@id":"https:\/\/uppland.birdlife.se\/om-uof\/engagera-dig-i-uof\/","url":"https:\/\/uppland.birdlife.se\/om-uof\/engagera-dig-i-uof\/","name":"Engagera dig i UOF - BirdLife Uppland","isPartOf":{"@id":"https:\/\/uppland.birdlife.se\/#website"},"primaryImageOfPage":{"@id":"https:\/\/uppland.birdlife.se\/om-uof\/engagera-dig-i-uof\/#primaryimage"},"image":{"@id":"https:\/\/uppland.birdlife.se\/om-uof\/engagera-dig-i-uof\/#primaryimage"},"thumbnailUrl":"https:\/\/uppland.birdlife.se\/wp-content\/uploads\/sites\/58\/2023\/06\/IMG_8098-645x430.jpg","datePublished":"2023-05-20T09:43:00+00:00","dateModified":"2025-08-03T19:05:51+00:00","breadcrumb":{"@id":"https:\/\/uppland.birdlife.se\/om-uof\/engagera-dig-i-uof\/#breadcrumb"},"inLanguage":"en-GB","potentialAction":[{"@type":"ReadAction","target":["https:\/\/uppland.birdlife.se\/om-uof\/engagera-dig-i-uof\/"]}]},{"@type":"ImageObject","inLanguage":"en-GB","@id":"https:\/\/uppland.birdlife.se\/om-uof\/engagera-dig-i-uof\/#primaryimage","url":"https:\/\/uppland.birdlife.se\/wp-content\/uploads\/sites\/58\/2023\/06\/IMG_8098-645x430.jpg","contentUrl":"https:\/\/uppland.birdlife.se\/wp-content\/uploads\/sites\/58\/2023\/06\/IMG_8098-645x430.jpg"},{"@type":"BreadcrumbList","@id":"https:\/\/uppland.birdlife.se\/om-uof\/engagera-dig-i-uof\/#breadcrumb","itemListElement":[{"@type":"ListItem","position":1,"name":"Home","item":"https:\/\/uppland.birdlife.se\/"},{"@type":"ListItem","position":2,"name":"Om UOF","item":"https:\/\/uppland.birdlife.se\/om-uof\/"},{"@type":"ListItem","position":3,"name":"Engagera dig i UOF"}]},{"@type":"WebSite","@id":"https:\/\/uppland.birdlife.se\/#website","url":"https:\/\/uppland.birdlife.se\/","name":"BirdLife Uppland","description":"En levande f\u00e5gelfauna i hela Uppland","publisher":{"@id":"https:\/\/uppland.birdlife.se\/#organization"},"potentialAction":[{"@type":"SearchAction","target":{"@type":"EntryPoint","urlTemplate":"https:\/\/uppland.birdlife.se\/?s={search_term_string}"},"query-input":{"@type":"PropertyValueSpecification","valueRequired":true,"valueName":"search_term_string"}}],"inLanguage":"en-GB"},{"@type":"Organization","@id":"https:\/\/uppland.birdlife.se\/#organization","name":"BirdLife Uppland","url":"https:\/\/uppland.birdlife.se\/","logo":{"@type":"ImageObject","inLanguage":"en-GB","@id":"https:\/\/uppland.birdlife.se\/#\/schema\/logo\/image\/","url":"https:\/\/cdn.birdlife.se\/wp-content\/uploads\/sites\/58\/2025\/12\/birdlifeUOF_profil_vertikal_150dpi.png","contentUrl":"https:\/\/cdn.birdlife.se\/wp-content\/uploads\/sites\/58\/2025\/12\/birdlifeUOF_profil_vertikal_150dpi.png","width":469,"height":459,"caption":"BirdLife Uppland"},"image":{"@id":"https:\/\/uppland.birdlife.se\/#\/schema\/logo\/image\/"},"sameAs":["https:\/\/www.facebook.com\/UpplandsOrn"]}]}},"_links":{"self":[{"href":"https:\/\/uppland.birdlife.se\/en\/wp-json\/wp\/v2\/pages\/859","targetHints":{"allow":["GET"]}}],"collection":[{"href":"https:\/\/uppland.birdlife.se\/en\/wp-json\/wp\/v2\/pages"}],"about":[{"href":"https:\/\/uppland.birdlife.se\/en\/wp-json\/wp\/v2\/types\/page"}],"author":[{"embeddable":true,"href":"https:\/\/uppland.birdlife.se\/en\/wp-json\/wp\/v2\/users\/3"}],"replies":[{"embeddable":true,"href":"https:\/\/uppland.birdlife.se\/en\/wp-json\/wp\/v2\/comments?post=859"}],"version-history":[{"count":55,"href":"https:\/\/uppland.birdlife.se\/en\/wp-json\/wp\/v2\/pages\/859\/revisions"}],"predecessor-version":[{"id":7890,"href":"https:\/\/uppland.birdlife.se\/en\/wp-json\/wp\/v2\/pages\/859\/revisions\/7890"}],"up":[{"embeddable":true,"href":"https:\/\/uppland.birdlife.se\/en\/wp-json\/wp\/v2\/pages\/853"}],"wp:attachment":[{"href":"https:\/\/uppland.birdlife.se\/en\/wp-json\/wp\/v2\/media?parent=859"}],"curies":[{"name":"wp","href":"https:\/\/api.w.org\/{rel}","templated":true}]}}