{"id":867,"date":"2023-05-20T12:01:34","date_gmt":"2023-05-20T10:01:34","guid":{"rendered":"https:\/\/uppland.birdlife.se\/?page_id=867"},"modified":"2024-01-16T00:10:40","modified_gmt":"2024-01-15T23:10:40","slug":"oxanges-ces-ringmarkning","status":"publish","type":"page","link":"https:\/\/uppland.birdlife.se\/en\/fagelskydd\/oxanges-ces-ringmarkning\/","title":{"rendered":"Ox\u00e4nges CES-ringm\u00e4rkning"},"content":{"rendered":"<div data-elementor-type=\"wp-page\" data-elementor-id=\"867\" class=\"elementor elementor-867\" data-elementor-post-type=\"page\">\n\t\t\t\t\t\t<section data-particle_enable=\"false\" data-particle-mobile-disabled=\"false\" class=\"elementor-section elementor-top-section elementor-element elementor-element-8fe2c4b elementor-section-boxed elementor-section-height-default elementor-section-height-default\" data-id=\"8fe2c4b\" data-element_type=\"section\" data-e-type=\"section\" data-settings=\"{&quot;jet_parallax_layout_list&quot;:[]}\">\n\t\t\t\t\t\t<div class=\"elementor-container elementor-column-gap-default\">\n\t\t\t\t\t<div class=\"elementor-column elementor-col-100 elementor-top-column elementor-element elementor-element-5b6f130\" data-id=\"5b6f130\" data-element_type=\"column\" data-e-type=\"column\">\n\t\t\t<div class=\"elementor-widget-wrap elementor-element-populated\">\n\t\t\t\t\t\t<section data-particle_enable=\"false\" data-particle-mobile-disabled=\"false\" class=\"elementor-section elementor-inner-section elementor-element elementor-element-fb3b05f elementor-section-boxed elementor-section-height-default elementor-section-height-default\" data-id=\"fb3b05f\" data-element_type=\"section\" data-e-type=\"section\" data-settings=\"{&quot;jet_parallax_layout_list&quot;:[]}\">\n\t\t\t\t\t\t<div class=\"elementor-container elementor-column-gap-default\">\n\t\t\t\t\t<div class=\"elementor-column elementor-col-50 elementor-inner-column elementor-element elementor-element-a992c02\" data-id=\"a992c02\" data-element_type=\"column\" data-e-type=\"column\">\n\t\t\t<div class=\"elementor-widget-wrap elementor-element-populated\">\n\t\t\t\t\t\t<div class=\"elementor-element elementor-element-293a18f elementor-widget__width-initial elementor-widget elementor-widget-text-editor\" data-id=\"293a18f\" data-element_type=\"widget\" data-e-type=\"widget\" data-widget_type=\"text-editor.default\">\n\t\t\t\t<div class=\"elementor-widget-container\">\n\t\t\t\t\t\t\t\t\t<p style=\"text-align: left\">Vendelsj\u00f6n \u00e4r en av Upplands f\u00e5gelrikaste sj\u00f6ar. Vid dess v\u00e4stra strand, alldeles intill \u00d6rbyhus slott, ligger m\u00e4rkplats Ox\u00e4ngen. H\u00e4r har standardiserad ringm\u00e4rkning av h\u00e4ckande sm\u00e5f\u00e5glar, s\u00e5 kallad CES-m\u00e4rkning, \u00e4gt rum sedan 2003.<\/p><p style=\"text-align: left\">\u00a0<\/p><p style=\"text-align: left\">Syftet med ringm\u00e4rkningen \u00e4r att kunna f\u00f6lja best\u00e5ndsutvecklingen hos vanliga t\u00e4ttingar. Enligt riktlinjerna f\u00f6r CES sker ringm\u00e4rkning\u00a0vid\u00a0tolv tillf\u00e4llen fr\u00e5n maj till augusti. N\u00e4tens antal och placering \u00e4r\u00a0desamma varje \u00e5r. P\u00e5 Ox\u00e4ngen genomf\u00f6rs ibland \u00e4ven ringm\u00e4rkning p\u00e5 h\u00f6sten, utanf\u00f6r CES-projektet.<\/p><p style=\"text-align: left\">\u00a0<\/p><p style=\"text-align: left\">UOF anordnar \u00e5rligen exkursioner till Ox\u00e4ngen. Om du \u00e4r intresserad av att f\u00f6lja med till ringm\u00e4rkningen och tr\u00e4ffa f\u00e5glar p\u00e5 riktigt n\u00e4ra h\u00e5ll, kolla UOF:s program som du hittar <a href=\"https:\/\/cdn.birdlife.se\/wp-content\/uploads\/sites\/58\/2023\/11\/Program-UOF-nr-3.korr_.docx.pdf\" target=\"_blank\" rel=\"noopener noreferrer\">h\u00e4r<\/a>!<\/p><p style=\"text-align: left\">\u00a0<\/p><p style=\"text-align: left\">Nedan hittar du rapporter fr\u00e5n de senaste m\u00e4rktillf\u00e4llena. G\u00e5 ocks\u00e5 g\u00e4rna med i Facebook-gruppen\u00a0<a href=\"https:\/\/www.facebook.com\/groups\/284479988421272\/\" target=\"_blank\" rel=\"noopener noreferrer\">Ox\u00e4ngens CES-m\u00e4rkning<\/a>\u00a0d\u00e4r du kan f\u00f6lja med i vad som h\u00e4nder p\u00e5 m\u00e4rkplatsen.<\/p>\t\t\t\t\t\t\t\t<\/div>\n\t\t\t\t<\/div>\n\t\t\t\t\t<\/div>\n\t\t<\/div>\n\t\t\t\t<div class=\"elementor-column elementor-col-50 elementor-inner-column elementor-element elementor-element-3821a2d\" data-id=\"3821a2d\" data-element_type=\"column\" data-e-type=\"column\">\n\t\t\t<div class=\"elementor-widget-wrap elementor-element-populated\">\n\t\t\t\t\t\t<div class=\"elementor-element elementor-element-c2e70ec elementor-widget elementor-widget-image\" data-id=\"c2e70ec\" data-element_type=\"widget\" data-e-type=\"widget\" data-widget_type=\"image.default\">\n\t\t\t\t<div class=\"elementor-widget-container\">\n\t\t\t\t\t\t\t\t\t\t\t\t\t\t\t<img fetchpriority=\"high\" decoding=\"async\" width=\"768\" height=\"512\" src=\"https:\/\/cdn.birdlife.se\/wp-content\/uploads\/sites\/58\/2023\/06\/notvacka.jpg\" class=\"attachment-large size-large wp-image-1522\" alt=\"\" srcset=\"https:\/\/cdn.birdlife.se\/wp-content\/uploads\/sites\/58\/2023\/06\/notvacka.jpg 768w, https:\/\/cdn.birdlife.se\/wp-content\/uploads\/sites\/58\/2023\/06\/notvacka-300x200.jpg 300w, https:\/\/cdn.birdlife.se\/wp-content\/uploads\/sites\/58\/2023\/06\/notvacka-18x12.jpg 18w, https:\/\/cdn.birdlife.se\/wp-content\/uploads\/sites\/58\/2023\/06\/notvacka-645x430.jpg 645w\" sizes=\"(max-width: 768px) 100vw, 768px\" \/>\t\t\t\t\t\t\t\t\t\t\t\t\t\t\t<\/div>\n\t\t\t\t<\/div>\n\t\t\t\t\t<\/div>\n\t\t<\/div>\n\t\t\t\t\t<\/div>\n\t\t<\/section>\n\t\t\t\t\t<\/div>\n\t\t<\/div>\n\t\t\t\t\t<\/div>\n\t\t<\/section>\n\t\t\t\t<section data-particle_enable=\"false\" data-particle-mobile-disabled=\"false\" class=\"elementor-section elementor-top-section elementor-element elementor-element-6271e5f elementor-section-boxed elementor-section-height-default elementor-section-height-default\" data-id=\"6271e5f\" data-element_type=\"section\" data-e-type=\"section\" data-settings=\"{&quot;jet_parallax_layout_list&quot;:[]}\">\n\t\t\t\t\t\t<div class=\"elementor-container elementor-column-gap-default\">\n\t\t\t\t\t<div class=\"elementor-column elementor-col-100 elementor-top-column elementor-element elementor-element-3d1cd6f\" data-id=\"3d1cd6f\" data-element_type=\"column\" data-e-type=\"column\">\n\t\t\t<div class=\"elementor-widget-wrap elementor-element-populated\">\n\t\t\t\t\t\t<div class=\"elementor-element elementor-element-427ac85 elementor-widget-divider--view-line_icon elementor-view-default elementor-widget-divider--element-align-center elementor-widget elementor-widget-divider\" data-id=\"427ac85\" data-element_type=\"widget\" data-e-type=\"widget\" data-widget_type=\"divider.default\">\n\t\t\t\t<div class=\"elementor-widget-container\">\n\t\t\t\t\t\t\t<div class=\"elementor-divider\">\n\t\t\t<span class=\"elementor-divider-separator\">\n\t\t\t\t\t\t\t<div class=\"elementor-icon elementor-divider__element\">\n\t\t\t\t\t<i aria-hidden=\"true\" class=\"fas fa-feather-alt\"><\/i><\/div>\n\t\t\t\t\t\t<\/span>\n\t\t<\/div>\n\t\t\t\t\t\t<\/div>\n\t\t\t\t<\/div>\n\t\t\t\t\t<\/div>\n\t\t<\/div>\n\t\t\t\t\t<\/div>\n\t\t<\/section>\n\t\t\t\t<section data-particle_enable=\"false\" data-particle-mobile-disabled=\"false\" class=\"elementor-section elementor-top-section elementor-element elementor-element-74eea83 elementor-section-boxed elementor-section-height-default elementor-section-height-default\" data-id=\"74eea83\" data-element_type=\"section\" data-e-type=\"section\" data-settings=\"{&quot;jet_parallax_layout_list&quot;:[]}\">\n\t\t\t\t\t\t<div class=\"elementor-container elementor-column-gap-default\">\n\t\t\t\t\t<div class=\"elementor-column elementor-col-100 elementor-top-column elementor-element elementor-element-1e43b2c\" data-id=\"1e43b2c\" data-element_type=\"column\" data-e-type=\"column\">\n\t\t\t<div class=\"elementor-widget-wrap elementor-element-populated\">\n\t\t\t\t\t\t<div class=\"elementor-element elementor-element-255d644 elementor-widget elementor-widget-heading\" data-id=\"255d644\" data-element_type=\"widget\" data-e-type=\"widget\" data-widget_type=\"heading.default\">\n\t\t\t\t<div class=\"elementor-widget-container\">\n\t\t\t\t\t<h3 class=\"elementor-heading-title elementor-size-default\">Nyheter fr\u00e5n Ox\u00e4ngen<\/h3>\t\t\t\t<\/div>\n\t\t\t\t<\/div>\n\t\t\t\t\t<\/div>\n\t\t<\/div>\n\t\t\t\t\t<\/div>\n\t\t<\/section>\n\t\t\t\t<section data-particle_enable=\"false\" data-particle-mobile-disabled=\"false\" class=\"elementor-section elementor-top-section elementor-element elementor-element-9894e40 elementor-section-boxed elementor-section-height-default elementor-section-height-default\" data-id=\"9894e40\" data-element_type=\"section\" data-e-type=\"section\" data-settings=\"{&quot;jet_parallax_layout_list&quot;:[]}\">\n\t\t\t\t\t\t<div class=\"elementor-container elementor-column-gap-default\">\n\t\t\t\t\t<div class=\"elementor-column elementor-col-100 elementor-top-column elementor-element elementor-element-c600d0e\" data-id=\"c600d0e\" data-element_type=\"column\" data-e-type=\"column\">\n\t\t\t<div class=\"elementor-widget-wrap elementor-element-populated\">\n\t\t\t\t\t\t<div class=\"elementor-element elementor-element-d35ac25 elementor-grid-2 elementor-grid-tablet-2 elementor-grid-mobile-1 elementor-posts--thumbnail-top elementor-widget elementor-widget-posts\" data-id=\"d35ac25\" data-element_type=\"widget\" data-e-type=\"widget\" data-settings=\"{&quot;classic_columns&quot;:&quot;2&quot;,&quot;classic_columns_tablet&quot;:&quot;2&quot;,&quot;classic_columns_mobile&quot;:&quot;1&quot;,&quot;classic_row_gap&quot;:{&quot;unit&quot;:&quot;px&quot;,&quot;size&quot;:35,&quot;sizes&quot;:[]},&quot;classic_row_gap_tablet&quot;:{&quot;unit&quot;:&quot;px&quot;,&quot;size&quot;:&quot;&quot;,&quot;sizes&quot;:[]},&quot;classic_row_gap_mobile&quot;:{&quot;unit&quot;:&quot;px&quot;,&quot;size&quot;:&quot;&quot;,&quot;sizes&quot;:[]}}\" data-widget_type=\"posts.classic\">\n\t\t\t\t<div class=\"elementor-widget-container\">\n\t\t\t\t\t\t\t<div class=\"elementor-posts-container elementor-posts elementor-posts--skin-classic elementor-grid\" role=\"list\">\n\t\t\t\t<article class=\"elementor-post elementor-grid-item post-5143 post type-post status-publish format-standard has-post-thumbnail hentry category-oxangen\" role=\"listitem\">\n\t\t\t\t<a class=\"elementor-post__thumbnail__link\" href=\"https:\/\/uppland.birdlife.se\/en\/upprop-om-hjalp\/\" tabindex=\"-1\" >\n\t\t\t<div class=\"elementor-post__thumbnail\"><img decoding=\"async\" width=\"1024\" height=\"682\" src=\"https:\/\/cdn.birdlife.se\/wp-content\/uploads\/sites\/58\/2024\/01\/a-snowy-path-AI-1-e1705359285427.png\" class=\"attachment-large size-large wp-image-5149\" alt=\"\" srcset=\"https:\/\/cdn.birdlife.se\/wp-content\/uploads\/sites\/58\/2024\/01\/a-snowy-path-AI-1-e1705359285427.png 1024w, https:\/\/cdn.birdlife.se\/wp-content\/uploads\/sites\/58\/2024\/01\/a-snowy-path-AI-1-e1705359285427-300x200.png 300w, https:\/\/cdn.birdlife.se\/wp-content\/uploads\/sites\/58\/2024\/01\/a-snowy-path-AI-1-e1705359285427-768x512.png 768w, https:\/\/cdn.birdlife.se\/wp-content\/uploads\/sites\/58\/2024\/01\/a-snowy-path-AI-1-e1705359285427-18x12.png 18w, https:\/\/cdn.birdlife.se\/wp-content\/uploads\/sites\/58\/2024\/01\/a-snowy-path-AI-1-e1705359285427-645x430.png 645w\" sizes=\"(max-width: 1024px) 100vw, 1024px\" \/><\/div>\n\t\t<\/a>\n\t\t\t\t<div class=\"elementor-post__text\">\n\t\t\t\t<h3 class=\"elementor-post__title\">\n\t\t\t<a href=\"https:\/\/uppland.birdlife.se\/en\/upprop-om-hjalp\/\" >\n\t\t\t\tUpprop om hj\u00e4lp med r\u00f6jning vid m\u00e4rkplats Ox\u00e4ngen 3 eller 4 februari!\t\t\t<\/a>\n\t\t<\/h3>\n\t\t\t\t<div class=\"elementor-post__meta-data\">\n\t\t\t\t\t<span class=\"elementor-post-date\">\n\t\t\t29 January, 2024\t\t<\/span>\n\t\t\t\t<\/div>\n\t\t\t\t<div class=\"elementor-post__excerpt\">\n\t\t\t<p>Den 3 eller 4 februari planeras r\u00f6jningsarbete vid f\u00f6reningens m\u00e4rkplats vid Ox\u00e4ngen, \u00d6rbyhus. Buskar beh\u00f6ver klippas vid n\u00e4tgatorna. Allt material f\u00f6r r\u00f6jningen finns p\u00e5 plats.\u00a0Villa ni vara med anm\u00e4l er<\/p>\n\t\t<\/div>\n\t\t\n\t\t<a class=\"elementor-post__read-more\" href=\"https:\/\/uppland.birdlife.se\/en\/upprop-om-hjalp\/\" aria-label=\"Read more about Upprop om hj\u00e4lp med r\u00f6jning vid m\u00e4rkplats Ox\u00e4ngen 3 eller 4 februari!\" tabindex=\"-1\" >\n\t\t\tL\u00e4s mer \u00bb\t\t<\/a>\n\n\t\t\t\t<\/div>\n\t\t\t\t<\/article>\n\t\t\t\t<article class=\"elementor-post elementor-grid-item post-1526 post type-post status-publish format-standard has-post-thumbnail hentry category-oxangen\" role=\"listitem\">\n\t\t\t\t<a class=\"elementor-post__thumbnail__link\" href=\"https:\/\/uppland.birdlife.se\/en\/sasongsavslutning-sondag-27-augusti-2022\/\" tabindex=\"-1\" >\n\t\t\t<div class=\"elementor-post__thumbnail\"><img decoding=\"async\" width=\"800\" height=\"533\" src=\"https:\/\/cdn.birdlife.se\/wp-content\/uploads\/sites\/58\/2023\/06\/21105620_10159208438085331_996031778841048861_n-e1698082336544.jpg\" class=\"attachment-large size-large wp-image-1527\" alt=\"\" srcset=\"https:\/\/cdn.birdlife.se\/wp-content\/uploads\/sites\/58\/2023\/06\/21105620_10159208438085331_996031778841048861_n-e1698082336544.jpg 800w, https:\/\/cdn.birdlife.se\/wp-content\/uploads\/sites\/58\/2023\/06\/21105620_10159208438085331_996031778841048861_n-e1698082336544-300x200.jpg 300w, https:\/\/cdn.birdlife.se\/wp-content\/uploads\/sites\/58\/2023\/06\/21105620_10159208438085331_996031778841048861_n-e1698082336544-768x512.jpg 768w, https:\/\/cdn.birdlife.se\/wp-content\/uploads\/sites\/58\/2023\/06\/21105620_10159208438085331_996031778841048861_n-e1698082336544-18x12.jpg 18w, https:\/\/cdn.birdlife.se\/wp-content\/uploads\/sites\/58\/2023\/06\/21105620_10159208438085331_996031778841048861_n-e1698082336544-645x430.jpg 645w\" sizes=\"(max-width: 800px) 100vw, 800px\" \/><\/div>\n\t\t<\/a>\n\t\t\t\t<div class=\"elementor-post__text\">\n\t\t\t\t<h3 class=\"elementor-post__title\">\n\t\t\t<a href=\"https:\/\/uppland.birdlife.se\/en\/sasongsavslutning-sondag-27-augusti-2022\/\" >\n\t\t\t\tS\u00e4songsavslutning s\u00f6ndag 27 augusti 2022\t\t\t<\/a>\n\t\t<\/h3>\n\t\t\t\t<div class=\"elementor-post__meta-data\">\n\t\t\t\t\t<span class=\"elementor-post-date\">\n\t\t\t27 August, 2022\t\t<\/span>\n\t\t\t\t<\/div>\n\t\t\t\t<div class=\"elementor-post__excerpt\">\n\t\t\t<p>F\u00f6r \u00e5rets CES-final hade vi gott om folk p\u00e5 plats! Inte nog med det gamla g\u00e4nget av Ox\u00e4ngare, vi hade ocks\u00e5 en guidning f\u00f6r Naturskyddsf\u00f6reningen Tierp denna kalla dag, d\u00e4r<\/p>\n\t\t<\/div>\n\t\t\n\t\t<a class=\"elementor-post__read-more\" href=\"https:\/\/uppland.birdlife.se\/en\/sasongsavslutning-sondag-27-augusti-2022\/\" aria-label=\"Read more about S\u00e4songsavslutning s\u00f6ndag 27 augusti 2022\" tabindex=\"-1\" >\n\t\t\tL\u00e4s mer \u00bb\t\t<\/a>\n\n\t\t\t\t<\/div>\n\t\t\t\t<\/article>\n\t\t\t\t<\/div>\n\t\t\n\t\t\t\t\t\t<\/div>\n\t\t\t\t<\/div>\n\t\t\t\t\t<\/div>\n\t\t<\/div>\n\t\t\t\t\t<\/div>\n\t\t<\/section>\n\t\t\t\t<\/div>","protected":false},"excerpt":{"rendered":"<p>Vendelsj\u00f6n \u00e4r en av Upplands f\u00e5gelrikaste sj\u00f6ar. Vid dess v\u00e4stra strand, alldeles intill \u00d6rbyhus slott, ligger m\u00e4rkplats Ox\u00e4ngen. H\u00e4r har standardiserad ringm\u00e4rkning av h\u00e4ckande sm\u00e5f\u00e5glar, s\u00e5 kallad CES-m\u00e4rkning, \u00e4gt rum [&hellip;]<\/p>\n","protected":false},"author":3,"featured_media":0,"parent":873,"menu_order":35,"comment_status":"closed","ping_status":"closed","template":"","meta":{"_acf_changed":false,"inline_featured_image":false,"footnotes":""},"class_list":["post-867","page","type-page","status-publish","hentry"],"acf":[],"yoast_head":"<!-- This site is optimized with the Yoast SEO plugin v27.2 - https:\/\/yoast.com\/product\/yoast-seo-wordpress\/ -->\n<title>Ox\u00e4nges CES-ringm\u00e4rkning - BirdLife Uppland<\/title>\n<meta name=\"robots\" content=\"index, follow, max-snippet:-1, max-image-preview:large, max-video-preview:-1\" \/>\n<link rel=\"canonical\" href=\"https:\/\/uppland.birdlife.se\/en\/fagelskydd\/oxanges-ces-ringmarkning\/\" \/>\n<meta property=\"og:locale\" content=\"en_GB\" \/>\n<meta property=\"og:type\" content=\"article\" \/>\n<meta property=\"og:title\" content=\"Ox\u00e4nges CES-ringm\u00e4rkning - BirdLife Uppland\" \/>\n<meta property=\"og:description\" content=\"Vendelsj\u00f6n \u00e4r en av Upplands f\u00e5gelrikaste sj\u00f6ar. Vid dess v\u00e4stra strand, alldeles intill \u00d6rbyhus slott, ligger m\u00e4rkplats Ox\u00e4ngen. H\u00e4r har standardiserad ringm\u00e4rkning av h\u00e4ckande sm\u00e5f\u00e5glar, s\u00e5 kallad CES-m\u00e4rkning, \u00e4gt rum [&hellip;]\" \/>\n<meta property=\"og:url\" content=\"https:\/\/uppland.birdlife.se\/en\/fagelskydd\/oxanges-ces-ringmarkning\/\" \/>\n<meta property=\"og:site_name\" content=\"BirdLife Uppland\" \/>\n<meta property=\"article:publisher\" content=\"https:\/\/www.facebook.com\/UpplandsOrn\" \/>\n<meta property=\"article:modified_time\" content=\"2024-01-15T23:10:40+00:00\" \/>\n<meta property=\"og:image\" content=\"https:\/\/uppland.birdlife.se\/wp-content\/uploads\/sites\/58\/2023\/06\/notvacka.jpg\" \/>\n<meta name=\"twitter:card\" content=\"summary_large_image\" \/>\n<meta name=\"twitter:label1\" content=\"Est. reading time\" \/>\n\t<meta name=\"twitter:data1\" content=\"3 minutes\" \/>\n<script type=\"application\/ld+json\" class=\"yoast-schema-graph\">{\"@context\":\"https:\/\/schema.org\",\"@graph\":[{\"@type\":\"WebPage\",\"@id\":\"https:\/\/uppland.birdlife.se\/fagelskydd\/oxanges-ces-ringmarkning\/\",\"url\":\"https:\/\/uppland.birdlife.se\/fagelskydd\/oxanges-ces-ringmarkning\/\",\"name\":\"Ox\u00e4nges CES-ringm\u00e4rkning - BirdLife Uppland\",\"isPartOf\":{\"@id\":\"https:\/\/uppland.birdlife.se\/#website\"},\"primaryImageOfPage\":{\"@id\":\"https:\/\/uppland.birdlife.se\/fagelskydd\/oxanges-ces-ringmarkning\/#primaryimage\"},\"image\":{\"@id\":\"https:\/\/uppland.birdlife.se\/fagelskydd\/oxanges-ces-ringmarkning\/#primaryimage\"},\"thumbnailUrl\":\"https:\/\/uppland.birdlife.se\/wp-content\/uploads\/sites\/58\/2023\/06\/notvacka.jpg\",\"datePublished\":\"2023-05-20T10:01:34+00:00\",\"dateModified\":\"2024-01-15T23:10:40+00:00\",\"breadcrumb\":{\"@id\":\"https:\/\/uppland.birdlife.se\/fagelskydd\/oxanges-ces-ringmarkning\/#breadcrumb\"},\"inLanguage\":\"en-GB\",\"potentialAction\":[{\"@type\":\"ReadAction\",\"target\":[\"https:\/\/uppland.birdlife.se\/fagelskydd\/oxanges-ces-ringmarkning\/\"]}]},{\"@type\":\"ImageObject\",\"inLanguage\":\"en-GB\",\"@id\":\"https:\/\/uppland.birdlife.se\/fagelskydd\/oxanges-ces-ringmarkning\/#primaryimage\",\"url\":\"https:\/\/uppland.birdlife.se\/wp-content\/uploads\/sites\/58\/2023\/06\/notvacka.jpg\",\"contentUrl\":\"https:\/\/uppland.birdlife.se\/wp-content\/uploads\/sites\/58\/2023\/06\/notvacka.jpg\"},{\"@type\":\"BreadcrumbList\",\"@id\":\"https:\/\/uppland.birdlife.se\/fagelskydd\/oxanges-ces-ringmarkning\/#breadcrumb\",\"itemListElement\":[{\"@type\":\"ListItem\",\"position\":1,\"name\":\"Home\",\"item\":\"https:\/\/uppland.birdlife.se\/\"},{\"@type\":\"ListItem\",\"position\":2,\"name\":\"F\u00e5gelskydd\",\"item\":\"https:\/\/uppland.birdlife.se\/fagelskydd\/\"},{\"@type\":\"ListItem\",\"position\":3,\"name\":\"Ox\u00e4nges CES-ringm\u00e4rkning\"}]},{\"@type\":\"WebSite\",\"@id\":\"https:\/\/uppland.birdlife.se\/#website\",\"url\":\"https:\/\/uppland.birdlife.se\/\",\"name\":\"BirdLife Uppland\",\"description\":\"En levande f\u00e5gelfauna i hela Uppland\",\"publisher\":{\"@id\":\"https:\/\/uppland.birdlife.se\/#organization\"},\"potentialAction\":[{\"@type\":\"SearchAction\",\"target\":{\"@type\":\"EntryPoint\",\"urlTemplate\":\"https:\/\/uppland.birdlife.se\/?s={search_term_string}\"},\"query-input\":{\"@type\":\"PropertyValueSpecification\",\"valueRequired\":true,\"valueName\":\"search_term_string\"}}],\"inLanguage\":\"en-GB\"},{\"@type\":\"Organization\",\"@id\":\"https:\/\/uppland.birdlife.se\/#organization\",\"name\":\"BirdLife Uppland\",\"url\":\"https:\/\/uppland.birdlife.se\/\",\"logo\":{\"@type\":\"ImageObject\",\"inLanguage\":\"en-GB\",\"@id\":\"https:\/\/uppland.birdlife.se\/#\/schema\/logo\/image\/\",\"url\":\"https:\/\/cdn.birdlife.se\/wp-content\/uploads\/sites\/58\/2025\/12\/birdlifeUOF_profil_vertikal_150dpi.png\",\"contentUrl\":\"https:\/\/cdn.birdlife.se\/wp-content\/uploads\/sites\/58\/2025\/12\/birdlifeUOF_profil_vertikal_150dpi.png\",\"width\":469,\"height\":459,\"caption\":\"BirdLife Uppland\"},\"image\":{\"@id\":\"https:\/\/uppland.birdlife.se\/#\/schema\/logo\/image\/\"},\"sameAs\":[\"https:\/\/www.facebook.com\/UpplandsOrn\"]}]}<\/script>\n<!-- \/ Yoast SEO plugin. -->","yoast_head_json":{"title":"Ox\u00e4nges CES-ringm\u00e4rkning - BirdLife Uppland","robots":{"index":"index","follow":"follow","max-snippet":"max-snippet:-1","max-image-preview":"max-image-preview:large","max-video-preview":"max-video-preview:-1"},"canonical":"https:\/\/uppland.birdlife.se\/en\/fagelskydd\/oxanges-ces-ringmarkning\/","og_locale":"en_GB","og_type":"article","og_title":"Ox\u00e4nges CES-ringm\u00e4rkning - BirdLife Uppland","og_description":"Vendelsj\u00f6n \u00e4r en av Upplands f\u00e5gelrikaste sj\u00f6ar. Vid dess v\u00e4stra strand, alldeles intill \u00d6rbyhus slott, ligger m\u00e4rkplats Ox\u00e4ngen. H\u00e4r har standardiserad ringm\u00e4rkning av h\u00e4ckande sm\u00e5f\u00e5glar, s\u00e5 kallad CES-m\u00e4rkning, \u00e4gt rum [&hellip;]","og_url":"https:\/\/uppland.birdlife.se\/en\/fagelskydd\/oxanges-ces-ringmarkning\/","og_site_name":"BirdLife Uppland","article_publisher":"https:\/\/www.facebook.com\/UpplandsOrn","article_modified_time":"2024-01-15T23:10:40+00:00","og_image":[{"url":"https:\/\/uppland.birdlife.se\/wp-content\/uploads\/sites\/58\/2023\/06\/notvacka.jpg","type":"","width":"","height":""}],"twitter_card":"summary_large_image","twitter_misc":{"Est. reading time":"3 minutes"},"schema":{"@context":"https:\/\/schema.org","@graph":[{"@type":"WebPage","@id":"https:\/\/uppland.birdlife.se\/fagelskydd\/oxanges-ces-ringmarkning\/","url":"https:\/\/uppland.birdlife.se\/fagelskydd\/oxanges-ces-ringmarkning\/","name":"Ox\u00e4nges CES-ringm\u00e4rkning - BirdLife Uppland","isPartOf":{"@id":"https:\/\/uppland.birdlife.se\/#website"},"primaryImageOfPage":{"@id":"https:\/\/uppland.birdlife.se\/fagelskydd\/oxanges-ces-ringmarkning\/#primaryimage"},"image":{"@id":"https:\/\/uppland.birdlife.se\/fagelskydd\/oxanges-ces-ringmarkning\/#primaryimage"},"thumbnailUrl":"https:\/\/uppland.birdlife.se\/wp-content\/uploads\/sites\/58\/2023\/06\/notvacka.jpg","datePublished":"2023-05-20T10:01:34+00:00","dateModified":"2024-01-15T23:10:40+00:00","breadcrumb":{"@id":"https:\/\/uppland.birdlife.se\/fagelskydd\/oxanges-ces-ringmarkning\/#breadcrumb"},"inLanguage":"en-GB","potentialAction":[{"@type":"ReadAction","target":["https:\/\/uppland.birdlife.se\/fagelskydd\/oxanges-ces-ringmarkning\/"]}]},{"@type":"ImageObject","inLanguage":"en-GB","@id":"https:\/\/uppland.birdlife.se\/fagelskydd\/oxanges-ces-ringmarkning\/#primaryimage","url":"https:\/\/uppland.birdlife.se\/wp-content\/uploads\/sites\/58\/2023\/06\/notvacka.jpg","contentUrl":"https:\/\/uppland.birdlife.se\/wp-content\/uploads\/sites\/58\/2023\/06\/notvacka.jpg"},{"@type":"BreadcrumbList","@id":"https:\/\/uppland.birdlife.se\/fagelskydd\/oxanges-ces-ringmarkning\/#breadcrumb","itemListElement":[{"@type":"ListItem","position":1,"name":"Home","item":"https:\/\/uppland.birdlife.se\/"},{"@type":"ListItem","position":2,"name":"F\u00e5gelskydd","item":"https:\/\/uppland.birdlife.se\/fagelskydd\/"},{"@type":"ListItem","position":3,"name":"Ox\u00e4nges CES-ringm\u00e4rkning"}]},{"@type":"WebSite","@id":"https:\/\/uppland.birdlife.se\/#website","url":"https:\/\/uppland.birdlife.se\/","name":"BirdLife Uppland","description":"En levande f\u00e5gelfauna i hela Uppland","publisher":{"@id":"https:\/\/uppland.birdlife.se\/#organization"},"potentialAction":[{"@type":"SearchAction","target":{"@type":"EntryPoint","urlTemplate":"https:\/\/uppland.birdlife.se\/?s={search_term_string}"},"query-input":{"@type":"PropertyValueSpecification","valueRequired":true,"valueName":"search_term_string"}}],"inLanguage":"en-GB"},{"@type":"Organization","@id":"https:\/\/uppland.birdlife.se\/#organization","name":"BirdLife Uppland","url":"https:\/\/uppland.birdlife.se\/","logo":{"@type":"ImageObject","inLanguage":"en-GB","@id":"https:\/\/uppland.birdlife.se\/#\/schema\/logo\/image\/","url":"https:\/\/cdn.birdlife.se\/wp-content\/uploads\/sites\/58\/2025\/12\/birdlifeUOF_profil_vertikal_150dpi.png","contentUrl":"https:\/\/cdn.birdlife.se\/wp-content\/uploads\/sites\/58\/2025\/12\/birdlifeUOF_profil_vertikal_150dpi.png","width":469,"height":459,"caption":"BirdLife Uppland"},"image":{"@id":"https:\/\/uppland.birdlife.se\/#\/schema\/logo\/image\/"},"sameAs":["https:\/\/www.facebook.com\/UpplandsOrn"]}]}},"_links":{"self":[{"href":"https:\/\/uppland.birdlife.se\/en\/wp-json\/wp\/v2\/pages\/867","targetHints":{"allow":["GET"]}}],"collection":[{"href":"https:\/\/uppland.birdlife.se\/en\/wp-json\/wp\/v2\/pages"}],"about":[{"href":"https:\/\/uppland.birdlife.se\/en\/wp-json\/wp\/v2\/types\/page"}],"author":[{"embeddable":true,"href":"https:\/\/uppland.birdlife.se\/en\/wp-json\/wp\/v2\/users\/3"}],"replies":[{"embeddable":true,"href":"https:\/\/uppland.birdlife.se\/en\/wp-json\/wp\/v2\/comments?post=867"}],"version-history":[{"count":50,"href":"https:\/\/uppland.birdlife.se\/en\/wp-json\/wp\/v2\/pages\/867\/revisions"}],"predecessor-version":[{"id":5170,"href":"https:\/\/uppland.birdlife.se\/en\/wp-json\/wp\/v2\/pages\/867\/revisions\/5170"}],"up":[{"embeddable":true,"href":"https:\/\/uppland.birdlife.se\/en\/wp-json\/wp\/v2\/pages\/873"}],"wp:attachment":[{"href":"https:\/\/uppland.birdlife.se\/en\/wp-json\/wp\/v2\/media?parent=867"}],"curies":[{"name":"wp","href":"https:\/\/api.w.org\/{rel}","templated":true}]}}