{"id":873,"date":"2023-05-20T13:06:42","date_gmt":"2023-05-20T11:06:42","guid":{"rendered":"https:\/\/uppland.birdlife.se\/?page_id=873"},"modified":"2025-02-23T22:39:39","modified_gmt":"2025-02-23T21:39:39","slug":"fagelskydd","status":"publish","type":"page","link":"https:\/\/uppland.birdlife.se\/en\/fagelskydd\/","title":{"rendered":"F\u00e5gelskydd"},"content":{"rendered":"<div data-elementor-type=\"wp-page\" data-elementor-id=\"873\" class=\"elementor elementor-873\" data-elementor-post-type=\"page\">\n\t\t\t\t\t\t<section data-particle_enable=\"false\" data-particle-mobile-disabled=\"false\" class=\"elementor-section elementor-top-section elementor-element elementor-element-4575921 elementor-section-boxed elementor-section-height-default elementor-section-height-default\" data-id=\"4575921\" data-element_type=\"section\" data-e-type=\"section\" data-settings=\"{&quot;jet_parallax_layout_list&quot;:[]}\">\n\t\t\t\t\t\t<div class=\"elementor-container elementor-column-gap-default\">\n\t\t\t\t\t<div class=\"elementor-column elementor-col-50 elementor-top-column elementor-element elementor-element-49a2590\" data-id=\"49a2590\" data-element_type=\"column\" data-e-type=\"column\">\n\t\t\t<div class=\"elementor-widget-wrap elementor-element-populated\">\n\t\t\t\t\t\t<div class=\"elementor-element elementor-element-bf37952 elementor-widget elementor-widget-text-editor\" data-id=\"bf37952\" data-element_type=\"widget\" data-e-type=\"widget\" data-widget_type=\"text-editor.default\">\n\t\t\t\t<div class=\"elementor-widget-container\">\n\t\t\t\t\t\t\t\t\t<p><strong>F<\/strong><b>\u00e5gelskyddet \u00e4r k\u00e4rnan i UOF:s verksamhet. <\/b>Under 2010- och 2020-talen har vi framf\u00f6r allt gjort l\u00e5ngsiktiga insatser f\u00f6r att bevara ortolansparv och r\u00e5ka, tv\u00e5 karakt\u00e4rsarter f\u00f6r Uppland som tyv\u00e4rr har minskat kraftigt. Vi har \u00e4ven b\u00f6rjat kartl\u00e4gga och skydda tornseglare som f\u00e5r allt sv\u00e5rare att hitta boplatser i nybyggda och renoverade hus. Tillsammans med BirdLife Sverige och L\u00e4nsstyrelsen genomf\u00f6r vi ocks\u00e5 <strong><a href=\"https:\/\/uof.nu\/fagelskydd\/projekt-skrantarna\/\">Projekt Skr\u00e4nt\u00e4rna<\/a><\/strong> vid bland annat norra Upplandskusten.<\/p><p><br><\/p>\n<p><\/p>\n<p>I f\u00e5gelskyddsarbetet ing\u00e5r \u00e4ven att svara p\u00e5 remisser om exempelvis reservatsbildningar, skyddsjakt, etablering av vindkraftparker, med mera. Mer om vad vi g\u00f6r inom v\u00e5ra olika f\u00e5gelskyddsprojekt kan du l\u00e4sa h\u00e4r p\u00e5 UOF:s webbsida under fliken F\u00e5gelskydd &#8211; F\u00e5gelskyddsprojekt i Uppland. Vi presenterar ocks\u00e5 fortl\u00f6pande v\u00e5rt f\u00e5gelskyddsarbete i f\u00f6reningens tidskrift<strong> <a href=\"https:\/\/uof.nu\/fiu\/\">F\u00e5glar i Uppland<\/a><\/strong>&nbsp;(FiU).<\/p><p><br><\/p>\n<p><\/p>\n<p>Om du \u00e4r intresserad av att hj\u00e4lpa till i arbetet \u00e4r du varmt v\u00e4lkommen att h\u00f6ra av dig till v\u00e5r f\u00e5gelskyddsansvarige, <b>Mikael Malmaeus<\/b>, p\u00e5 <a href=\"mailto:mikael.malmaeus@gmail.com\">mikael.malmaeus@gmail.com<\/a>.<\/p><p><br><\/p>\n<p><\/p>\n<p><b>Ingen insats \u00e4r f\u00f6r liten, och ju fler som engagerar sig, desto b\u00e4ttre kan vi skydda f\u00e5glarna i v\u00e5r n\u00e4rhet!<\/b><\/p>\t\t\t\t\t\t\t\t<\/div>\n\t\t\t\t<\/div>\n\t\t\t\t\t<\/div>\n\t\t<\/div>\n\t\t\t\t<div class=\"elementor-column elementor-col-50 elementor-top-column elementor-element elementor-element-23ebd6b\" data-id=\"23ebd6b\" data-element_type=\"column\" data-e-type=\"column\">\n\t\t\t<div class=\"elementor-widget-wrap elementor-element-populated\">\n\t\t\t\t\t\t<div class=\"elementor-element elementor-element-side-menu elementor-widget__width-initial elementor-widget elementor-widget-Sidomeny\" data-id=\"side-menu\" data-element_type=\"widget\" data-e-type=\"widget\" data-widget_type=\"Sidomeny.default\">\n\t\t\t\t<div class=\"elementor-widget-container\">\n\t\t\t\t\t\n<section class=\"side-menu\">\n\n    <nav class=\"aside-nav\">\n\n        <ul class=\"aside-nav__list u--reset-list\">\n\n                            <li class=\"aside-nav__list-item\">\n                    <a class=\"aside-nav__list-item-link t--primary-bg t--primary-bg-color\"\n                        href=\"https:\/\/uppland.birdlife.se\/en\/fagelskydd\/fagelskyddsprojekt-i-uppland\/\">\n                        F\u00e5gelskyddsprojekt i Uppland\n                                            <\/a>\n\n                    \n                <\/li>\n                            <li class=\"aside-nav__list-item\">\n                    <a class=\"aside-nav__list-item-link t--primary-bg t--primary-bg-color\"\n                        href=\"https:\/\/uppland.birdlife.se\/en\/fagelskydd\/inventeringar\/\">\n                        Inventeringar\n                        <button class=\"aside-nav__expand u--reset-button\"><img decoding=\"async\" class=\"aside-nav__expand-plus\" src=\"https:\/\/uppland.birdlife.se\/wp-content\/themes\/birdlife\/assets\/images\/icons\/plus_white.svg\" alt=\"Plus ikon\" \/><img decoding=\"async\" class=\"aside-nav__expand-minus\" src=\"https:\/\/uppland.birdlife.se\/wp-content\/themes\/birdlife\/assets\/images\/icons\/minus_white.svg\" alt=\"Minu ikon\" \/><\/button>                    <\/a>\n\n                    <ul class=\"aside-nav__sublist u--reset-list\"><li class=\"aside-nav__sublist-item\"><a class=\"aside-nav__sublist-item-link t--body-color\" href=\"https:\/\/uppland.birdlife.se\/en\/fagelskydd\/inventeringar\/inventeringar-inom-fagelskyddsprojekt\/\">Inventeringar: Inom f\u00e5gelskyddsprojekt<\/a><\/li><li class=\"aside-nav__sublist-item\"><a class=\"aside-nav__sublist-item-link t--body-color\" href=\"https:\/\/uppland.birdlife.se\/en\/fagelskydd\/inventeringar\/inventeringar-svensk-fageltaxering\/\">Inventeringar: Svensk F\u00e5geltaxering<\/a><\/li><\/ul>\n                <\/li>\n                            <li class=\"aside-nav__list-item\">\n                    <a class=\"aside-nav__list-item-link t--primary-bg t--primary-bg-color\"\n                        href=\"https:\/\/uppland.birdlife.se\/en\/fagelskydd\/oxanges-ces-ringmarkning\/\">\n                        Ox\u00e4nges CES-ringm\u00e4rkning\n                                            <\/a>\n\n                    \n                <\/li>\n                            <li class=\"aside-nav__list-item\">\n                    <a class=\"aside-nav__list-item-link t--primary-bg t--primary-bg-color\"\n                        href=\"https:\/\/uppland.birdlife.se\/en\/fagelskydd\/tjadergruppen-uppland\/\">\n                        Tj\u00e4dergruppen Uppland\n                                            <\/a>\n\n                    \n                <\/li>\n                            <li class=\"aside-nav__list-item\">\n                    <a class=\"aside-nav__list-item-link t--primary-bg t--primary-bg-color\"\n                        href=\"https:\/\/uppland.birdlife.se\/en\/fagelskydd\/fagelskyddsfonden\/\">\n                        F\u00e5gelskyddsfonden\n                                            <\/a>\n\n                    \n                <\/li>\n                            <li class=\"aside-nav__list-item\">\n                    <a class=\"aside-nav__list-item-link t--primary-bg t--primary-bg-color\"\n                        href=\"https:\/\/uppland.birdlife.se\/en\/fagelskydd\/uofs-naturvardspris\/\">\n                        BirdLife Upplands naturv\u00e5rdspris\n                                            <\/a>\n\n                    \n                <\/li>\n                            <li class=\"aside-nav__list-item\">\n                    <a class=\"aside-nav__list-item-link t--primary-bg t--primary-bg-color\"\n                        href=\"https:\/\/uppland.birdlife.se\/en\/fagelskydd\/faglar-och-glas\/\">\n                        F\u00e5glar och glas\n                                            <\/a>\n\n                    \n                <\/li>\n            \n        <\/ul>\n\n    <\/nav>\n\n<\/section>\n\t\t\t\t<\/div>\n\t\t\t\t<\/div>\n\t\t\t\t\t<\/div>\n\t\t<\/div>\n\t\t\t\t\t<\/div>\n\t\t<\/section>\n\t\t\t\t<section data-particle_enable=\"false\" data-particle-mobile-disabled=\"false\" class=\"elementor-section elementor-top-section elementor-element elementor-element-d9cd618 elementor-section-boxed elementor-section-height-default elementor-section-height-default\" data-id=\"d9cd618\" data-element_type=\"section\" data-e-type=\"section\" data-settings=\"{&quot;jet_parallax_layout_list&quot;:[]}\">\n\t\t\t\t\t\t<div class=\"elementor-container elementor-column-gap-default\">\n\t\t\t\t\t<div class=\"elementor-column elementor-col-100 elementor-top-column elementor-element elementor-element-96fdd7c\" data-id=\"96fdd7c\" data-element_type=\"column\" data-e-type=\"column\">\n\t\t\t<div class=\"elementor-widget-wrap elementor-element-populated\">\n\t\t\t\t\t\t<div class=\"elementor-element elementor-element-211ac77 elementor-widget-divider--view-line_icon elementor-view-default elementor-widget-divider--element-align-center elementor-widget elementor-widget-divider\" data-id=\"211ac77\" data-element_type=\"widget\" data-e-type=\"widget\" data-widget_type=\"divider.default\">\n\t\t\t\t<div class=\"elementor-widget-container\">\n\t\t\t\t\t\t\t<div class=\"elementor-divider\">\n\t\t\t<span class=\"elementor-divider-separator\">\n\t\t\t\t\t\t\t<div class=\"elementor-icon elementor-divider__element\">\n\t\t\t\t\t<i aria-hidden=\"true\" class=\"fas fa-feather-alt\"><\/i><\/div>\n\t\t\t\t\t\t<\/span>\n\t\t<\/div>\n\t\t\t\t\t\t<\/div>\n\t\t\t\t<\/div>\n\t\t\t\t\t<\/div>\n\t\t<\/div>\n\t\t\t\t\t<\/div>\n\t\t<\/section>\n\t\t\t\t<section data-particle_enable=\"false\" data-particle-mobile-disabled=\"false\" class=\"elementor-section elementor-top-section elementor-element elementor-element-d4102e8 elementor-section-boxed elementor-section-height-default elementor-section-height-default\" data-id=\"d4102e8\" data-element_type=\"section\" data-e-type=\"section\" data-settings=\"{&quot;jet_parallax_layout_list&quot;:[]}\">\n\t\t\t\t\t\t<div class=\"elementor-container elementor-column-gap-default\">\n\t\t\t\t\t<div class=\"elementor-column elementor-col-100 elementor-top-column elementor-element elementor-element-c1a28bc\" data-id=\"c1a28bc\" data-element_type=\"column\" data-e-type=\"column\">\n\t\t\t<div class=\"elementor-widget-wrap elementor-element-populated\">\n\t\t\t\t\t\t<div class=\"elementor-element elementor-element-bea0c87 elementor-grid-3 elementor-grid-tablet-2 elementor-grid-mobile-1 elementor-posts--thumbnail-top elementor-widget elementor-widget-posts\" data-id=\"bea0c87\" data-element_type=\"widget\" data-e-type=\"widget\" data-settings=\"{&quot;classic_columns&quot;:&quot;3&quot;,&quot;classic_columns_tablet&quot;:&quot;2&quot;,&quot;classic_columns_mobile&quot;:&quot;1&quot;,&quot;classic_row_gap&quot;:{&quot;unit&quot;:&quot;px&quot;,&quot;size&quot;:35,&quot;sizes&quot;:[]},&quot;classic_row_gap_tablet&quot;:{&quot;unit&quot;:&quot;px&quot;,&quot;size&quot;:&quot;&quot;,&quot;sizes&quot;:[]},&quot;classic_row_gap_mobile&quot;:{&quot;unit&quot;:&quot;px&quot;,&quot;size&quot;:&quot;&quot;,&quot;sizes&quot;:[]}}\" data-widget_type=\"posts.classic\">\n\t\t\t\t<div class=\"elementor-widget-container\">\n\t\t\t\t\t\t\t<div class=\"elementor-posts-container elementor-posts elementor-posts--skin-classic elementor-grid\" role=\"list\">\n\t\t\t\t<article class=\"elementor-post elementor-grid-item post-7291 post type-post status-publish format-standard has-post-thumbnail hentry category-fagelskydd-och-projekt tag-fagelskydd tag-tjader\" role=\"listitem\">\n\t\t\t\t<a class=\"elementor-post__thumbnail__link\" href=\"https:\/\/uppland.birdlife.se\/en\/uof-birdlife-uppland-bidrar-till-att-vikten-av-forekomst-av-tjaderlekplats-forstarks-efter-deponi-dom\/\" tabindex=\"-1\" >\n\t\t\t<div class=\"elementor-post__thumbnail\"><img fetchpriority=\"high\" decoding=\"async\" width=\"300\" height=\"200\" src=\"https:\/\/cdn.birdlife.se\/wp-content\/uploads\/sites\/58\/2025\/02\/Almunge_StureHogmark_09-300x200.jpg\" class=\"attachment-medium size-medium wp-image-7289\" alt=\"\" srcset=\"https:\/\/cdn.birdlife.se\/wp-content\/uploads\/sites\/58\/2025\/02\/Almunge_StureHogmark_09-300x200.jpg 300w, https:\/\/cdn.birdlife.se\/wp-content\/uploads\/sites\/58\/2025\/02\/Almunge_StureHogmark_09-1024x683.jpg 1024w, https:\/\/cdn.birdlife.se\/wp-content\/uploads\/sites\/58\/2025\/02\/Almunge_StureHogmark_09-768x512.jpg 768w, https:\/\/cdn.birdlife.se\/wp-content\/uploads\/sites\/58\/2025\/02\/Almunge_StureHogmark_09-1536x1024.jpg 1536w, https:\/\/cdn.birdlife.se\/wp-content\/uploads\/sites\/58\/2025\/02\/Almunge_StureHogmark_09-2048x1366.jpg 2048w, https:\/\/cdn.birdlife.se\/wp-content\/uploads\/sites\/58\/2025\/02\/Almunge_StureHogmark_09-18x12.jpg 18w, https:\/\/cdn.birdlife.se\/wp-content\/uploads\/sites\/58\/2025\/02\/Almunge_StureHogmark_09-1920x1280.jpg 1920w, https:\/\/cdn.birdlife.se\/wp-content\/uploads\/sites\/58\/2025\/02\/Almunge_StureHogmark_09-645x430.jpg 645w\" sizes=\"(max-width: 300px) 100vw, 300px\" \/><\/div>\n\t\t<\/a>\n\t\t\t\t<div class=\"elementor-post__text\">\n\t\t\t\t<h3 class=\"elementor-post__title\">\n\t\t\t<a href=\"https:\/\/uppland.birdlife.se\/en\/uof-birdlife-uppland-bidrar-till-att-vikten-av-forekomst-av-tjaderlekplats-forstarks-efter-deponi-dom\/\" >\n\t\t\t\tUOF BirdLife Uppland bidrar till att vikten av f\u00f6rekomst av tj\u00e4derlekplats f\u00f6rst\u00e4rks efter deponi-dom\t\t\t<\/a>\n\t\t<\/h3>\n\t\t\t\t<div class=\"elementor-post__meta-data\">\n\t\t\t\t\t<span class=\"elementor-post-date\">\n\t\t\t23 February, 2025\t\t<\/span>\n\t\t\t\t<span class=\"elementor-post-avatar\">\n\t\t\tNo Comments\t\t<\/span>\n\t\t\t\t<\/div>\n\t\t\t\t<div class=\"elementor-post__excerpt\">\n\t\t\t<p>Den 18 februari kom Mark-och milj\u00f6\u00f6verdomstolens dom i m\u00e5let om den f\u00f6reslagna deponi- och \u00e5tervinningsverksamhet p\u00e5 tv\u00e5 fastigheter i Knivsta kommun. Domstolen upph\u00e4ver det tillst\u00e5nd som Mark- och milj\u00f6domstolen gett<\/p>\n\t\t<\/div>\n\t\t\n\t\t<a class=\"elementor-post__read-more\" href=\"https:\/\/uppland.birdlife.se\/en\/uof-birdlife-uppland-bidrar-till-att-vikten-av-forekomst-av-tjaderlekplats-forstarks-efter-deponi-dom\/\" aria-label=\"Read more about UOF BirdLife Uppland bidrar till att vikten av f\u00f6rekomst av tj\u00e4derlekplats f\u00f6rst\u00e4rks efter deponi-dom\" tabindex=\"-1\" >\n\t\t\tL\u00e4s mer \u00bb\t\t<\/a>\n\n\t\t\t\t<\/div>\n\t\t\t\t<\/article>\n\t\t\t\t<\/div>\n\t\t\n\t\t\t\t\t\t<\/div>\n\t\t\t\t<\/div>\n\t\t\t\t\t<\/div>\n\t\t<\/div>\n\t\t\t\t\t<\/div>\n\t\t<\/section>\n\t\t\t\t<\/div>","protected":false},"excerpt":{"rendered":"<p>F\u00e5gelskyddet \u00e4r k\u00e4rnan i UOF:s verksamhet. Under 2010- och 2020-talen har vi framf\u00f6r allt gjort l\u00e5ngsiktiga insatser f\u00f6r att bevara ortolansparv och r\u00e5ka, tv\u00e5 karakt\u00e4rsarter f\u00f6r Uppland som tyv\u00e4rr har [&hellip;]<\/p>\n","protected":false},"author":3,"featured_media":0,"parent":0,"menu_order":60,"comment_status":"closed","ping_status":"closed","template":"","meta":{"_acf_changed":false,"inline_featured_image":false,"footnotes":""},"class_list":["post-873","page","type-page","status-publish","hentry"],"acf":[],"yoast_head":"<!-- This site is optimized with the Yoast SEO plugin v27.2 - https:\/\/yoast.com\/product\/yoast-seo-wordpress\/ -->\n<title>F\u00e5gelskydd - BirdLife Uppland<\/title>\n<meta name=\"robots\" content=\"index, follow, max-snippet:-1, max-image-preview:large, max-video-preview:-1\" \/>\n<link rel=\"canonical\" href=\"https:\/\/uppland.birdlife.se\/en\/fagelskydd\/\" \/>\n<meta property=\"og:locale\" content=\"en_GB\" \/>\n<meta property=\"og:type\" content=\"article\" \/>\n<meta property=\"og:title\" content=\"F\u00e5gelskydd - BirdLife Uppland\" \/>\n<meta property=\"og:description\" content=\"F\u00e5gelskyddet \u00e4r k\u00e4rnan i UOF:s verksamhet. Under 2010- och 2020-talen har vi framf\u00f6r allt gjort l\u00e5ngsiktiga insatser f\u00f6r att bevara ortolansparv och r\u00e5ka, tv\u00e5 karakt\u00e4rsarter f\u00f6r Uppland som tyv\u00e4rr har [&hellip;]\" \/>\n<meta property=\"og:url\" content=\"https:\/\/uppland.birdlife.se\/en\/fagelskydd\/\" \/>\n<meta property=\"og:site_name\" content=\"BirdLife Uppland\" \/>\n<meta property=\"article:publisher\" content=\"https:\/\/www.facebook.com\/UpplandsOrn\" \/>\n<meta property=\"article:modified_time\" content=\"2025-02-23T21:39:39+00:00\" \/>\n<meta name=\"twitter:card\" content=\"summary_large_image\" \/>\n<meta name=\"twitter:label1\" content=\"Est. reading time\" \/>\n\t<meta name=\"twitter:data1\" content=\"3 minutes\" \/>\n<script type=\"application\/ld+json\" class=\"yoast-schema-graph\">{\"@context\":\"https:\/\/schema.org\",\"@graph\":[{\"@type\":\"WebPage\",\"@id\":\"https:\/\/uppland.birdlife.se\/fagelskydd\/\",\"url\":\"https:\/\/uppland.birdlife.se\/fagelskydd\/\",\"name\":\"F\u00e5gelskydd - BirdLife Uppland\",\"isPartOf\":{\"@id\":\"https:\/\/uppland.birdlife.se\/#website\"},\"datePublished\":\"2023-05-20T11:06:42+00:00\",\"dateModified\":\"2025-02-23T21:39:39+00:00\",\"breadcrumb\":{\"@id\":\"https:\/\/uppland.birdlife.se\/fagelskydd\/#breadcrumb\"},\"inLanguage\":\"en-GB\",\"potentialAction\":[{\"@type\":\"ReadAction\",\"target\":[\"https:\/\/uppland.birdlife.se\/fagelskydd\/\"]}]},{\"@type\":\"BreadcrumbList\",\"@id\":\"https:\/\/uppland.birdlife.se\/fagelskydd\/#breadcrumb\",\"itemListElement\":[{\"@type\":\"ListItem\",\"position\":1,\"name\":\"Home\",\"item\":\"https:\/\/uppland.birdlife.se\/\"},{\"@type\":\"ListItem\",\"position\":2,\"name\":\"F\u00e5gelskydd\"}]},{\"@type\":\"WebSite\",\"@id\":\"https:\/\/uppland.birdlife.se\/#website\",\"url\":\"https:\/\/uppland.birdlife.se\/\",\"name\":\"BirdLife Uppland\",\"description\":\"En levande f\u00e5gelfauna i hela Uppland\",\"publisher\":{\"@id\":\"https:\/\/uppland.birdlife.se\/#organization\"},\"potentialAction\":[{\"@type\":\"SearchAction\",\"target\":{\"@type\":\"EntryPoint\",\"urlTemplate\":\"https:\/\/uppland.birdlife.se\/?s={search_term_string}\"},\"query-input\":{\"@type\":\"PropertyValueSpecification\",\"valueRequired\":true,\"valueName\":\"search_term_string\"}}],\"inLanguage\":\"en-GB\"},{\"@type\":\"Organization\",\"@id\":\"https:\/\/uppland.birdlife.se\/#organization\",\"name\":\"BirdLife Uppland\",\"url\":\"https:\/\/uppland.birdlife.se\/\",\"logo\":{\"@type\":\"ImageObject\",\"inLanguage\":\"en-GB\",\"@id\":\"https:\/\/uppland.birdlife.se\/#\/schema\/logo\/image\/\",\"url\":\"https:\/\/cdn.birdlife.se\/wp-content\/uploads\/sites\/58\/2025\/12\/birdlifeUOF_profil_vertikal_150dpi.png\",\"contentUrl\":\"https:\/\/cdn.birdlife.se\/wp-content\/uploads\/sites\/58\/2025\/12\/birdlifeUOF_profil_vertikal_150dpi.png\",\"width\":469,\"height\":459,\"caption\":\"BirdLife Uppland\"},\"image\":{\"@id\":\"https:\/\/uppland.birdlife.se\/#\/schema\/logo\/image\/\"},\"sameAs\":[\"https:\/\/www.facebook.com\/UpplandsOrn\"]}]}<\/script>\n<!-- \/ Yoast SEO plugin. -->","yoast_head_json":{"title":"F\u00e5gelskydd - BirdLife Uppland","robots":{"index":"index","follow":"follow","max-snippet":"max-snippet:-1","max-image-preview":"max-image-preview:large","max-video-preview":"max-video-preview:-1"},"canonical":"https:\/\/uppland.birdlife.se\/en\/fagelskydd\/","og_locale":"en_GB","og_type":"article","og_title":"F\u00e5gelskydd - BirdLife Uppland","og_description":"F\u00e5gelskyddet \u00e4r k\u00e4rnan i UOF:s verksamhet. Under 2010- och 2020-talen har vi framf\u00f6r allt gjort l\u00e5ngsiktiga insatser f\u00f6r att bevara ortolansparv och r\u00e5ka, tv\u00e5 karakt\u00e4rsarter f\u00f6r Uppland som tyv\u00e4rr har [&hellip;]","og_url":"https:\/\/uppland.birdlife.se\/en\/fagelskydd\/","og_site_name":"BirdLife Uppland","article_publisher":"https:\/\/www.facebook.com\/UpplandsOrn","article_modified_time":"2025-02-23T21:39:39+00:00","twitter_card":"summary_large_image","twitter_misc":{"Est. reading time":"3 minutes"},"schema":{"@context":"https:\/\/schema.org","@graph":[{"@type":"WebPage","@id":"https:\/\/uppland.birdlife.se\/fagelskydd\/","url":"https:\/\/uppland.birdlife.se\/fagelskydd\/","name":"F\u00e5gelskydd - BirdLife Uppland","isPartOf":{"@id":"https:\/\/uppland.birdlife.se\/#website"},"datePublished":"2023-05-20T11:06:42+00:00","dateModified":"2025-02-23T21:39:39+00:00","breadcrumb":{"@id":"https:\/\/uppland.birdlife.se\/fagelskydd\/#breadcrumb"},"inLanguage":"en-GB","potentialAction":[{"@type":"ReadAction","target":["https:\/\/uppland.birdlife.se\/fagelskydd\/"]}]},{"@type":"BreadcrumbList","@id":"https:\/\/uppland.birdlife.se\/fagelskydd\/#breadcrumb","itemListElement":[{"@type":"ListItem","position":1,"name":"Home","item":"https:\/\/uppland.birdlife.se\/"},{"@type":"ListItem","position":2,"name":"F\u00e5gelskydd"}]},{"@type":"WebSite","@id":"https:\/\/uppland.birdlife.se\/#website","url":"https:\/\/uppland.birdlife.se\/","name":"BirdLife Uppland","description":"En levande f\u00e5gelfauna i hela Uppland","publisher":{"@id":"https:\/\/uppland.birdlife.se\/#organization"},"potentialAction":[{"@type":"SearchAction","target":{"@type":"EntryPoint","urlTemplate":"https:\/\/uppland.birdlife.se\/?s={search_term_string}"},"query-input":{"@type":"PropertyValueSpecification","valueRequired":true,"valueName":"search_term_string"}}],"inLanguage":"en-GB"},{"@type":"Organization","@id":"https:\/\/uppland.birdlife.se\/#organization","name":"BirdLife Uppland","url":"https:\/\/uppland.birdlife.se\/","logo":{"@type":"ImageObject","inLanguage":"en-GB","@id":"https:\/\/uppland.birdlife.se\/#\/schema\/logo\/image\/","url":"https:\/\/cdn.birdlife.se\/wp-content\/uploads\/sites\/58\/2025\/12\/birdlifeUOF_profil_vertikal_150dpi.png","contentUrl":"https:\/\/cdn.birdlife.se\/wp-content\/uploads\/sites\/58\/2025\/12\/birdlifeUOF_profil_vertikal_150dpi.png","width":469,"height":459,"caption":"BirdLife Uppland"},"image":{"@id":"https:\/\/uppland.birdlife.se\/#\/schema\/logo\/image\/"},"sameAs":["https:\/\/www.facebook.com\/UpplandsOrn"]}]}},"_links":{"self":[{"href":"https:\/\/uppland.birdlife.se\/en\/wp-json\/wp\/v2\/pages\/873","targetHints":{"allow":["GET"]}}],"collection":[{"href":"https:\/\/uppland.birdlife.se\/en\/wp-json\/wp\/v2\/pages"}],"about":[{"href":"https:\/\/uppland.birdlife.se\/en\/wp-json\/wp\/v2\/types\/page"}],"author":[{"embeddable":true,"href":"https:\/\/uppland.birdlife.se\/en\/wp-json\/wp\/v2\/users\/3"}],"replies":[{"embeddable":true,"href":"https:\/\/uppland.birdlife.se\/en\/wp-json\/wp\/v2\/comments?post=873"}],"version-history":[{"count":60,"href":"https:\/\/uppland.birdlife.se\/en\/wp-json\/wp\/v2\/pages\/873\/revisions"}],"predecessor-version":[{"id":7309,"href":"https:\/\/uppland.birdlife.se\/en\/wp-json\/wp\/v2\/pages\/873\/revisions\/7309"}],"wp:attachment":[{"href":"https:\/\/uppland.birdlife.se\/en\/wp-json\/wp\/v2\/media?parent=873"}],"curies":[{"name":"wp","href":"https:\/\/api.w.org\/{rel}","templated":true}]}}