{"id":921,"date":"2023-05-22T15:49:48","date_gmt":"2023-05-22T13:49:48","guid":{"rendered":"https:\/\/uppland.birdlife.se\/?page_id=921"},"modified":"2025-02-27T12:09:45","modified_gmt":"2025-02-27T11:09:45","slug":"fagellokaler","status":"publish","type":"page","link":"https:\/\/uppland.birdlife.se\/en\/fagellokaler\/","title":{"rendered":"F\u00e5gellokaler"},"content":{"rendered":"<div data-elementor-type=\"wp-page\" data-elementor-id=\"921\" class=\"elementor elementor-921\" data-elementor-post-type=\"page\">\n\t\t\t\t\t\t<section data-particle_enable=\"false\" data-particle-mobile-disabled=\"false\" class=\"elementor-section elementor-top-section elementor-element elementor-element-d275804 elementor-section-boxed elementor-section-height-default elementor-section-height-default\" data-id=\"d275804\" data-element_type=\"section\" data-e-type=\"section\" data-settings=\"{&quot;jet_parallax_layout_list&quot;:[]}\">\n\t\t\t\t\t\t<div class=\"elementor-container elementor-column-gap-default\">\n\t\t\t\t\t<div class=\"elementor-column elementor-col-50 elementor-top-column elementor-element elementor-element-85234ef\" data-id=\"85234ef\" data-element_type=\"column\" data-e-type=\"column\">\n\t\t\t<div class=\"elementor-widget-wrap\">\n\t\t\t\t\t\t\t<\/div>\n\t\t<\/div>\n\t\t\t\t<div class=\"elementor-column elementor-col-50 elementor-top-column elementor-element elementor-element-9eb9d98\" data-id=\"9eb9d98\" data-element_type=\"column\" data-e-type=\"column\">\n\t\t\t<div class=\"elementor-widget-wrap elementor-element-populated\">\n\t\t\t\t\t\t<div class=\"elementor-element elementor-element-448bf14 elementor-widget elementor-widget-jet-button\" data-id=\"448bf14\" data-element_type=\"widget\" data-e-type=\"widget\" data-widget_type=\"jet-button.default\">\n\t\t\t\t<div class=\"elementor-widget-container\">\n\t\t\t\t\t<div class=\"elementor-jet-button jet-elements\"><div class=\"jet-button__container\">\n\t<a class=\"jet-button__instance jet-button__instance--icon-left hover-effect-2\" href=\"https:\/\/svenskafagellokaler.se\/regionalforeningar\/upplands-ornitologiska-forening\/\" target=\"_blank\">\n\t\t<div class=\"jet-button__plane jet-button__plane-normal\"><\/div>\n\t\t<div class=\"jet-button__plane jet-button__plane-hover\"><\/div>\n\t\t<div class=\"jet-button__state jet-button__state-normal\">\n\t\t\t<span class=\"jet-button__label\">Upplands f\u00e5gellokaler - Webbkarta<\/span>\t\t<\/div>\n\t\t<div class=\"jet-button__state jet-button__state-hover\">\n\t\t\t<span class=\"jet-button__label\">Webbkarta<\/span>\t\t<\/div>\n\t<\/a>\n<\/div>\n<\/div>\t\t\t\t<\/div>\n\t\t\t\t<\/div>\n\t\t\t\t<div class=\"elementor-element elementor-element-582b257 elementor-widget elementor-widget-jet-button\" data-id=\"582b257\" data-element_type=\"widget\" data-e-type=\"widget\" data-widget_type=\"jet-button.default\">\n\t\t\t\t<div class=\"elementor-widget-container\">\n\t\t\t\t\t<div class=\"elementor-jet-button jet-elements\"><div class=\"jet-button__container\">\n\t<a class=\"jet-button__instance jet-button__instance--icon-left hover-effect-2\" href=\"https:\/\/www.yumpu.com\/sv\/document\/view\/69673739\/fagellokaler-i-uppland-och-stockholms-lan-1999\" target=\"_blank\">\n\t\t<div class=\"jet-button__plane jet-button__plane-normal\"><\/div>\n\t\t<div class=\"jet-button__plane jet-button__plane-hover\"><\/div>\n\t\t<div class=\"jet-button__state jet-button__state-normal\">\n\t\t\t<span class=\"jet-button__label\">Upplands f\u00e5gellokaler - Bok<\/span>\t\t<\/div>\n\t\t<div class=\"jet-button__state jet-button__state-hover\">\n\t\t\t<span class=\"jet-button__label\">Bok<\/span>\t\t<\/div>\n\t<\/a>\n<\/div>\n<\/div>\t\t\t\t<\/div>\n\t\t\t\t<\/div>\n\t\t\t\t\t<\/div>\n\t\t<\/div>\n\t\t\t\t\t<\/div>\n\t\t<\/section>\n\t\t\t\t<section data-particle_enable=\"false\" data-particle-mobile-disabled=\"false\" class=\"elementor-section elementor-top-section elementor-element elementor-element-8aa595c elementor-section-boxed elementor-section-height-default elementor-section-height-default\" data-id=\"8aa595c\" data-element_type=\"section\" data-e-type=\"section\" data-settings=\"{&quot;jet_parallax_layout_list&quot;:[]}\">\n\t\t\t\t\t\t<div class=\"elementor-container elementor-column-gap-default\">\n\t\t\t\t\t<div class=\"elementor-column elementor-col-50 elementor-top-column elementor-element elementor-element-ad5abdc\" data-id=\"ad5abdc\" data-element_type=\"column\" data-e-type=\"column\">\n\t\t\t<div class=\"elementor-widget-wrap elementor-element-populated\">\n\t\t\t\t\t\t<div class=\"elementor-element elementor-element-5051994 elementor-widget elementor-widget-text-editor\" data-id=\"5051994\" data-element_type=\"widget\" data-e-type=\"widget\" data-widget_type=\"text-editor.default\">\n\t\t\t\t<div class=\"elementor-widget-container\">\n\t\t\t\t\t\t\t\t\t<p>Uppland hyser m\u00e5nga fina f\u00e5gellokaler i olika milj\u00f6er. D\u00e4rf\u00f6r har vi i samarbete med Birdlife Sverige tagit fram en webbaserad plattform f\u00f6r Upplands f\u00e5gellokaler, och p\u00e5 sikt kommer \u00e4ven en app f\u00f6r smartphones att utvecklas. En del lokaler \u00e4r nya, men m\u00e5nga bygger p\u00e5 inneh\u00e5llet i boken <em>F\u00e5gellokaler i Uppland &amp; Stockholms l\u00e4n<\/em> (1999) och dessa beskrivningar h\u00e5ller succesivt p\u00e5 att uppdateras. Vi \u00e4r d\u00e4rf\u00f6r mycket tacksamma f\u00f6r feedback om du hittar n\u00e5gra faktafel, eller om du har f\u00f6rslag p\u00e5 f\u00f6rb\u00e4ttringar, b\u00e5de i texter och kartor.<\/p><p><br><\/p>\n<p>Du \u00e4r ocks\u00e5 v\u00e4lkommen att h\u00f6ra av dig om du vill hj\u00e4lpa till att justera texter eller kan bidra med foton fr\u00e5n n\u00e5gon lokal. Kontakta d\u00e5 Patrick Fritzson p\u00e5 <a href=\"mailto:p.fritzson@telia.com\">p.fritzson@telia.com<\/a>&nbsp;eller \u00c5ke Danielsson p\u00e5&nbsp;<a href=\"mailto:ake.daniel@gmail.com\">ake.daniel@gmail.com<\/a>.<\/p>\t\t\t\t\t\t\t\t<\/div>\n\t\t\t\t<\/div>\n\t\t\t\t\t<\/div>\n\t\t<\/div>\n\t\t\t\t<div class=\"elementor-column elementor-col-50 elementor-top-column elementor-element elementor-element-64cadf2\" data-id=\"64cadf2\" data-element_type=\"column\" data-e-type=\"column\">\n\t\t\t<div class=\"elementor-widget-wrap elementor-element-populated\">\n\t\t\t\t\t\t<div class=\"elementor-element elementor-element-5355c4b elementor-widget elementor-widget-image\" data-id=\"5355c4b\" data-element_type=\"widget\" data-e-type=\"widget\" data-widget_type=\"image.default\">\n\t\t\t\t<div class=\"elementor-widget-container\">\n\t\t\t\t\t\t\t\t\t\t\t\t\t\t\t<img fetchpriority=\"high\" decoding=\"async\" width=\"768\" height=\"472\" src=\"https:\/\/cdn.birdlife.se\/wp-content\/uploads\/sites\/58\/2023\/06\/Bild_50_Ored_20140601_Caspian_Tern_3Cy_and_pulli_Stenarna_Bjorns_Skargard_ind_1_and_2_008-768x472.jpg\" class=\"attachment-medium_large size-medium_large wp-image-1062\" alt=\"\" srcset=\"https:\/\/cdn.birdlife.se\/wp-content\/uploads\/sites\/58\/2023\/06\/Bild_50_Ored_20140601_Caspian_Tern_3Cy_and_pulli_Stenarna_Bjorns_Skargard_ind_1_and_2_008-768x472.jpg 768w, https:\/\/cdn.birdlife.se\/wp-content\/uploads\/sites\/58\/2023\/06\/Bild_50_Ored_20140601_Caspian_Tern_3Cy_and_pulli_Stenarna_Bjorns_Skargard_ind_1_and_2_008-300x185.jpg 300w, https:\/\/cdn.birdlife.se\/wp-content\/uploads\/sites\/58\/2023\/06\/Bild_50_Ored_20140601_Caspian_Tern_3Cy_and_pulli_Stenarna_Bjorns_Skargard_ind_1_and_2_008-1024x630.jpg 1024w, https:\/\/cdn.birdlife.se\/wp-content\/uploads\/sites\/58\/2023\/06\/Bild_50_Ored_20140601_Caspian_Tern_3Cy_and_pulli_Stenarna_Bjorns_Skargard_ind_1_and_2_008-1536x945.jpg 1536w, https:\/\/cdn.birdlife.se\/wp-content\/uploads\/sites\/58\/2023\/06\/Bild_50_Ored_20140601_Caspian_Tern_3Cy_and_pulli_Stenarna_Bjorns_Skargard_ind_1_and_2_008-2048x1260.jpg 2048w, https:\/\/cdn.birdlife.se\/wp-content\/uploads\/sites\/58\/2023\/06\/Bild_50_Ored_20140601_Caspian_Tern_3Cy_and_pulli_Stenarna_Bjorns_Skargard_ind_1_and_2_008-18x12.jpg 18w, https:\/\/cdn.birdlife.se\/wp-content\/uploads\/sites\/58\/2023\/06\/Bild_50_Ored_20140601_Caspian_Tern_3Cy_and_pulli_Stenarna_Bjorns_Skargard_ind_1_and_2_008-1920x1181.jpg 1920w\" sizes=\"(max-width: 768px) 100vw, 768px\" \/>\t\t\t\t\t\t\t\t\t\t\t\t\t\t\t<\/div>\n\t\t\t\t<\/div>\n\t\t\t\t\t<\/div>\n\t\t<\/div>\n\t\t\t\t\t<\/div>\n\t\t<\/section>\n\t\t\t\t<\/div>","protected":false},"excerpt":{"rendered":"<p>Upplands f\u00e5gellokaler &#8211; Webbkarta Webbkarta Upplands f\u00e5gellokaler &#8211; Bok Bok Uppland hyser m\u00e5nga fina f\u00e5gellokaler i olika milj\u00f6er. D\u00e4rf\u00f6r har vi i samarbete med Birdlife Sverige tagit fram en webbaserad [&hellip;]<\/p>\n","protected":false},"author":3,"featured_media":0,"parent":0,"menu_order":70,"comment_status":"closed","ping_status":"closed","template":"","meta":{"_acf_changed":false,"inline_featured_image":false,"footnotes":""},"class_list":["post-921","page","type-page","status-publish","hentry"],"acf":[],"yoast_head":"<!-- This site is optimized with the Yoast SEO plugin v27.2 - https:\/\/yoast.com\/product\/yoast-seo-wordpress\/ -->\n<title>F\u00e5gellokaler - BirdLife Uppland<\/title>\n<meta name=\"robots\" content=\"index, follow, max-snippet:-1, max-image-preview:large, max-video-preview:-1\" \/>\n<link rel=\"canonical\" href=\"https:\/\/uppland.birdlife.se\/en\/fagellokaler\/\" \/>\n<meta property=\"og:locale\" content=\"en_GB\" \/>\n<meta property=\"og:type\" content=\"article\" \/>\n<meta property=\"og:title\" content=\"F\u00e5gellokaler - BirdLife Uppland\" \/>\n<meta property=\"og:description\" content=\"Upplands f\u00e5gellokaler &#8211; Webbkarta Webbkarta Upplands f\u00e5gellokaler &#8211; Bok Bok Uppland hyser m\u00e5nga fina f\u00e5gellokaler i olika milj\u00f6er. D\u00e4rf\u00f6r har vi i samarbete med Birdlife Sverige tagit fram en webbaserad [&hellip;]\" \/>\n<meta property=\"og:url\" content=\"https:\/\/uppland.birdlife.se\/en\/fagellokaler\/\" \/>\n<meta property=\"og:site_name\" content=\"BirdLife Uppland\" \/>\n<meta property=\"article:publisher\" content=\"https:\/\/www.facebook.com\/UpplandsOrn\" \/>\n<meta property=\"article:modified_time\" content=\"2025-02-27T11:09:45+00:00\" \/>\n<meta property=\"og:image\" content=\"https:\/\/uppland.birdlife.se\/wp-content\/uploads\/sites\/58\/2023\/06\/Bild_50_Ored_20140601_Caspian_Tern_3Cy_and_pulli_Stenarna_Bjorns_Skargard_ind_1_and_2_008-768x472.jpg\" \/>\n<meta name=\"twitter:card\" content=\"summary_large_image\" \/>\n<meta name=\"twitter:label1\" content=\"Est. reading time\" \/>\n\t<meta name=\"twitter:data1\" content=\"1 minute\" \/>\n<script type=\"application\/ld+json\" class=\"yoast-schema-graph\">{\"@context\":\"https:\/\/schema.org\",\"@graph\":[{\"@type\":\"WebPage\",\"@id\":\"https:\/\/uppland.birdlife.se\/fagellokaler\/\",\"url\":\"https:\/\/uppland.birdlife.se\/fagellokaler\/\",\"name\":\"F\u00e5gellokaler - BirdLife Uppland\",\"isPartOf\":{\"@id\":\"https:\/\/uppland.birdlife.se\/#website\"},\"primaryImageOfPage\":{\"@id\":\"https:\/\/uppland.birdlife.se\/fagellokaler\/#primaryimage\"},\"image\":{\"@id\":\"https:\/\/uppland.birdlife.se\/fagellokaler\/#primaryimage\"},\"thumbnailUrl\":\"https:\/\/uppland.birdlife.se\/wp-content\/uploads\/sites\/58\/2023\/06\/Bild_50_Ored_20140601_Caspian_Tern_3Cy_and_pulli_Stenarna_Bjorns_Skargard_ind_1_and_2_008-768x472.jpg\",\"datePublished\":\"2023-05-22T13:49:48+00:00\",\"dateModified\":\"2025-02-27T11:09:45+00:00\",\"breadcrumb\":{\"@id\":\"https:\/\/uppland.birdlife.se\/fagellokaler\/#breadcrumb\"},\"inLanguage\":\"en-GB\",\"potentialAction\":[{\"@type\":\"ReadAction\",\"target\":[\"https:\/\/uppland.birdlife.se\/fagellokaler\/\"]}]},{\"@type\":\"ImageObject\",\"inLanguage\":\"en-GB\",\"@id\":\"https:\/\/uppland.birdlife.se\/fagellokaler\/#primaryimage\",\"url\":\"https:\/\/uppland.birdlife.se\/wp-content\/uploads\/sites\/58\/2023\/06\/Bild_50_Ored_20140601_Caspian_Tern_3Cy_and_pulli_Stenarna_Bjorns_Skargard_ind_1_and_2_008-768x472.jpg\",\"contentUrl\":\"https:\/\/uppland.birdlife.se\/wp-content\/uploads\/sites\/58\/2023\/06\/Bild_50_Ored_20140601_Caspian_Tern_3Cy_and_pulli_Stenarna_Bjorns_Skargard_ind_1_and_2_008-768x472.jpg\"},{\"@type\":\"BreadcrumbList\",\"@id\":\"https:\/\/uppland.birdlife.se\/fagellokaler\/#breadcrumb\",\"itemListElement\":[{\"@type\":\"ListItem\",\"position\":1,\"name\":\"Home\",\"item\":\"https:\/\/uppland.birdlife.se\/\"},{\"@type\":\"ListItem\",\"position\":2,\"name\":\"F\u00e5gellokaler\"}]},{\"@type\":\"WebSite\",\"@id\":\"https:\/\/uppland.birdlife.se\/#website\",\"url\":\"https:\/\/uppland.birdlife.se\/\",\"name\":\"BirdLife Uppland\",\"description\":\"En levande f\u00e5gelfauna i hela Uppland\",\"publisher\":{\"@id\":\"https:\/\/uppland.birdlife.se\/#organization\"},\"potentialAction\":[{\"@type\":\"SearchAction\",\"target\":{\"@type\":\"EntryPoint\",\"urlTemplate\":\"https:\/\/uppland.birdlife.se\/?s={search_term_string}\"},\"query-input\":{\"@type\":\"PropertyValueSpecification\",\"valueRequired\":true,\"valueName\":\"search_term_string\"}}],\"inLanguage\":\"en-GB\"},{\"@type\":\"Organization\",\"@id\":\"https:\/\/uppland.birdlife.se\/#organization\",\"name\":\"BirdLife Uppland\",\"url\":\"https:\/\/uppland.birdlife.se\/\",\"logo\":{\"@type\":\"ImageObject\",\"inLanguage\":\"en-GB\",\"@id\":\"https:\/\/uppland.birdlife.se\/#\/schema\/logo\/image\/\",\"url\":\"https:\/\/cdn.birdlife.se\/wp-content\/uploads\/sites\/58\/2025\/12\/birdlifeUOF_profil_vertikal_150dpi.png\",\"contentUrl\":\"https:\/\/cdn.birdlife.se\/wp-content\/uploads\/sites\/58\/2025\/12\/birdlifeUOF_profil_vertikal_150dpi.png\",\"width\":469,\"height\":459,\"caption\":\"BirdLife Uppland\"},\"image\":{\"@id\":\"https:\/\/uppland.birdlife.se\/#\/schema\/logo\/image\/\"},\"sameAs\":[\"https:\/\/www.facebook.com\/UpplandsOrn\"]}]}<\/script>\n<!-- \/ Yoast SEO plugin. -->","yoast_head_json":{"title":"F\u00e5gellokaler - BirdLife Uppland","robots":{"index":"index","follow":"follow","max-snippet":"max-snippet:-1","max-image-preview":"max-image-preview:large","max-video-preview":"max-video-preview:-1"},"canonical":"https:\/\/uppland.birdlife.se\/en\/fagellokaler\/","og_locale":"en_GB","og_type":"article","og_title":"F\u00e5gellokaler - BirdLife Uppland","og_description":"Upplands f\u00e5gellokaler &#8211; Webbkarta Webbkarta Upplands f\u00e5gellokaler &#8211; Bok Bok Uppland hyser m\u00e5nga fina f\u00e5gellokaler i olika milj\u00f6er. D\u00e4rf\u00f6r har vi i samarbete med Birdlife Sverige tagit fram en webbaserad [&hellip;]","og_url":"https:\/\/uppland.birdlife.se\/en\/fagellokaler\/","og_site_name":"BirdLife Uppland","article_publisher":"https:\/\/www.facebook.com\/UpplandsOrn","article_modified_time":"2025-02-27T11:09:45+00:00","og_image":[{"url":"https:\/\/uppland.birdlife.se\/wp-content\/uploads\/sites\/58\/2023\/06\/Bild_50_Ored_20140601_Caspian_Tern_3Cy_and_pulli_Stenarna_Bjorns_Skargard_ind_1_and_2_008-768x472.jpg","type":"","width":"","height":""}],"twitter_card":"summary_large_image","twitter_misc":{"Est. reading time":"1 minute"},"schema":{"@context":"https:\/\/schema.org","@graph":[{"@type":"WebPage","@id":"https:\/\/uppland.birdlife.se\/fagellokaler\/","url":"https:\/\/uppland.birdlife.se\/fagellokaler\/","name":"F\u00e5gellokaler - BirdLife Uppland","isPartOf":{"@id":"https:\/\/uppland.birdlife.se\/#website"},"primaryImageOfPage":{"@id":"https:\/\/uppland.birdlife.se\/fagellokaler\/#primaryimage"},"image":{"@id":"https:\/\/uppland.birdlife.se\/fagellokaler\/#primaryimage"},"thumbnailUrl":"https:\/\/uppland.birdlife.se\/wp-content\/uploads\/sites\/58\/2023\/06\/Bild_50_Ored_20140601_Caspian_Tern_3Cy_and_pulli_Stenarna_Bjorns_Skargard_ind_1_and_2_008-768x472.jpg","datePublished":"2023-05-22T13:49:48+00:00","dateModified":"2025-02-27T11:09:45+00:00","breadcrumb":{"@id":"https:\/\/uppland.birdlife.se\/fagellokaler\/#breadcrumb"},"inLanguage":"en-GB","potentialAction":[{"@type":"ReadAction","target":["https:\/\/uppland.birdlife.se\/fagellokaler\/"]}]},{"@type":"ImageObject","inLanguage":"en-GB","@id":"https:\/\/uppland.birdlife.se\/fagellokaler\/#primaryimage","url":"https:\/\/uppland.birdlife.se\/wp-content\/uploads\/sites\/58\/2023\/06\/Bild_50_Ored_20140601_Caspian_Tern_3Cy_and_pulli_Stenarna_Bjorns_Skargard_ind_1_and_2_008-768x472.jpg","contentUrl":"https:\/\/uppland.birdlife.se\/wp-content\/uploads\/sites\/58\/2023\/06\/Bild_50_Ored_20140601_Caspian_Tern_3Cy_and_pulli_Stenarna_Bjorns_Skargard_ind_1_and_2_008-768x472.jpg"},{"@type":"BreadcrumbList","@id":"https:\/\/uppland.birdlife.se\/fagellokaler\/#breadcrumb","itemListElement":[{"@type":"ListItem","position":1,"name":"Home","item":"https:\/\/uppland.birdlife.se\/"},{"@type":"ListItem","position":2,"name":"F\u00e5gellokaler"}]},{"@type":"WebSite","@id":"https:\/\/uppland.birdlife.se\/#website","url":"https:\/\/uppland.birdlife.se\/","name":"BirdLife Uppland","description":"En levande f\u00e5gelfauna i hela Uppland","publisher":{"@id":"https:\/\/uppland.birdlife.se\/#organization"},"potentialAction":[{"@type":"SearchAction","target":{"@type":"EntryPoint","urlTemplate":"https:\/\/uppland.birdlife.se\/?s={search_term_string}"},"query-input":{"@type":"PropertyValueSpecification","valueRequired":true,"valueName":"search_term_string"}}],"inLanguage":"en-GB"},{"@type":"Organization","@id":"https:\/\/uppland.birdlife.se\/#organization","name":"BirdLife Uppland","url":"https:\/\/uppland.birdlife.se\/","logo":{"@type":"ImageObject","inLanguage":"en-GB","@id":"https:\/\/uppland.birdlife.se\/#\/schema\/logo\/image\/","url":"https:\/\/cdn.birdlife.se\/wp-content\/uploads\/sites\/58\/2025\/12\/birdlifeUOF_profil_vertikal_150dpi.png","contentUrl":"https:\/\/cdn.birdlife.se\/wp-content\/uploads\/sites\/58\/2025\/12\/birdlifeUOF_profil_vertikal_150dpi.png","width":469,"height":459,"caption":"BirdLife Uppland"},"image":{"@id":"https:\/\/uppland.birdlife.se\/#\/schema\/logo\/image\/"},"sameAs":["https:\/\/www.facebook.com\/UpplandsOrn"]}]}},"_links":{"self":[{"href":"https:\/\/uppland.birdlife.se\/en\/wp-json\/wp\/v2\/pages\/921","targetHints":{"allow":["GET"]}}],"collection":[{"href":"https:\/\/uppland.birdlife.se\/en\/wp-json\/wp\/v2\/pages"}],"about":[{"href":"https:\/\/uppland.birdlife.se\/en\/wp-json\/wp\/v2\/types\/page"}],"author":[{"embeddable":true,"href":"https:\/\/uppland.birdlife.se\/en\/wp-json\/wp\/v2\/users\/3"}],"replies":[{"embeddable":true,"href":"https:\/\/uppland.birdlife.se\/en\/wp-json\/wp\/v2\/comments?post=921"}],"version-history":[{"count":69,"href":"https:\/\/uppland.birdlife.se\/en\/wp-json\/wp\/v2\/pages\/921\/revisions"}],"predecessor-version":[{"id":7459,"href":"https:\/\/uppland.birdlife.se\/en\/wp-json\/wp\/v2\/pages\/921\/revisions\/7459"}],"wp:attachment":[{"href":"https:\/\/uppland.birdlife.se\/en\/wp-json\/wp\/v2\/media?parent=921"}],"curies":[{"name":"wp","href":"https:\/\/api.w.org\/{rel}","templated":true}]}}